{"id":9606,"date":"2025-04-03T00:17:40","date_gmt":"2025-04-02T16:17:40","guid":{"rendered":"https:\/\/zojopackaging.com\/?post_type=product&#038;p=9606"},"modified":"2025-04-03T00:26:11","modified_gmt":"2025-04-02T16:26:11","slug":"custom-pre-roll-joints-paper-packaging-drawer-box-supplier","status":"publish","type":"product","link":"https:\/\/zojopackaging.com\/de\/product\/custom-pre-roll-joints-paper-packaging-drawer-box-supplier\/","title":{"rendered":"Benutzerdefinierte Pre-Roll Gelenke Papier Verpackung Schublade Box Lieferant"},"content":{"rendered":"<h3 id=\"1-highly-recognizable-brand-visual-system-\">1.\u00a0<strong>Visuelles System mit hohem Wiedererkennungswert der Marke<\/strong><\/h3>\n<p>Die Ausziehbox hat ein kontrastreiches Farbdesign von\u00a0<strong>leuchtend gelber Hintergrund + gr\u00fcnes Logo<\/strong>die nicht nur dem Streben junger Verbrauchergruppen nach Vitalit\u00e4t entgegenkommt, sondern auch den nat\u00fcrlichen und gesunden Markenton durch Farbpsychologie vermittelt.\u00a0<strong>Hochpr\u00e4zise Illustrationen der Markengeschichte<\/strong>\u00a0(z. B. Pflanzenwachstumsprozess, immaterielles kulturelles Erbe, handwerkliche Elemente) k\u00f6nnen auf die Oberfl\u00e4che der Schachtel gedruckt werden, kombiniert mit Vierfarbendruck (CMYK) und lokaler UV-Pr\u00e4getechnik, was die visuelle Schichtung um 60% erh\u00f6ht und die Erinnerung der Verbraucher an die Marke beim \u00d6ffnen der Schachtel sofort st\u00e4rkt.<\/p>\n<h3 id=\"2-intelligent-childproof-lock-safety-design-\">2.\u00a0<strong>Intelligente kindersichere Verriegelung<\/strong><\/h3>\n<p>Eingebaut\u00a0<strong>Kindersicherung<\/strong>\u00a0die der internationalen Norm ISO 8317 entspricht, erreicht durch eine doppelte Versicherungsschnallenstruktur (\u00e4u\u00dfere Schnalle + innere Keilsperre): -\u00a0<strong>Kinder unter 5 Jahren k\u00f6nnen nicht \u00f6ffnen<\/strong>: Es muss mehr als 3 Mal schnell herausgezogen werden, um zu entriegeln, und die Rate der falschen Ber\u00fchrungen ist kleiner als 0,1%; -\u00a0<strong>Erwachsene k\u00f6nnen es in Sekundenschnelle mit einer Hand \u00f6ffnen<\/strong>: Der D\u00e4mpfungskoeffizient der Ausziehschiene wurde optimiert, und der Betriebsfluss wurde durch 40% verbessert, wobei sowohl die Sicherheit als auch der Komfort ber\u00fccksichtigt wurden.<\/p>\n<h3 id=\"3-environmentally-friendly-materials-process-upgrade-\">3.\u00a0<strong>Umweltfreundliche Materialien + Prozessverbesserung<\/strong><\/h3>\n<p>-\u00a0<strong>Auswahl des Substrats<\/strong>: Es nimmt an\u00a0<strong>157g gestrichenes Papier + 1200g Graukarton<\/strong>\u00a0Verbundstruktur, und die Oberfl\u00e4chengl\u00e4tte des beschichteten Papiers erreicht 90s (Cobb-Methode-Test), was einen hochaufl\u00f6senden Druck unterst\u00fctzt; die Graukartonschicht hat die FSC-Forstzertifizierung erhalten, um die Nachhaltigkeit der Rohstoffe zu gew\u00e4hrleisten; -\u00a0<strong>Oberfl\u00e4chenbehandlung<\/strong>: Die matte Folienbeschichtung erh\u00f6ht die Verschlei\u00dffestigkeit der Schachtel um das Dreifache (Reibungswiderstand &gt; 5000-fach) und verringert gleichzeitig das Reflexionsverm\u00f6gen, was den Anforderungen an Luxusverpackungen entspricht.<\/p>\n<h3 id=\"4-brand-gene-implanted-lining-\">4.\u00a0<strong>Marke Gen implantiertes Futter<\/strong><\/h3>\n<p>-\u00a0<strong>Ma\u00dfgeschneiderte Pappwand<\/strong>: Hergestellt aus lebensmittelechtem PP-Material in der gleichen Farbe wie das Logo, wird das Markenlogo durch Stanztechnik genau reproduziert (z. B. Aush\u00f6hlung der Markeninitialen und Farbverlauf); -\u00a0<strong>Visuelle Linienf\u00fchrung<\/strong>: Der Rand der Trennwand ist mit mikroskopisch kleinen Markensymbolen versehen, so dass sich die Verbraucher beim \u00d6ffnen der Schachtel auf nat\u00fcrliche Weise auf die vorgerollten Produkte konzentrieren k\u00f6nnen, was das Markenbewusstsein st\u00e4rkt.<\/p>\n<h3 id=\"5-application-of-spatial-aesthetics-and-consumer-psychology-\">5.\u00a0<strong>Anwendung von Raum\u00e4sthetik und Verbraucherpsychologie<\/strong><\/h3>\n<p>-\u00a0<strong>Speicherung des Goldenen Schnitts<\/strong>: Die innere Trennwand fixiert 5 Pre-Rolls in einem Neigungswinkel von 30\u00b0, was dem goldenen Schnitt des menschlichen Sehens entspricht (1:1,618). Die geordnete Sch\u00f6nheit der Produktpr\u00e4sentation wird sichtbar, wenn die Schachtel ge\u00f6ffnet wird; -\u00a0<strong>Optimierung der taktilen R\u00fcckmeldung<\/strong>: Die Oberfl\u00e4che der Trennwand ist mattiert, und der Reibungskoeffizient wird zwischen 0,3-0,5 geregelt. Beim Herausziehen der Pre-Roll wird ein leichtes D\u00e4mpfungsgef\u00fchl erzeugt, das dem Benutzer ein \"zartes und leicht zu kontrollierendes\" Gef\u00fchl vermittelt.<\/p>\n<h3 id=\"6-full-link-customized-service-system-\">6.\u00a0<strong>Ma\u00dfgeschneidertes Full-Link-Service-System<\/strong><\/h3>\n<p>-\u00a0<strong>Farbanpassung<\/strong>: Pantone-Farbkarten + Schmuckfarbendruck, Unterst\u00fctzung von 100% zur Abstimmung von LOGO-Farbe und Futter; -\u00a0<strong>Funktionserweiterung<\/strong>: Sie k\u00f6nnen NFC-Chips (mit Unterst\u00fctzung f\u00fcr das Scannen von Markennamen), f\u00e4lschungssichere Laseretiketten und andere Mehrwertmodule hinzuf\u00fcgen, um die R\u00fcckverfolgbarkeit \"ein Objekt, ein Code\" zu erreichen.<\/p>\n<h3 id=\"7-16-years-of-manufacturing-heritage-and-quality-control-guarantee-\">7.\u00a0<strong>16 Jahre Produktionserfahrung und Qualit\u00e4tskontrolle garantieren<\/strong><\/h3>\n<p>-\u00a0<strong>Kapazit\u00e4tsskala<\/strong>: 5320\u33a1 intelligente Produktionsbasis, ausgestattet mit einer deutschen Heidelberg CD102-8 Druckmaschine (t\u00e4gliche Produktionskapazit\u00e4t von 200.000 B\u00f6gen), vollautomatische Stanzlinie (Geschwindigkeit 12.000 B\u00f6gen\/Stunde), Unterst\u00fctzung von 500 St\u00fcck Mindestbestellmenge, 12 Tage schnelle Lieferung; -\u00a0<strong>Das Qualit\u00e4tssystem<\/strong>: Zertifizierung nach ISO 9001, Einrichtung eines AI-Sichtpr\u00fcfungssystems f\u00fcr die wichtigsten Prozesse, automatische Sortierrate fehlerhafter Produkte &gt; 99,5%, Wiederkaufsrate der Kunden erreicht 85%.<\/p>","protected":false},"excerpt":{"rendered":"<p><strong>Warum ZOJO Print w\u00e4hlen?\u00a0<\/strong><\/p>\n<ul>\n<li><strong>Zertifizierung der Konformit\u00e4t<\/strong>: Das Produkt hat die CR-Zertifizierung f\u00fcr kindersichere Verpackungen erhalten;<\/li>\n<li><strong>Kostenvorteil<\/strong>: Die zentralisierte Produktion senkt die Logistikkosten um 30% und unterst\u00fctzt die Anpassung von Kleinserien;<\/li>\n<li><strong>Anwendungsszenarien<\/strong>: hochwertige Geschenkboxen f\u00fcr E-Zigaretten, Verkostungspakete f\u00fcr gesunde Lebensmittel, Kr\u00e4uterprodukte in limitierter Auflage, kulturelle und kreative Co-Branding-Produkte.<\/li>\n<\/ul>\n<p><strong>Setzen Sie sich jetzt mit unserem Team in Verbindung und beginnen Sie mit der Aufwertung Ihrer Markenverpackung!<\/strong><\/p>","protected":false},"featured_media":9610,"template":"","meta":[],"product_brand":[],"product_cat":[30,420,31,426],"product_tag":[1222,1224,1223],"class_list":{"0":"post-9606","1":"product","2":"type-product","3":"status-publish","4":"has-post-thumbnail","6":"product_cat-by-industry","7":"product_cat-custom-cannabis-boxes","8":"product_cat-paper-box-style","9":"product_cat-paper-drawer-boxes","10":"product_tag-custom-pre-roll-joints-packaging","11":"product_tag-drawer-box-supplier","12":"product_tag-joints-paper-packaging","14":"first","15":"instock","16":"shipping-taxable","17":"product-type-simple"},"_links":{"self":[{"href":"https:\/\/zojopackaging.com\/de\/wp-json\/wp\/v2\/product\/9606","targetHints":{"allow":["GET"]}}],"collection":[{"href":"https:\/\/zojopackaging.com\/de\/wp-json\/wp\/v2\/product"}],"about":[{"href":"https:\/\/zojopackaging.com\/de\/wp-json\/wp\/v2\/types\/product"}],"version-history":[{"count":1,"href":"https:\/\/zojopackaging.com\/de\/wp-json\/wp\/v2\/product\/9606\/revisions"}],"predecessor-version":[{"id":9613,"href":"https:\/\/zojopackaging.com\/de\/wp-json\/wp\/v2\/product\/9606\/revisions\/9613"}],"wp:featuredmedia":[{"embeddable":true,"href":"https:\/\/zojopackaging.com\/de\/wp-json\/wp\/v2\/media\/9610"}],"wp:attachment":[{"href":"https:\/\/zojopackaging.com\/de\/wp-json\/wp\/v2\/media?parent=9606"}],"wp:term":[{"taxonomy":"product_brand","embeddable":true,"href":"https:\/\/zojopackaging.com\/de\/wp-json\/wp\/v2\/product_brand?post=9606"},{"taxonomy":"product_cat","embeddable":true,"href":"https:\/\/zojopackaging.com\/de\/wp-json\/wp\/v2\/product_cat?post=9606"},{"taxonomy":"product_tag","embeddable":true,"href":"https:\/\/zojopackaging.com\/de\/wp-json\/wp\/v2\/product_tag?post=9606"}],"curies":[{"name":"wp","href":"https:\/\/api.w.org\/{rel}","templated":true}]}}