{"id":9614,"date":"2025-04-03T00:40:47","date_gmt":"2025-04-02T16:40:47","guid":{"rendered":"https:\/\/zojopackaging.com\/?post_type=product&#038;p=9614"},"modified":"2025-04-03T00:52:44","modified_gmt":"2025-04-02T16:52:44","slug":"customized-rigid-slide-drawer-box-packaging-for-coffee","status":"publish","type":"product","link":"https:\/\/zojopackaging.com\/de\/product\/customized-rigid-slide-drawer-box-packaging-for-coffee\/","title":{"rendered":"Ma\u00dfgeschneiderte starre Schubladenbox f\u00fcr Kaffee"},"content":{"rendered":"<h3 id=\"1-natural-color-matching-aesthetics-stimulating-consumer-desire-\">1.\u00a0<strong>Nat\u00fcrliche, farblich passende \u00c4sthetik, die den Wunsch der Verbraucher weckt<\/strong><\/h3>\n<p>Die Geschenkbox nimmt\u00a0<strong>gestrichenes Papier mit dunkelgr\u00fcnem Hauptton und schwarzem Innenkarton<\/strong>\u00a0kontrastreiches Farbdesign. Das dunkle Gr\u00fcn symbolisiert Natur und Vitalit\u00e4t und erinnert an das urspr\u00fcngliche Aroma von Kaffeebohnen; die schwarze Innenschachtel verst\u00e4rkt die Textur durch die matte Laminierungstechnologie, und beim \u00d6ffnen der Schachtel entsteht ein starker visueller Kontrast. Die Oberfl\u00e4che verwendet\u00a0<strong>Vierfarbendruck + partieller Siebdruck<\/strong>\u00a0Technologie, um nat\u00fcrliche Elemente wie das Wachstum von Kaffeebohnen und handgemalte Pflanzentexturen nachzubilden, kombiniert mit dem Markenlogo der Hei\u00dfpr\u00e4getechnik, um das Erlebnis \"vom Bauernhof zur Tasse\" zu vermitteln.<\/p>\n<h3 id=\"2-environmentally-friendly-materials-conveying-sustainable-concepts-\">2.\u00a0<strong>Umweltvertr\u00e4gliche Materialien, die nachhaltige Konzepte vermitteln<\/strong><\/h3>\n<p>-\u00a0<strong>Auswahl des Substrats<\/strong>:\u00a0<strong>FSC-zertifiziertes 157g gestrichenes Papier + 1200g Graukarton<\/strong>\u00a0Verbundstruktur, wobei die Graukartonschicht die herk\u00f6mmliche Kunststoffauskleidung durch abbaubares EPE-Material ersetzt (siehe Boutique-Kaffeegeschenkbox), um die Sto\u00dffestigkeit und die Frische der Kaffeebohnen beim Transport zu gew\u00e4hrleisten; -\u00a0<strong>Oberfl\u00e4chenbehandlung<\/strong>: Das Mattlaminierungsverfahren erh\u00f6ht die Verschlei\u00dffestigkeit des Kartons um das Dreifache (Reibungswiderstand &gt; 5000-fach), w\u00e4hrend die Reflexion verringert wird, was dem Streben nach unaufdringlichem Luxus der hochwertigen Kaffeemarken entspricht.<\/p>\n<h3 id=\"3-customized-expression-of-brand-genes-\">3.\u00a0<strong>Ma\u00dfgeschneiderte Expression von Markengenen<\/strong><\/h3>\n<p>-\u00a0<strong>Farbanpassung<\/strong>: Bieten Pantone-Farbkarte + Spot-Farbdruck, unterst\u00fctzen 100% Anpassung der LOGO Farbe und Futter, wie die Einbeziehung der Hauptfarbe der Marke in das Band oder Partition Design; -\u00a0<strong>Kulturelle Erm\u00e4chtigung<\/strong>: Elemente wie die Karte der Herkunft des Kaffees und die Notizen des Agronomen werden in den Druck integriert, um das Erlebnis \"eine Schachtel, eine Geschichte\" zu schaffen, wie z. B. das traditionelle Design der AVEDA Mid-Autumn Festival-Geschenkschachtel, das eine kulturelle Fusion darstellt.<\/p>\n<h3 id=\"4-flexible-size-and-content-adaptation-\">4.\u00a0<strong>Flexible Anpassung von Gr\u00f6\u00dfe und Inhalt<\/strong><\/h3>\n<p>-\u00a0<strong>Anpassung der Kapazit\u00e4t<\/strong>: Erm\u00f6glicht eine differenzierte Lagerung von ganzen Kaffeebohnen (6-8mm Durchmesser) oder gemahlenem Kaffeepulver (2-4mm Feinheit) mit einer Mindestgr\u00f6\u00dfe von 12cm\u00d78cm\u00d75cm und einer H\u00f6chstgr\u00f6\u00dfe von 25cm\u00d715cm\u00d710cm; -\u00a0<strong>Strukturelle Optimierung<\/strong>: Die Tiefe der Auszugsschiene kann auf 3 cm eingestellt werden und passt sich so an verschiedene Verpackungsformen an (z. B. H\u00e4ngeohrbeutel, Kapselkaffee usw.), was den g\u00e4ngigen Spezifikationen des Marktes f\u00fcr Kaffeegeschenkboxen entspricht.<\/p>\n<h3 id=\"5-ribbon-pull-out-system-upgraded-opening-ritual-\">5.\u00a0<strong>B\u00e4nderauszugssystem, verbessertes \u00d6ffnungsritual<\/strong><\/h3>\n<p>-\u00a0<strong>Ger\u00e4uscharmes Gleitschienen-Design<\/strong>: Eingebautes Nylonband mit hoher Dichte, der Gleitwiderstand ist um 60% reduziert, und es kann mit einer Hand leicht gezogen werden; -\u00a0<strong>Anti-Mistouch-Schutz<\/strong>: Optimierung der Pufferstruktur am Ende des Auszugshubs, um zu verhindern, dass Kaffeebohnen aufgrund von Tr\u00e4gheit versch\u00fcttet werden, und die Erfolgsquote beim \u00d6ffnen der Box wird auf 99% erh\u00f6ht.<\/p>\n<h3 id=\"6-full-link-creative-service-empowering-brand-differentiation-\">6.\u00a0<strong>Umfassender kreativer Service, der die Markendifferenzierung st\u00e4rkt<\/strong><\/h3>\n<p>-\u00a0<strong>Unterst\u00fctzung der 3D-Modellierung<\/strong>: Bietet 20 grundlegende Strukturvorlagen, unterst\u00fctzt komplexe Designs wie gebogene Ausz\u00fcge und doppellagige Trennw\u00e4nde; -\u00a0<strong>Wertsch\u00f6pfungsmodul<\/strong>: Sie k\u00f6nnen interaktive Elemente wie einen NFC-Chip (Scan-Code zur R\u00fcckverfolgung der Herkunft des Kaffees) und eine herausnehmbare Auskleidung (zum Einlegen von Kaffeesatz-Pflanzkarten) integrieren und sich auf das Saatgut-Papierdesign von Charity-Kaffeegeschenkboxen beziehen.<\/p>\n<h3 id=\"7-16-years-of-manufacturing-heritage-full-quality-control-\">7.\u00a0<strong>16 Jahre Erfahrung in der Herstellung, umfassende Qualit\u00e4tskontrolle<\/strong><\/h3>\n<p>-\u00a0<strong>Kapazit\u00e4tsgarantie<\/strong>: 5320\u33a1 intelligente Produktionsbasis, ausgestattet mit einer deutschen Heidelberg CD102-8 Druckmaschine (t\u00e4gliche Produktionskapazit\u00e4t von 200.000 B\u00f6gen), vollautomatische Stanzlinie (Geschwindigkeit 12.000 B\u00f6gen\/Stunde), unterst\u00fctzt 500 St\u00fcck Mindestbestellung und schnelle Lieferung in 12 Tagen; -\u00a0<strong>System der Qualit\u00e4tskontrolle<\/strong>: Zertifizierung nach ISO 9001, Einrichtung eines AI-Sichtpr\u00fcfungssystems in den wichtigsten Prozessen, automatische Sortierrate von fehlerhaften Produkten &gt; 99,5%, Wiederkaufsrate der Kunden erreicht 85%.<\/p>","protected":false},"excerpt":{"rendered":"<p><strong>ZOJO Print Customized Hard Sliding Drawer Box Packaging Coffee - Eine Fusion aus nat\u00fcrlicher \u00c4sthetik und funktionellem Design<\/strong><\/p>\n<p>Als Chinas f\u00fchrender Anbieter von Verpackungsl\u00f6sungen f\u00fcr Kaffeegeschenke konzentriert sich ZOJO Print darauf, Boutique-Kaffeemarken mit ma\u00dfgeschneiderten Dienstleistungen zu versorgen, die Umweltschutzkonzepte, visuelle Spannung und Benutzererfahrung kombinieren.<\/p>","protected":false},"featured_media":9618,"template":"","meta":[],"product_brand":[],"product_cat":[30,422,31,426],"product_tag":[1227,1226,1225],"class_list":{"0":"post-9614","1":"product","2":"type-product","3":"status-publish","4":"has-post-thumbnail","6":"product_cat-by-industry","7":"product_cat-custom-gourmet-boxes-by-industry","8":"product_cat-paper-box-style","9":"product_cat-paper-drawer-boxes","10":"product_tag-packaging-for-coffee","11":"product_tag-rawer-box-packaging","12":"product_tag-slide-drawer-box","14":"first","15":"instock","16":"shipping-taxable","17":"product-type-simple"},"_links":{"self":[{"href":"https:\/\/zojopackaging.com\/de\/wp-json\/wp\/v2\/product\/9614","targetHints":{"allow":["GET"]}}],"collection":[{"href":"https:\/\/zojopackaging.com\/de\/wp-json\/wp\/v2\/product"}],"about":[{"href":"https:\/\/zojopackaging.com\/de\/wp-json\/wp\/v2\/types\/product"}],"version-history":[{"count":1,"href":"https:\/\/zojopackaging.com\/de\/wp-json\/wp\/v2\/product\/9614\/revisions"}],"predecessor-version":[{"id":9621,"href":"https:\/\/zojopackaging.com\/de\/wp-json\/wp\/v2\/product\/9614\/revisions\/9621"}],"wp:featuredmedia":[{"embeddable":true,"href":"https:\/\/zojopackaging.com\/de\/wp-json\/wp\/v2\/media\/9618"}],"wp:attachment":[{"href":"https:\/\/zojopackaging.com\/de\/wp-json\/wp\/v2\/media?parent=9614"}],"wp:term":[{"taxonomy":"product_brand","embeddable":true,"href":"https:\/\/zojopackaging.com\/de\/wp-json\/wp\/v2\/product_brand?post=9614"},{"taxonomy":"product_cat","embeddable":true,"href":"https:\/\/zojopackaging.com\/de\/wp-json\/wp\/v2\/product_cat?post=9614"},{"taxonomy":"product_tag","embeddable":true,"href":"https:\/\/zojopackaging.com\/de\/wp-json\/wp\/v2\/product_tag?post=9614"}],"curies":[{"name":"wp","href":"https:\/\/api.w.org\/{rel}","templated":true}]}}