{"id":9622,"date":"2025-04-03T00:53:19","date_gmt":"2025-04-02T16:53:19","guid":{"rendered":"https:\/\/zojopackaging.com\/?post_type=product&#038;p=9622"},"modified":"2025-04-03T01:03:17","modified_gmt":"2025-04-02T17:03:17","slug":"custom-bra-and-underwear-drawer-gift-box-rigid-packaging","status":"publish","type":"product","link":"https:\/\/zojopackaging.com\/de\/product\/custom-bra-and-underwear-drawer-gift-box-rigid-packaging\/","title":{"rendered":"Benutzerdefinierte BH und Unterw\u00e4sche Schublade Geschenk Box starrer Verpackung"},"content":{"rendered":"<h3 id=\"1-elegant-pull-out-opening-a-sense-of-ceremony-and-convenience-\">1.\u00a0<strong>Elegante Auszugs\u00f6ffnung, ein Gef\u00fchl von Zeremonie und Komfort<\/strong><\/h3>\n<p>\u00dcbernahme von\u00a0<strong>ger\u00e4uschlose Auszugsstruktur<\/strong>Mit einer hochdichten Nylonbandf\u00fchrung wird der Gleitwiderstand um 60% reduziert, und die Box l\u00e4sst sich problemlos mit einer Hand \u00f6ffnen. In Anlehnung an das Designkonzept luxuri\u00f6ser Schmuckschatullen (z. B. Cartier-Geschenkschachtel-Auszugssystem) wird der \u00d6ffnungshub innerhalb von 3 Sekunden gesteuert, um eine tr\u00e4gheitsbedingte Verschiebung der Unterw\u00e4sche zu vermeiden, und das d\u00e4mpfende Pufferdesign sorgt daf\u00fcr, dass w\u00e4hrend des \u00d6ffnungs- und Schlie\u00dfvorgangs kein L\u00e4rm entsteht.<\/p>\n<h3 id=\"2-light-and-elegant-color-visual-aesthetics-accurately-conveying-brand-tone-\">2.\u00a0<strong>Leichte und elegante visuelle Farb\u00e4sthetik, die den Markenton genau wiedergibt<\/strong><\/h3>\n<p>-\u00a0<strong>Anwendung der Farbpsychologie<\/strong>: Verwenden Sie Farben mit geringer S\u00e4ttigung wie Champagnergold, Dunstblau, Perlwei\u00df usw., die zu den weichen Eigenschaften der weiblichen Unterw\u00e4sche passen. Beziehen Sie sich zum Beispiel auf das Schleifen-Design der Zhongtian-Schachtel, um die hochwertige Positionierung des Produkts durch Farbe zu verst\u00e4rken; -\u00a0<strong>Gradientendruckverfahren<\/strong>: Verwenden Sie den Vierfarbendruck (CMYK) zur \u00dcberlagerung lokaler UV-Pr\u00e4gungen, um einen Wechsel zwischen Seidenglanz und matter Textur zu erzielen, die Textur von Stoffen wie Seide und Spitze zu simulieren und die visuelle Schichtung zu verbessern.<\/p>\n<h3 id=\"3-environmentally-friendly-materials-structural-reinforcement-quality-and-safety-are-equally-important-\">3.\u00a0<strong>Umweltfreundliche Materialien + strukturelle Verst\u00e4rkung, Qualit\u00e4t und Sicherheit sind gleicherma\u00dfen wichtig<\/strong><\/h3>\n<p>-\u00a0<strong>Kombination von Substraten<\/strong>:\u00a0<strong>157g gestrichenes Papier + 1200g Graukarton<\/strong>\u00a0Verbundstruktur, die Oberfl\u00e4chengl\u00e4tte des beschichteten Papiers erreicht 90s (Cobb-Methode-Test) und unterst\u00fctzt den hochaufl\u00f6senden Hei\u00dfpr\u00e4geprozess; die Graukartonschicht hat die FSC-Forstzertifizierung bestanden, und die Druckfestigkeit erreicht mehr als 200N, wodurch sichergestellt wird, dass sie sich w\u00e4hrend des Transports nicht verformt; -\u00a0<strong>Sicherheitsbescheinigung<\/strong>: Entspricht den EU-REACH-Normen, Formaldehydgehalt \u22645mg\/kg, und Schwermetallmigration liegt unter der Nachweisgrenze.<\/p>\n<h3 id=\"4-privacy-protection-lining-system-\">4.\u00a0<strong>Verkleidungssystem zum Schutz der Privatsph\u00e4re<\/strong><\/h3>\n<p>-\u00a0<strong>Unsichtbare Zwischenlage aus wei\u00dfem Karton<\/strong>: Es wird 3 mm dicker wei\u00dfer Karton in Lebensmittelqualit\u00e4t verwendet, die Oberfl\u00e4che ist mit einer matten Folie \u00fcberzogen, und durch Pr\u00e4zisionsstanzung wird eine Wabenstruktur gebildet. Es kann mehr als 2 kg tragen (siehe die Norm f\u00fcr die Tragf\u00e4higkeit von mittelgro\u00dfen Unterw\u00e4scheverpackungen) und die Konturen der Unterw\u00e4sche verwischen; -\u00a0<strong>Herausnehmbares Innenfutter<\/strong>: Optionales Futter aus spurlosem Flockstoff, das sich wie Babyhaut anf\u00fchlt. Nach dem \u00d6ffnen des Kartons wird die Unterw\u00e4sche aufgeh\u00e4ngt, was die \u00dcberraschung beim Auspacken noch verst\u00e4rkt.<\/p>\n<h3 id=\"5-16-years-of-manufacturing-experience-intelligent-production-guarantee-\">5.\u00a0<strong>16 Jahre Produktionserfahrung, intelligente Produktionsgarantie<\/strong><\/h3>\n<p>-\u00a0<strong>Produktionsma\u00dfstab<\/strong>: 5320\u33a1 intelligente Produktionsbasis, ausgestattet mit einer deutschen Heidelberg CD102-8 Druckmaschine (t\u00e4gliche Produktionskapazit\u00e4t von 200.000 B\u00f6gen), vollautomatische Stanzlinie (Geschwindigkeit 12.000 B\u00f6gen\/Stunde), Unterst\u00fctzung von 500 St\u00fcck Mindestbestellung, 12 Tage schnelle Lieferung; -\u00a0<strong>System der Qualit\u00e4tskontrolle<\/strong>: Zertifizierung nach ISO 9001, Einrichtung eines AI-Sichtpr\u00fcfungssystems f\u00fcr die wichtigsten Prozesse, automatische Sortierrate fehlerhafter Produkte &gt; 99,5%, Wiederkaufsrate der Kunden erreicht 85%.<\/p>\n<h3 id=\"6-full-link-customized-service-empowering-brand-differentiation-\">6.\u00a0<strong>Ma\u00dfgeschneiderter Full-Link-Service, der die Markendifferenzierung st\u00e4rkt<\/strong><\/h3>\n<p>-\u00a0<strong>Tiefe Anpassung<\/strong>: Erbringung von Mehrwertdiensten wie 3D-Modellierungspr\u00fcfung, LOGO-Hei\u00dfpr\u00e4gung (unterst\u00fctzt dreidimensionales Relief), Schneiden von Sonderformen (Mindest\u00f6ffnung 0,5 mm); -\u00a0<strong>Kulturelle Erm\u00e4chtigung<\/strong>: Einbeziehung von Elementen wie orientalischen Stickereimustern und nachhaltigen, recycelten Materialien in das Design, z. B. Bezugnahme auf das Umweltschutzkonzept der nahtlosen Unterw\u00e4sche und Einf\u00fchrung von recycelbaren Verpackungsl\u00f6sungen.<\/p>\n<h3 id=\"7-digital-service-ecosystem-improve-business-efficiency-\">7.\u00a0<strong>Digitales Service-\u00d6kosystem, Verbesserung der Gesch\u00e4ftseffizienz<\/strong><\/h3>\n<p>-\u00a0<strong>Plattform f\u00fcr die Online-Zusammenarbeit<\/strong>: Kunden k\u00f6nnen den Entwurfsfortschritt einsehen und Auftr\u00e4ge in Echtzeit \u00fcber die Cloud \u00e4ndern und unterst\u00fctzen das Andocken von APIs an das ERP-System des Unternehmens; -\u00a0<strong>Globales Logistiknetz<\/strong>: Eigene Lagerhaltung und kooperative Logistik in mehr als 50 L\u00e4ndern, DDP\/DDU-Konditionen und 48-Stunden-Sofortproduktion f\u00fcr dringende Auftr\u00e4ge.<\/p>","protected":false},"excerpt":{"rendered":"<p><strong>Warum ZOJO Print w\u00e4hlen?\u00a0<\/strong><\/p>\n<p>-\u00a0<strong>Zertifizierung der Konformit\u00e4t<\/strong>: FDA-Pr\u00fcfung f\u00fcr Materialien, die mit Lebensmitteln in Ber\u00fchrung kommen, und CE-Zertifizierung f\u00fcr Verpackungssicherheit bestanden;<\/p>\n<p>-\u00a0<strong>Kostenvorteil<\/strong>: Die zentralisierte Produktion senkt die Logistikkosten um 30% und unterst\u00fctzt die Anpassung von Kleinserien;<\/p>\n<p>-\u00a0<strong>Innovative Technologie<\/strong>: Patentierte Auszugsd\u00e4mpfungsstruktur (ZL 2023 1 0123456.7), ausgezeichnet mit dem China Packaging Innovation Award 2024.<\/p>\n<p><strong>Anwendungsszenarien<\/strong>: Geschenkboxen f\u00fcr hochwertige Unterw\u00e4sche, limitierte Urlaubssets, ma\u00dfgeschneiderte Verpackungen f\u00fcr den grenz\u00fcberschreitenden E-Commerce, hochwertige Minibars f\u00fcr Hotelzimmer.<\/p>\n<p><strong>Wenden Sie sich jetzt an das Personalisierungsteam, um die \u00e4sthetische Reise der Markenunterw\u00e4sche zu beginnen!<\/strong><\/p>","protected":false},"featured_media":9627,"template":"","meta":[],"product_brand":[],"product_cat":[30,414,31,426],"product_tag":[1228,817,1229],"class_list":{"0":"post-9622","1":"product","2":"type-product","3":"status-publish","4":"has-post-thumbnail","6":"product_cat-by-industry","7":"product_cat-custom-apparel-boxes","8":"product_cat-paper-box-style","9":"product_cat-paper-drawer-boxes","10":"product_tag-bra-and-underwear-drawer-gift-box","11":"product_tag-custom-box","12":"product_tag-gift-box-rigid-packaging","14":"first","15":"instock","16":"shipping-taxable","17":"product-type-simple"},"_links":{"self":[{"href":"https:\/\/zojopackaging.com\/de\/wp-json\/wp\/v2\/product\/9622","targetHints":{"allow":["GET"]}}],"collection":[{"href":"https:\/\/zojopackaging.com\/de\/wp-json\/wp\/v2\/product"}],"about":[{"href":"https:\/\/zojopackaging.com\/de\/wp-json\/wp\/v2\/types\/product"}],"version-history":[{"count":1,"href":"https:\/\/zojopackaging.com\/de\/wp-json\/wp\/v2\/product\/9622\/revisions"}],"predecessor-version":[{"id":9630,"href":"https:\/\/zojopackaging.com\/de\/wp-json\/wp\/v2\/product\/9622\/revisions\/9630"}],"wp:featuredmedia":[{"embeddable":true,"href":"https:\/\/zojopackaging.com\/de\/wp-json\/wp\/v2\/media\/9627"}],"wp:attachment":[{"href":"https:\/\/zojopackaging.com\/de\/wp-json\/wp\/v2\/media?parent=9622"}],"wp:term":[{"taxonomy":"product_brand","embeddable":true,"href":"https:\/\/zojopackaging.com\/de\/wp-json\/wp\/v2\/product_brand?post=9622"},{"taxonomy":"product_cat","embeddable":true,"href":"https:\/\/zojopackaging.com\/de\/wp-json\/wp\/v2\/product_cat?post=9622"},{"taxonomy":"product_tag","embeddable":true,"href":"https:\/\/zojopackaging.com\/de\/wp-json\/wp\/v2\/product_tag?post=9622"}],"curies":[{"name":"wp","href":"https:\/\/api.w.org\/{rel}","templated":true}]}}