{"id":9634,"date":"2025-04-03T09:23:19","date_gmt":"2025-04-03T01:23:19","guid":{"rendered":"https:\/\/zojopackaging.com\/?post_type=product&#038;p=9634"},"modified":"2025-04-03T10:03:07","modified_gmt":"2025-04-03T02:03:07","slug":"personalized-custom-small-jewelry-packaging-boxes-wholesale","status":"publish","type":"product","link":"https:\/\/zojopackaging.com\/de\/product\/personalized-custom-small-jewelry-packaging-boxes-wholesale\/","title":{"rendered":"Personalisierte benutzerdefinierte kleine Schmuck Verpackung Boxen Gro\u00dfhandel"},"content":{"rendered":"<h2 id=\"-i-product-core-highlights-\"><strong>1. Produkt Kern Highlights<\/strong><\/h2>\n<ol>\n<li><strong>Intelligentes magnetisches Verschlusssystem<\/strong><\/li>\n<li>Dank der versteckten magnetischen Ansaugung kann es automatisch mit einem leichten Druck aufgesaugt und geschlossen werden, wodurch die Unannehmlichkeiten des traditionellen Dr\u00fcckens oder Knickens entfallen und das Gef\u00fchl des \u00d6ffnens und Schlie\u00dfens verbessert wird, was f\u00fcr den hochfrequentierten Einzelhandel und die Geschenkszene geeignet ist.<\/li>\n<li><strong>Hochpr\u00e4zises Hei\u00dfpr\u00e4geverfahren<\/strong><\/li>\n<li>Durch den Einsatz von importierten Hei\u00dfpr\u00e4gematerialien und Pr\u00e4zisionsger\u00e4ten k\u00f6nnen selbst 0,5 mm d\u00fcnne Linien oder winzige LOGOs deutlich dargestellt werden, und der metallische Glanz bildet einen starken visuellen Kontrast zum wei\u00dfen Schachtelk\u00f6rper, was die Markenerkennung und den Luxus sofort erh\u00f6ht.<\/li>\n<li><strong>Minimalistische \u00e4sthetische Gestaltung<\/strong><\/li>\n<li>Der Kofferaufbau basiert auf\u00a0<strong>Reines Wei\u00df<\/strong>mit Hei\u00dfpr\u00e4gung\/Silber, Pr\u00e4gung und anderen Verfahren, um eine einfache, aber hochwertige Textur zu schaffen, die den \u00e4sthetischen Anforderungen von Schmuck und Luxusg\u00fctern f\u00fcr Verpackungen perfekt entspricht.<\/li>\n<li><strong>Exklusives ma\u00dfgeschneidertes Futter<\/strong><\/li>\n<li>EVA-Schwamm, Flanell, Pappe und andere Auskleidungsmaterialien unterst\u00fctzen die 1:1-Anpassung der Form an die Form und Gr\u00f6\u00dfe des Produkts, sorgen f\u00fcr eine stabile Aufbewahrung des Schmucks und bieten ein hervorragendes Auspackerlebnis.<\/li>\n<\/ol>\n<h2 id=\"-ii-material-and-durability-\"><strong>2. Material und Haltbarkeit<\/strong><\/h2>\n<ul>\n<li><strong>Umweltfreundlicher Verbundwerkstoff<\/strong>: Der Kastenk\u00f6rper besteht aus\u00a0<strong>157g C2S gestrichenes Papier<\/strong>\u00a0(feine und glatte Oberfl\u00e4che, hohe Farbwiedergabe) +\u00a0<strong>1200g harter Karton<\/strong>\u00a0(druck- und feuchtigkeitsbest\u00e4ndig), das getestet wurde, um Temperaturunterschieden von -20\u2103 bis 50\u2103 und Transportst\u00f6\u00dfen \u00fcber lange Strecken standzuhalten, um die Produktsicherheit zu gew\u00e4hrleisten.<\/li>\n<li><strong>Oberfl\u00e4chenbehandlung<\/strong>: Optionale matte\/helle Folie, UV-Lackierung zur weiteren Verbesserung der Wasserdichtigkeit und Verschlei\u00dffestigkeit.<\/li>\n<\/ul>\n<h2 id=\"-iii-flexible-customization-service-\"><strong>3. Flexibler Anpassungsservice<\/strong><\/h2>\n<ul>\n<li><strong>Flexible Mindestbestellmenge<\/strong>: Wir unterst\u00fctzen die Anpassung von Kleinserien mit einer Mindestbestellmenge von 50 St\u00fcck und k\u00f6nnen auch Gro\u00dfserienbestellungen von 10.000 St\u00fcck mit einer schnellen Lieferung in 7-15 Tagen \u00fcbernehmen.<\/li>\n<li><strong>Vollst\u00e4ndige Unterst\u00fctzung bei der Prozessgestaltung<\/strong>: Kostenlose 3D-Renderings und strukturelle Pr\u00fcfservices werden angeboten, und LOGO, Muster, Schachtelart (quadratische Schachtel\/Schubladenschachtel\/Buchschachtel) k\u00f6nnen personalisiert werden.<\/li>\n<li><strong>Anpassung der Szene<\/strong>: Konzipiert f\u00fcr kleine Luxusartikel wie Hochzeitsgeschenkboxen, Schmuckanh\u00e4nger, Ringe, Uhren usw., die zus\u00e4tzliches Zubeh\u00f6r wie passende B\u00e4nder und Gru\u00dfkarten unterst\u00fctzen.<\/li>\n<\/ul>\n<h2 id=\"-fourth-service-commitment-\"><strong>4. Dienstverpflichtung<\/strong><\/h2>\n<ul>\n<li><strong>Qualit\u00e4tssicherung<\/strong>: Die gesamte Produktlinie hat die SGS-Umweltzertifizierung erhalten und entspricht den ROHS-Normen der EU.<\/li>\n<li><strong>Rundum sorglos nach dem Verkauf<\/strong>: Erbringung von Mehrwertdiensten, wie z. B. Ersatz f\u00fcr besch\u00e4digte Waren, Lagerung und Versand, sowie Verfolgung des Lieferfortschritts w\u00e4hrend des gesamten Prozesses.<\/li>\n<\/ul>\n<p><strong>Prozess der Zusammenarbeit<\/strong>: Bedarfskommunikation \u2192 Entwurfspr\u00fcfung \u2192 Produktionsbest\u00e4tigung \u2192 Qualit\u00e4tspr\u00fcfung und Versand\u00a0<strong>Sofortige Ma\u00dfnahmen<\/strong>: Geben Sie die Produktgr\u00f6\u00dfe oder den Designentwurf an, und Sie erhalten innerhalb von 24 Stunden einen exklusiven Angebotsplan!<\/p>","protected":false},"excerpt":{"rendered":"<ul>\n<li>\u200b<strong>Premium-\u00c4sthetik:<\/strong>\u00a0Das wei\u00df-goldene Design strahlt zeitlosen Luxus aus und eignet sich hervorragend f\u00fcr die Pr\u00e4sentation hochwertiger Schmuckst\u00fccke.<\/li>\n<li>\u200b<strong>Gesch\u00fctzte Lagerung:<\/strong>\u00a0Der mit Pl\u00fcsch gef\u00fctterte Innenraum sch\u00fctzt empfindliche Gegenst\u00e4nde vor Kratzern oder Besch\u00e4digungen.<\/li>\n<li>\u200b<strong>Individuelles Branding:<\/strong>\u00a0F\u00fcgen Sie Logos, Spr\u00fcche oder gepr\u00e4gte Muster hinzu, um die Markenidentit\u00e4t zu st\u00e4rken.<\/li>\n<li>\u200b<strong>Massentauglich:<\/strong>\u00a0Die robuste Konstruktion unterst\u00fctzt kosteng\u00fcnstige Gro\u00dfhandelsauftr\u00e4ge und den Versand.<\/li>\n<li>\u200b<strong>Vielseitige Gr\u00f6\u00dfenbestimmung:<\/strong>\u00a0Geeignet f\u00fcr Ringe, Ohrringe, Armb\u00e4nder und kleine Edelsteinkollektionen.<\/li>\n<\/ul>","protected":false},"featured_media":9635,"template":"","meta":[],"product_brand":[],"product_cat":[30,415,424,31],"product_tag":[890,1231,1230],"class_list":{"0":"post-9634","1":"product","2":"type-product","3":"status-publish","4":"has-post-thumbnail","6":"product_cat-by-industry","7":"product_cat-custom-jewelry-boxes-by-industry","8":"product_cat-magnetic-closure-boxes","9":"product_cat-paper-box-style","10":"product_tag-custom-jewelry-packaging","11":"product_tag-personalized-custom-jewelry-packaging","12":"product_tag-small-jewelry-boxes","14":"first","15":"instock","16":"shipping-taxable","17":"product-type-grouped"},"_links":{"self":[{"href":"https:\/\/zojopackaging.com\/de\/wp-json\/wp\/v2\/product\/9634","targetHints":{"allow":["GET"]}}],"collection":[{"href":"https:\/\/zojopackaging.com\/de\/wp-json\/wp\/v2\/product"}],"about":[{"href":"https:\/\/zojopackaging.com\/de\/wp-json\/wp\/v2\/types\/product"}],"version-history":[{"count":1,"href":"https:\/\/zojopackaging.com\/de\/wp-json\/wp\/v2\/product\/9634\/revisions"}],"predecessor-version":[{"id":9641,"href":"https:\/\/zojopackaging.com\/de\/wp-json\/wp\/v2\/product\/9634\/revisions\/9641"}],"wp:featuredmedia":[{"embeddable":true,"href":"https:\/\/zojopackaging.com\/de\/wp-json\/wp\/v2\/media\/9635"}],"wp:attachment":[{"href":"https:\/\/zojopackaging.com\/de\/wp-json\/wp\/v2\/media?parent=9634"}],"wp:term":[{"taxonomy":"product_brand","embeddable":true,"href":"https:\/\/zojopackaging.com\/de\/wp-json\/wp\/v2\/product_brand?post=9634"},{"taxonomy":"product_cat","embeddable":true,"href":"https:\/\/zojopackaging.com\/de\/wp-json\/wp\/v2\/product_cat?post=9634"},{"taxonomy":"product_tag","embeddable":true,"href":"https:\/\/zojopackaging.com\/de\/wp-json\/wp\/v2\/product_tag?post=9634"}],"curies":[{"name":"wp","href":"https:\/\/api.w.org\/{rel}","templated":true}]}}