{"id":9642,"date":"2025-04-03T10:03:17","date_gmt":"2025-04-03T02:03:17","guid":{"rendered":"https:\/\/zojopackaging.com\/?post_type=product&#038;p=9642"},"modified":"2025-04-03T10:27:40","modified_gmt":"2025-04-03T02:27:40","slug":"custom-jewelry-earring-bracelet-necklace-boxes-wholesale","status":"publish","type":"product","link":"https:\/\/zojopackaging.com\/de\/product\/custom-jewelry-earring-bracelet-necklace-boxes-wholesale\/","title":{"rendered":"Benutzerdefinierte Schmuck Ohrring Armband Halskette Boxen Gro\u00dfhandel"},"content":{"rendered":"<h2 id=\"-1-innovative-pull-out-design-reshaping-the-sense-of-box-opening-ceremony-\"><strong>1. Innovative Schublade Papier Design, die Neugestaltung der Sinn der Box \u00d6ffnung Zeremonie<\/strong><\/h2>\n<p>-\u00a0<strong>Bequeme interaktive Erfahrung<\/strong>: Dank der patentierten Ausziehstruktur muss der Benutzer nur sanft am Band ziehen, um den Schmuck (Ohrringe, Armb\u00e4nder, Halsketten usw.) zu entnehmen. Dadurch wird die umst\u00e4ndliche Bedienung herk\u00f6mmlicher Klappboxen vermieden und das Gef\u00fchl des feierlichen \u00d6ffnens der Box und des Spa\u00dfes verst\u00e4rkt. -\u00a0<strong>Humanisiertes Design der Innenschale<\/strong>: Mit dem individuell gestalteten, verschiebbaren Innentablett und der kratzfesten Flanellunterlage ist der Schmuck sicherer und bequemer zu transportieren und aufzubewahren, w\u00e4hrend gleichzeitig die Sch\u00f6nheit der Auslage gew\u00e4hrleistet und die Kundenzufriedenheit erh\u00f6ht wird.<\/p>\n<h2 id=\"-2-high-end-craftsmanship-and-environmentally-friendly-materials-interpreting-brand-texture-\"><strong>2. Hochwertige Handwerkskunst und umweltfreundliche Materialien, Interpretation der Markentextur<\/strong><\/h2>\n<p>-\u00a0<strong>Hei\u00dfpr\u00e4getechnik und Feindruck<\/strong>: Unterst\u00fctzung von Hei\u00dfpr\u00e4gung\/Hei\u00dfsilber, UV-Pr\u00e4gung und anderen Verfahren, pr\u00e4zise Darstellung von Markenlogos, Mikrotext und komplexen Mustern, und Erf\u00fcllung des ultimativen Strebens nach Details von High-End-Marken. -\u00a0<strong>Vierfarbendruck + Laminierverfahren<\/strong>: Mit Pantone-Vierfarbendruck-Technologie, die Farbwiedergabe ist mehr als 98%, mit matt\/gl\u00e4nzend Laminierung, kratzfest und verschlei\u00dffest mit High-End-Touch. -\u00a0<strong>Nachhaltige und umweltfreundliche Materialien<\/strong>:<\/p>\n<ul>\n<li><strong>\u00c4u\u00dferer Kasten<\/strong>: 1200g harter Karton, stark druckfest und langlebig;<\/li>\n<li><strong>Innenfutter<\/strong>: 157g gestrichenes C2S-Papier, zartes Gef\u00fchl, 100% recycelbares Material, entspricht den internationalen Umweltstandards.<\/li>\n<\/ul>\n<h2 id=\"-three-deep-brand-customization-unleash-unlimited-creativity-\"><strong>3. Tiefe Markenanpassung, unbegrenzte Kreativit\u00e4t<\/strong><\/h2>\n<p>-\u00a0<strong>Vollst\u00e4ndige Anpassung der Szenarien f\u00fcr innen und au\u00dfen<\/strong>: Von der Hauptansicht der \u00e4u\u00dferen Schachtel bis zum Layout der inneren Schale unterst\u00fctzen sie ein 360\u00b0-Rundumdesign und passen sich flexibel an das VI-System der Marke an (Farbe, Muster, Text, Textur usw.). -\u00a0<strong>Multi-Szenario-Anwendung<\/strong>: Individuell anpassbare Aufbewahrungsschichten f\u00fcr Schmuck, Kombinationen mit mehreren Spezifikationen (Einzel-\/Set-Geschenkbox), um die Bed\u00fcrfnisse verschiedener Kategorien wie Schmuck, Uhren und Luxusg\u00fcter zu erf\u00fcllen.<\/p>\n<h2 id=\"-fourth-large-scale-intelligent-manufacturing-to-ensure-efficient-delivery-\"><strong>4. intelligente Gro\u00dfserienfertigung zur Gew\u00e4hrleistung einer effizienten Lieferung<\/strong><\/h2>\n<p>-\u00a0<strong>Vollst\u00e4ndig automatisierte Produktion<\/strong>: Dank der intelligenten 5320\u33a1-Werkstatt und der deutschen Druckmaschinen von Heidelberg erreicht das Unternehmen eine t\u00e4gliche Produktionskapazit\u00e4t von mehr als 100.000 St\u00fcck, die von kleinen Probeauftr\u00e4gen bis zu Millionen von Gro\u00dfauftr\u00e4gen reicht. -\u00a0<strong>Strenge Kontrolle der Lieferfristen und Qualit\u00e4tskontrolle<\/strong>: 15-t\u00e4giger Standardlieferzyklus (7 Tage f\u00fcr dringende Bestellungen), vollst\u00e4ndige Qualit\u00e4tskontrolle, um eine Produktausbeute \u2265 99,8% zu gew\u00e4hrleisten und Risiken in der Lieferkette zu vermeiden.<\/p>\n<h2 id=\"-cooperation-process-\"><strong>Prozess der Zusammenarbeit<\/strong><\/h2>\n<ol>\n<li><strong>Kommunikation nachfragen<\/strong>: Entwerfen Sie einen Entwurf oder lassen Sie unser Team kostenlos entwerfen und pr\u00fcfen;<\/li>\n<li><strong>Best\u00e4tigung des Materials<\/strong>: W\u00e4hlen Sie Papier, Verfahren und Schachtelstruktur;<\/li>\n<li><strong>\u00dcberpr\u00fcfung der Korrektheit<\/strong>: Bereitstellung von Mustern innerhalb von 3-5 Arbeitstagen;<\/li>\n<li><strong>Massenproduktion<\/strong>: Schnelle Produktion nach Best\u00e4tigung, vollst\u00e4ndige logistische Verfolgung.<\/li>\n<\/ol>","protected":false},"excerpt":{"rendered":"<p>Wir konzentrieren uns auf die Bereitstellung von ma\u00dfgeschneiderten High-End-Verpackungsl\u00f6sungen f\u00fcr Schmuckmarken, mit innovativem Design, exquisiter Handwerkskunst und effizienter Produktion als Kernst\u00fcck, um Ihnen zu helfen, Ihren Produktmehrwert und Ihr Markenimage zu verbessern.<\/p>","protected":false},"featured_media":9643,"template":"","meta":[],"product_brand":[],"product_cat":[30,415,31,426],"product_tag":[275,735,1232],"class_list":{"0":"post-9642","1":"product","2":"type-product","3":"status-publish","4":"has-post-thumbnail","6":"product_cat-by-industry","7":"product_cat-custom-jewelry-boxes-by-industry","8":"product_cat-paper-box-style","9":"product_cat-paper-drawer-boxes","10":"product_tag-custom-gift-boxes","11":"product_tag-custom-jewelry-boxes","12":"product_tag-earring-bracelet-boxes-wholesale","14":"first","15":"instock","16":"shipping-taxable","17":"product-type-grouped"},"_links":{"self":[{"href":"https:\/\/zojopackaging.com\/de\/wp-json\/wp\/v2\/product\/9642","targetHints":{"allow":["GET"]}}],"collection":[{"href":"https:\/\/zojopackaging.com\/de\/wp-json\/wp\/v2\/product"}],"about":[{"href":"https:\/\/zojopackaging.com\/de\/wp-json\/wp\/v2\/types\/product"}],"version-history":[{"count":2,"href":"https:\/\/zojopackaging.com\/de\/wp-json\/wp\/v2\/product\/9642\/revisions"}],"predecessor-version":[{"id":9657,"href":"https:\/\/zojopackaging.com\/de\/wp-json\/wp\/v2\/product\/9642\/revisions\/9657"}],"wp:featuredmedia":[{"embeddable":true,"href":"https:\/\/zojopackaging.com\/de\/wp-json\/wp\/v2\/media\/9643"}],"wp:attachment":[{"href":"https:\/\/zojopackaging.com\/de\/wp-json\/wp\/v2\/media?parent=9642"}],"wp:term":[{"taxonomy":"product_brand","embeddable":true,"href":"https:\/\/zojopackaging.com\/de\/wp-json\/wp\/v2\/product_brand?post=9642"},{"taxonomy":"product_cat","embeddable":true,"href":"https:\/\/zojopackaging.com\/de\/wp-json\/wp\/v2\/product_cat?post=9642"},{"taxonomy":"product_tag","embeddable":true,"href":"https:\/\/zojopackaging.com\/de\/wp-json\/wp\/v2\/product_tag?post=9642"}],"curies":[{"name":"wp","href":"https:\/\/api.w.org\/{rel}","templated":true}]}}