{"id":9650,"date":"2025-04-03T10:13:03","date_gmt":"2025-04-03T02:13:03","guid":{"rendered":"https:\/\/zojopackaging.com\/?post_type=product&#038;p=9650"},"modified":"2025-04-03T10:28:51","modified_gmt":"2025-04-03T02:28:51","slug":"collapsible-rigid-gift-boxes-wholesale-with-magnetic-closure","status":"publish","type":"product","link":"https:\/\/zojopackaging.com\/de\/product\/collapsible-rigid-gift-boxes-wholesale-with-magnetic-closure\/","title":{"rendered":"Zusammenklappbare starre Geschenkboxen Gro\u00dfhandel mit magnetischem Verschluss"},"content":{"rendered":"<h2 id=\"-i-structural-innovation-magnetic-folding-dual-effect-in-one-\"><strong>1. Strukturelle Innovation: Magnetverschluss mit doppelter Wirkung in einem<\/strong><\/h2>\n<ol>\n<li><strong>Intelligentes Magnetverschluss-System<\/strong>\u00a0Geschlossener magnetischer Kreislauf, mit einer Adsorptionskraft von 3-5N. Es wird von einem knackigen \"Klick\"-Ger\u00e4usch beim \u00d6ffnen und Schlie\u00dfen begleitet und ist leicht mit einer Hand zu bedienen, wodurch das Problem des leichten Verschlei\u00dfes herk\u00f6mmlicher Schnallen vermieden wird.<\/li>\n<li><strong>Zusammenklappbare Konstruktion<\/strong>\u00a0Die einteilige Faltstruktur wird durch einen pr\u00e4zisen Einkerbungsprozess realisiert. Nach dem Entfalten bildet sie ein stabiles Hexaeder. Es kann w\u00e4hrend des Transports abgeflacht werden, um 80% an Platz zu sparen. Der Endverbraucher kann es in 3 Sekunden schnell zusammenlegen, wobei Umweltschutz und logistische Effizienz ber\u00fccksichtigt werden.<\/li>\n<\/ol>\n<h2 id=\"-ii-visual-aesthetics-marble-texture-interprets-light-luxury-texture-\"><strong>2. Visuelle \u00c4sthetik: Marmor Textur interpretiert Licht Luxus Textur<\/strong><\/h2>\n<ol>\n<li><strong>Oberfl\u00e4chentechnik<\/strong><\/li>\n<li>Mit italienischen importierten Nachahmung Marmor UV-Transfer-Technologie, die Textur Linien sind so nat\u00fcrlich wie Naturstein, schwarz gold \/ wei\u00df grau \/ blau Nebel drei Farben sind optional, und unterst\u00fctzen 1:1 Kunden exklusive Textur Anpassung.<\/li>\n<li>Die Oberfl\u00e4che ist mit einer matten\/gl\u00e4nzenden Dual-Effekt-Beschichtung versehen, die empfindlich ist und Fingerabdr\u00fccke verhindert, und die Mohs-H\u00e4rte erreicht 3H Kratzfestigkeit.<\/li>\n<li><strong>Szenenanpassung<\/strong>\u00a0Anwendbar f\u00fcr hochwertige Kosmetika (z. B. Essenz-Geschenkboxen), Luxusg\u00fcter (Uhren\/Schmuck), Gesch\u00e4ftsgeschenke (individuelle Weinutensilien) und andere Szenen. Das Texturdesign ist mit Pantone-Farbkarten kalibriert, um eine hohe \u00dcbereinstimmung mit dem VI-System der Marke zu gew\u00e4hrleisten.<\/li>\n<\/ol>\n<h2 id=\"-iii-materials-and-processes-military-grade-quality-control-standards-\"><strong>3. Materialien und Verfahren: Qualit\u00e4tskontrollstandards nach milit\u00e4rischem Standard<\/strong><\/h2>\n<ol>\n<li><strong>Zusammengesetztes Substrat<\/strong><\/li>\n<li>Der Karton besteht aus einer 1,5 mm dicken Graupappe und einer importierten holl\u00e4ndischen Verbundstruktur, die 5 kg ohne Verformung tragen kann und die ISTA 3A Transportpr\u00fcfung bestanden hat.<\/li>\n<li>Die Kante wird mit einer 45\u00b0-Fase poliert, und die Unterseite ist mit einem rutschfesten Silikonpolster versehen, um die Stabilit\u00e4t des Displays zu gew\u00e4hrleisten.<\/li>\n<li><strong>Verarbeitungsgenauigkeit<\/strong>\u00a0Laserschnittfehler \u22640,2mm, Magneteinbettungstoleranz \u00b10,1mm, mit 16 Qualit\u00e4tspr\u00fcfungsverfahren (einschlie\u00dflich Fall-\/Temperatur- und Feuchtigkeitszyklus-\/Magnetansaug-Lebensdauertest).<\/li>\n<\/ol>\n<h2 id=\"-fourth-enhance-the-sense-of-ceremony-customizable-decoration-system-\"><strong>4. Verbessern Sie den Sinn der Zeremonie: anpassbares Dekorationssystem<\/strong><\/h2>\n<ol>\n<li><strong>Modul Banddekoration<\/strong><\/li>\n<li>Standard 1,5 cm breites Seidenband, erh\u00e4ltlich in drei Farben: klassisches Champagner-Gold\/Burgunder-Rot\/Mitternachtsblau, unterst\u00fctzt Hei\u00dfpr\u00e4gung von Markenlogo oder Segensworten.<\/li>\n<li>Optional magnetische Bandschnalle, realisieren die interaktive Erfahrung von \"ein Zug zu \u00f6ffnen\", und das Gef\u00fchl der Zeremonie der \u00d6ffnung der Box wird von 300% erh\u00f6ht.<\/li>\n<li><strong>Ma\u00dfgeschneidertes Futter<\/strong><\/li>\n<li>Der EVA+Samt-Verbundstoff-Innentr\u00e4ger unterst\u00fctzt mehrere Strukturen wie geschichtetes\/gerilltes\/aufgeh\u00e4ngtes Display, die RGB-Farbraumabdeckungsrate erreicht 98% und unterst\u00fctzt Pantone-Spot-Farbabgleich.<\/li>\n<li>Das dunkle Gitterdesign kann mit einem NFC-Chip oder einem interaktiven AR-Tag versehen werden, um das digitale Markenerlebnis zu verbessern.<\/li>\n<\/ol>","protected":false},"excerpt":{"rendered":"<p>Luxuri\u00f6se Anziehungskraft: Die Marmorstruktur erh\u00f6ht die Markenwahrnehmung sofort<br \/>\nKosteneffizient: Gro\u00dfmengenpreise reduzieren die Kosten pro Einheit um 30%<br \/>\nLanglebigkeit: Verst\u00e4rkte Kanten sch\u00fctzen die Produkte w\u00e4hrend des Transports<br \/>\nEinfache Montage: Vorgeritzte Falten f\u00fcr einen 60-sek\u00fcndigen Aufbau der Box<\/p>","protected":false},"featured_media":9651,"template":"","meta":[],"product_brand":[],"product_cat":[30,415,428,31],"product_tag":[1233,1235,1234],"class_list":{"0":"post-9650","1":"product","2":"type-product","3":"status-publish","4":"has-post-thumbnail","6":"product_cat-by-industry","7":"product_cat-custom-jewelry-boxes-by-industry","8":"product_cat-irregular-shaped-gift-boxes","9":"product_cat-paper-box-style","10":"product_tag-collapsible-gift-boxes","11":"product_tag-magnetic-closure-gift-boxes","12":"product_tag-rigid-gift-boxes-wholesale","14":"first","15":"instock","16":"shipping-taxable","17":"product-type-grouped"},"_links":{"self":[{"href":"https:\/\/zojopackaging.com\/de\/wp-json\/wp\/v2\/product\/9650","targetHints":{"allow":["GET"]}}],"collection":[{"href":"https:\/\/zojopackaging.com\/de\/wp-json\/wp\/v2\/product"}],"about":[{"href":"https:\/\/zojopackaging.com\/de\/wp-json\/wp\/v2\/types\/product"}],"version-history":[{"count":1,"href":"https:\/\/zojopackaging.com\/de\/wp-json\/wp\/v2\/product\/9650\/revisions"}],"predecessor-version":[{"id":9658,"href":"https:\/\/zojopackaging.com\/de\/wp-json\/wp\/v2\/product\/9650\/revisions\/9658"}],"wp:featuredmedia":[{"embeddable":true,"href":"https:\/\/zojopackaging.com\/de\/wp-json\/wp\/v2\/media\/9651"}],"wp:attachment":[{"href":"https:\/\/zojopackaging.com\/de\/wp-json\/wp\/v2\/media?parent=9650"}],"wp:term":[{"taxonomy":"product_brand","embeddable":true,"href":"https:\/\/zojopackaging.com\/de\/wp-json\/wp\/v2\/product_brand?post=9650"},{"taxonomy":"product_cat","embeddable":true,"href":"https:\/\/zojopackaging.com\/de\/wp-json\/wp\/v2\/product_cat?post=9650"},{"taxonomy":"product_tag","embeddable":true,"href":"https:\/\/zojopackaging.com\/de\/wp-json\/wp\/v2\/product_tag?post=9650"}],"curies":[{"name":"wp","href":"https:\/\/api.w.org\/{rel}","templated":true}]}}