{"id":9667,"date":"2025-04-03T10:53:49","date_gmt":"2025-04-03T02:53:49","guid":{"rendered":"https:\/\/zojopackaging.com\/?post_type=product&#038;p=9667"},"modified":"2025-04-03T11:24:27","modified_gmt":"2025-04-03T03:24:27","slug":"custom-vip-card-credit-shipping-mailer-boxes-wholesale","status":"publish","type":"product","link":"https:\/\/zojopackaging.com\/de\/product\/custom-vip-card-credit-shipping-mailer-boxes-wholesale\/","title":{"rendered":"Benutzerdefinierte Vip-Karte Kredit Versand Mailer Boxen Gro\u00dfhandel"},"content":{"rendered":"<h2 id=\"1-high-strength-corrugated-paper-protection-\">1.\u00a0<strong>Hochfester Schutz aus Wellpappe<\/strong><\/h2>\n<p>Die mehrschichtige Struktur aus Wellpappe wird verwendet. Das gewellte Kernpapierdesign absorbiert effektiv die Aufprallenergie w\u00e4hrend des Transports und zerstreut den externen Druck. Er eignet sich besonders f\u00fcr den Transport von hochwertigen und hochgesch\u00fctzten Gegenst\u00e4nden wie VIP-Karten und zerbrechlichen elektronischen Produkten. Seine Druckfestigkeit ist mehr als dreimal so hoch wie die \u00e4hnlicher gew\u00f6hnlicher Kartons, wodurch sichergestellt wird, dass die Waren beim Stapeln oder Ansto\u00dfen unversehrt bleiben.<\/p>\n<h2 id=\"2-patented-airplane-box-structure-\">2.\u00a0<strong>Patentierte Mailerbox-Struktur<\/strong><\/h2>\n<p>Der innovative Einsatz der Zungenverriegelungstechnologie und der Faltenvorpressung erm\u00f6glicht ein schnelles Verformen in 1 Sekunde, ohne dass eine Bodenversiegelung mit Klebeband erforderlich ist, was die Verpackungseffizienz erheblich verbessert. Nachdem die Schachtel geschlossen ist, wird sie durch eine selbstverriegelnde Struktur fixiert, und die Seite ist nicht leicht zu \u00f6ffnen, wodurch der Nachteil des leichten L\u00f6sens der traditionellen Bandversiegelung vermieden wird und dem Konzept des Umweltschutzes entsprochen wird.<\/p>\n<h2 id=\"3-aesthetic-and-functional-integration-design-\">3.\u00a0<strong>\u00c4sthetisches und funktionales Integrationsdesign<\/strong><\/h2>\n<ul>\n<li><strong>Visuelle \u00c4sthetik<\/strong>: Der Schachtelk\u00f6rper verwendet helle Farben als Hauptfarbe (wie z.B. Cremegelb, Dunstblau, Haferflockenwei\u00df usw.), kombiniert mit matter Verarbeitung und teilweiser Hei\u00dfpr\u00e4gung\/UV-Verzierung, um ein hochwertiges und elegantes Markenimage zu schaffen, das zur hervorragenden Positionierung der VIP-Kartenprodukte passt.<\/li>\n<li><strong>Anpassungsf\u00e4higkeit beim Drucken<\/strong>: Unterst\u00fctzt 4-Farben-Offsetdruck, Sonderfarbenanpassung, Pr\u00e4gung und andere Verfahren, kompatibel mit dem Druck von mehreren Elementen wie LOGO, Markenslogans, f\u00e4lschungssicheren Logos usw., um die individuellen Anforderungen verschiedener Bereiche wie Finanzen, Luxusg\u00fcter und Mitgliederdienste zu erf\u00fcllen.<\/li>\n<\/ul>\n<h2 id=\"4-16-years-of-professional-printing-manufacturing-experience-\">4.\u00a0<strong>16 Jahre Erfahrung in der professionellen Druckproduktion<\/strong><\/h2>\n<p>Das Werk ist mit einem 5.000\u33a1 gro\u00dfen, modernen Industriezentrum ausgestattet, das \u00fcber Ausr\u00fcstungen f\u00fcr die Druckvorstufe und die Druckweiterverarbeitung wie vollautomatische Stanzmaschinen, Hochgeschwindigkeits-Offsetdruckmaschinen und Hei\u00dfpr\u00e4gemaschinen verf\u00fcgt, um eine umfassende Qualit\u00e4tskontrolle vom Entwurf bis zum fertigen Produkt zu gew\u00e4hrleisten. Das Unternehmen hat die ISO-Qualit\u00e4tsmanagement-Zertifizierung erhalten und verf\u00fcgt \u00fcber eine j\u00e4hrliche Produktionskapazit\u00e4t von 30 Millionen St\u00fcck, die eine flexible Serienproduktion mit einer Mindestbestellmenge von 500 St\u00fcck erm\u00f6glicht.<\/p>\n<h2 id=\"5-one-stop-packaging-solution-\">5.\u00a0<strong>Verpackungsl\u00f6sung aus einer Hand<\/strong><\/h2>\n<ul>\n<li><strong>Ma\u00dfgeschneiderter Service<\/strong>: Volldimensionale Anpassungen wie Schachteldesign, Materialauswahl (z. B. hochwertiges Kunstdruckpapier, umweltfreundliches Recyclingpapier), Funktionserweiterungen (Sichtfenster, magnetisches \u00d6ffnen und Schlie\u00dfen) usw., um sich an unterschiedliche Branchenszenarien anzupassen.<\/li>\n<li><strong>Intelligente Unterst\u00fctzung der Lieferkette<\/strong>: Echtzeit-Vorschau von 3D-Renderings \u00fcber die Online-Design-Plattform, Unterst\u00fctzung f\u00fcr das Hochladen von Dateien und die Bearbeitung von Vorlagen, kombiniert mit einem 24\/7-Kundendienst, um ein vollst\u00e4ndiges digitales Management von der Anfrage bis zur Lieferung zu erreichen.<\/li>\n<\/ul>","protected":false},"excerpt":{"rendered":"<p>\ud83d\udcbc Universalgr\u00f6\u00dfe f\u00fcr Kreditkarten, Geschenkkarten und RFID-Chips<br \/>\n\ud83c\udfa8 Integration eines benutzerdefinierten Logos (&lt;2h Einrichtung f\u00fcr Wiederholungskunden)<br \/>\n\u2728 Hochglanzoberfl\u00e4che erh\u00f6ht den wahrgenommenen Wert um 68% (Kundenumfragen)<br \/>\n\ud83d\udce6 35% schnellere Montage im Vergleich zur Standardverpackung (ineinandergreifendes Design)<br \/>\n\ud83c\udf0d Die plastikfreie Konstruktion des 100% entspricht den EU-Richtlinien zur Nachhaltigkeit<\/p>","protected":false},"featured_media":9673,"template":"","meta":[],"product_brand":[],"product_cat":[30,413,31,433],"product_tag":[1239,1240,1238],"class_list":{"0":"post-9667","1":"product","2":"type-product","3":"status-publish","4":"has-post-thumbnail","6":"product_cat-by-industry","7":"product_cat-consumer-electronics-boxes","8":"product_cat-paper-box-style","9":"product_cat-shipping-mailer-boxes","10":"product_tag-custom-vip-credit-boxes","11":"product_tag-vip-card-credit-mailer-boxes","12":"product_tag-vip-card-mailer-boxes","14":"first","15":"instock","16":"shipping-taxable","17":"product-type-grouped"},"_links":{"self":[{"href":"https:\/\/zojopackaging.com\/de\/wp-json\/wp\/v2\/product\/9667","targetHints":{"allow":["GET"]}}],"collection":[{"href":"https:\/\/zojopackaging.com\/de\/wp-json\/wp\/v2\/product"}],"about":[{"href":"https:\/\/zojopackaging.com\/de\/wp-json\/wp\/v2\/types\/product"}],"version-history":[{"count":1,"href":"https:\/\/zojopackaging.com\/de\/wp-json\/wp\/v2\/product\/9667\/revisions"}],"predecessor-version":[{"id":9674,"href":"https:\/\/zojopackaging.com\/de\/wp-json\/wp\/v2\/product\/9667\/revisions\/9674"}],"wp:featuredmedia":[{"embeddable":true,"href":"https:\/\/zojopackaging.com\/de\/wp-json\/wp\/v2\/media\/9673"}],"wp:attachment":[{"href":"https:\/\/zojopackaging.com\/de\/wp-json\/wp\/v2\/media?parent=9667"}],"wp:term":[{"taxonomy":"product_brand","embeddable":true,"href":"https:\/\/zojopackaging.com\/de\/wp-json\/wp\/v2\/product_brand?post=9667"},{"taxonomy":"product_cat","embeddable":true,"href":"https:\/\/zojopackaging.com\/de\/wp-json\/wp\/v2\/product_cat?post=9667"},{"taxonomy":"product_tag","embeddable":true,"href":"https:\/\/zojopackaging.com\/de\/wp-json\/wp\/v2\/product_tag?post=9667"}],"curies":[{"name":"wp","href":"https:\/\/api.w.org\/{rel}","templated":true}]}}