{"id":9675,"date":"2025-04-03T11:25:30","date_gmt":"2025-04-03T03:25:30","guid":{"rendered":"https:\/\/zojopackaging.com\/?post_type=product&#038;p=9675"},"modified":"2025-04-03T12:04:40","modified_gmt":"2025-04-03T04:04:40","slug":"custom-perfume-atomizer-magnetic-closure-gift-boxes-factory","status":"publish","type":"product","link":"https:\/\/zojopackaging.com\/de\/product\/custom-perfume-atomizer-magnetic-closure-gift-boxes-factory\/","title":{"rendered":"Benutzerdefinierte Parf\u00fcm Zerst\u00e4uber Magnetverschluss Geschenkboxen Fabrik"},"content":{"rendered":"<h2 id=\"1-magnetic-box-design-embedded-magnets-high-end-and-durable\">1. Magnetische Box Design: eingebettete Magnete, High-End und langlebig<\/h2>\n<p>Die Magnetstruktur ist eingebettet, und die magnetischen Verschl\u00fcsse sind vollst\u00e4ndig in das Geh\u00e4use eingebettet, um das Problem des leichten Verschlei\u00dfes und der Kratzer herk\u00f6mmlicher freiliegender Magnete zu vermeiden. Das magnetische \u00d6ffnen und Schlie\u00dfen ist reibungslos und glatt, und es passt fest, wenn geschlossen. Die dunklen Metall-Accessoires verleihen dem Verpackungskarton ein unaufdringliches und luxuri\u00f6ses Erscheinungsbild, das zur Tonalit\u00e4t von hochwertigen Parf\u00fcmmarken passt.<\/p>\n<h2 id=\"2-combination-of-dark-green-main-tone-and-natural-aesthetics\">2. Kombination aus dunkelgr\u00fcnem Grundton und nat\u00fcrlicher \u00c4sthetik<\/h2>\n<ol>\n<li><strong>Farbe und Muster<\/strong>: Die Hauptfarbe ist dunkelgr\u00fcn und wird mit handgemalten tropischen Blumen und Fr\u00fcchten (wie Granat\u00e4pfeln, Hibiskus, Magnolien usw.) kombiniert, um die Attraktivit\u00e4t Ihrer Produkte f\u00fcr die Kunden zu erh\u00f6hen.<\/li>\n<\/ol>\n<h2 id=\"3-eva-lining-customization-precise-adaptation-zero-space-display\">3. EVA Futter Anpassung: pr\u00e4zise Anpassung, Null Raum Anzeige<\/h2>\n<ol>\n<li><strong>Vollst\u00e4ndig angepasstes Futter<\/strong>: Die EVA-Schaumstoffauskleidung ist pr\u00e4zise geformt und an die Gr\u00f6\u00dfe von Parf\u00fcmflaschen und -zerst\u00e4ubern angepasst, mit optionaler H\u00e4rte, die einen sto\u00dffesten Pufferschutz bietet und gleichzeitig einen stabilen \"Nullraum\"-Effekt erzielt.<\/li>\n<li><strong>Multifunktionales Layout<\/strong>Das System unterst\u00fctzt das Lagen- und Gitterdesign, kann Magnetkartenschlitze, Samtfutter und anderes Zubeh\u00f6r einbetten und eignet sich f\u00fcr den Bedarf an Kombinationsverpackungen mehrerer Kategorien wie Parf\u00fcmflaschen, Zerst\u00e4uber und Anleitungen.<\/li>\n<\/ol>\n<h2 id=\"iv-material-and-printing-process-double-guarantee-of-quality-and-beauty\">4. Material und Druckverfahren: doppelte Garantie f\u00fcr Qualit\u00e4t und Sch\u00f6nheit<\/h2>\n<ol>\n<li><strong>Kernmaterial<\/strong>: Die \u00e4u\u00dfere Schachtel besteht aus 157g C2S beschichtetem Kunstdruckpapier mit matter Folie und ist mit 1200g Pappe beklebt, um sicherzustellen, dass der Schachtelk\u00f6rper knackig, verschlei\u00dffest und zart im Griff ist.<\/li>\n<li><strong>Vierfarbiger Druck<\/strong>: Die hochpr\u00e4zise Farbwiederherstellung wird durch die Heidelberg Speedmaster CS92 Vierfarbdruckmaschine erreicht, und lokale UV-, Hei\u00dfpr\u00e4ge- und andere Verfahren werden \u00fcberlagert, um den dreidimensionalen Sinn des Musters und den Luxus der Verpackung zu verbessern.<\/li>\n<\/ol>\n<h2 id=\"v-all-round-customization-service-one-stop-solution-from-design-to-production\">5. Umfassender Anpassungsservice: vom Entwurf bis zur Produktion alles aus einer Hand<\/h2>\n<ol>\n<li><strong>Flexible Anpassung<\/strong>Die Software unterst\u00fctzt die volldimensionale Anpassung von Gr\u00f6\u00dfe, Struktur (Deckel\/Buchschachtel\/Schubladenbox), Innenausstattung, Zubeh\u00f6r (Schleife\/Gru\u00dfkarte) usw., um spezielle Anforderungen wie Co-Branding und limitierte Auflagen zu erf\u00fcllen.<\/li>\n<li><strong>Professionelle Unterst\u00fctzung bei der Gestaltung<\/strong>: Das Team bietet einen pers\u00f6nlichen Kommunikationsdienst an und begleitet den Prozess von der 3D-Modellierung \u00fcber die Pr\u00fcfung bis hin zur Massenproduktion, um sicherzustellen, dass der Designentwurf 100% die Kreativit\u00e4t des Kunden wiederherstellt.<\/li>\n<\/ol>\n<h2 id=\"vi-production-strength-16-years-of-experience-and-cutting-edge-equipment\">6. Produktionsst\u00e4rke: 16 Jahre Erfahrung und hochmoderne Ausr\u00fcstung<\/h2>\n<p>Das Werk ist mit importierten Anlagen wie der F\u00fcnffarbdruckmaschine Manroland R700 und der 7-Farben-UV-Offsetdruckmaschine von Heidelberg ausgestattet, die komplexe Prozesse und eine effiziente Produktion mit einer durchschnittlichen t\u00e4glichen Produktionskapazit\u00e4t von mehr als 100.000 Kartons und einer Verk\u00fcrzung des Lieferzyklus um 30% unterst\u00fctzen. Zertifizierung des ISO-Qualit\u00e4tsmanagementsystems, um sicherzustellen, dass die Qualit\u00e4t von der Rohstoffbeschaffung bis zur Auslieferung des fertigen Produkts kontrolliert werden kann.<\/p>","protected":false},"excerpt":{"rendered":"<ul>\n<li>\u200b<strong>Luxus-Appeal:<\/strong>\u00a0Die smaragdgr\u00fcne Oberfl\u00e4che mit goldenen Akzenten steigert das Prestige der Marke.<\/li>\n<li>\u200b<strong>Benutzerdefiniert-bereit:<\/strong>\u00a0Unterst\u00fctzt Multitechnik-Branding (Folie, Pr\u00e4gung, Druck).<\/li>\n<li>\u200b<strong>Sch\u00fctzendes Design:<\/strong>\u00a0Die kratzfeste Beschichtung sch\u00fctzt den Inhalt w\u00e4hrend des Transports.<\/li>\n<li>\u200b<strong>Skalierbar:<\/strong>\u00a0Niedriges MOQ und Mengenrabatte f\u00fcr Start-ups\/Unternehmen.<\/li>\n<li>\u200b<strong>Umweltbewusst:<\/strong>\u00a0Recycelbare Materialien entsprechen dem Trend zur Nachhaltigkeit.<\/li>\n<\/ul>","protected":false},"featured_media":9676,"template":"","meta":[],"product_brand":[],"product_cat":[30,417,424,31],"product_tag":[225,1241,1242],"class_list":{"0":"post-9675","1":"product","2":"type-product","3":"status-publish","4":"has-post-thumbnail","6":"product_cat-by-industry","7":"product_cat-custom-perfume-boxes-by-industry","8":"product_cat-magnetic-closure-boxes","9":"product_cat-paper-box-style","10":"product_tag-custom-perfume-boxes","11":"product_tag-perfume-atomizer-gift-boxes","12":"product_tag-perfume-boxes-factory","14":"first","15":"instock","16":"shipping-taxable","17":"product-type-grouped"},"_links":{"self":[{"href":"https:\/\/zojopackaging.com\/de\/wp-json\/wp\/v2\/product\/9675","targetHints":{"allow":["GET"]}}],"collection":[{"href":"https:\/\/zojopackaging.com\/de\/wp-json\/wp\/v2\/product"}],"about":[{"href":"https:\/\/zojopackaging.com\/de\/wp-json\/wp\/v2\/types\/product"}],"version-history":[{"count":1,"href":"https:\/\/zojopackaging.com\/de\/wp-json\/wp\/v2\/product\/9675\/revisions"}],"predecessor-version":[{"id":9682,"href":"https:\/\/zojopackaging.com\/de\/wp-json\/wp\/v2\/product\/9675\/revisions\/9682"}],"wp:featuredmedia":[{"embeddable":true,"href":"https:\/\/zojopackaging.com\/de\/wp-json\/wp\/v2\/media\/9676"}],"wp:attachment":[{"href":"https:\/\/zojopackaging.com\/de\/wp-json\/wp\/v2\/media?parent=9675"}],"wp:term":[{"taxonomy":"product_brand","embeddable":true,"href":"https:\/\/zojopackaging.com\/de\/wp-json\/wp\/v2\/product_brand?post=9675"},{"taxonomy":"product_cat","embeddable":true,"href":"https:\/\/zojopackaging.com\/de\/wp-json\/wp\/v2\/product_cat?post=9675"},{"taxonomy":"product_tag","embeddable":true,"href":"https:\/\/zojopackaging.com\/de\/wp-json\/wp\/v2\/product_tag?post=9675"}],"curies":[{"name":"wp","href":"https:\/\/api.w.org\/{rel}","templated":true}]}}