{"id":9683,"date":"2025-04-03T11:44:37","date_gmt":"2025-04-03T03:44:37","guid":{"rendered":"https:\/\/zojopackaging.com\/?post_type=product&#038;p=9683"},"modified":"2025-04-03T12:10:36","modified_gmt":"2025-04-03T04:10:36","slug":"custom-printed-fake-false-eyelashes-packaging-mailer-boxes","status":"publish","type":"product","link":"https:\/\/zojopackaging.com\/de\/product\/custom-printed-fake-false-eyelashes-packaging-mailer-boxes\/","title":{"rendered":"Individuell bedruckte falsche Wimpern Verpackung Mailer Boxen"},"content":{"rendered":"<h2 id=\"1-buffering-protection-performance-\">1.\u00a0<strong>Pufferung Schutzleistung<\/strong><\/h2>\n<p>Hochfestes gewelltes Papiermaterial wird verwendet, um die Aufprallenergie beim Transport zu absorbieren und die Druckspitze durch die mehrschichtige gewellte Struktur zu zerstreuen. Labordaten zeigen, dass dieses Material die Bruchrate des Produkts im simulierten Transportvibrationstest auf weniger als 0,3% reduzieren kann, was besonders f\u00fcr den Schutz von falschen Wimpern in der grenz\u00fcberschreitenden Logistik geeignet ist.<\/p>\n<h2 id=\"2-folding-high-efficiency-packaging-system-\">2.\u00a0<strong>Hocheffizientes Verpackungssystem zum Falten<\/strong><\/h2>\n<ul>\n<li>Die patentierte Schnallenstruktur erm\u00f6glicht eine 3-Sekunden-Schnellverpackung ohne Hilfe von Klebeband oder Werkzeugen und reduziert die Arbeitskosten f\u00fcr die Verpackung um 30%<\/li>\n<li>Die Vorpr\u00e4gung des Kastenk\u00f6rpers unterst\u00fctzt die einh\u00e4ndige Demontage, die Verbraucher k\u00f6nnen ihn leicht \u00f6ffnen und der Kastenk\u00f6rper ist 95% vollst\u00e4ndig, was f\u00fcr die sekund\u00e4re Verwendung (z. B. f\u00fcr die Aufbewahrung kleiner Kosmetika) praktisch ist<\/li>\n<\/ul>\n<h2 id=\"1-minimalist-aesthetic-style-\">3. <strong>Minimalistisch-\u00e4sthetischer Stil<\/strong><\/h2>\n<p>Mit einer reinwei\u00dfen, matten Papierbasis und einem lasergravierten schwarzen Markenlogo pr\u00e4sentiert es eine reine Textur im \"MUJI-Stil\". Die optionale partielle UV-Hochglanzbeschichtung kann verwendet werden, um einen visuellen Fokus an wichtigen Informationsstellen zu bilden und die Wiedererkennung des Regalbildschirms 20% zu erh\u00f6hen.<\/p>\n<h2 id=\"2-full-link-customization-service-\">4. <strong>Vollst\u00e4ndiger Link-Anpassungsdienst<\/strong><\/h2>\n<table>\n<thead>\n<tr>\n<th>Dimension der Anpassung<\/th>\n<th>Optionales L\u00f6sungsbeispiel<\/th>\n<th>Anpassung des Anwendungsszenarios<\/th>\n<\/tr>\n<\/thead>\n<tbody>\n<tr>\n<td><strong>Box-Typ<\/strong><\/td>\n<td>Schublade\/buchf\u00f6rmiger Kasten\/Boden und Bodenabdeckung<\/td>\n<td>Einzelne Wimpernb\u00fcschel unabh\u00e4ngige Verpackung\/Geschenkbox-Set<\/td>\n<\/tr>\n<tr>\n<td><strong>Gr\u00f6\u00dfe<\/strong><\/td>\n<td>5-30cm L\u00e4ngengradient \u00b10,1mm Genauigkeit<\/td>\n<td>Geeignet f\u00fcr 98% von falschen Wimpern Produktlinien auf dem Markt<\/td>\n<\/tr>\n<tr>\n<td><strong>Oberfl\u00e4chentechnik<\/strong><\/td>\n<td>Hei\u00dfpr\u00e4gung\/Pr\u00e4gung\/temperaturwechselnde Tinte\/AR interaktive Schicht<\/td>\n<td>Vermarktung von limitierten Auflagen\/Abwehr von F\u00e4lschungen R\u00fcckverfolgbarkeit<\/td>\n<\/tr>\n<tr>\n<td><strong>Umweltfreundliche Materialien<\/strong><\/td>\n<td>FSC-zertifizierter Zellstoff\/abbaubare PLA-Beschichtung<\/td>\n<td>Erf\u00fcllen Sie die EU-Vorschriften f\u00fcr umweltfreundliche Verpackungen<\/td>\n<\/tr>\n<\/tbody>\n<\/table>\n<h2 id=\"1-flexible-production-system-\">5. <strong>Flexibles Produktionssystem<\/strong><\/h2>\n<p>Dank der Vorteile des G\u00fcrtels der Sch\u00f6nheitsindustrie in Qingdao (auf Pingdu entfallen 70% der weltweiten Wimpernproduktion) sind wir in der Lage, eine schnelle Reaktion nach dem Motto \"72-Stunden-Pr\u00fcfung-15-Tage-Massenproduktion\" zu erreichen. Das Werk ist mit vollautomatischen Stanzmaschinen und Digitaldruckmaschinen ausgestattet, die personalisierte Bestellungen ab einer Mindestbestellmenge von 500 St\u00fcck erm\u00f6glichen.<\/p>\n<h2 id=\"2-full-process-quality-control-standards-\">6. <strong>Standards f\u00fcr die Qualit\u00e4tskontrolle des gesamten Prozesses<\/strong><\/h2>\n<ul>\n<li>Rohstoffseite: Umsetzung der Industriestandards QB\/T 5774-2022 f\u00fcr falsche Wimpern und Bestehen des SGS-Schwermetall-Migrationstests<\/li>\n<li>Produktionsseite: Jede Charge wird einer stichprobenartigen Pr\u00fcfung der Kantendruckfestigkeit (\u22658kN\/m) und der Berstfestigkeit (\u22651.500kPa) unterzogen.<\/li>\n<li>Lieferseite: Perle Baumwolle geschichtet Isolierung + Plastikfolie feuchtigkeitsdichte Verpackung zu gew\u00e4hrleisten Null Verschmutzung w\u00e4hrend des Transports<\/li>\n<\/ul>\n<h2 id=\"3-value-added-service-module-\">7. <strong>Modul Mehrwertdienste<\/strong><\/h2>\n<ul>\n<li><strong>Design-Beratung<\/strong>: Bereitstellung von 6 wichtigen Markendiagnosediensten wie Pantone-Farbkartenabgleich und visuelles Layout der Verkaufsstellen<\/li>\n<li><strong>Lagerhaltung und Hosting<\/strong>: Zolllager in Qingdao unterst\u00fctzt grenz\u00fcberschreitenden E-Commerce mit \"One-Piece-Delivery\"-L\u00f6sungen<\/li>\n<li><strong>Analyse der Daten<\/strong>: Optimierung der Verpackungskostenstruktur auf der Grundlage der Iterationsdaten von mehr als 3.000 Beauty-Kunden in der Vergangenheit<\/li>\n<\/ul>\n<h2 id=\"-fourth-industry-application-cases-\"><strong>Anwendungsf\u00e4lle in der Industrie<\/strong><\/h2>\n<ul>\n<li><strong>Eine japanische Kosmetikmarke<\/strong>: Mit 5cm\u00d75cm Schubladenbox + Kirschbl\u00fcten-Relief-Technologie, kombiniert mit Amazon FBA Logistik, sank die R\u00fcckgabequote auf 1,2%<\/li>\n<li><strong>Repr\u00e4sentativ f\u00fcr chinesische Produkte im Ausland<\/strong>: Durch den Einsatz von AR-Layer zur Realisierung von \"Code scannen, um Trageanleitung zu sehen\", stieg die Wiederkaufrate um 18%<\/li>\n<li><strong>Projekt der Umweltschutzinitiative<\/strong>: Druck mit Bagasse-Zellstoff und Sojatinte, nominiert f\u00fcr den Pentawards Sustainable Design Award 2025<\/li>\n<\/ul>","protected":false},"excerpt":{"rendered":"<p>Kosteneffiziente L\u00f6sungen f\u00fcr gro\u00dfe Mengen: Optimiert f\u00fcr Gro\u00dfauftr\u00e4ge mit gestaffelten Preisnachl\u00e4ssen.<br \/>\nUmweltbewusste Wahl: FSC-zertifizierte Materialien stehen im Einklang mit nachhaltigen Sch\u00f6nheitstrends.<br \/>\nBesch\u00e4digungssichere Sicherheit: Die gewellten Kanten und das bruchsichere Design gew\u00e4hrleisten eine unversehrte Lieferung.<br \/>\nSchneller Turnaround: Rationalisierte Produktion unterst\u00fctzt dringende Gesch\u00e4ftsanforderungen<\/p>","protected":false},"featured_media":9408,"template":"","meta":[],"product_brand":[],"product_cat":[30,390,31,433],"product_tag":[1245,1244,1243],"class_list":{"0":"post-9683","1":"product","2":"type-product","3":"status-publish","4":"has-post-thumbnail","6":"product_cat-by-industry","7":"product_cat-custom-cosmetics-boxes","8":"product_cat-paper-box-style","9":"product_cat-shipping-mailer-boxes","10":"product_tag-custom-eyelashes-boxes","11":"product_tag-eyelashes-packaging-mailer-boxes","12":"product_tag-fake-false-mailer-boxes","14":"first","15":"instock","16":"shipping-taxable","17":"product-type-grouped"},"_links":{"self":[{"href":"https:\/\/zojopackaging.com\/de\/wp-json\/wp\/v2\/product\/9683","targetHints":{"allow":["GET"]}}],"collection":[{"href":"https:\/\/zojopackaging.com\/de\/wp-json\/wp\/v2\/product"}],"about":[{"href":"https:\/\/zojopackaging.com\/de\/wp-json\/wp\/v2\/types\/product"}],"version-history":[{"count":1,"href":"https:\/\/zojopackaging.com\/de\/wp-json\/wp\/v2\/product\/9683\/revisions"}],"predecessor-version":[{"id":9685,"href":"https:\/\/zojopackaging.com\/de\/wp-json\/wp\/v2\/product\/9683\/revisions\/9685"}],"wp:featuredmedia":[{"embeddable":true,"href":"https:\/\/zojopackaging.com\/de\/wp-json\/wp\/v2\/media\/9408"}],"wp:attachment":[{"href":"https:\/\/zojopackaging.com\/de\/wp-json\/wp\/v2\/media?parent=9683"}],"wp:term":[{"taxonomy":"product_brand","embeddable":true,"href":"https:\/\/zojopackaging.com\/de\/wp-json\/wp\/v2\/product_brand?post=9683"},{"taxonomy":"product_cat","embeddable":true,"href":"https:\/\/zojopackaging.com\/de\/wp-json\/wp\/v2\/product_cat?post=9683"},{"taxonomy":"product_tag","embeddable":true,"href":"https:\/\/zojopackaging.com\/de\/wp-json\/wp\/v2\/product_tag?post=9683"}],"curies":[{"name":"wp","href":"https:\/\/api.w.org\/{rel}","templated":true}]}}