{"id":9686,"date":"2025-04-03T12:47:34","date_gmt":"2025-04-03T04:47:34","guid":{"rendered":"https:\/\/zojopackaging.com\/?post_type=product&#038;p=9686"},"modified":"2025-04-03T14:37:27","modified_gmt":"2025-04-03T06:37:27","slug":"high-quality-custom-candle-gift-packaging-boxes-wholesale","status":"publish","type":"product","link":"https:\/\/zojopackaging.com\/de\/product\/high-quality-custom-candle-gift-packaging-boxes-wholesale\/","title":{"rendered":"Hohe Qualit\u00e4t benutzerdefinierte Kerze Geschenkverpackungen Boxen Gro\u00dfhandel"},"content":{"rendered":"<h2 id=\"1-ergonomic-one-handed-opening-and-closing-design-\">1.\u00a0<strong>Ergonomisches \u00d6ffnen und Schlie\u00dfen mit einer Hand<\/strong><\/h2>\n<p>Die Struktur des Magnetverschlussdeckels wurde \u00fcbernommen, und der Deckel und der Korpus der Schachtel sind mit einer Pr\u00e4zisionsform versehen, um eine einfache Einhandbedienung zu erm\u00f6glichen. Der eingebaute Magnetsauger wurde auf 2.000-maliges \u00d6ffnen und Schlie\u00dfen getestet, um ein reibungsloses \u00d6ffnen und Schlie\u00dfen ohne Verklemmen in schnelllebigen Szenen (wie z.B. in Einkaufszentren und bei Weihnachtsgeschenken) zu gew\u00e4hrleisten und gleichzeitig ein elegantes Gef\u00fchl von Ritual zu bewahren. Die Form der Schatulle entspricht dem Scharnierprinzip von Luxus-Schmuckschatullen, und die Lebensdauer beim \u00d6ffnen und Schlie\u00dfen betr\u00e4gt mehr als 5 Jahre.<\/p>\n<h2 id=\"2-healing-pink-emotional-management-solution-\">2.\u00a0<strong>Healing pink emotional management solution<\/strong><\/h2>\n<p>Die Hauptfarbe ist rosa, was eine erhebliche angstl\u00f6sende Wirkung hat. Die Oberfl\u00e4che ist mit einem matten Touch-Film \u00fcberzogen, der die zarte Beschaffenheit der Haut simuliert und bei Ber\u00fchrung mit den Fingerspitzen die Dopaminaussch\u00fcttung ausl\u00f6sen kann. Die Seite der Box ist mit mikrogepr\u00e4gten, verhei\u00dfungsvollen Wolkenmustern versehen, die durch Licht- und Schattenwechsel einen positiven visuellen Rhythmus erzeugen.<\/p>\n<h2 id=\"3-military-grade-composite-material-structure-\">3.\u00a0<strong>Struktur aus Verbundwerkstoff in Milit\u00e4rqualit\u00e4t<\/strong><\/h2>\n<ul>\n<li><strong>\u00c4u\u00dfere Schicht<\/strong>: 157g C2S gestrichenes Kunstdruckpapier, zertifiziert nach ISO 536, Kratzfestigkeitsindex bis 4H;<\/li>\n<li><strong>Innenfutter<\/strong>: 1200g Hartpappe, aus 1,5 Metern H\u00f6he fallen gelassen, ohne Schaden zu nehmen, nach dem Ballschlagtest;<\/li>\n<li><strong>Puffersystem<\/strong>: 3-6 elastische TPE-Schlitze k\u00f6nnen f\u00fcr s\u00e4ulenf\u00f6rmige\/besonders geformte Kerzen mit einem Durchmesser von 3-15cm angepasst werden<\/li>\n<\/ul>\n<h2 id=\"4-modular-lining-solution-\">4.\u00a0<strong>Modulare Auskleidungsl\u00f6sung<\/strong><\/h2>\n<p>Es stehen drei Funktionseinheiten zur Verf\u00fcgung:<\/p>\n<ul>\n<li><strong>Umsturzsicheres Gitter<\/strong>: Wabenstruktur EPE-Auskleidung, 360\u00b0 fester Kerzenk\u00f6rper;<\/li>\n<li><strong>Duftsperrschicht<\/strong>: Die eingearbeitete Aktivkohlefaserschicht verhindert, dass der Duft entweicht;<\/li>\n<li><strong>Fach f\u00fcr Notfallwerkzeug<\/strong>: Versteckte Schublade zur Aufbewahrung von Kerzenl\u00f6scherhaken\/-matches, um das Auspackerlebnis zu verbessern.<\/li>\n<\/ul>\n<h2 id=\"5-full-link-customized-printing-service-\">5.\u00a0<strong>Individueller Druckservice mit voller Verlinkung<\/strong><\/h2>\n<ul>\n<li><strong>Prozess-Matrix<\/strong>:<\/li>\n<li>Hei\u00dfpr\u00e4gung: 0,1 mm Pr\u00e4zisionsspiegel-\/Mattgoldfolie, optional 12 Sonderfarben wie Verbotene Stadt, Zinnobergold, Tiffanyblau;<\/li>\n<li>Pr\u00e4gung: \u00dcber 300 urheberrechtlich gesch\u00fctzte Texturbibliotheken (einschlie\u00dflich k\u00fcnstlerischer Muster wie Mucha-Ranken\/Fibonacci-Spiralen);<\/li>\n<li>UV-Pr\u00e4gung: 3D dreidimensionale Relief-Technologie, lokale H\u00f6hendifferenz von 0,5 mm, taktile Erkennung erh\u00f6ht um 80%.<\/li>\n<\/ul>\n<h2 id=\"6-carbon-neutral-packaging-system-\">6.\u00a0<strong>Kohlenstoffneutrales Verpackungssystem<\/strong><\/h2>\n<ul>\n<li>Materialien: FSC-zertifiziertes Papier + Sojatinte auf Wasserbasis, Reduzierung des CO2-Fu\u00dfabdrucks um 62%;<\/li>\n<li>Aufbau: leimfreie Schlitz- und Zapfenverbindung, aufklappbar und ohne Falten zu benutzen, Recyclingquote bei der Demontage 100%;<\/li>\n<li>Logistik: Der KI-Algorithmus optimiert den Verpackungsplan, die Raumausnutzung wird um 35% erh\u00f6ht und die CO2-Emissionen des Transports um 28% reduziert.<\/li>\n<\/ul>\n<h2 id=\"7-smart-manufacturing-4-0-production-standard-\">7.\u00a0<strong>Smart Manufacturing 4.0 Produktionsstandard<\/strong><\/h2>\n<p>Ausr\u00fcstung:<\/p>\n<ul>\n<li>Heidelberg CX104-8+L Achtfarben-UV-Drucker (\u00b10,15 mm \u00dcberdruckgenauigkeit);<\/li>\n<li>Automatisches Qualit\u00e4tskontrollsystem mit Kuka-Roboterarm (120 Box-Defekt-Scans pro Minute);<\/li>\n<li>MES-Plattform f\u00fcr die R\u00fcckverfolgbarkeit der Produktion hat jeder Verpackungskarton eine eindeutige Blockchain-ID, und Qualit\u00e4tsprobleme k\u00f6nnen 24 Stunden am Tag verfolgt werden.<\/li>\n<\/ul>\n<h2 id=\"-business-philosophy-practice-\"><strong>Gesch\u00e4ftsphilosophie Praxis<\/strong><\/h2>\n<p>Wir nehmen \"sensorische Technik + nachhaltiges Design\" als den doppelten Kern, durch:<\/p>\n<ul>\n<li><strong>Denkende F\u00fchrung<\/strong>: Die gemeinsam mit der Mail\u00e4nder Designwoche entwickelte entwicklungsf\u00e4hige Verpackung kann in einen Kerzenst\u00e4nder\/Schmuckst\u00e4nder umgewandelt werden;<\/li>\n<li><strong>Technologie Akkumulation<\/strong>27 Verpackungspatente, darunter antibakterielle Garnb\u00e4nder, interaktives AR-Tr\u00e4gerpapier und andere innovative Anwendungen;<\/li>\n<li><strong>Service-Garantie<\/strong>72-Stunden-Proofing-Zyklus + Kapazit\u00e4tsreserven in Millionenh\u00f6he, die eine flexible Produktion mit einer Mindestbestellmenge von 1 St\u00fcck erm\u00f6glichen.<\/li>\n<\/ul>","protected":false},"excerpt":{"rendered":"<p>\u2728 Hochwertiges Kontrastdesign - Zartes Rosa au\u00dfen und kr\u00e4ftiges Schwarz innen verst\u00e4rken die optische Wirkung.<br \/>\n\ud83d\udee1\ufe0f Transitgerechter Schutz - Die robuste Konstruktion sch\u00fctzt die Kerzen vor Feuchtigkeit und St\u00f6\u00dfen.<br \/>\n\ud83c\udfa8 Flexibilit\u00e4t bei der Markenbildung - Anpassung von Logos, Farben und Gr\u00f6\u00dfen ohne Mindestmengenvorgaben.<br \/>\n\ud83d\udce6 Masseneffizienz - Das Flatpack-Design senkt die Lager-\/Versandkosten f\u00fcr Gro\u00dfh\u00e4ndler.<\/p>","protected":false},"featured_media":9688,"template":"","meta":[],"product_brand":[],"product_cat":[30,416,425,31],"product_tag":[898,468,1246],"class_list":{"0":"post-9686","1":"product","2":"type-product","3":"status-publish","4":"has-post-thumbnail","6":"product_cat-by-industry","7":"product_cat-custom-candle-boxes","8":"product_cat-lid-and-base-gift-box","9":"product_cat-paper-box-style","10":"product_tag-candle-packaging-boxes","11":"product_tag-custom-candle-packaging","12":"product_tag-high-quality-candle-gift-boxes","14":"first","15":"instock","16":"shipping-taxable","17":"product-type-grouped"},"_links":{"self":[{"href":"https:\/\/zojopackaging.com\/de\/wp-json\/wp\/v2\/product\/9686","targetHints":{"allow":["GET"]}}],"collection":[{"href":"https:\/\/zojopackaging.com\/de\/wp-json\/wp\/v2\/product"}],"about":[{"href":"https:\/\/zojopackaging.com\/de\/wp-json\/wp\/v2\/types\/product"}],"version-history":[{"count":1,"href":"https:\/\/zojopackaging.com\/de\/wp-json\/wp\/v2\/product\/9686\/revisions"}],"predecessor-version":[{"id":9694,"href":"https:\/\/zojopackaging.com\/de\/wp-json\/wp\/v2\/product\/9686\/revisions\/9694"}],"wp:featuredmedia":[{"embeddable":true,"href":"https:\/\/zojopackaging.com\/de\/wp-json\/wp\/v2\/media\/9688"}],"wp:attachment":[{"href":"https:\/\/zojopackaging.com\/de\/wp-json\/wp\/v2\/media?parent=9686"}],"wp:term":[{"taxonomy":"product_brand","embeddable":true,"href":"https:\/\/zojopackaging.com\/de\/wp-json\/wp\/v2\/product_brand?post=9686"},{"taxonomy":"product_cat","embeddable":true,"href":"https:\/\/zojopackaging.com\/de\/wp-json\/wp\/v2\/product_cat?post=9686"},{"taxonomy":"product_tag","embeddable":true,"href":"https:\/\/zojopackaging.com\/de\/wp-json\/wp\/v2\/product_tag?post=9686"}],"curies":[{"name":"wp","href":"https:\/\/api.w.org\/{rel}","templated":true}]}}