{"id":9695,"date":"2025-04-03T14:37:50","date_gmt":"2025-04-03T06:37:50","guid":{"rendered":"https:\/\/zojopackaging.com\/?post_type=product&#038;p=9695"},"modified":"2025-04-03T15:04:56","modified_gmt":"2025-04-03T07:04:56","slug":"luxury-custom-printing-round-perfume-paper-tubes-wholesale","status":"publish","type":"product","link":"https:\/\/zojopackaging.com\/de\/product\/luxury-custom-printing-round-perfume-paper-tubes-wholesale\/","title":{"rendered":"Luxus benutzerdefinierte Druck Runde Parf\u00fcm Papier Rohre Gro\u00dfhandel"},"content":{"rendered":"<h2 id=\"product-description-of-luxury-custom-printed-round-perfume-paper-tube\">Luxus benutzerdefinierte gedruckt Runde Parf\u00fcm Papierrohr<\/h2>\n<h3 id=\"-1-anti-compression-protection-and-transportation-safety-\"><strong>1. Anti-Kompressionsschutz und Transportsicherheit<\/strong><\/h3>\n<p>Unsere runden Parf\u00fcmpapierh\u00fclsen werden mit industriellen Klebstoffen zu einer dichten Struktur verklebt. Das zylindrische Design kann externe Kr\u00e4fte gleichm\u00e4\u00dfig verteilen, um Verformungen oder Sch\u00e4den durch lokale Kr\u00e4fte w\u00e4hrend des Transports zu vermeiden. Sie eignet sich besonders f\u00fcr den Langstreckentransport von zerbrechlichen oder hochwertigen Waren wie Aromatherapie, Kerzen und Parf\u00fcms. Durch die Optimierung der Wandst\u00e4rke (anpassbar von 0,5 bis 3 mm) und der inneren St\u00fctzkonstruktion wird die Druckfestigkeit um mehr als 30% erh\u00f6ht, was den internationalen Transportstandards entspricht.<\/p>\n<h3 id=\"-2-visual-appeal-and-brand-display-\"><strong>2. Visuelle Attraktivit\u00e4t und Markendarstellung<\/strong><\/h3>\n<p>Die zylindrische, dreidimensionale Form durchbricht die Monotonie traditioneller quadratischer Verpackungen und bildet einen 360\u00b0-Ausstellungseffekt im Regal, der sich besonders f\u00fcr Szenen eignet, die visuelle Wirkung erfordern, wie Luxusg\u00fcter und Weihnachtsgeschenke. Sie kann mit holografischen Hei\u00dfpr\u00e4gungen, UV-Gradienten und anderen Verfahren kombiniert werden, um einen dynamischen Glanz bei Licht und Schatten zu erzeugen und die Aufmerksamkeit der Verbraucher zu erregen. Die von uns f\u00fcr eine hochwertige Parf\u00fcmmarke entworfene Hei\u00dfpr\u00e4ge-Papierh\u00fclse mit Sternenhimmel-Motiv steigerte beispielsweise den Umsatz im Regal w\u00e4hrend der Auslagezeit um 25%.<\/p>\n<h3 id=\"-3-high-end-craftsmanship-details-\"><strong>3. Hochwertige handwerkliche Details<\/strong><\/h3>\n<ul>\n<li><strong>Hei\u00dfpr\u00e4geverfahren<\/strong>: Durch die Verwendung der hochtemperaturbest\u00e4ndigen Metallfolie der Serie Red Sun PT-30 kann der Text eine minimale Linienbreite von 0,2 mm aufweisen, der Metallglanz ist h\u00f6her als 95%, und die Haftung hat 100.000 Reibungstests bestanden.<\/li>\n<li><strong>Gepr\u00e4gt und UV-beschichtet<\/strong>: Unterst\u00fctzt dreidimensionale Reliefpr\u00e4gung (Tiefe 0,1-0,5 mm) und partielle UV-Beschichtung, mit unterschiedlichen Ber\u00fchrungsebenen. Zum Beispiel, das Marmormuster UV + Hei\u00dfpr\u00e4gung Kombination Prozess von einer bestimmten Marke angepasst, taktile R\u00fcckmeldung verbessert die Benutzererfahrung Speicherpunkt.<\/li>\n<li><strong>Druckgenauigkeit im Vollkreis<\/strong>: Durch den Einsatz einer Komori Sechsfarben-Offsetdruckmaschine liegt der \u00dcberdruckfehler bei \u22640,1 mm, was eine nahtlose Verbindung der Muster gew\u00e4hrleistet.<\/li>\n<\/ul>\n<h3 id=\"-4-full-link-customization-service-\"><strong>4. Vollst\u00e4ndiger Link-Anpassungsdienst<\/strong><\/h3>\n<p>Von der Strukturplanung bis zur Prozessimplementierung bieten wir eine L\u00f6sung aus einer Hand:<\/p>\n<ul>\n<li><strong>Auswahl des Materials<\/strong>Basic Style (Kraftpapier\/wei\u00dfer Karton), Environmental Friendly Style (FSC-zertifizierter Zellstoff + Tinte auf Wasserbasis), Light Luxury Style (Beflockung\/Metallverbundmaterial)<\/li>\n<li><strong>Funktionserweiterung<\/strong>: eingebautes sto\u00dffestes EVA-Futter, austauschbare Kernstruktur, magnetische \u00d6ffnungs- und Schlie\u00dfvorrichtung<\/li>\n<li><strong>Intelligente R\u00fcckverfolgbarkeit<\/strong>: optionale NFC-Chip-Implantation, Scannen des Codes zur Anzeige der Produktgeschichte und \u00dcberpr\u00fcfung der Echtheit<\/li>\n<\/ul>\n<h3 id=\"-5-professional-team-and-process-guarantee-\"><strong>5. Professionelles Team und Prozessgarantie<\/strong><\/h3>\n<p>Unser Designteam kennt sich mit den Trends der 3.0-\u00c4ra bei Sch\u00f6nheitsverpackungen bestens aus und versteht es, kulturelle Symbole (wie nationale Trendmuster und minimalistische Geometrie) mit Funktionalit\u00e4t zu verbinden. Wir haben f\u00fcr f\u00fchrende Marken wie L'Oreal und Proya gearbeitet, und zu den F\u00e4llen geh\u00f6ren:<\/p>\n<ul>\n<li>Wiederverwendbare Geschenkboxen (Recyclingpapier + Lederaccessoires, 3-fach verl\u00e4ngerter Lebenszyklus)<\/li>\n<li>Biologisch abbaubare Papierh\u00fclsen (Teefaserverbundstoffe, die sich innerhalb von 6 Monaten nat\u00fcrlich zersetzen)<\/li>\n<li>Multisensorische, emotionale Verpackung (taktile, matte Textur + Duftmikrokapseln)<\/li>\n<\/ul>\n<h3 id=\"-6-production-capacity-and-quality-control-capabilities-\"><strong>6. Produktionskapazit\u00e4t und M\u00f6glichkeiten der Qualit\u00e4tskontrolle<\/strong><\/h3>\n<p>Das Werk verf\u00fcgt \u00fcber eine 5.320\u33a1 gro\u00dfe, standardisierte Werkstatt, ausgestattet mit:<\/p>\n<ul>\n<li><strong>Produktionsmittel<\/strong>Vollautomatische Produktionslinie f\u00fcr siebenlagige Wellpappe, F\u00fcnf-Farben-Offsetdruckmaschine von Roland, intelligente Hei\u00dfpr\u00e4geeinheit<\/li>\n<li><strong>System der Qualit\u00e4tskontrolle<\/strong>Online-\u00dcberwachungssystem zur \u00dcberwachung des Feuchtigkeitsgehalts in Echtzeit (kontrolliert unter 8%), Druckpr\u00fcfmaschine f\u00fcr regelm\u00e4\u00dfige Probenahmen (gem\u00e4\u00df der Norm GB\/T 2284-2015)<\/li>\n<li><strong>Lieferf\u00e4higkeit<\/strong>: 500 St\u00fcck Mindestbestellmenge, 7-14 Tage Lieferzeit, Unterst\u00fctzung der globalen Logistik<\/li>\n<\/ul>","protected":false},"excerpt":{"rendered":"<p>Erster Eindruck von Luxus: Das schlichte wei\u00df-goldene Design zieht die Kunden in seinen Bann.<br \/>\nMarkenflexibilit\u00e4t: Gr\u00f6\u00dfen, Logos und Folienmuster lassen sich m\u00fchelos anpassen.<br \/>\nLanglebigkeit trifft auf Stil: Die robuste Pappe bietet Schutz, ohne die \u00c4sthetik zu beeintr\u00e4chtigen.<br \/>\nBulk-Ready: Optimiert f\u00fcr den kosteng\u00fcnstigen Gro\u00dfhandel oder exklusive Kleinchargen.<\/p>","protected":false},"featured_media":9699,"template":"","meta":[],"product_brand":[],"product_cat":[30,417,31,429],"product_tag":[498,521,1247],"class_list":{"0":"post-9695","1":"product","2":"type-product","3":"status-publish","4":"has-post-thumbnail","6":"product_cat-by-industry","7":"product_cat-custom-perfume-boxes-by-industry","8":"product_cat-paper-box-style","9":"product_cat-paper-tube-boxes","10":"product_tag-custom-perfume-packaging","11":"product_tag-perfume-paper-tubes","12":"product_tag-perfume-paper-tubes-wholesale","14":"first","15":"instock","16":"shipping-taxable","17":"product-type-grouped"},"_links":{"self":[{"href":"https:\/\/zojopackaging.com\/de\/wp-json\/wp\/v2\/product\/9695","targetHints":{"allow":["GET"]}}],"collection":[{"href":"https:\/\/zojopackaging.com\/de\/wp-json\/wp\/v2\/product"}],"about":[{"href":"https:\/\/zojopackaging.com\/de\/wp-json\/wp\/v2\/types\/product"}],"version-history":[{"count":1,"href":"https:\/\/zojopackaging.com\/de\/wp-json\/wp\/v2\/product\/9695\/revisions"}],"predecessor-version":[{"id":9702,"href":"https:\/\/zojopackaging.com\/de\/wp-json\/wp\/v2\/product\/9695\/revisions\/9702"}],"wp:featuredmedia":[{"embeddable":true,"href":"https:\/\/zojopackaging.com\/de\/wp-json\/wp\/v2\/media\/9699"}],"wp:attachment":[{"href":"https:\/\/zojopackaging.com\/de\/wp-json\/wp\/v2\/media?parent=9695"}],"wp:term":[{"taxonomy":"product_brand","embeddable":true,"href":"https:\/\/zojopackaging.com\/de\/wp-json\/wp\/v2\/product_brand?post=9695"},{"taxonomy":"product_cat","embeddable":true,"href":"https:\/\/zojopackaging.com\/de\/wp-json\/wp\/v2\/product_cat?post=9695"},{"taxonomy":"product_tag","embeddable":true,"href":"https:\/\/zojopackaging.com\/de\/wp-json\/wp\/v2\/product_tag?post=9695"}],"curies":[{"name":"wp","href":"https:\/\/api.w.org\/{rel}","templated":true}]}}