{"id":9703,"date":"2025-04-03T15:05:10","date_gmt":"2025-04-03T07:05:10","guid":{"rendered":"https:\/\/zojopackaging.com\/?post_type=product&#038;p=9703"},"modified":"2025-04-03T16:07:57","modified_gmt":"2025-04-03T08:07:57","slug":"biodegradable-tea-coffee-paper-packaging-tube-box-wholesale","status":"publish","type":"product","link":"https:\/\/zojopackaging.com\/de\/product\/biodegradable-tea-coffee-paper-packaging-tube-box-wholesale\/","title":{"rendered":"Biologisch abbaubarer Tee Kaffee Papier Verpackung Tube Box Gro\u00dfhandel"},"content":{"rendered":"<h2 id=\"-i-innovative-structural-design-upper-and-lower-cover-separated-pressure-resistant-system-\"><strong>1. Innovative Bauweise: Obere und untere Abdeckung getrennt druckfestes System<\/strong><\/h2>\n<p>annehmen.\u00a0<strong>Obere und untere Abdeckung getrennt, zylindrische Kastenstruktur<\/strong>durch mechanische Optimierung Design, gleichm\u00e4\u00dfig zu zerstreuen die externe Kraft Auswirkungen w\u00e4hrend des Transports, und reduzieren das Risiko von Kollisionen Sch\u00e4den.<\/p>\n<ul>\n<li><strong>Wissenschaftlicher Schutz<\/strong>: Der Deckel und der Boden des Beh\u00e4lters sind mit einem Schnappverschluss versehen, der f\u00fcr die Pufferung zerbrechlicher Produkte wie Tee- und Kaffeepulver geeignet ist, und die gemessene Druckfestigkeit wird um mehr als 40% erh\u00f6ht.<\/li>\n<li><strong>Anpassung an den Weltraum<\/strong>: Die Gr\u00f6\u00dfe des Innendurchmessers kann je nach Produkth\u00f6he (z. B. L\u00e4nge des Teebeutels, Durchmesser der Kaffeekapsel) genau eingestellt werden, wodurch\u00a0<strong>keine redundante Raumauff\u00fcllung<\/strong>und die Transportkapazit\u00e4t einer einzelnen Box wird um 25% erh\u00f6ht.<\/li>\n<\/ul>\n<h2 id=\"-ii-brand-visual-empowerment-purple-aesthetics-and-international-positioning-\"><strong>2. Visuelle Bef\u00e4higung der Marke: violette \u00c4sthetik und internationale Positionierung<\/strong><\/h2>\n<p>Haupts\u00e4chlich f\u00f6rdern\u00a0<strong>Morandi violett Kasten K\u00f6rper<\/strong>, die Farbpsychologie und Markenstrategie miteinander verbindet:<\/p>\n<ul>\n<li><strong>Emotionaler Wert<\/strong>: Marktforschungsergebnissen zufolge kann lila mit geringem S\u00e4ttigungsgrad die Entscheidungsangst der Verbraucher verringern und die hochwertige Wahrnehmung von Produkten verbessern.<\/li>\n<li><strong>Internationales Gen<\/strong>: Unterst\u00fctzung\u00a0<strong>Pantone-Sonderfarbendruck<\/strong>\u00a0(z. B. PANTONE 19-3530 TCX lavender purple), passen sich den \u00e4sthetischen Trends der europ\u00e4ischen, amerikanischen und asiatischen M\u00e4rkte an und tragen zum Aufbau des globalen Images der Marke bei.<\/li>\n<\/ul>\n<h2 id=\"-three-full-dimensional-customization-service-flexible-adaptation-from-materials-to-processes-\"><strong>3. Volldimensionaler Anpassungsservice: flexible Anpassung von Materialien und Prozessen<\/strong><\/h2>\n<p>Als Ausgangswerk in China bietet es\u00a0<strong>sechs zentrale Anpassungsmodule<\/strong>:<\/p>\n<ol>\n<li><strong>Anpassung des Boxentyps<\/strong>: Unterst\u00fctzt runde\/elliptische\/polygonale Sonderformzylinder, die sich an unterschiedliche Produktformen wie Teedosen und Tropfkaffee anpassen lassen.<\/li>\n<li><strong>Material-Upgrade<\/strong>: Optionale umweltfreundliche Materialien.<\/li>\n<li><strong>Oberfl\u00e4chenverfahren<\/strong>: Bieten Sie 12 Verarbeitungsl\u00f6sungen wie Reliefpr\u00e4gung, mattes UV und Metallhei\u00dfpr\u00e4gung an, um eine doppelte Differenzierung von Ber\u00fchrung und Sicht zu erreichen.<\/li>\n<li><strong>Funktionserweiterung<\/strong>: Eingebaute, abbaubare Aluminiumfolie zum Schutz vor Feuchtigkeit, magnetisch zu \u00f6ffnender und zu schlie\u00dfender Deckel und andere wertsteigernde Konfigurationen.<\/li>\n<li><strong>Markenidentifikationssystem<\/strong>: Unterst\u00fctzt integrierte Identifikationsl\u00f6sungen wie QR-Code-R\u00fcckverfolgbarkeitsetiketten, gepr\u00e4gte LOGO und abnehmbare Markenanh\u00e4nger.<\/li>\n<li><strong>Intelligente Anpassung der Lagerhaltung<\/strong>: Anpassung von Faltschachteln oder vorgef\u00fcllten Strukturen an die Anforderungen des E-Commerce-\/Supermarktkanals zur Senkung der Logistikkosten bis 20%.<\/li>\n<\/ol>\n<h2 id=\"-iv-environmental-commitment-and-quality-assurance-\"><strong>4. Umweltengagement und Qualit\u00e4tssicherung<\/strong><\/h2>\n<ul>\n<li><strong>Zertifizierung der Degradation<\/strong>: Das Material hat den Kompostabbau-Test nach EN13432 und die FDA-Zertifizierung f\u00fcr die Sicherheit im Kontakt mit Lebensmitteln bestanden, mit einer Abbaugeschwindigkeit von \u226590% (innerhalb von 180 Tagen).<\/li>\n<li><strong>R\u00fcckverfolgbarkeit der Produktion<\/strong>: Durch die Verwendung von Rohstoffen aus landwirtschaftlichen Abf\u00e4llen wie Bambuszellstoff\/-stroh ist der CO2-Fu\u00dfabdruck um 67% geringer als bei herk\u00f6mmlichen Kunststoffverpackungen.<\/li>\n<li><strong>System der Qualit\u00e4tskontrolle<\/strong>: Ausgestattet mit einer vollautomatischen Infrarot-Erkennungslinie wird die Fehlerrate auf unter 0,3% kontrolliert, was weit \u00fcber dem Industriestandard liegt.<\/li>\n<\/ul>\n<h2 id=\"-v-efficient-service-system-rapid-response-from-samples-to-mass-production-\"><strong>5. Effizientes Dienstleistungssystem: Schnelle Reaktion vom Muster bis zur Massenproduktion<\/strong><\/h2>\n<ul>\n<li><strong>3-Tage-Schnellg\u00e4rung<\/strong>: Kostenlose 1:1-Muster (einschlie\u00dflich 3 Materialoptionen), Unterst\u00fctzung der DHL-Lieferung innerhalb von 48 Stunden.<\/li>\n<li><strong>Intelligentes Bestellsystem<\/strong>: Online-KI-Design-Tools zeigen 3D-Renderings in Echtzeit an und visualisieren den Auftragsfortschritt (einschlie\u00dflich Produktionsplanung und Logistikknoten).<\/li>\n<li><strong>24\/7 mehrsprachige Unterst\u00fctzung<\/strong>: Chinesische, englische, franz\u00f6sische und spanische Kundendienstteams bieten Vorschl\u00e4ge zur Optimierung der Verpackungsstruktur und Beratung bei der grenz\u00fcberschreitenden Zollabfertigung.<\/li>\n<\/ul>\n<h2 id=\"-vi-industry-solution-cases-\"><strong>6. L\u00f6sungsbeispiele f\u00fcr die Industrie<\/strong><\/h2>\n<ul>\n<li><strong>Spezialit\u00e4tenkaffee Marke<\/strong>: Ma\u00dfgeschneiderte Bambusfaser-Zylinderbox mit 8 cm Durchmesser f\u00fcr \u00e4thiopischen Single-Origin-Kaffee, mit UV-Druck von handgemalten Illustrationen des Kaffee-Ursprungs, und erh\u00f6hter Endverkaufspreis um 30%.<\/li>\n<li><strong>Teekettenunternehmen<\/strong>: Entwicklung einer stapelbaren, abbaubaren Au\u00dfenverpackung f\u00fcr Teebeutel aus PLA, die den Lagerraum um 50% verkleinert, und Gewinn des Asia Pacific Green Packaging Innovation Award 2024.<\/li>\n<\/ul>","protected":false},"excerpt":{"rendered":"<ul>\n<li>\u200b<strong>Schlankes Branding<\/strong>: Erh\u00f6hen Sie die Pr\u00e4senz im Regal mit minimalistischen, anpassbaren Designs.<\/li>\n<li>\u200b<strong>Premium-Schutz<\/strong>: Das lebensmittelechte Material gew\u00e4hrleistet die Frische und Sicherheit des Produkts.<\/li>\n<li>\u200b<strong>Kosteng\u00fcnstig<\/strong>: Niedriges MOQ und Mengenrabatte f\u00fcr Start-ups und Unternehmen.<\/li>\n<li>\u200b<strong>Trendige Farben<\/strong>: Zartes Rosa und Lavendel sprechen ein gesundheitsbewusstes Publikum an.<\/li>\n<li>\u200b<strong>Vielseitiger Einsatz<\/strong>: Ideal f\u00fcr Tees, Kaffee und handwerklich hergestellte Trockenprodukte.<\/li>\n<\/ul>","protected":false},"featured_media":9709,"template":"","meta":[],"product_brand":[],"product_cat":[30,422,31,429],"product_tag":[1249,1250,1248],"class_list":{"0":"post-9703","1":"product","2":"type-product","3":"status-publish","4":"has-post-thumbnail","6":"product_cat-by-industry","7":"product_cat-custom-gourmet-boxes-by-industry","8":"product_cat-paper-box-style","9":"product_cat-paper-tube-boxes","10":"product_tag-coffee-packaging-box","11":"product_tag-custom-tea-coffee-box-wholesale","12":"product_tag-tea-paper-tube-packaging","14":"first","15":"instock","16":"shipping-taxable","17":"product-type-grouped"},"_links":{"self":[{"href":"https:\/\/zojopackaging.com\/de\/wp-json\/wp\/v2\/product\/9703","targetHints":{"allow":["GET"]}}],"collection":[{"href":"https:\/\/zojopackaging.com\/de\/wp-json\/wp\/v2\/product"}],"about":[{"href":"https:\/\/zojopackaging.com\/de\/wp-json\/wp\/v2\/types\/product"}],"version-history":[{"count":1,"href":"https:\/\/zojopackaging.com\/de\/wp-json\/wp\/v2\/product\/9703\/revisions"}],"predecessor-version":[{"id":9710,"href":"https:\/\/zojopackaging.com\/de\/wp-json\/wp\/v2\/product\/9703\/revisions\/9710"}],"wp:featuredmedia":[{"embeddable":true,"href":"https:\/\/zojopackaging.com\/de\/wp-json\/wp\/v2\/media\/9709"}],"wp:attachment":[{"href":"https:\/\/zojopackaging.com\/de\/wp-json\/wp\/v2\/media?parent=9703"}],"wp:term":[{"taxonomy":"product_brand","embeddable":true,"href":"https:\/\/zojopackaging.com\/de\/wp-json\/wp\/v2\/product_brand?post=9703"},{"taxonomy":"product_cat","embeddable":true,"href":"https:\/\/zojopackaging.com\/de\/wp-json\/wp\/v2\/product_cat?post=9703"},{"taxonomy":"product_tag","embeddable":true,"href":"https:\/\/zojopackaging.com\/de\/wp-json\/wp\/v2\/product_tag?post=9703"}],"curies":[{"name":"wp","href":"https:\/\/api.w.org\/{rel}","templated":true}]}}