{"id":9711,"date":"2025-04-03T15:30:00","date_gmt":"2025-04-03T07:30:00","guid":{"rendered":"https:\/\/zojopackaging.com\/?post_type=product&#038;p=9711"},"modified":"2025-04-03T16:24:30","modified_gmt":"2025-04-03T08:24:30","slug":"custom-cbd-hemp-oil-paper-tube-cylinder-packaging-wholesale","status":"publish","type":"product","link":"https:\/\/zojopackaging.com\/de\/product\/custom-cbd-hemp-oil-paper-tube-cylinder-packaging-wholesale\/","title":{"rendered":"Benutzerdefinierte CBD Hanf\u00f6l Papierrohr Zylinder Verpackung Gro\u00dfhandel"},"content":{"rendered":"<h2 id=\"-1-scientific-structural-design-all-round-product-protection-\"><strong>1. Wissenschaftlicher Aufbau, umfassender Produktschutz<\/strong><\/h2>\n<p>Durch die integrierte Struktur von oberem und unterem Deckel verteilt das mechanisch optimierte Design den Au\u00dfendruck gleichm\u00e4\u00dfig, wodurch Verformungen der Verpackung oder Besch\u00e4digungen des Inhalts durch Extrusion und Kollisionen w\u00e4hrend des Transports oder der Lagerung wirksam vermieden werden. Diese Struktur eignet sich besonders f\u00fcr \u00e4therisches Cannabis\u00f6l, \u00e4therisches CBD-\u00d6l und \u00e4therisches THC-\u00d6l in zerbrechlichen Glasflaschen und gew\u00e4hrleistet, dass fl\u00fcssige Produkte auch unter extremen Bedingungen versiegelt und intakt bleiben.<\/p>\n<h2 id=\"-2-environmentally-friendly-materials-and-excellent-toughness-\"><strong>2. Umweltfreundliche Materialien und ausgezeichnete Z\u00e4higkeit<\/strong><\/h2>\n<p>Die Verpackung besteht aus hochfestem Kraftpapier, wobei die Faserz\u00e4higkeit durch eine spezielle Verarbeitung verbessert und die Rei\u00dffestigkeit um mehr als 30% erh\u00f6ht wurde. Das Material erf\u00fcllt internationale Umweltstandards, ist recycelbar und abbaubar, ber\u00fccksichtigt gr\u00fcne Konzepte und praktische Bed\u00fcrfnisse und passt sich den strengen Anforderungen des globalen Marktes f\u00fcr nachhaltige Verpackungen an.<\/p>\n<h2 id=\"-3-luxurious-hot-stamping-process-details-highlight-quality-\"><strong>3. Luxuri\u00f6se Gold Hei\u00dfpr\u00e4gung Folie Prozess, Details Highlight Qualit\u00e4t<\/strong><\/h2>\n<p>Die hochpr\u00e4zise Gold-Hei\u00dfpr\u00e4gefolien-Drucktechnologie unterst\u00fctzt den feinen Text- und Musterdruck mit einer St\u00e4rke von 0,2 mm und stellt wichtige Informationen wie das Markenlogo und die Beschreibung der Inhaltsstoffe klar dar. Der metallische Glanz kontrastiert mit dem matten Kraftpapier und verleiht der Verpackung ein zur\u00fcckhaltendes und luxuri\u00f6ses visuelles Erlebnis, das zur Marktpositionierung von hochwertigen CBD-Produkten passt.<\/p>\n<h2 id=\"-4-multi-category-adaptation-and-brand-empowerment-\"><strong>4. Anpassung an mehrere Kategorien und Bef\u00e4higung der Marke<\/strong><\/h2>\n<p>Speziell f\u00fcr \u00e4therisches Cannabis\u00f6l, CBD\/THC-\u00c4therisches \u00d6l entwickelt, kann die Auskleidung mit sto\u00dffester EVA- oder lebensmittelechter PE-Folie angepasst werden und eignet sich f\u00fcr eine Vielzahl von Flaschentypen von 5 ml bis 50 ml. Das Erscheinungsbild der Verpackung kann durch Verfahren wie Pr\u00e4gung und UV-Lackierung verbessert werden, kombiniert mit Markenfarbe und VI-System, um den Produktmehrwert zu erh\u00f6hen.<\/p>\n<h2 id=\"-5-one-stop-customization-service-and-cost-advantage-\"><strong>5. Anpassungsservice und Kostenvorteil aus einer Hand<\/strong><\/h2>\n<ul>\n<li><strong>Flexible Anpassung<\/strong>: Individuelle Anpassung der Zylindergr\u00f6\u00dfe (Durchmesser 20-100 mm, H\u00f6he 50-300 mm), der Boxstruktur (z. B. Magnetdeckel, Schnappdeckel) und des Verfahrens (Hei\u00dfpr\u00e4gung\/Silber, Pr\u00e4gung), um den Anforderungen der Markendifferenzierung gerecht zu werden.<\/li>\n<li><strong>Quelle: Vorteil<\/strong>: Direkt von chinesischen Fabriken hergestellt, keine Preisunterschiede zwischen Zwischenh\u00e4ndlern, branchenf\u00fchrende Gro\u00dfhandelspreise; kostenlose Design-Services umfassen 3D-Renderings, Konstruktionszeichnungen und Materialpr\u00fcfungen, um eine genaue Designumsetzung zu gew\u00e4hrleisten.<\/li>\n<li><strong>Schnelle Antwort<\/strong>: Kostenlose Lieferung von Mustern, Korrekturen innerhalb von 3 bis 5 Arbeitstagen, Unterst\u00fctzung von Dienstleistungen f\u00fcr den gesamten Zyklus, von der Probeproduktion in kleinen Mengen bis zur Massenproduktion in gro\u00dfem Ma\u00dfstab.<\/li>\n<\/ul>\n<h2 id=\"-6-case-and-market-verification-\"><strong>6. \u00dcberpr\u00fcfung von F\u00e4llen und M\u00e4rkten<\/strong><\/h2>\n<ul>\n<li>Das Hei\u00dfpr\u00e4geverfahren erh\u00f6ht den Wiedererkennungswert des Produkts im Regal um 40%;<\/li>\n<li>Das Kraftpapiermaterial reduziert die logistische Verlustrate auf weniger als 1%;<\/li>\n<li>Individuelles Design hilft der Marke Premium-Raum erreichen 15%-30%.<\/li>\n<\/ul>","protected":false},"excerpt":{"rendered":"<p>\u2705 Kundenspezifisches Branding f\u00fcr sofortige Wirkung im Regal<br \/>\n\u2705 Nachhaltig beschaffte Materialien im Einklang mit Wellness-Werten<br \/>\n\u2705 Skalierbare Produktion f\u00fcr Start-ups bis hin zu Gro\u00dfkunden<br \/>\n\u2705 Schneller Durchlauf ohne Qualit\u00e4tseinbu\u00dfen<\/p>","protected":false},"featured_media":9712,"template":"","meta":[],"product_brand":[],"product_cat":[30,418,31,429],"product_tag":[1251,1252,804],"class_list":{"0":"post-9711","1":"product","2":"type-product","3":"status-publish","4":"has-post-thumbnail","6":"product_cat-by-industry","7":"product_cat-custom-cbd-boxes","8":"product_cat-paper-box-style","9":"product_cat-paper-tube-boxes","10":"product_tag-cbd-paper-tube-packaging","11":"product_tag-custom-cbd-hemp-oil-packaging-wholesale","12":"product_tag-hemp-oil-packaging","14":"first","15":"instock","16":"shipping-taxable","17":"product-type-grouped"},"_links":{"self":[{"href":"https:\/\/zojopackaging.com\/de\/wp-json\/wp\/v2\/product\/9711","targetHints":{"allow":["GET"]}}],"collection":[{"href":"https:\/\/zojopackaging.com\/de\/wp-json\/wp\/v2\/product"}],"about":[{"href":"https:\/\/zojopackaging.com\/de\/wp-json\/wp\/v2\/types\/product"}],"version-history":[{"count":2,"href":"https:\/\/zojopackaging.com\/de\/wp-json\/wp\/v2\/product\/9711\/revisions"}],"predecessor-version":[{"id":9726,"href":"https:\/\/zojopackaging.com\/de\/wp-json\/wp\/v2\/product\/9711\/revisions\/9726"}],"wp:featuredmedia":[{"embeddable":true,"href":"https:\/\/zojopackaging.com\/de\/wp-json\/wp\/v2\/media\/9712"}],"wp:attachment":[{"href":"https:\/\/zojopackaging.com\/de\/wp-json\/wp\/v2\/media?parent=9711"}],"wp:term":[{"taxonomy":"product_brand","embeddable":true,"href":"https:\/\/zojopackaging.com\/de\/wp-json\/wp\/v2\/product_brand?post=9711"},{"taxonomy":"product_cat","embeddable":true,"href":"https:\/\/zojopackaging.com\/de\/wp-json\/wp\/v2\/product_cat?post=9711"},{"taxonomy":"product_tag","embeddable":true,"href":"https:\/\/zojopackaging.com\/de\/wp-json\/wp\/v2\/product_tag?post=9711"}],"curies":[{"name":"wp","href":"https:\/\/api.w.org\/{rel}","templated":true}]}}