{"id":9719,"date":"2025-04-03T16:09:23","date_gmt":"2025-04-03T08:09:23","guid":{"rendered":"https:\/\/zojopackaging.com\/?post_type=product&#038;p=9719"},"modified":"2025-04-03T16:55:29","modified_gmt":"2025-04-03T08:55:29","slug":"custom-black-round-candle-paper-tube-packaging-wholesale","status":"publish","type":"product","link":"https:\/\/zojopackaging.com\/de\/product\/custom-black-round-candle-paper-tube-packaging-wholesale\/","title":{"rendered":"Benutzerdefinierte schwarze runde Kerze Papierrohr Verpackung Gro\u00dfhandel"},"content":{"rendered":"<h2 id=\"1-shockproof-and-buffering-design-comprehensive-product-protection-\">1.\u00a0<strong>Sto\u00dfsicheres und pufferndes Design, umfassender Produktschutz<\/strong><\/h2>\n<p>Verwendung von\u00a0<strong>Mehrschichtige Verbundstruktur<\/strong>Die zylindrische Schachtel ist durch eine quer verlaufende elastische Luftpolster-Pufferschicht mit einer hochdichten Pappe kombiniert, die die \u00e4u\u00dfere Krafteinwirkung w\u00e4hrend des Transports oder der Lagerung gleichm\u00e4\u00dfig verteilen kann, wodurch Risiken wie das Zerbrechen von Kerzen und Parf\u00fcmflaschen wirksam verhindert werden. Die Auskleidung ist geformt durch\u00a0<strong>Pr\u00e4zisions-Stanztechnik<\/strong>passt sich perfekt an die Form des Produkts an, reduziert Sch\u00fcttell\u00fccken und bietet einen Rundum-Pufferschutz.<\/p>\n<h2 id=\"2-classic-contrasting-color-design-enhances-visual-texture-\">2.\u00a0<strong>Klassisches kontrastreiches Farbdesign, das die visuelle Textur verst\u00e4rkt<\/strong><\/h2>\n<ul>\n<li><strong>\u00c4u\u00dferer Kasten<\/strong>: Die mattschwarze Papierh\u00fclse mit UV-Beschichtungstechnologie hat einen tiefen Glanz, ist einfach und stimmungsvoll und eignet sich f\u00fcr alle Arten von hochwertigen Geschenken.<\/li>\n<li><strong>Innerer Kasten<\/strong>: Das reinwei\u00dfe Innendesign steht in scharfem Kontrast zum \u00e4u\u00dferen Karton und hebt die Schichtung der Produktpr\u00e4sentation hervor. Der wei\u00dfe Hintergrund kann das Markenlogo oder die Produktinformationen deutlich darstellen.<\/li>\n<\/ul>\n<h2 id=\"3-multi-category-adaptation-flexible-application-scenarios-\">3.\u00a0<strong>Anpassung an mehrere Kategorien, flexible Anwendungsszenarien<\/strong><\/h2>\n<p>Unterst\u00fctzt verschiedene Produktverpackungen wie Kerzen, Parf\u00fcm, Kaffeebohnen und Tee. Das Auskleidungsmaterial kann EVA, Schwamm oder ein individuelles umweltfreundliches F\u00fcllmaterial sein, um die sto\u00dffesten Anforderungen verschiedener Produkte zu erf\u00fcllen (z. B. Parf\u00fcmflaschen, um Auslaufen zu verhindern, Kaffeebohnen, um Feuchtigkeit zu vermeiden).<\/p>\n<h2 id=\"4-16-years-of-china-source-factory-quality-assurance-\">4.\u00a0<strong>16 Jahre China-Quellfabrik, Qualit\u00e4tssicherung<\/strong><\/h2>\n<p>Das Unternehmen st\u00fctzt sich auf ein ausgereiftes Lieferkettensystem in Dongguan, Guangdong und Shenzhen, das von der Rohstoffbeschaffung bis zur Produktion und Verarbeitung durchg\u00e4ngig ist. Die \u00dcbernahme von\u00a0<strong>ISO-Normen f\u00fcr das Qualit\u00e4tsmanagement<\/strong>Wir stellen sicher, dass die Papierh\u00fclse eine gleichm\u00e4\u00dfige Dicke, dichte N\u00e4hte, eine Tragf\u00e4higkeit von mehr als 3 kg und eine Druckfestigkeit aufweist, die den internationalen Transportstandards entspricht.<\/p>\n<h2 id=\"5-customized-service-in-line-with-brand-needs-\">5.\u00a0<strong>Ma\u00dfgeschneiderter Service, der den Bed\u00fcrfnissen der Marke entspricht<\/strong><\/h2>\n<ul>\n<li><strong>Flexible Gr\u00f6\u00dfe<\/strong>: unterst\u00fctzt kundenspezifische Bereiche von 2-50 cm Durchmesser und 2-50 cm H\u00f6he, geeignet f\u00fcr Mini-Kerzenbecher oder gro\u00dfe Aromatherapieprodukte.<\/li>\n<li><strong>Technologie-Upgrade<\/strong>: optionale High-End-Verfahren wie Hei\u00dfpr\u00e4gung, Pr\u00e4gung, UV-Teilglanzoberfl\u00e4che oder Pantone-Schmuckfarbendruck in Kombination mit Marke VI-Farbsystem.<\/li>\n<li><strong>Zubeh\u00f6r mit Mehrwert<\/strong>: bieten Magnetverschl\u00fcsse, B\u00e4nder, Seile und anderes Zubeh\u00f6r, um den praktischen Nutzen und die Geschenkeigenschaften von Verpackungen zu verbessern.<\/li>\n<\/ul>\n<h2 id=\"6-high-cost-performance-and-quick-response-\">6.\u00a0<strong>Hohe Kostenleistung und schnelle Reaktion<\/strong><\/h2>\n<ul>\n<li><strong>Strategie der niedrigen Preise<\/strong>: Gro\u00dfserienproduktion reduziert die St\u00fcckkosten, mit einem Mindestauftragspreis von 500 St\u00fcck so niedrig wie 2 Yuan \/ St\u00fcck, und 10.000 St\u00fcck Bestellungen k\u00f6nnen abgestufte Rabatte genie\u00dfen.<\/li>\n<li><strong>Liefergarantie<\/strong>: Die Herstellung von Prototypen ist in 7-10 Tagen abgeschlossen, die Lieferung von Serien erfolgt in 15-20 Tagen, und es werden verschiedene Logistikl\u00f6sungen wie See- und Lufttransport unterst\u00fctzt.<\/li>\n<\/ul>\n<h2 id=\"1-one-stop-customization-process-\">7. <strong>Anpassungsprozess aus einer Hand<\/strong><\/h2>\n<p>Wir bieten kostenlose Entwurfs\u00e4nderungen, 3D-Rendering-Best\u00e4tigung und Lieferung von Mustern, unterst\u00fctzen das Andocken von Dateien im AI\/PDF\/CDR-Format und stellen sicher, dass der Wiederherstellungsgrad des Designs 99% erreicht.<\/p>\n<h2 id=\"2-worry-free-after-sales-commitment-\">8. <strong>Unbeschwertes Engagement nach dem Kauf<\/strong><\/h2>\n<ul>\n<li><strong>Sicherung der Qualit\u00e4t<\/strong>: Wir unterst\u00fctzen die kostenlose R\u00fcckgabe aufgrund von Transportsch\u00e4den oder Verarbeitungsfehlern innerhalb von 30 Tagen nach Ankunft.<\/li>\n<li><strong>Umweltzertifizierung<\/strong>: F\u00fcr die Papiertube werden FSC-zertifizierte Recyclingmaterialien verwendet, die der RoHS-Norm der EU entsprechen und das Image der Marke f\u00fcr eine nachhaltige Entwicklung unterst\u00fctzen.<\/li>\n<\/ul>","protected":false},"excerpt":{"rendered":"<p>\u2705 Luxuri\u00f6ses Unboxing-Erlebnis f\u00fcr High-End-Kerzen<br \/>\n\u2705 Dauerhafter Schutz vor Transportsch\u00e4den<br \/>\n\u2705 Flexibilit\u00e4t beim Branding nach Ma\u00df<br \/>\n\u2705 Gro\u00dfabnehmerrabatte f\u00fcr Gro\u00dfh\u00e4ndler<br \/>\n\u2705 Umweltbewusstes Material im Einklang mit modernen Marken<\/p>","protected":false},"featured_media":9720,"template":"","meta":[],"product_brand":[],"product_cat":[30,416,31,429],"product_tag":[470,1256,468],"class_list":{"0":"post-9719","1":"product","2":"type-product","3":"status-publish","4":"has-post-thumbnail","6":"product_cat-by-industry","7":"product_cat-custom-candle-boxes","8":"product_cat-paper-box-style","9":"product_cat-paper-tube-boxes","10":"product_tag-candle-packaging-wholesale","11":"product_tag-candle-paper-tube","12":"product_tag-custom-candle-packaging","14":"first","15":"instock","16":"shipping-taxable","17":"product-type-grouped"},"_links":{"self":[{"href":"https:\/\/zojopackaging.com\/de\/wp-json\/wp\/v2\/product\/9719","targetHints":{"allow":["GET"]}}],"collection":[{"href":"https:\/\/zojopackaging.com\/de\/wp-json\/wp\/v2\/product"}],"about":[{"href":"https:\/\/zojopackaging.com\/de\/wp-json\/wp\/v2\/types\/product"}],"version-history":[{"count":1,"href":"https:\/\/zojopackaging.com\/de\/wp-json\/wp\/v2\/product\/9719\/revisions"}],"predecessor-version":[{"id":9727,"href":"https:\/\/zojopackaging.com\/de\/wp-json\/wp\/v2\/product\/9719\/revisions\/9727"}],"wp:featuredmedia":[{"embeddable":true,"href":"https:\/\/zojopackaging.com\/de\/wp-json\/wp\/v2\/media\/9720"}],"wp:attachment":[{"href":"https:\/\/zojopackaging.com\/de\/wp-json\/wp\/v2\/media?parent=9719"}],"wp:term":[{"taxonomy":"product_brand","embeddable":true,"href":"https:\/\/zojopackaging.com\/de\/wp-json\/wp\/v2\/product_brand?post=9719"},{"taxonomy":"product_cat","embeddable":true,"href":"https:\/\/zojopackaging.com\/de\/wp-json\/wp\/v2\/product_cat?post=9719"},{"taxonomy":"product_tag","embeddable":true,"href":"https:\/\/zojopackaging.com\/de\/wp-json\/wp\/v2\/product_tag?post=9719"}],"curies":[{"name":"wp","href":"https:\/\/api.w.org\/{rel}","templated":true}]}}