{"id":9728,"date":"2025-04-03T16:29:03","date_gmt":"2025-04-03T08:29:03","guid":{"rendered":"https:\/\/zojopackaging.com\/?post_type=product&#038;p=9728"},"modified":"2025-04-03T16:46:57","modified_gmt":"2025-04-03T08:46:57","slug":"luxury-preserved-rose-floral-flowers-gift-boxes-manufacturer","status":"publish","type":"product","link":"https:\/\/zojopackaging.com\/de\/product\/luxury-preserved-rose-floral-flowers-gift-boxes-manufacturer\/","title":{"rendered":"Luxus konservierte Rose Blumen Blumen Geschenk Boxen Hersteller"},"content":{"rendered":"<h2 id=\"1-in-depth-customization-empowering-brand-value-\">1.\u00a0<strong>Tiefgreifende Anpassung, St\u00e4rkung des Markenwerts<\/strong><\/h2>\n<p>Wir konzentrieren uns darauf, hochwertige Geschenkverpackungen f\u00fcr globale Marken aus einer Hand zu liefern, die das gesamte Design wie Gr\u00f6\u00dfe, Verarbeitung, Materialien und Muster abdecken.<\/p>\n<ul>\n<li><strong>Flexible Prozessanpassung<\/strong>: Unterst\u00fctzung von Hei\u00dfpr\u00e4gung\/UV\/Pr\u00e4gung\/Embossing und anderen Verfahren, kombiniert mit dem Markenlogo und kulturellen Elementen zur Schaffung von\u00a0<strong>\"exklusive visuelle Sprache\"<\/strong><\/li>\n<li><strong>Strukturelle Innovation<\/strong>: Das Design des gestanzten Futters entspricht den Produkteigenschaften, passt sich perfekt der Form der ewigen Blumen an und verhindert Transportsch\u00e4den.<\/li>\n<\/ul>\n<h2 id=\"2-16-years-of-supply-chain-precipitation-quality-price-ratio-leads-the-industry-\">2.\u00a0<strong>16 Jahre Niederschlag in der Lieferkette, branchenf\u00fchrendes Qualit\u00e4ts-Preis-Verh\u00e4ltnis<\/strong><\/h2>\n<ul>\n<li><strong>Direkte Lieferung von der Ursprungsfabrik<\/strong>: Unter Nutzung der Vorteile der gesamten industriellen Kette der chinesischen Fertigungsindustrie haben wir eine 20.000\u33a1 gro\u00dfe Produktionsbasis aufgebaut, um eine integrierte Kontrolle von der Rohstoffbeschaffung bis zur Auslieferung der Produktion zu erreichen und die Kosten um 30% zu senken.<\/li>\n<li><strong>Strenges Qualit\u00e4tskontrollsystem<\/strong>: Die ISO-Normen f\u00fcr das Qualit\u00e4tsmanagement werden \u00fcbernommen, und jede Produktcharge wird 12 Prozesstests unterzogen.<\/li>\n<\/ul>\n<h2 id=\"3-environmentally-friendly-materials-and-structural-design-\">3.\u00a0<strong>Umweltvertr\u00e4gliche Materialien und Bauweise<\/strong><\/h2>\n<ul>\n<li><strong>Umweltfreundliche Materialauswahl<\/strong>: Die \u00e4u\u00dfere Schicht besteht aus 157g C2S gestrichenem Kunstdruckpapier (matte Textur) und die innere Schicht aus 1200g fester Pappe, die sowohl druckfest als auch umweltzertifiziert ist.<\/li>\n<li><strong>Doppellagige Auszugsstruktur<\/strong>:<\/li>\n<li><strong>Oberer Anzeigebereich<\/strong>: Acryl-Staubschutzh\u00fclle sch\u00fctzt die ewigen Blumen, 360\u00b0 transparente Sicht;<\/li>\n<li><strong>Untere Speicherschicht<\/strong>: In der Schublade k\u00f6nnen Geschenke wie Karten und Schmuck aufbewahrt werden, was die Zeremonie des Auspackens unterstreicht.<\/li>\n<\/ul>\n<h2 id=\"4-visual-and-experience-upgrade-\">4.\u00a0<strong>Visuelles und Erfahrungs-Upgrade<\/strong><\/h2>\n<ul>\n<li><strong>Minimalistische \u00c4sthetik<\/strong>: Die Gesamtfarbe ist schwarz und passt zu den glatten Linien des Auszugskastens, der einen zur\u00fcckhaltenden Luxus vermittelt.<\/li>\n<li><strong>Detaillierte Handwerkskunst<\/strong>: Die Oberfl\u00e4che der Schachtel ist mit einer seiden\u00e4hnlichen Beschichtung versehen, und der Rand ist mit Magnetverschl\u00fcssen versehen, die sich leicht und leise \u00f6ffnen und schlie\u00dfen lassen.<\/li>\n<\/ul>\n<h2 id=\"5-full-process-service-support-\">5.\u00a0<strong>Unterst\u00fctzung f\u00fcr den gesamten Prozess<\/strong><\/h2>\n<ul>\n<li><strong>48-Stunden-Kontrolle<\/strong>: Wir bieten 3 Versionen von Designl\u00f6sungen gem\u00e4\u00df den Anforderungen der Marke und liefern die Massenproduktion in nur 7 Tagen.<\/li>\n<li><strong>Globale Logistik<\/strong>: Unterst\u00fctzung der grenz\u00fcberschreitenden Logistik von DDP, Bereitstellung von sto\u00dffesten Verpackungsl\u00f6sungen f\u00fcr mehr als 150 L\u00e4nder.<\/li>\n<\/ul>","protected":false},"excerpt":{"rendered":"<p>Sicherer, individueller Sitz - Pr\u00e4zisionsgefertigte Schaumstoffeinlagen halten Blumenarrangements an ihrem Platz.<br \/>\nMarkentaugliches Design - Mattes \u00c4u\u00dferes mit optionaler Logogravur\/Pr\u00e4gung.<br \/>\nEvent-Ready - Ideal f\u00fcr Hochzeiten, Firmengeschenke und luxuri\u00f6se Einzelhandelsauslagen.<\/p>","protected":false},"featured_media":9729,"template":"","meta":[],"product_brand":[],"product_cat":[30,423,424,31],"product_tag":[1254,1255,1253],"class_list":{"0":"post-9728","1":"product","2":"type-product","3":"status-publish","4":"has-post-thumbnail","6":"product_cat-by-industry","7":"product_cat-custom-presentation-boxes-by-industry","8":"product_cat-magnetic-closure-boxes","9":"product_cat-paper-box-style","10":"product_tag-floral-flowers-gift-boxes","11":"product_tag-gift-boxes-manufacturer","12":"product_tag-rose-gift-boxes","14":"first","15":"instock","16":"shipping-taxable","17":"product-type-grouped"},"_links":{"self":[{"href":"https:\/\/zojopackaging.com\/de\/wp-json\/wp\/v2\/product\/9728","targetHints":{"allow":["GET"]}}],"collection":[{"href":"https:\/\/zojopackaging.com\/de\/wp-json\/wp\/v2\/product"}],"about":[{"href":"https:\/\/zojopackaging.com\/de\/wp-json\/wp\/v2\/types\/product"}],"version-history":[{"count":1,"href":"https:\/\/zojopackaging.com\/de\/wp-json\/wp\/v2\/product\/9728\/revisions"}],"predecessor-version":[{"id":9734,"href":"https:\/\/zojopackaging.com\/de\/wp-json\/wp\/v2\/product\/9728\/revisions\/9734"}],"wp:featuredmedia":[{"embeddable":true,"href":"https:\/\/zojopackaging.com\/de\/wp-json\/wp\/v2\/media\/9729"}],"wp:attachment":[{"href":"https:\/\/zojopackaging.com\/de\/wp-json\/wp\/v2\/media?parent=9728"}],"wp:term":[{"taxonomy":"product_brand","embeddable":true,"href":"https:\/\/zojopackaging.com\/de\/wp-json\/wp\/v2\/product_brand?post=9728"},{"taxonomy":"product_cat","embeddable":true,"href":"https:\/\/zojopackaging.com\/de\/wp-json\/wp\/v2\/product_cat?post=9728"},{"taxonomy":"product_tag","embeddable":true,"href":"https:\/\/zojopackaging.com\/de\/wp-json\/wp\/v2\/product_tag?post=9728"}],"curies":[{"name":"wp","href":"https:\/\/api.w.org\/{rel}","templated":true}]}}