{"id":9735,"date":"2025-04-03T16:47:04","date_gmt":"2025-04-03T08:47:04","guid":{"rendered":"https:\/\/zojopackaging.com\/?post_type=product&#038;p=9735"},"modified":"2025-04-03T17:00:35","modified_gmt":"2025-04-03T09:00:35","slug":"wholesale-custom-50ml-perfume-fragrance-packaging-gift-boxes","status":"publish","type":"product","link":"https:\/\/zojopackaging.com\/de\/product\/wholesale-custom-50ml-perfume-fragrance-packaging-gift-boxes\/","title":{"rendered":"Gro\u00dfhandel benutzerdefinierte 50ml Parf\u00fcm Duft Verpackung Geschenk-Boxen"},"content":{"rendered":"<h2 id=\"-1-design-details-and-functions-\"><strong>1. Konstruktionsdetails und Funktionen<\/strong><\/h2>\n<ul>\n<li><strong>Gestaltung des Erscheinungsbildes<\/strong><\/li>\n<li><strong>Buchf\u00f6rmige Kastenstruktur<\/strong>: Das Design der buchf\u00f6rmigen Flip-Top-Schachtel hat ein starkes Gef\u00fchl des \u00d6ffnens und Schlie\u00dfens, das zum Ton der hochwertigen Produkte passt. Die dunkelblaue Hauptfarbe ist mit dem Hei\u00dfpr\u00e4gen\/UV-Verfahren LOGO oder Textur abgestimmt, um die visuelle Erinnerung an die Marke zu st\u00e4rken.<\/li>\n<li><strong>Auswahl des Materials<\/strong>: Verwenden Sie Graukarton mit Spezialpapier oder Kunstdruckpapier (z. B. Metallic-Papier, taktiles Papier), um die Steifigkeit und Haptik des Schachtelk\u00f6rpers zu verbessern und Druckfestigkeit und Haltbarkeit zu gew\u00e4hrleisten.<\/li>\n<\/ul>\n<h2 id=\"2-inner-lining-technology-\">2.\u00a0<strong>Technologie der Innenverkleidung<\/strong><\/h2>\n<ul>\n<li><strong>Schwarzes EVA-Futter<\/strong>: Durch die hochpr\u00e4zise Stanzform passt sie perfekt zum K\u00f6rper der 50ml-Parf\u00fcmflasche und bietet Schutz vor St\u00f6\u00dfen und Rutschen. Das kontrastreiche Design des schwarzen und dunkelblauen Schachtelk\u00f6rpers unterstreicht die Wirkung der Produktpr\u00e4sentation.<\/li>\n<li><strong>Mehrstufige Anpassung<\/strong>: Unterst\u00fctzt das Design von Futterschichten (z. B. unabh\u00e4ngige F\u00e4cher f\u00fcr Parf\u00fcm, Anleitungen oder Geschenke), um den Anforderungen von Kombinationsverpackungen mit mehreren Kategorien gerecht zu werden.<\/li>\n<\/ul>\n<h2 id=\"-3-customized-service-\"><strong>3. Ma\u00dfgeschneiderter Service<\/strong><\/h2>\n<ul>\n<li><strong>Gr\u00f6\u00dfe und Struktur<\/strong>: Die Gr\u00f6\u00dfe der Schachtel kann je nach H\u00f6he und Durchmesser des Parf\u00fcmflakons angepasst werden und kann durch innovative Strukturen wie Magnetklappe und Band erweitert werden.<\/li>\n<li><strong>Technologie-Upgrade<\/strong>: Wir bieten Hei\u00dfpr\u00e4gung, Pr\u00e4gung, UV-Druck, Siebdruck und andere Verfahren an, um die Anforderungen an das Design der Marke VI zu erf\u00fcllen.<\/li>\n<li><strong>Marke exklusiv<\/strong>: Unterst\u00fctzung von benutzerdefinierten Inhalten, wie z. B. Innenseitenillustrationen und Titelseiten mit Markengeschichten, um das Unboxing-Erlebnis und die Interaktion mit dem Verbraucher zu verbessern.<\/li>\n<\/ul>\n<h2 id=\"-4-technology-and-quality-assurance-\"><strong>4. Technologie und Qualit\u00e4tssicherung<\/strong><\/h2>\n<ul>\n<li><strong>Pr\u00e4zisions-Stanztechnik<\/strong>: Verwenden Sie CNC-Gravur oder Laserschneiden Ausr\u00fcstung, um sicherzustellen, dass der Fehler zwischen der EVA-Auskleidung und der Box-Struktur ist \u2264 0,5 mm, um das Produkt w\u00e4hrend des Transports zu vermeiden wackeln.<\/li>\n<li><strong>Umweltfreundliche Materialien<\/strong>: Die EVA-Auskleidung entspricht internationalen Umweltstandards (z. B. ROHS-Zertifizierung), ist ungiftig und geruchsneutral, und Graupappe und Spezialpapier sind recycelbar und abbaubar.<\/li>\n<li><strong>System der Qualit\u00e4tskontrolle<\/strong>: 16 Jahre Erfahrung in der Ursprungsfabrik, mit Heidelberger Druckmaschinen, vollautomatischen Falzmaschinen und anderen Ausr\u00fcstungen, vollst\u00e4ndige Qualit\u00e4tskontrolle vom Entwurf bis zur Produktion, um die Konsistenz der Lieferungen zu gew\u00e4hrleisten.<\/li>\n<\/ul>\n<h2 id=\"-5-supply-chain-and-price-advantages-\"><strong>5. Lieferkette und Preisvorteile<\/strong><\/h2>\n<ul>\n<li><strong>Direkte Versorgung an der Quelle<\/strong>: China Guangdong Produktionsbasis, 16 Jahre Fokus auf Verpackungs-Box Produktion, integriertes Design, Druck, Stanzen, Montage integrierte Lieferkette, die Verringerung der Kosten f\u00fcr Zwischenglieder.<\/li>\n<li><strong>Flexible Bestellung<\/strong>: Unterst\u00fctzung von Kleinserien (500 St\u00fcck) bis hin zur Gro\u00dfserienproduktion (mehr als 100.000.000 St\u00fcck), gro\u00dfe Mengen k\u00f6nnen mit gestaffelten Rabatten versehen werden.<\/li>\n<li><strong>Schnelle Lieferung<\/strong>: Der Produktionszyklus einer regul\u00e4ren Bestellung betr\u00e4gt 7-14 Tage, dringende Bestellungen k\u00f6nnen innerhalb von 5 Tagen bearbeitet werden, und wir unterst\u00fctzen den globalen Logistikvertrieb.<\/li>\n<\/ul>\n<h2 id=\"-6-application-scenarios-\"><strong>6. Anwendungsszenarien<\/strong><\/h2>\n<ul>\n<li><strong>Marke Parf\u00fcm<\/strong>: Verbessern Sie die Auslage in der Theke, geeignet f\u00fcr limitierte Urlaubsausgaben und Co-Branding-Verpackungen.<\/li>\n<li><strong>Grenz\u00fcberschreitender elektronischer Handel<\/strong>: Erf\u00fcllt die Transportanforderungen von Amazon, unabh\u00e4ngigen Bahnh\u00f6fen und anderen Plattformen und reduziert die Bruchrate durch die Sto\u00dffestigkeit der EVA-Auskleidung.<\/li>\n<li><strong>Geschenke f\u00fcr Unternehmen<\/strong>: Individuelles Firmenlogo, geeignet f\u00fcr Firmengeschenke, Mitarbeitervorteile und andere Szenarien.<\/li>\n<\/ul>","protected":false},"excerpt":{"rendered":"<p>Diese 50ml Parf\u00fcmverpackungs-Geschenkbox nimmt ein hochwertiges buchf\u00f6rmiges Box-Design an, mit Dunkelblau als Hauptfarbe und schwarzem EVA-Futter, um einen einfachen und eleganten visuellen Stil zu schaffen. Gleichzeitig wird die Gesamttextur durch pr\u00e4zise Handwerkskunst verbessert, die f\u00fcr Markenparf\u00fcms, Luxusg\u00fcter und hochwertige Geschenkverpackungen geeignet ist. Das Produkt unterst\u00fctzt den gesamten Prozess der kundenspezifischen Anpassung, von der Gr\u00f6\u00dfe \u00fcber die Verarbeitung bis hin zur Integration von Markenelementen, die flexibel an die Kundenbed\u00fcrfnisse angepasst werden k\u00f6nnen und Marken dabei helfen, den Mehrwert und die Wettbewerbsf\u00e4higkeit auf dem Markt zu steigern.<\/p>","protected":false},"featured_media":9736,"template":"","meta":[],"product_brand":[],"product_cat":[30,417,424,31],"product_tag":[498,1257,1258],"class_list":{"0":"post-9735","1":"product","2":"type-product","3":"status-publish","4":"has-post-thumbnail","6":"product_cat-by-industry","7":"product_cat-custom-perfume-boxes-by-industry","8":"product_cat-magnetic-closure-boxes","9":"product_cat-paper-box-style","10":"product_tag-custom-perfume-packaging","11":"product_tag-fragrance-packaging-gift-boxes","12":"product_tag-wholesale-50ml-perfume-boxes","14":"first","15":"instock","16":"shipping-taxable","17":"product-type-grouped"},"_links":{"self":[{"href":"https:\/\/zojopackaging.com\/de\/wp-json\/wp\/v2\/product\/9735","targetHints":{"allow":["GET"]}}],"collection":[{"href":"https:\/\/zojopackaging.com\/de\/wp-json\/wp\/v2\/product"}],"about":[{"href":"https:\/\/zojopackaging.com\/de\/wp-json\/wp\/v2\/types\/product"}],"version-history":[{"count":1,"href":"https:\/\/zojopackaging.com\/de\/wp-json\/wp\/v2\/product\/9735\/revisions"}],"predecessor-version":[{"id":9742,"href":"https:\/\/zojopackaging.com\/de\/wp-json\/wp\/v2\/product\/9735\/revisions\/9742"}],"wp:featuredmedia":[{"embeddable":true,"href":"https:\/\/zojopackaging.com\/de\/wp-json\/wp\/v2\/media\/9736"}],"wp:attachment":[{"href":"https:\/\/zojopackaging.com\/de\/wp-json\/wp\/v2\/media?parent=9735"}],"wp:term":[{"taxonomy":"product_brand","embeddable":true,"href":"https:\/\/zojopackaging.com\/de\/wp-json\/wp\/v2\/product_brand?post=9735"},{"taxonomy":"product_cat","embeddable":true,"href":"https:\/\/zojopackaging.com\/de\/wp-json\/wp\/v2\/product_cat?post=9735"},{"taxonomy":"product_tag","embeddable":true,"href":"https:\/\/zojopackaging.com\/de\/wp-json\/wp\/v2\/product_tag?post=9735"}],"curies":[{"name":"wp","href":"https:\/\/api.w.org\/{rel}","templated":true}]}}