{"id":9743,"date":"2025-04-03T17:01:08","date_gmt":"2025-04-03T09:01:08","guid":{"rendered":"https:\/\/zojopackaging.com\/?post_type=product&#038;p=9743"},"modified":"2025-04-03T17:18:41","modified_gmt":"2025-04-03T09:18:41","slug":"custom-30ml-perfume-fragrances-bottle-gift-boxes-wholesale","status":"publish","type":"product","link":"https:\/\/zojopackaging.com\/de\/product\/custom-30ml-perfume-fragrances-bottle-gift-boxes-wholesale\/","title":{"rendered":"Benutzerdefinierte 30ml Parf\u00fcm D\u00fcfte Flasche Geschenk-Boxen Gro\u00dfhandel"},"content":{"rendered":"<h2 id=\"1-coffee-pull-out-box-design-\">1.\u00a0<strong>Kaffee-Auszugskasten-Design<\/strong><\/h2>\n<ul>\n<li><strong>Erscheinungsbild<\/strong>: Der Schachtelk\u00f6rper besteht aus mattem Kaffeekarton oder Spezialpapier mit einem hei\u00dfgoldenen\/hei\u00dfsilbernen LOGO, das eine zur\u00fcckhaltende und luxuri\u00f6se visuelle Textur pr\u00e4sentiert. Die ausziehbare Struktur l\u00e4sst sich leicht \u00f6ffnen und schlie\u00dfen, und die Kante des Schachteldeckels wird mit Laserschneidetechnik bearbeitet, um eine perfekte Passform zu gew\u00e4hrleisten und das Gef\u00fchl der Auspackzeremonie zu verbessern.<\/li>\n<li><strong>Funktion<\/strong>: Die Gr\u00f6\u00dfe der Schachtel passt genau zu einem 30-ml-Parf\u00fcmflakon und kann bei Bedarf auch an speziell geformte Flakons oder besondere Ausstellungsanforderungen angepasst werden.<\/li>\n<\/ul>\n<h2 id=\"2-white-eva-die-cut-lining-\">2.\u00a0<strong>Wei\u00dfes, gestanztes EVA-Futter<\/strong><\/h2>\n<ul>\n<li><strong>Material und Handwerkskunst<\/strong>: Die Auskleidung besteht aus wei\u00dfem EVA-Schaumstoff mit hoher Dichte, der durch Pr\u00e4zisionsstanztechnik so geformt ist, dass er sich perfekt an die Kontur des Parf\u00fcmflakons anpasst, einen \"eingebetteten\" Schutz bietet und Ersch\u00fctterungen und Abnutzung beim Transport verhindert.<\/li>\n<li><strong>Visueller Kontrast<\/strong>: Das wei\u00dfe Innenfutter und die kaffeefarbene Au\u00dfenschachtel bilden einen scharfen Farbkontrast, der die transparente Textur des Parf\u00fcmflakons hervorhebt und gleichzeitig einen Schlitz f\u00fcr die Markenkarte reserviert, um den Effekt der Produktpr\u00e4sentation zu verbessern.<\/li>\n<\/ul>\n<h2 id=\"3-technology-and-details-upgrade-\">3.\u00a0<strong>Technologie und Details aktualisieren<\/strong><\/h2>\n<ul>\n<li><strong>Oberfl\u00e4chenbehandlung<\/strong>: Optionale Mattfolienkaschierung, UV-Teilglanzoberfl\u00e4che, Pr\u00e4gung und andere Verfahren zur Verbesserung der Haptik; Hei\u00dfpr\u00e4gung\/Siebdruckverfahren k\u00f6nnen markenspezifische Muster oder Schriftz\u00fcge darstellen und entsprechen damit dem Trend zur \"emotionalen Verpackung\".<\/li>\n<li><strong>Umweltzertifizierung<\/strong>: Das Material entspricht der FSC-Zertifizierung und den REACH-Normen der EU und unterst\u00fctzt damit die Anforderungen an umweltfreundliche Verpackungen.<\/li>\n<\/ul>\n<h2 id=\"1-full-process-customization-\">4. <strong>Vollst\u00e4ndige Prozessanpassung<\/strong><\/h2>\n<ul>\n<li><strong>Gr\u00f6\u00dfe und Struktur<\/strong>: Unterst\u00fctzt eine Vielzahl von Schachteldesigns, wie z.B. speziell geformte Schachteln, Schubladenboxen und Deckel, die zu 30ml Standardflaschen oder speziellen Flaschenformen (z.B. quadratisch und bogenf\u00f6rmig) passen.<\/li>\n<li><strong>Technologie und Druck<\/strong>: Wir bieten mehr als 20 Prozessoptionen wie Hei\u00dfpr\u00e4gung, Laser- und Siebdruck und k\u00f6nnen exklusive Farben in Kombination mit dem Brand-VI-System (exakte Abstimmung der Pantone-Farbnummern) individuell gestalten.<\/li>\n<\/ul>\n<h2 id=\"2-flexible-production-\">5. <strong>Flexible Produktion<\/strong><\/h2>\n<ul>\n<li><strong>Flexible Mindestbestellmenge<\/strong>: Mindestbestellmenge von 500 St\u00fcck, Unterst\u00fctzung von Kleinserien-Versuchsproduktion und Gro\u00dfserienproduktion, Lieferzyklus von 7-14 Tagen (je nach Komplexit\u00e4t des Prozesses angepasst).<\/li>\n<li><strong>Garantie der Qualit\u00e4tskontrolle<\/strong>: Umfassender Qualit\u00e4tspr\u00fcfungsprozess, der die Pr\u00fcfung der Materialh\u00e4rte, die Pr\u00fcfung der Stanzgenauigkeit (Fehler \u2264 0,5 mm), die Pr\u00fcfung der Belastbarkeit und des Drucks usw. umfasst, um den Schutz und die \u00c4sthetik der Verpackung zu gew\u00e4hrleisten.<\/li>\n<\/ul>\n<h2 id=\"-supply-chain-and-price-advantage-\"><strong>Lieferkette und Preisvorteil<\/strong><\/h2>\n<ul>\n<li><strong>Direkte Lieferung von der Ursprungsfabrik<\/strong>: Die eigene Produktionsbasis ist mit vollautomatischen Stanzmaschinen, Hei\u00dfpr\u00e4gemaschinen und EVA-Formanlagen ausgestattet, wodurch der Preisunterschied zu den Zwischenh\u00e4ndlern beseitigt wird und der Preis 15%-30% niedriger ist als der Marktpreis bei gleicher Qualit\u00e4t.<\/li>\n<li><strong>Service aus einer Hand<\/strong>: Von der Entwurfspr\u00fcfung \u00fcber die Materialauswahl bis hin zur logistischen Verteilung sind engagierte Mitarbeiter w\u00e4hrend des gesamten Prozesses miteinander verbunden und unterst\u00fctzen die Bereitstellung von 3D-Renderings und die Best\u00e4tigung physischer Musterboxen, um die Kommunikationskosten zu senken.<\/li>\n<\/ul>\n<h2 id=\"-cooperation-guarantee-\"><strong>Garantie der Zusammenarbeit<\/strong><\/h2>\n<ul>\n<li><strong>16 Jahre Niederschlag in der Industrie<\/strong>: Wir betreuen mehr als 500 Kosmetikmarken, darunter OEM-Fabriken von Estee Lauder, Nischenduftmarken usw. und sind mit den Exportstandards f\u00fcr Geschenkverpackungen vertraut (z. B. Amazon FNSKU-Kennzeichnungsanforderungen).<\/li>\n<li><strong>Rundum sorglos nach dem Verkauf<\/strong>: Wir bieten After-Sales-Support, wie z. B. den Austausch von besch\u00e4digten Produkten und die Anpassung von Prozessen, und versprechen, innerhalb von 1 Jahr einen kostenlosen Archivierungsservice f\u00fcr Konstruktionsdateien anzubieten.<\/li>\n<\/ul>","protected":false},"excerpt":{"rendered":"<p>Diese 30ml-Parf\u00fcmflaschen-Geschenkbox wurde speziell f\u00fcr hochwertige Parf\u00fcmmarken entwickelt. Sie basiert auf dem Design der braunen Ausziehschachtel, die einfache \u00c4sthetik und praktische Funktionen vereint, und ist darauf ausgerichtet, das Markenimage und den Produktmehrwert durch exquisites Verpackungsdesign zu verbessern. Als Quellfabrik mit 16 Jahren Branchenerfahrung st\u00fctzen wir uns auf ein komplettes Lieferkettensystem, um kosteneffiziente, ma\u00dfgeschneiderte Dienstleistungen zu erbringen und das beste Gleichgewicht zwischen Qualit\u00e4t und Kosten zu gew\u00e4hrleisten.<\/p>","protected":false},"featured_media":9744,"template":"","meta":[],"product_brand":[],"product_cat":[30,417,31,426],"product_tag":[1259,1260,1261],"class_list":{"0":"post-9743","1":"product","2":"type-product","3":"status-publish","4":"has-post-thumbnail","6":"product_cat-by-industry","7":"product_cat-custom-perfume-boxes-by-industry","8":"product_cat-paper-box-style","9":"product_cat-paper-drawer-boxes","10":"product_tag-30ml-perfume-gift-boxes","11":"product_tag-custom-fragrances-boxes","12":"product_tag-gift-boxes-wholesale","14":"first","15":"instock","16":"shipping-taxable","17":"product-type-grouped"},"_links":{"self":[{"href":"https:\/\/zojopackaging.com\/de\/wp-json\/wp\/v2\/product\/9743","targetHints":{"allow":["GET"]}}],"collection":[{"href":"https:\/\/zojopackaging.com\/de\/wp-json\/wp\/v2\/product"}],"about":[{"href":"https:\/\/zojopackaging.com\/de\/wp-json\/wp\/v2\/types\/product"}],"version-history":[{"count":1,"href":"https:\/\/zojopackaging.com\/de\/wp-json\/wp\/v2\/product\/9743\/revisions"}],"predecessor-version":[{"id":9750,"href":"https:\/\/zojopackaging.com\/de\/wp-json\/wp\/v2\/product\/9743\/revisions\/9750"}],"wp:featuredmedia":[{"embeddable":true,"href":"https:\/\/zojopackaging.com\/de\/wp-json\/wp\/v2\/media\/9744"}],"wp:attachment":[{"href":"https:\/\/zojopackaging.com\/de\/wp-json\/wp\/v2\/media?parent=9743"}],"wp:term":[{"taxonomy":"product_brand","embeddable":true,"href":"https:\/\/zojopackaging.com\/de\/wp-json\/wp\/v2\/product_brand?post=9743"},{"taxonomy":"product_cat","embeddable":true,"href":"https:\/\/zojopackaging.com\/de\/wp-json\/wp\/v2\/product_cat?post=9743"},{"taxonomy":"product_tag","embeddable":true,"href":"https:\/\/zojopackaging.com\/de\/wp-json\/wp\/v2\/product_tag?post=9743"}],"curies":[{"name":"wp","href":"https:\/\/api.w.org\/{rel}","templated":true}]}}