{"id":9751,"date":"2025-04-03T17:18:56","date_gmt":"2025-04-03T09:18:56","guid":{"rendered":"https:\/\/zojopackaging.com\/?post_type=product&#038;p=9751"},"modified":"2025-04-03T17:39:50","modified_gmt":"2025-04-03T09:39:50","slug":"premium-cheap-custom-hair-extension-packaging-box-wholesale","status":"publish","type":"product","link":"https:\/\/zojopackaging.com\/de\/product\/premium-cheap-custom-hair-extension-packaging-box-wholesale\/","title":{"rendered":"Premium billig benutzerdefinierte Haarverl\u00e4ngerung Verpackung Box Gro\u00dfhandel"},"content":{"rendered":"<h2 id=\"-1-in-depth-customization-service-accurate-matching-of-brand-tone-\"><strong>1. Ausf\u00fchrlicher Anpassungsservice, genaue Abstimmung des Markentons<\/strong><\/h2>\n<ol>\n<li><strong>Volldimensionale Anpassung<\/strong>: Unterst\u00fctzung der flexiblen Anpassung der Verpackungsbox\u00a0<strong>Gr\u00f6\u00dfe, Struktur (Boden und Bodenklappe\/Klappdeckel\/Schubladenbox), Druckverfahren (Hei\u00dfpr\u00e4gung\/UV\/Pr\u00e4gung)<\/strong>\u00a0je nach Markenpositionierung, Produktgr\u00f6\u00dfe und Budgetanforderungen und bieten einen Service aus einer Hand, vom Design bis zur Massenproduktion.<\/li>\n<li><strong>Patentierter Magnetverschluss<\/strong>: \u00dcbernahme von\u00a0<strong>patentierte Magnetsaugkasten-Technologie<\/strong>Der Deckel des Kartons hat eingebaute Magnete mit hoher Adsorptionskraft, die sich leicht \u00f6ffnen und schlie\u00dfen lassen und eine starke Abdichtung bieten. Dadurch wird der Schmerzpunkt herk\u00f6mmlicher Schnallenk\u00e4sten, die sich leicht l\u00f6sen, vermieden und das Gef\u00fchl des Benutzers beim Auspacken verbessert.<\/li>\n<li><strong>Kombination von \u00c4sthetik und Handwerkskunst<\/strong>:<\/li>\n<li><strong>Grasgr\u00fcn als Hauptfarbe<\/strong>: W\u00e4hlen Sie die Pantone-Standardfarbnummer, unterst\u00fctzen Sie die Feinabstimmung auf das markenexklusive Gr\u00fcn und passen Sie die matte Laminiertechnologie an, um eine nat\u00fcrliche Textur und eine hohe visuelle Einheitlichkeit zu pr\u00e4sentieren.<\/li>\n<li><strong>Internes Hei\u00dfpr\u00e4geverfahren<\/strong>: Der Text\/LOGO in der Schachtel ist hei\u00df gepr\u00e4gt und zeigt unter der Lichtquelle einen zarten Metallglanz, der das Gef\u00fchl von Luxus auf eine zur\u00fcckhaltende Art und Weise verst\u00e4rkt, die zur hochwertigen Positionierung der Haarverl\u00e4ngerungsprodukte passt.<\/li>\n<\/ol>\n<h2 id=\"-second-high-standard-materials-and-protective-structures-to-ensure-product-safety-\"><strong>2. Hochwertige Materialien und Schutzstrukturen zur Gew\u00e4hrleistung der Produktsicherheit<\/strong><\/h2>\n<ol>\n<li><strong>Kernmaterial-Kombination<\/strong>:<\/li>\n<li><strong>1200 GSM Graukarton<\/strong>: Hochgewichtige Graupappe bietet eine superstarke Druckfestigkeit. Es wurde getestet, um mehr als 15 kg zu tragen, geeignet f\u00fcr Langstreckentransport und Stapellagerung.<\/li>\n<li><strong>157 GSM gestrichenes Papier<\/strong>: Die Oberfl\u00e4che ist mit einer matten Folie oder einem partiellen UV-Verfahren beschichtet, mit einer feinen Haptik und einer Druckfarbs\u00e4ttigung von mehr als 95%, wobei sowohl die optische Sch\u00f6nheit als auch die Verschlei\u00dffestigkeit ber\u00fccksichtigt werden.<\/li>\n<li><strong>Pr\u00e4ziser Schutz der Auskleidung<\/strong>:<\/li>\n<li><strong>Gestanzte und geformte EVA\/Schwamm-Innenauflage<\/strong>: Durch die CNC-Stanztechnik ist die Form des Haarverl\u00e4ngerungsprodukts genau angepasst, und die Pufferleistung erreicht 90% der Schlagfestigkeit des Industriestandards, um Reibung und Verformung der Haare zu verhindern.<\/li>\n<li><strong>Lagenweise abnehmbare Ausf\u00fchrung<\/strong>: Unterst\u00fctzt eine einlagige oder mehrlagige Auskleidungsstruktur, passt sich den Bed\u00fcrfnissen von Kombinationsverpackungen mit mehreren Kategorien an, wie z. B. Haarteile und Pflegesets, und verbessert die Raumnutzung.<\/li>\n<\/ol>\n<h2 id=\"-third-supply-chain-advantages-and-quality-control-guarantee-cost-reduction-of-20-\"><strong>3. Lieferkette Vorteile und Qualit\u00e4tskontrolle Garantie, Kostenreduzierung von 20%<\/strong><\/h2>\n<ol>\n<li><strong>Direkte Lieferung von der Ursprungsfabrik<\/strong>: Mit einer eigenen 5.000 Quadratmeter gro\u00dfen Produktionsst\u00e4tte und einer integrierten Lieferkette werden die Preisunterschiede der Zwischenh\u00e4ndler beseitigt,\u00a0<strong>der St\u00fcckpreis bei Gro\u00dfbestellungen liegt 20% unter dem Marktpreis<\/strong>und unterst\u00fctzt eine Mindestbestellmenge von 1.000 St\u00fcck.<\/li>\n<li><strong>Strenges Qualit\u00e4tskontrollsystem<\/strong>: Umsetzung der Qualit\u00e4tsmanagementnormen nach ISO 9001 und Durchf\u00fchrung von Pr\u00fcfungen des gesamten Prozesses, von den Rohstoffen bis zu den Endprodukten, um die Konsistenz der Chargen zu gew\u00e4hrleisten.<\/li>\n<li><strong>Schnelle Lieferf\u00e4higkeit<\/strong>: Regul\u00e4re Bestellungen werden innerhalb von 7 Tagen geliefert, und Eilauftr\u00e4ge werden in nur 3 Tagen erledigt. Das Unternehmen verf\u00fcgt \u00fcber eine spezielle Logistik und Echtzeit-Tracking-Services, um eine stabile Versorgung w\u00e4hrend der Hochsaison zu gew\u00e4hrleisten.<\/li>\n<\/ol>\n<h2 id=\"-fourth-brand-value-empowerment-and-scenario-application-\"><strong>4. St\u00e4rkung des Markenwerts und Anwendung des Szenarios<\/strong><\/h2>\n<ol>\n<li><strong>Optische Aufwertung der Marke<\/strong>: Die Oberfl\u00e4che der Schachtel kann mit einem Markenlogo, einem Slogan oder einem k\u00fcnstlerischen Muster bedruckt werden und unterst\u00fctzt den Pantone-Druck in Sonderfarben, um die Erinnerungswerte der Verbraucher zu verbessern.<\/li>\n<li><strong>Umweltschutz und soziale Verantwortung<\/strong>: Es verwendet FSC-zertifizierten Graukarton und Druckfarben auf Wasserbasis, die den EU-RoHS-Normen entsprechen und Marken dabei helfen, gr\u00fcne und nachhaltige Konzepte zu vermitteln.<\/li>\n<li><strong>Anpassung an mehrere Szenarien<\/strong>: Anwendbar f\u00fcr Haarverl\u00e4ngerungen, Pflegesets mit \u00e4therischen \u00d6len, hochwertige Friseurwerkzeuge und andere Produkte, die den Verpackungsanforderungen von E-Commerce, Offline-Schaltern und grenz\u00fcberschreitenden Exporten entsprechen.<\/li>\n<\/ol>\n<h2 id=\"-v-transparent-and-efficient-cooperation-process-\"><strong>5. Transparenter und effizienter Kooperationsprozess<\/strong><\/h2>\n<ol>\n<li><strong>Kommunikation nachfragen<\/strong>: Stellen Sie uns Ihre Produktgr\u00f6\u00dfe oder Muster zur Verf\u00fcgung, und Sie erhalten kostenlos 3D-Renderings und Angebote.<\/li>\n<li><strong>Best\u00e4tigung der Korrekturen<\/strong>: Vollst\u00e4ndige Musterproduktion innerhalb von 3 Tagen, Unterst\u00fctzung bei der Anpassung von Prozessdetails (z. B. magnetische Saugst\u00e4rke, Feinabstimmung der Hei\u00dfpr\u00e4geposition).<\/li>\n<li><strong>Massenproduktion<\/strong>: Anzahlung 30%, um mit der Produktion zu beginnen, und Versand innerhalb von 48 Stunden nach Begleichung des Restbetrags.<\/li>\n<\/ol>","protected":false},"excerpt":{"rendered":"<p>Unvergessliches Unboxing: Poetisches Sommerthema schafft emotionale Bindung.<br \/>\nHaltbarkeit f\u00fcr den Einzelhandel: Sch\u00fctzt empfindliche Haarteile beim Versand\/Lagerung.<br \/>\nIndividuelle Vielseitigkeit: F\u00fcgen Sie Logos, Farben oder Auskleidungen hinzu, um sich von der Masse abzuheben.<br \/>\nEffizienz im Gro\u00dfhandel: Leichtes und dennoch robustes Design reduziert die Logistikkosten.<\/p>","protected":false},"featured_media":9752,"template":"","meta":[],"product_brand":[],"product_cat":[30,421,424,31],"product_tag":[1262,878,1263],"class_list":{"0":"post-9751","1":"product","2":"type-product","3":"status-publish","4":"has-post-thumbnail","6":"product_cat-by-industry","7":"product_cat-custom-hair-extension-boxes","8":"product_cat-magnetic-closure-boxes","9":"product_cat-paper-box-style","10":"product_tag-custom-hair-extension-box","11":"product_tag-hair-extension-packaging","12":"product_tag-premium-hair-extension-packaging-wholesale","14":"first","15":"instock","16":"shipping-taxable","17":"product-type-grouped"},"_links":{"self":[{"href":"https:\/\/zojopackaging.com\/de\/wp-json\/wp\/v2\/product\/9751","targetHints":{"allow":["GET"]}}],"collection":[{"href":"https:\/\/zojopackaging.com\/de\/wp-json\/wp\/v2\/product"}],"about":[{"href":"https:\/\/zojopackaging.com\/de\/wp-json\/wp\/v2\/types\/product"}],"version-history":[{"count":1,"href":"https:\/\/zojopackaging.com\/de\/wp-json\/wp\/v2\/product\/9751\/revisions"}],"predecessor-version":[{"id":9757,"href":"https:\/\/zojopackaging.com\/de\/wp-json\/wp\/v2\/product\/9751\/revisions\/9757"}],"wp:featuredmedia":[{"embeddable":true,"href":"https:\/\/zojopackaging.com\/de\/wp-json\/wp\/v2\/media\/9752"}],"wp:attachment":[{"href":"https:\/\/zojopackaging.com\/de\/wp-json\/wp\/v2\/media?parent=9751"}],"wp:term":[{"taxonomy":"product_brand","embeddable":true,"href":"https:\/\/zojopackaging.com\/de\/wp-json\/wp\/v2\/product_brand?post=9751"},{"taxonomy":"product_cat","embeddable":true,"href":"https:\/\/zojopackaging.com\/de\/wp-json\/wp\/v2\/product_cat?post=9751"},{"taxonomy":"product_tag","embeddable":true,"href":"https:\/\/zojopackaging.com\/de\/wp-json\/wp\/v2\/product_tag?post=9751"}],"curies":[{"name":"wp","href":"https:\/\/api.w.org\/{rel}","templated":true}]}}