{"id":9758,"date":"2025-04-03T17:40:05","date_gmt":"2025-04-03T09:40:05","guid":{"rendered":"https:\/\/zojopackaging.com\/?post_type=product&#038;p=9758"},"modified":"2025-04-03T18:36:02","modified_gmt":"2025-04-03T10:36:02","slug":"customizable-luxury-mini-10ml-perfume-drawer-boxes-supplier","status":"publish","type":"product","link":"https:\/\/zojopackaging.com\/de\/product\/customizable-luxury-mini-10ml-perfume-drawer-boxes-supplier\/","title":{"rendered":"Anpassbare Luxus Mini 10ml Parf\u00fcm Schublade Boxen Lieferant"},"content":{"rendered":"<h2 id=\"1-full-link-customization-service-\">1.\u00a0<strong>Vollst\u00e4ndiger Link-Anpassungsdienst<\/strong><\/h2>\n<ul>\n<li><strong>Flexible Gr\u00f6\u00dfe<\/strong>: unterst\u00fctzt die individuelle Anpassung von Schubladenboxen von 10ml-Mini-Flaschen bis zu 50ml-Standardflaschen, mit einer Innendurchmessergenauigkeit von \u00b10,5mm<\/li>\n<li><strong>Prozess-Kombination<\/strong>12 Oberfl\u00e4chenbehandlungsverfahren wie Hei\u00dfpr\u00e4gen\/UV\/Embossing\/Embossing, die interaktive Designs wie magnetisches \u00d6ffnen und Schlie\u00dfen und Bandzug integrieren k\u00f6nnen<\/li>\n<li><strong>Implantation von Markenelementen<\/strong>: LOGO kann auf dem Schachteldeckel, dem Innenfutter oder der Auszugsschiene individuell gestaltet werden und unterst\u00fctzt Pantone-Spot-Farbdruck<\/li>\n<\/ul>\n<h2 id=\"2-black-and-gold-aesthetic-design-\">2.\u00a0<strong>\u00c4sthetisches Design in Schwarz und Gold<\/strong><\/h2>\n<ul>\n<li><strong>Material<\/strong>: 120GSM doppelseitiger transparenter schwarzer Karton auf der \u00e4u\u00dferen Schicht, 1200GSM Graupappe auf der inneren Schicht, mit einer Druckfestigkeit von 50kg\/\u33a1.<\/li>\n<li><strong>Struktur<\/strong>: Dreilagige Schichtung im Stil einer Schublade,<\/li>\n<li><strong>Ber\u00fchren Sie<\/strong>: matte Folie auf der Oberfl\u00e4che + teilweise Hei\u00dfpr\u00e4gung Gold, Anti-Fingerabdruck und verbessern das Gef\u00fchl des \u00d6ffnens der Box<\/li>\n<\/ul>\n<h2 id=\"3-precision-protection-system-\">3.\u00a0<strong>Pr\u00e4zisionsschutzsystem<\/strong><\/h2>\n<ul>\n<li><strong>Innenfutter<\/strong>: 3mm EVA-Schwamm gestanzte innere Schale, Anti-Schock-Rille entwickelt, um die Flasche Form, Falltest bestanden 1,2m H\u00f6he<\/li>\n<li><strong>Konstruktion der Bewehrung<\/strong>: Die Schubladenschiene besteht aus PETG-Kunststoff und hat eine Lebensdauer von mehr als 5.000 Mal und eine Tragf\u00e4higkeit von 2 kg.<\/li>\n<li><strong>Verpackungsprozess<\/strong>: Lebensmittelgerechte Schmelzklebstoffverklebung, keine Verformung in -20\u2103~60\u2103 Umgebung<\/li>\n<\/ul>\n<h2 id=\"-supply-chain-guarantee-\"><strong>Garantie der Lieferkette<\/strong><\/h2>\n<ul>\n<li><strong>Produktionszyklus<\/strong>: 3 Tage f\u00fcr den Korrekturabzug, 7-14 Tage f\u00fcr die Massenproduktion, Unterst\u00fctzung f\u00fcr Eilauftr\u00e4ge<\/li>\n<li><strong>System der Qualit\u00e4tskontrolle<\/strong>: Vollst\u00e4ndige AI-Sichtpr\u00fcfung, Fehler im Schl\u00fcsselprozess \u22640,1 mm<\/li>\n<li><strong>Kostenoptimierung<\/strong>: Schwarze Pappe direkt von der eigenen Zellstofffabrik geliefert, 15%-20% niedriger als die der Mitbewerber<\/li>\n<\/ul>\n<h2 id=\"-application-scenario-\"><strong>Anwendungsszenario<\/strong><\/h2>\n<ul>\n<li>Luxuri\u00f6ses Parf\u00fcm f\u00fcr den Urlaub in limitierter Auflage<\/li>\n<li>Ma\u00dfgeschneidertes Ersatzteilset f\u00fcr gehobene Hotels<\/li>\n<li>Star-Produkt-Display in Gesch\u00e4ften f\u00fcr Sch\u00f6nheitskollektionen<\/li>\n<\/ul>","protected":false},"excerpt":{"rendered":"<p>\u2728<strong>Luxus-Appeal<\/strong>\u00a0- Die mattschwarze Oberfl\u00e4che und die klaren Linien unterstreichen das Prestige der Marke.<br \/>\n\u2728<strong>Ma\u00dfgeschneidertes Branding<\/strong>\u00a0- Platz f\u00fcr Logos oder Grafiken zur Steigerung der Wiedererkennung.<br \/>\n\u2728<strong>Sch\u00fctzende Struktur<\/strong>\u00a0- Sto\u00dfd\u00e4mpfende Eins\u00e4tze verhindern Auslaufen oder Besch\u00e4digung.<br \/>\n\u2728<strong>Skalierbare Auftr\u00e4ge<\/strong>\u00a0- Kosteng\u00fcnstig f\u00fcr kleine Chargen oder den Gro\u00dfhandel mit hohen St\u00fcckzahlen.<br \/>\n\u2728<strong>Umweltbewusst<\/strong>\u00a0- Recycelbare Materialien stehen im Einklang mit nachhaltigen Markenzielen.<\/p>","protected":false},"featured_media":9759,"template":"","meta":[],"product_brand":[],"product_cat":[30,417,428,31],"product_tag":[1265,1266,1264],"class_list":{"0":"post-9758","1":"product","2":"type-product","3":"status-publish","4":"has-post-thumbnail","6":"product_cat-by-industry","7":"product_cat-custom-perfume-boxes-by-industry","8":"product_cat-irregular-shaped-gift-boxes","9":"product_cat-paper-box-style","10":"product_tag-10ml-perfume-boxes-supplier","11":"product_tag-customizable-perfume-boxes","12":"product_tag-perfume-drawer-boxes","14":"first","15":"instock","16":"shipping-taxable","17":"product-type-grouped"},"_links":{"self":[{"href":"https:\/\/zojopackaging.com\/de\/wp-json\/wp\/v2\/product\/9758","targetHints":{"allow":["GET"]}}],"collection":[{"href":"https:\/\/zojopackaging.com\/de\/wp-json\/wp\/v2\/product"}],"about":[{"href":"https:\/\/zojopackaging.com\/de\/wp-json\/wp\/v2\/types\/product"}],"version-history":[{"count":1,"href":"https:\/\/zojopackaging.com\/de\/wp-json\/wp\/v2\/product\/9758\/revisions"}],"predecessor-version":[{"id":9765,"href":"https:\/\/zojopackaging.com\/de\/wp-json\/wp\/v2\/product\/9758\/revisions\/9765"}],"wp:featuredmedia":[{"embeddable":true,"href":"https:\/\/zojopackaging.com\/de\/wp-json\/wp\/v2\/media\/9759"}],"wp:attachment":[{"href":"https:\/\/zojopackaging.com\/de\/wp-json\/wp\/v2\/media?parent=9758"}],"wp:term":[{"taxonomy":"product_brand","embeddable":true,"href":"https:\/\/zojopackaging.com\/de\/wp-json\/wp\/v2\/product_brand?post=9758"},{"taxonomy":"product_cat","embeddable":true,"href":"https:\/\/zojopackaging.com\/de\/wp-json\/wp\/v2\/product_cat?post=9758"},{"taxonomy":"product_tag","embeddable":true,"href":"https:\/\/zojopackaging.com\/de\/wp-json\/wp\/v2\/product_tag?post=9758"}],"curies":[{"name":"wp","href":"https:\/\/api.w.org\/{rel}","templated":true}]}}