{"id":9766,"date":"2025-04-03T18:36:11","date_gmt":"2025-04-03T10:36:11","guid":{"rendered":"https:\/\/zojopackaging.com\/?post_type=product&#038;p=9766"},"modified":"2025-04-07T14:29:51","modified_gmt":"2025-04-07T06:29:51","slug":"custom-premium-watch-magnetic-closure-rigid-boxes-wholesale","status":"publish","type":"product","link":"https:\/\/zojopackaging.com\/de\/product\/custom-premium-watch-magnetic-closure-rigid-boxes-wholesale\/","title":{"rendered":"Benutzerdefinierte Premium-Uhr magnetischen Verschluss starren Boxen Gro\u00dfhandel"},"content":{"rendered":"<h2 id=\"-i-core-selling-points-of-the-product-\"><strong>1. Die wichtigsten Verkaufsargumente f\u00fcr das Produkt<\/strong><\/h2>\n<ol>\n<li><strong>Elegantes Aussehen Design<\/strong>\u00a0Die Hauptfarbe ist tiefblau, mit einer Flip-Top-Magnetverschluss-Struktur, einfachen und glatten Linien, und die Kombination aus matter und gl\u00e4nzender Handwerkskunst verbessert die visuelle Schichtung und vermittelt High-End-Gesch\u00e4ft und k\u00fcnstlerische \u00c4sthetik. Das Geh\u00e4use besteht aus hartem, umweltfreundlichem Karton, und die Oberfl\u00e4che ist mit speziellem Touch-Papier \u00fcberzogen, das sowohl verschlei\u00dffest ist als auch sich zart anf\u00fchlt und den Anforderungen unterschiedlicher Markentonalit\u00e4ten gerecht wird.<\/li>\n<li><strong>Professioneller Futterschutz<\/strong>\u00a0Das Innenfutter besteht aus hochreinem schwarzem EVA-Material, das im Pr\u00e4zisionsstanzverfahren perfekt an die Kontur der Uhr angepasst wird und eine \"sch\u00fctzende Panzerstruktur\" bildet. Die hohen Reflexionseigenschaften verbessern den visuellen Kontrast erheblich, wodurch die Zifferblattstruktur, die Armbandverbindung und andere Details klar und dreidimensional erscheinen.<\/li>\n<li><strong>Steigerung des Markenwerts<\/strong>\u00a0Die gesamte Verpackung vermittelt die hochwertige und differenzierte Tonalit\u00e4t der Marke durch die Abstimmung der Materialien (z. B. Hei\u00dfpr\u00e4gung des LOGO, spezielle Papierstruktur) und Prozessdetails (UV-Glanzoberfl\u00e4che, Pr\u00e4gedruck). Das klassische blau-schwarze Farbschema in Kombination mit dem reflektierenden Effekt des EVA-Futters verst\u00e4rkt die visuelle Wirkung der Produktpr\u00e4sentation und hilft den Marken, sich auf E-Commerce-Plattformen (z. B. Amazon, unabh\u00e4ngige Websites) und Offline-Kan\u00e4len abzuheben.<\/li>\n<\/ol>\n<h2 id=\"-second-customized-service-advantages-\"><strong>2. Ma\u00dfgeschneiderter Service Vorteile<\/strong><\/h2>\n<ol>\n<li><strong>Flexibler Anpassungsbedarf<\/strong>\u00a0Unterst\u00fctzt eine volldimensionale Anpassung, die Gr\u00f6\u00dfenangaben (Standard\/Nicht-Standard), Prozessauswahl (Magnetverschlussst\u00e4rke, Oberfl\u00e4chenbeschaffenheit), Farbanpassung (genaue Wiederherstellung der Pantone-Farbnummern) usw. umfasst. Zum Beispiel kann die Struktur des Futters f\u00fcr quadratische, runde oder speziell geformte Uhren angepasst werden, um sich dem Layout mit einem oder mehreren Tischen anzupassen.<\/li>\n<li><strong>Prozess- und Qualit\u00e4tssicherung<\/strong><\/li>\n<li><strong>Genauigkeit beim Stanzen<\/strong>: Durch den Einsatz von CNC-Stanztechnik wird sichergestellt, dass der Fehler zwischen der EVA-Auskleidung und der Produktkontur weniger als 0,1 mm betr\u00e4gt;<\/li>\n<li><strong>Stabilit\u00e4t des Materials<\/strong>: Das EVA-Material hat Tests zur Witterungsbest\u00e4ndigkeit und chemischen Stabilit\u00e4t bestanden und ist f\u00fcr extreme Umgebungen wie hohe Temperaturen und Feuchtigkeit geeignet;<\/li>\n<li><strong>System der Qualit\u00e4tskontrolle<\/strong>: Befolgung der ISO-Qualit\u00e4tsmanagementnormen w\u00e4hrend des gesamten Prozesses, von der Pr\u00fcfung des Rohmaterials auf Umweltvertr\u00e4glichkeit (ROHS-konform) bis zur Pr\u00fcfung der Kompression des Endprodukts, um die Konsistenz der Chargen zu gew\u00e4hrleisten.<\/li>\n<\/ol>\n<h2 id=\"-iii-supply-chain-and-cost-advantages-\"><strong>3. Lieferkette und Kostenvorteile<\/strong><\/h2>\n<ol>\n<li><strong>St\u00e4rke der Quellenfabrik<\/strong>\u00a0Mit 16 Jahren Branchenerfahrung, der Nutzung der ausgereiften Industriekette von Dongguan\/Shenzhen und der Integration der Ressourcen der gesamten Kette von der Materialbeschaffung \u00fcber die Formenentwicklung bis hin zur Produktion und Verarbeitung haben wir eine umfassende Kostenkontrolle erreicht. So liegt beispielsweise der Preis \u00e4hnlicher Produkte 15%-20% unter dem durchschnittlichen Marktpreis und unterst\u00fctzt eine Mindestbestellmenge von 500 St\u00fcck, was den Bed\u00fcrfnissen von Start-up-Marken und gro\u00dfvolumigen Beschaffungen entgegenkommt.<\/li>\n<li><strong>Effiziente Lieferf\u00e4higkeit<\/strong><\/li>\n<li><strong>Prototyping-Zyklus<\/strong>: Physische Muster werden innerhalb von 3-5 Arbeitstagen geliefert;<\/li>\n<li><strong>Zeit der Massenproduktion<\/strong>: Normale Auftr\u00e4ge werden innerhalb von 15-20 Tagen geliefert, und dringende Bed\u00fcrfnisse k\u00f6nnen beschleunigte Kan\u00e4le koordinieren;<\/li>\n<li><strong>Globale Logistik<\/strong>: Unterst\u00fctzung von grenz\u00fcberschreitenden Exportlieferungen, die wichtige M\u00e4rkte wie Europa, Amerika und S\u00fcdostasien abdecken.<\/li>\n<\/ol>\n<h2 id=\"-iv-cooperation-process-and-guarantee-\"><strong>4. Kooperationsprozess und Garantie<\/strong><\/h2>\n<ol>\n<li><strong>Serviceverpflichtung<\/strong><\/li>\n<li><strong>After-Sales-Garantie<\/strong>: Versicherung der R\u00fcckfracht und Verpflichtung zur Qualit\u00e4tsentsch\u00e4digung;<\/li>\n<li><strong>Technische Antwort<\/strong>: Ein exklusives Kundendienstteam betreut Sie w\u00e4hrend des gesamten Prozesses und l\u00f6st technische Probleme innerhalb von 48 Stunden.<\/li>\n<li><strong>Prozess der Zusammenarbeit<\/strong>\u00a0<strong>Bedarfskommunikation \u2192 Entwurfspr\u00fcfung \u2192 Produktionsbest\u00e4tigung \u2192 Qualit\u00e4tspr\u00fcfung und Lieferung<\/strong><\/li>\n<\/ol>","protected":false},"excerpt":{"rendered":"<ul>\n<li><strong>Hochwertige Uhrenmarke<\/strong>: Verst\u00e4rken Sie die Luxuspositionierung durch die blaue Magnetbox mit schwarzem EVA-Futter;<\/li>\n<li><strong>Intelligentes, tragbares Ger\u00e4t<\/strong>: Geeignet f\u00fcr Kinderuhren, intelligente Armb\u00e4nder usw., die Struktur des Innenfutters ist mit dem Schutzbedarf der elektronischen Komponenten kompatibel;<\/li>\n<li><strong>Grenz\u00fcberschreitender elektronischer Handel<\/strong>: Erf\u00fcllen Sie die Amazon FBA-Verpackungsstandards und reduzieren Sie die Transportverlustrate durch den Kompressionstest.<\/li>\n<\/ul>","protected":false},"featured_media":9774,"template":"","meta":[],"product_brand":[],"product_cat":[30,413,424,31],"product_tag":[1269,1267,1268],"class_list":{"0":"post-9766","1":"product","2":"type-product","3":"status-publish","4":"has-post-thumbnail","6":"product_cat-by-industry","7":"product_cat-consumer-electronics-boxes","8":"product_cat-magnetic-closure-boxes","9":"product_cat-paper-box-style","10":"product_tag-custom-watch-boxes-wholesale","11":"product_tag-watch-magnetic-closure-boxes","12":"product_tag-watch-rigid-boxes","14":"first","15":"instock","16":"shipping-taxable","17":"product-type-grouped"},"_links":{"self":[{"href":"https:\/\/zojopackaging.com\/de\/wp-json\/wp\/v2\/product\/9766","targetHints":{"allow":["GET"]}}],"collection":[{"href":"https:\/\/zojopackaging.com\/de\/wp-json\/wp\/v2\/product"}],"about":[{"href":"https:\/\/zojopackaging.com\/de\/wp-json\/wp\/v2\/types\/product"}],"version-history":[{"count":3,"href":"https:\/\/zojopackaging.com\/de\/wp-json\/wp\/v2\/product\/9766\/revisions"}],"predecessor-version":[{"id":9781,"href":"https:\/\/zojopackaging.com\/de\/wp-json\/wp\/v2\/product\/9766\/revisions\/9781"}],"wp:featuredmedia":[{"embeddable":true,"href":"https:\/\/zojopackaging.com\/de\/wp-json\/wp\/v2\/media\/9774"}],"wp:attachment":[{"href":"https:\/\/zojopackaging.com\/de\/wp-json\/wp\/v2\/media?parent=9766"}],"wp:term":[{"taxonomy":"product_brand","embeddable":true,"href":"https:\/\/zojopackaging.com\/de\/wp-json\/wp\/v2\/product_brand?post=9766"},{"taxonomy":"product_cat","embeddable":true,"href":"https:\/\/zojopackaging.com\/de\/wp-json\/wp\/v2\/product_cat?post=9766"},{"taxonomy":"product_tag","embeddable":true,"href":"https:\/\/zojopackaging.com\/de\/wp-json\/wp\/v2\/product_tag?post=9766"}],"curies":[{"name":"wp","href":"https:\/\/api.w.org\/{rel}","templated":true}]}}