{"id":9782,"date":"2025-04-03T19:52:52","date_gmt":"2025-04-03T11:52:52","guid":{"rendered":"https:\/\/zojopackaging.com\/?post_type=product&#038;p=9782"},"modified":"2025-04-03T20:32:06","modified_gmt":"2025-04-03T12:32:06","slug":"wholesale-custom-luxury-candle-gift-rigid-packaging-boxes","status":"publish","type":"product","link":"https:\/\/zojopackaging.com\/de\/product\/wholesale-custom-luxury-candle-gift-rigid-packaging-boxes\/","title":{"rendered":"Gro\u00dfhandel benutzerdefinierte Luxus Kerze Geschenk starre Verpackung Boxen"},"content":{"rendered":"<h2 id=\"-1-design-of-the-top-and-bottom-cover-structure-simple-and-efficient-exquisite-craftsmanship-\"><strong>1. Design der oberen und unteren Abdeckung Struktur: einfach und effizient, exquisite Handwerkskunst<\/strong><\/h2>\n<p>Dieses Produkt verwendet die klassische Struktur der oberen und unteren Abdeckung, die aus zwei Teilen besteht: der oberen Abdeckung und dem unteren Kasten. Es gibt keine komplexen Verbindungsteile, die Struktur ist stabil und das \u00d6ffnen und Schlie\u00dfen erfolgt reibungslos. Das Design folgt dem Konzept der \"minimalistischen \u00c4sthetik\" und erreicht\u00a0<strong>mehr als 95% Materialausnutzung<\/strong>\u00a0durch pr\u00e4zises Schneiden und Falten der Form, wodurch die Verschwendung von Ausschuss reduziert wird. Das Formen des oberen und unteren Deckels wird durch eine integrierte vollautomatische Rill- und Hei\u00dfpr\u00e4gemaschine vervollst\u00e4ndigt, um sicherzustellen, dass die Linien des Schachtelk\u00f6rpers steif und die Kanten klar sind, w\u00e4hrend der Produktionsprozess vereinfacht und die Kosten f\u00fcr manuelle Eingriffe reduziert werden.<\/p>\n<h2 id=\"-2-special-paper-material-luxurious-touch-brand-empowerment-\"><strong>2. Spezielles Papiermaterial: luxuri\u00f6ser Touch, St\u00e4rkung der Marke<\/strong><\/h2>\n<p>Der Verpackungskarton verwendet\u00a0<strong>Junma Ice White Perlglanzpapier<\/strong>\u00a0und\u00a0<strong>Einfacher Laser Gold- und Silberkarton<\/strong>\u00a0zwei Arten von Spezialpapiersubstraten mit den folgenden Hauptvorteilen:<\/p>\n<ul>\n<li><strong>Visueller Luxus<\/strong>: Die Oberfl\u00e4che des Perlglanzpapiers ist mit mikrongro\u00dfen Perlglanzpartikeln besetzt, die eine frostige Textur und einen Farbverlauf aufweisen; der Laser-Gold- und -Silberkarton verwendet die Verbund-Aluminiumfolien-Technologie, um einen Spiegel-Licht-S\u00e4ulen-Effekt zu erzeugen, der f\u00fcr den Ton von leichten Luxus- und High-End-Marken geeignet ist.<\/li>\n<li><strong>Taktile Erfahrung<\/strong>: Die Oberfl\u00e4che des Papiers ist gepr\u00e4gt, so dass eine feine\u00a0<strong>gepr\u00e4gte Texturlinien<\/strong>\u00a0(optionales Weizenohrmuster, Marmormuster, Ledermuster usw.), was die Reibung und das taktile Feedback beim Halten verbessert.<\/li>\n<li><strong>Dauerhaftigkeit<\/strong>: Die UV-Beschichtung und die gl\u00e4nzende Laminierungstechnologie sind wasserdicht und witterungsbest\u00e4ndig, und die Kratzfestigkeit wurde durch 300% verbessert, was f\u00fcr den Transport und die Pr\u00e4sentation \u00fcber lange Strecken geeignet ist.<\/li>\n<\/ul>\n<h2 id=\"-three-light-yellow-tone-emotional-healing-scene-adaptation-\"><strong>Drei, hellgelber Ton: emotionale Heilung, Szenenanpassung<\/strong><\/h2>\n<p>Die Hauptfarbe des Kastenk\u00f6rpers ist\u00a0<strong>Pantone 13-0647 helles G\u00e4nsebl\u00fcmchengelb<\/strong>die auf den Forschungsergebnissen der Farbpsychologie basieren:<\/p>\n<ul>\n<li><strong>Linderung von \u00c4ngsten<\/strong>: Gelb mit niedriger S\u00e4ttigung kann die parasympathischen Nerven aktivieren, die Herzfrequenz und den Blutdruck senken, eine warme und entspannende Atmosph\u00e4re schaffen und zu den heilenden Eigenschaften von Aromatherapiekerzen passen.<\/li>\n<li><strong>Vergn\u00fcgen steigern<\/strong>: Durch das lokale UV-Verfahren \u00fcberlagern sich matte und gl\u00e4nzende Effekte, so dass unter der Lichtbrechung ein weicher Lichthof entsteht, der das Gef\u00fchl des \u00d6ffnens der Schachtel und den emotionalen Wert f\u00fcr die Verbraucher verst\u00e4rkt.<\/li>\n<\/ul>\n<h2 id=\"-fourth-in-depth-customization-service-accurately-match-brand-needs-\"><strong>Viertens: Ausf\u00fchrlicher Anpassungsservice: Genaue Erf\u00fcllung der Markenanforderungen<\/strong><\/h2>\n<p>Wir bieten\u00a0<strong>volldimensionale Anpassungsl\u00f6sungen<\/strong>:<\/p>\n<ol>\n<li><strong>Angaben zur Gr\u00f6\u00dfe<\/strong>: Unterst\u00fctzung jeder Gr\u00f6\u00dfenanpassung, kompatibel mit s\u00e4ulenf\u00f6rmigen und speziell geformten Kerzenbeh\u00e4ltern.<\/li>\n<li><strong>Prozess-Kombination<\/strong>Optionales Hei\u00dfpr\u00e4gen\/Silber, Laseraush\u00f6hlung, Pr\u00e4gung, lokale UV-Bestrahlung und weitere 20+ Verfahren, die die individuelle Einbettung von Markenlogos unterst\u00fctzen.<\/li>\n<li><strong>Zusammenarbeit bei der Gestaltung<\/strong>Kostenlose 3D-Renderings und physische Probedrucke (3 Arbeitstage), Unterst\u00fctzung von intelligenter Farbanpassung und struktureller Optimierung, um sicherzustellen, dass zwischen dem Designentwurf und dem fertigen Produkt keine Fehler auftreten.<\/li>\n<\/ol>\n<h2 id=\"-five-seismic-lining-system-precise-protection-zero-error-adaptation-\"><strong>F\u00fcnf, seismisches Auskleidungssystem: pr\u00e4ziser Schutz, Null-Fehler-Anpassung<\/strong><\/h2>\n<p>Das Futter nimmt\u00a0<strong>Verbundstruktur aus EVA-Schwamm und Wellpappe<\/strong>und erreicht einen Rundumschutz durch die folgenden Technologien:<\/p>\n<ul>\n<li><strong>Laser-Kartierung<\/strong>Die vom Kunden zur Verf\u00fcgung gestellten Daten des 3D-Kerzenmodells erm\u00f6glichen die automatische Generierung der Schneidebahn f\u00fcr die Auskleidung, wobei der Fehler auf \u00b10,2 mm begrenzt ist.<\/li>\n<li><strong>Modularer Aufbau<\/strong>: Das herausnehmbare, geteilte Innenfutter erm\u00f6glicht die Platzierung mehrerer Kerzen und eignet sich f\u00fcr Weihnachtsgeschenkboxen, Serienproduktsets und andere Szenarien.<\/li>\n<li><strong>Pr\u00fcfung der Schlagfestigkeit<\/strong>: Nach dem ISTA 3A-Standard simulierten Transport-Test, kann es einen 50cm Fall und -20\u2103 bis 60\u2103 Temperatur und Feuchtigkeit Zyklus zu widerstehen, und die Bruchrate ist weniger als 0,1%.<\/li>\n<\/ul>\n<h2 id=\"-six-smart-manufacturing-strength-and-delivery-guarantee-\"><strong>Sechs, intelligente Fertigungsst\u00e4rke und Liefergarantie<\/strong><\/h2>\n<ul>\n<li><strong>Kapazit\u00e4tsgarantie<\/strong>: Ausgestattet mit 20 vollautomatischen Produktionslinien, integriertem AGV-Materialtransport und intelligentem MES-Planungssystem, mit einer t\u00e4glichen Produktionskapazit\u00e4t von\u00a0<strong>1 Million St\u00fcck<\/strong>Unterst\u00fctzung von 72-Stunden-Sofortbestellungen.<\/li>\n<li><strong>Integration der Lieferkette<\/strong>: Aufbau einer strategischen Zusammenarbeit mit f\u00fchrenden Papierkonzernen wie Jiaxing Saitao New Materials, um sicherzustellen, dass Spezialpapierrohstoffe innerhalb von 48 Stunden direkt geliefert werden und die Kosten 15% niedriger sind als der Marktpreis.<\/li>\n<\/ul>\n<h2 id=\"-seven-16-years-of-experience-endorsement-one-stop-service-\"><strong>Sieben, 16 Jahre Erfahrung Bef\u00fcrwortung, Service aus einer Hand<\/strong><\/h2>\n<p>Als professioneller Hersteller mit 16 Jahren Erfahrung in der Verpackungsindustrie bieten wir:<\/p>\n<ul>\n<li><strong>Full-Process-Service<\/strong>: Von der Konstruktion \u00fcber die Materialauswahl und die Pr\u00fcfung bis hin zur Serienfertigung wird der gesamte Prozess von einem engagierten 7\u00d724-Stunden-Projektteam begleitet.<\/li>\n<li><strong>L\u00f6sungen f\u00fcr die Industrie<\/strong>: F\u00fcr E-Commerce, grenz\u00fcberschreitende Logistik, den gehobenen Einzelhandel und andere Szenarien bieten wir Mehrwertmodule wie feuchtigkeitsdichte Beschichtung (optional), diebstahlsichere Magnetschnallen und RFID-Tags.<\/li>\n<li><strong>Nachhaltige Entwicklung<\/strong>: Durch FSC-zertifiziertes umweltfreundliches Papier und den Druck mit Tinte auf Wasserbasis wird der CO2-Fu\u00dfabdruck um 40% reduziert, was dazu beitr\u00e4gt, den ESG-Wert der Marke zu verbessern.<\/li>\n<\/ul>","protected":false},"excerpt":{"rendered":"<p>1. Der obere und untere Kastendeckel besteht aus zwei Teilen, ohne komplexe Struktur, hohe Materialausnutzung und einfacher Produktionsprozess<br \/>\n2. Spezielles Papiermaterial mit speziellen Texturlinien, sieht luxuri\u00f6s und hochwertig aus und erh\u00f6ht den Markeneffekt<br \/>\n3. Die ganze Box nimmt hellgelbe Farbe, um Angst zu lindern, verbessern Sie Freude und schaffen eine warme und entspannende Atmosph\u00e4re<br \/>\n4. Wir k\u00f6nnen die Produktion von Verpackungskartons f\u00fcr Sie entsprechend dem einzigartigen Stil und den Bed\u00fcrfnissen Ihrer Marke anpassen, wobei wir alle Aspekte der Details wie Gr\u00f6\u00dfenspezifikationen und Produktionsprozess abdecken, um sicherzustellen, dass es Ihre Erwartungen vollst\u00e4ndig erf\u00fcllt<\/p>","protected":false},"featured_media":9772,"template":"","meta":[],"product_brand":[],"product_cat":[30,416,425,31],"product_tag":[1270,468,1271],"class_list":{"0":"post-9782","1":"product","2":"type-product","3":"status-publish","4":"has-post-thumbnail","6":"product_cat-by-industry","7":"product_cat-custom-candle-boxes","8":"product_cat-lid-and-base-gift-box","9":"product_cat-paper-box-style","10":"product_tag-candle-gift-boxes","11":"product_tag-custom-candle-packaging","12":"product_tag-wholesale-candle-packaging-boxes","14":"first","15":"instock","16":"shipping-taxable","17":"product-type-grouped"},"_links":{"self":[{"href":"https:\/\/zojopackaging.com\/de\/wp-json\/wp\/v2\/product\/9782","targetHints":{"allow":["GET"]}}],"collection":[{"href":"https:\/\/zojopackaging.com\/de\/wp-json\/wp\/v2\/product"}],"about":[{"href":"https:\/\/zojopackaging.com\/de\/wp-json\/wp\/v2\/types\/product"}],"version-history":[{"count":1,"href":"https:\/\/zojopackaging.com\/de\/wp-json\/wp\/v2\/product\/9782\/revisions"}],"predecessor-version":[{"id":9783,"href":"https:\/\/zojopackaging.com\/de\/wp-json\/wp\/v2\/product\/9782\/revisions\/9783"}],"wp:featuredmedia":[{"embeddable":true,"href":"https:\/\/zojopackaging.com\/de\/wp-json\/wp\/v2\/media\/9772"}],"wp:attachment":[{"href":"https:\/\/zojopackaging.com\/de\/wp-json\/wp\/v2\/media?parent=9782"}],"wp:term":[{"taxonomy":"product_brand","embeddable":true,"href":"https:\/\/zojopackaging.com\/de\/wp-json\/wp\/v2\/product_brand?post=9782"},{"taxonomy":"product_cat","embeddable":true,"href":"https:\/\/zojopackaging.com\/de\/wp-json\/wp\/v2\/product_cat?post=9782"},{"taxonomy":"product_tag","embeddable":true,"href":"https:\/\/zojopackaging.com\/de\/wp-json\/wp\/v2\/product_tag?post=9782"}],"curies":[{"name":"wp","href":"https:\/\/api.w.org\/{rel}","templated":true}]}}