{"id":9791,"date":"2025-04-03T20:42:45","date_gmt":"2025-04-03T12:42:45","guid":{"rendered":"https:\/\/zojopackaging.com\/?post_type=product&#038;p=9791"},"modified":"2025-04-03T21:04:16","modified_gmt":"2025-04-03T13:04:16","slug":"custom-festival-dessert-rigid-slider-box-packaging-supplier","status":"publish","type":"product","link":"https:\/\/zojopackaging.com\/de\/product\/custom-festival-dessert-rigid-slider-box-packaging-supplier\/","title":{"rendered":"Benutzerdefinierte Festival Dessert Rigid Slider Box Verpackung Lieferant"},"content":{"rendered":"<h3 id=\"-1-minimalist-aesthetics-a-visual-symphony-of-pure-white-and-elegant-tones-\"><strong>1. Minimalistische \u00c4sthetik: eine visuelle Sinfonie aus reinem Wei\u00df und eleganten T\u00f6nen<\/strong><\/h3>\n<p>Mit\u00a0<strong>reinwei\u00dfe ausziehbare Kaffee-Dessertbox<\/strong>\u00a0als zentrale Designsprache,\u00a0<strong>157g hochgl\u00e4nzend gestrichenes Papier<\/strong>\u00a0als Basismaterial, und\u00a0<strong>mattgraues Kartonfutter<\/strong>Er bildet einen visuellen Kontrast zwischen \"reinem \u00c4u\u00dferen und sanftem Inneren\". Die Linien des Kastenk\u00f6rpers nehmen\u00a0<strong>Mikro-Lichtbogenschneidetechnik<\/strong>\u00a0die Starrheit des rechten Winkels zu beseitigen und\u00a0<strong>0,1 mm ultrafeine gepr\u00e4gte Linien<\/strong>und verbirgt exquisite Details in der Einfachheit. Die eleganten Farbt\u00f6ne der Au\u00dfen- und Innenboxen (z. B. Hellbraun und Vanillewei\u00df) werden durch die\u00a0<strong>Pantone-Farbmanagement-System<\/strong>\u00a0um beim \u00d6ffnen der Schachtel ein Gef\u00fchl von Luxus und Vorfreude zu erzeugen.<\/p>\n<h3 id=\"-2-material-innovation-performance-symphony-of-coated-paper-and-grey-board-\"><strong>2. Werkstoff-Innovation: Leistungssymphonie aus gestrichenem Papier und Graukarton<\/strong><\/h3>\n<p>-\u00a0<strong>Externes Kastensubstrat<\/strong>: 157g gestrichenes Papier ist\u00a0<strong>mit beidseitigem UV-Lack behandelt<\/strong>mit einem um 60% erh\u00f6hten Reibungswiderstand und einer 300-fachen Faltfestigkeit ohne Rissbildung;<\/p>\n<p>-\u00a0<strong>Struktur der Innenverkleidung<\/strong>: 3mm dicke Graupappe nimmt\u00a0<strong>Wabenkarton-Pressverfahren<\/strong>mit einer Druckfestigkeit von 8 kg\/cm\u00b2, die einer mehrschichtigen Stapelung und einem Transport standhalten kann;<\/p>\n<p>-\u00a0<strong>Druckgenauigkeit<\/strong>: Die\u00a0<strong>Heidelberg 7-Farben-UV-Offsetdruckmaschine<\/strong>\u00a0erreicht eine Farbwiedergabe von \u0394E\u22641,5, und\u00a0<strong>partieller Siebdruck<\/strong>\u00a0wird verwendet, um den Farbverlauf der Kaffeet\u00f6ne deutlich zu machen.<\/p>\n<h3 id=\"-3-personalization-empowerment-modular-accessories-and-dynamic-design-\"><strong>3. Personalisierungsm\u00f6glichkeiten: modulares Zubeh\u00f6r und dynamisches Design<\/strong><\/h3>\n<p>-\u00a0<strong>Abnehmbare Dekoration<\/strong>: Bereitstellung von\u00a0<strong>magnetischer Schokoladenanh\u00e4nger<\/strong>,\u00a0<strong>austauschbarer Glasur-Einsatz<\/strong>\u00a0und anderes Zubeh\u00f6r, Unterst\u00fctzung der Anpassung von Markenlogos (Mindestgr\u00f6\u00dfe 3 mm);<\/p>\n<p>-\u00a0<strong>Dynamische Struktur<\/strong>: Der Deckel der Box hat einen eingebauten\u00a0<strong>Federscharniervorrichtung<\/strong>die beim \u00d6ffnen und Schlie\u00dfen automatisch den Innenkarton herausklappt und mit\u00a0<strong>LED-Lichtleisteneinsatz<\/strong>\u00a0(optional), um die festliche Atmosph\u00e4re zu erhellen;<\/p>\n<p>-\u00a0<strong>Anpassung der Szene<\/strong>: Einf\u00fchrung von thematischen Zubeh\u00f6rpaketen (z. B. Schneemannmagnete, Ros\u00e9goldfolie) f\u00fcr Feiertage wie Weihnachten und Valentinstag, um das Gef\u00fchl von Feiertagsritualen zu verst\u00e4rken.<\/p>\n<h3 id=\"-4-full-link-customization-precise-control-from-concept-to-implementation-\"><strong>4. Vollst\u00e4ndige kundenspezifische Anpassung: pr\u00e4zise Kontrolle vom Konzept bis zur Umsetzung<\/strong><\/h3>\n<p>-\u00a0<strong>Flexibilit\u00e4t der Gr\u00f6\u00dfe<\/strong>: unterst\u00fctzt mindestens 8cm\u00d78cm (Macaron-Schachtel) bis maximal 30cm\u00d720cm (mehrschichtige Kuchenschachtel), die Dicke kann von 0,8-5cm angepasst werden; -\u00a0<strong>Strukturelle Innovation<\/strong>: Entwicklung von 12 patentierten Schieberstrukturen (z. B. rotierende Schichtung, magnetische Passwortsperre), die mit der Platzierung von speziell geformten Desserts kompatibel sind; -\u00a0<strong>Schnelle Antwort<\/strong>: Abschluss der 3D-Modellierung und des Proofings innerhalb von 8 Stunden und Verk\u00fcrzung des Massenproduktionszyklus auf 12-15 Tage<\/p>\n<h3 id=\"-5-pull-out-design-a-double-breakthrough-in-ritual-sense-and-practicality-\"><strong>5. Ausziehbares Design: ein doppelter Durchbruch in Sachen Ritual und Praktikabilit\u00e4t<\/strong><\/h3>\n<p>annehmen.\u00a0<strong>dreigleisiges ger\u00e4uscharmes Gleitschienensystem<\/strong>\u00a0um einen reibungslosen Auszug unter 0,5 kg Last zu erreichen:<\/p>\n<p>-\u00a0<strong>Mechanische Struktur<\/strong>: eingebaut\u00a0<strong>Kugellager aus rostfreiem Stahl<\/strong>Auszugszeiten \u22655000 Mal ohne Verklemmung;<\/p>\n<p>-\u00a0<strong>Sto\u00dfsicherer Schutz<\/strong>: Satz\u00a0<strong>EVA-Waben-Pufferschicht<\/strong>\u00a0in der Box, mit einer Schwingungsd\u00e4mpfung von 90%;<\/p>\n<p>-\u00a0<strong>Visuelle \u00dcberraschung<\/strong>: \u00dcber\u00a0<strong>doppellagige Schubladenkonstruktion<\/strong>wird der mehrschichtige Display-Effekt \"sichtbare Dekoration + verstecktes Hauptprodukt\" erzielt.<\/p>\n<h3 id=\"-6-expert-team-from-demand-insight-to-solution-implementation-\"><strong>6. Expertenteam: von der Bedarfsanalyse bis zur Umsetzung der L\u00f6sung<\/strong><\/h3>\n<p>Ein spezielles Team, bestehend aus 5 Verpackungsdesignern mit mehr als 10 Jahren Erfahrung, sorgt daf\u00fcr:<\/p>\n<p>-\u00a0<strong>Eingehende Kommunikation<\/strong>2 Online-Seminare pro Woche, Echtzeit-Synchronisierung der Stellungnahmen zu Entwurfs\u00e4nderungen;<\/p>\n<p>-\u00a0<strong>3D-Vorschau-System<\/strong>: Die Kunden k\u00f6nnen den Entfaltungseffekt der Geschenkbox durch AR-Technologie vorhersehen, was die\u00a0<strong>360\u00b0 Detailanpassung<\/strong>;<\/p>\n<p>-\u00a0<strong>Patentschutz<\/strong>: Wir bieten Dienstleistungen zur Anmeldung von Patenten an, um die Exklusivit\u00e4t der Designl\u00f6sung zu gew\u00e4hrleisten (siehe die Dessertbox-Patentbibliothek).<\/p>\n<h3 id=\"-7-smart-manufacturing-foundation-16-year-factory-s-hard-core-strength-\"><strong>7. Intelligente Produktionsgrundlage: Der harte Kern der 16-j\u00e4hrigen Fabrik<\/strong><\/h3>\n<p>-\u00a0<strong>Ausstattungsmatrix<\/strong>: Ausgestattet mit 18 internationalen Maschinen wie Manroland R700 F\u00fcnffarbendruckmaschine, Heidelberg Speedmaster CS92 Vierfarbendruckmaschine, mit einer Druckgeschwindigkeit von 15.000 Bogen\/Stunde;<\/p>\n<p>-\u00a0<strong>Prozesskontrolle<\/strong>: Zertifizierung nach ISO 9001\/BRCGS, jede Produktcharge wird 12 Qualit\u00e4tskontrollen unterzogen (Farbunterschied\/Kompression\/Tropftest);<\/p>\n<p>-\u00a0<strong>Kapazit\u00e4tsgarantie<\/strong>: T\u00e4gliche Produktionskapazit\u00e4t von 150.000 St\u00fcck, Unterst\u00fctzung der Massenproduktion von 500 St\u00fcck bis zu einer Million St\u00fcck und 24-Stunden-Eilzustellung bei dringenden Bestellungen.<\/p>","protected":false},"excerpt":{"rendered":"<p><strong>ZOJO Print | Customized expert in holiday dessert hard slider boxes--Interpreting the sweet ritual sense with craftsmanship<\/strong><\/p>\n<p>In der Szene der Weihnachtsgeschenke ist die Verpackung nicht nur der H\u00fcter des Produkts, sondern auch das Medium der emotionalen \u00dcbertragung. ZOJO Print ist seit 16 Jahren im Bereich der hochwertigen Verpackungen t\u00e4tig und konzentriert sich auf die Entwicklung von Hartschalenl\u00f6sungen mit \u00e4sthetischem Wert und Funktionalit\u00e4t f\u00fcr Dessertmarken.<\/p>","protected":false},"featured_media":9804,"template":"","meta":[],"product_brand":[],"product_cat":[30,422,31,426],"product_tag":[1277,1275,1276],"class_list":{"0":"post-9791","1":"product","2":"type-product","3":"status-publish","4":"has-post-thumbnail","6":"product_cat-by-industry","7":"product_cat-custom-gourmet-boxes-by-industry","8":"product_cat-paper-box-style","9":"product_cat-paper-drawer-boxes","10":"product_tag-box-packaging-supplier","11":"product_tag-dessert-rigid-slider-box","12":"product_tag-slider-box-packaging","14":"first","15":"instock","16":"shipping-taxable","17":"product-type-simple"},"_links":{"self":[{"href":"https:\/\/zojopackaging.com\/de\/wp-json\/wp\/v2\/product\/9791","targetHints":{"allow":["GET"]}}],"collection":[{"href":"https:\/\/zojopackaging.com\/de\/wp-json\/wp\/v2\/product"}],"about":[{"href":"https:\/\/zojopackaging.com\/de\/wp-json\/wp\/v2\/types\/product"}],"version-history":[{"count":1,"href":"https:\/\/zojopackaging.com\/de\/wp-json\/wp\/v2\/product\/9791\/revisions"}],"predecessor-version":[{"id":9806,"href":"https:\/\/zojopackaging.com\/de\/wp-json\/wp\/v2\/product\/9791\/revisions\/9806"}],"wp:featuredmedia":[{"embeddable":true,"href":"https:\/\/zojopackaging.com\/de\/wp-json\/wp\/v2\/media\/9804"}],"wp:attachment":[{"href":"https:\/\/zojopackaging.com\/de\/wp-json\/wp\/v2\/media?parent=9791"}],"wp:term":[{"taxonomy":"product_brand","embeddable":true,"href":"https:\/\/zojopackaging.com\/de\/wp-json\/wp\/v2\/product_brand?post=9791"},{"taxonomy":"product_cat","embeddable":true,"href":"https:\/\/zojopackaging.com\/de\/wp-json\/wp\/v2\/product_cat?post=9791"},{"taxonomy":"product_tag","embeddable":true,"href":"https:\/\/zojopackaging.com\/de\/wp-json\/wp\/v2\/product_tag?post=9791"}],"curies":[{"name":"wp","href":"https:\/\/api.w.org\/{rel}","templated":true}]}}