{"id":9793,"date":"2025-04-03T20:55:57","date_gmt":"2025-04-03T12:55:57","guid":{"rendered":"https:\/\/zojopackaging.com\/?post_type=product&#038;p=9793"},"modified":"2025-04-03T21:16:50","modified_gmt":"2025-04-03T13:16:50","slug":"custom-cylinder-perfume-box-paper-tube-packaging-design","status":"publish","type":"product","link":"https:\/\/zojopackaging.com\/de\/product\/custom-cylinder-perfume-box-paper-tube-packaging-design\/","title":{"rendered":"Benutzerdefinierte Zylinder Parf\u00fcm Box Papier Tube Verpackung Design"},"content":{"rendered":"<h2 id=\"-1-innovative-structural-design-upper-and-lower-covers-are-separated-and-safety-protection-is-upgraded-\"><strong>1. Innovatives Strukturdesign: Obere und untere Abdeckungen sind getrennt, und der Sicherheitsschutz ist verbessert<\/strong><\/h2>\n<p>Diese zylindrische Parf\u00fcmdose ist mit einem\u00a0<strong>getrennte obere und untere Abdeckstruktur<\/strong>. Durch die pr\u00e4zise Biss Design der Box Deckel und der Boden-Box, die externe Kraft Auswirkungen w\u00e4hrend des Transports ist gleichm\u00e4\u00dfig verteilt. Die Auskleidung besteht aus EVA oder Schwamm-Polstermaterial, kombiniert mit dem franz\u00f6sischen Reverse-Plug-in-Box-Boden-Prozess, um sicherzustellen, dass die Parf\u00fcmflasche vor Quetschungen oder Kollisionen w\u00e4hrend des Transports gesch\u00fctzt ist. Der Schachtelk\u00f6rper besteht aus 1-2 mm dickem, umweltfreundlichem wei\u00dfem Karton oder Kraftpapier, der sowohl steif als auch druckfest ist. Die Schutzleistung wird durch einen Falltest nach ISO-Norm \u00fcberpr\u00fcft.<\/p>\n<h2 id=\"-2-luxurious-craftsmanship-presentation-hot-stamping-and-silver-stamping-details-highlight-quality-\"><strong>2. Luxuri\u00f6se Handwerkskunst Pr\u00e4sentation: Hei\u00dfpr\u00e4gung und Silberpr\u00e4gung, Details Highlight Qualit\u00e4t<\/strong><\/h2>\n<p>\u00dcbernahme von\u00a0<strong>Hei\u00dfpr\u00e4gen auf Nanoebene\/Silberpr\u00e4getechnik<\/strong>Mit einer Aufl\u00f6sung von bis zu 0,1 mm wird das Markenlogo, das Muster oder der Mikrotext genau wiedergegeben, und der dreidimensionale Touch des Metallic-Glanzes kann selbst bei kleinen Texten oder komplexen Mustern dargestellt werden. In Kombination mit Oberfl\u00e4chenbehandlungstechnologien wie UV-Beschichtung und matter Laminierung werden die Abriebfestigkeit sowie die Licht- und Schattenwirkung verbessert, so dass die Verpackung\u00a0<strong>Textur auf Schmuckebene<\/strong>. So kann beispielsweise das klassische Hei\u00dfpr\u00e4geverfahren von Chanel in das Design integriert werden, um die k\u00fcnstlerische Spannung des Barockstils zu reproduzieren.<\/p>\n<h2 id=\"-3-all-round-customization-service-deep-adaptation-from-size-to-brand-genes-\"><strong>3. Rundum-Anpassungsservice: tiefe Anpassung von der Gr\u00f6\u00dfe bis zu den Markengenen<\/strong><\/h2>\n<ul>\n<li><strong>Pr\u00e4zise Gr\u00f6\u00dfenanpassung<\/strong>: Erhalten Sie Parf\u00fcmflaschen Daten durch 3D-Scanning-Technologie, und passen Sie die Box K\u00f6rper in Kombination mit der vertikalen Achse Abweichung Messger\u00e4t (Fehler \u2264 0,05 mm), um sicherzustellen, Null-Spalt zwischen dem Flaschenk\u00f6rper und der Auskleidung.<\/li>\n<li><strong>Flexible Materialauswahl<\/strong>: 157g Kunstdruckpapier, Perlmuttpapier, Teepappe und andere 10+ umweltfreundliche Materialien, unterst\u00fctzt matte\/gl\u00e4nzende Laminierung, Pr\u00e4gung und andere mehr als 20 Oberfl\u00e4chenverfahren.<\/li>\n<li><strong>Freie Gestaltung von Farbe und Muster<\/strong>: Unterst\u00fctzt Pantone-Schmuckfarbendruck, Farbverlaufs\u00fcberlagerung, UV-Lackierung und kann mit orientalischer Tuschemalerei, geometrischer Dekonstruktion und anderen Stilen kombiniert werden, wie z. B. die Pflanzenillustrationsserie des s\u00fcdkoreanischen DERRICK LIN Studios, die das Auspacken zu einer Markenerz\u00e4hlung macht.<\/li>\n<\/ul>\n<h2 id=\"-4-personalized-creative-extension-fusion-of-accessories-and-functions-\"><strong>4. Personalisierte kreative Erweiterung: Verschmelzung von Zubeh\u00f6r und Funktionen<\/strong><\/h2>\n<ul>\n<li><strong>Dekoratives Zubeh\u00f6r<\/strong>: Sie k\u00f6nnen Elemente wie Bandschleifen, vergoldete Anh\u00e4nger, Acrylfenster usw. hinzuf\u00fcgen, wie z. B. den Emaille-Flaschenverschluss der Xiangfuer Hongyan-Box, der individuellen Luxus widerspiegelt.<\/li>\n<li><strong>Multifunktionale Gestaltung<\/strong>: Die Schachtelabdeckung kann mit magnetischen \u00d6ffnungs- und Verschlusssystemen, versteckten Schnallen oder eingebettet in den QR-Code-Etikettenbereich ausgestattet werden, um die doppelte Funktion des F\u00e4lschungsschutzes und des interaktiven Marketings zu erf\u00fcllen.<\/li>\n<\/ul>","protected":false},"excerpt":{"rendered":"<ul>\n<li><strong>Vollst\u00e4ndige Prozesskommunikation<\/strong>: Vom Andocken der Nachfrage bis zur Best\u00e4tigung des Proofs, ausgestattet mit exklusiven Projektmanagern und Designern, die die 3D-Modellierungsvorschau und die Lieferung physischer Muster unterst\u00fctzen, um sicherzustellen, dass das Design 100% mit dem Markenton \u00fcbereinstimmt.<\/li>\n<li><strong>Technische Garantie<\/strong>: Dank des ERP-Managementsystems f\u00fcr den Druck und der hochpr\u00e4zisen Offsetdruckmaschinen k\u00f6nnen wir eine umfassende Qualit\u00e4tskontrolle vom Entwurf bis zur Produktion durchf\u00fchren, den Lieferzyklus um 30% verk\u00fcrzen und die Fehlerquote auf weniger als 0,5% senken.<\/li>\n<li><strong>Fallvermerk<\/strong>: Wir beliefern mehr als 5.000 bekannte Marken in der ganzen Welt, wie z. B. die barocke Schachtel der Chanel-Verpackungsserie \"Chance Encounter\" und das osmanische geometrische Hohlraumdesign der t\u00fcrkischen Designerin Cansu Merdamert, die beide vom Markt hoch anerkannt werden.<\/li>\n<\/ul>","protected":false},"featured_media":9796,"template":"","meta":[],"product_brand":[],"product_cat":[30,417,31,429],"product_tag":[498,337,1278],"class_list":{"0":"post-9793","1":"product","2":"type-product","3":"status-publish","4":"has-post-thumbnail","6":"product_cat-by-industry","7":"product_cat-custom-perfume-boxes-by-industry","8":"product_cat-paper-box-style","9":"product_cat-paper-tube-boxes","10":"product_tag-custom-perfume-packaging","11":"product_tag-perfume-box","12":"product_tag-perfume-paper-tube","14":"first","15":"instock","16":"shipping-taxable","17":"product-type-grouped"},"_links":{"self":[{"href":"https:\/\/zojopackaging.com\/de\/wp-json\/wp\/v2\/product\/9793","targetHints":{"allow":["GET"]}}],"collection":[{"href":"https:\/\/zojopackaging.com\/de\/wp-json\/wp\/v2\/product"}],"about":[{"href":"https:\/\/zojopackaging.com\/de\/wp-json\/wp\/v2\/types\/product"}],"version-history":[{"count":1,"href":"https:\/\/zojopackaging.com\/de\/wp-json\/wp\/v2\/product\/9793\/revisions"}],"predecessor-version":[{"id":9814,"href":"https:\/\/zojopackaging.com\/de\/wp-json\/wp\/v2\/product\/9793\/revisions\/9814"}],"wp:featuredmedia":[{"embeddable":true,"href":"https:\/\/zojopackaging.com\/de\/wp-json\/wp\/v2\/media\/9796"}],"wp:attachment":[{"href":"https:\/\/zojopackaging.com\/de\/wp-json\/wp\/v2\/media?parent=9793"}],"wp:term":[{"taxonomy":"product_brand","embeddable":true,"href":"https:\/\/zojopackaging.com\/de\/wp-json\/wp\/v2\/product_brand?post=9793"},{"taxonomy":"product_cat","embeddable":true,"href":"https:\/\/zojopackaging.com\/de\/wp-json\/wp\/v2\/product_cat?post=9793"},{"taxonomy":"product_tag","embeddable":true,"href":"https:\/\/zojopackaging.com\/de\/wp-json\/wp\/v2\/product_tag?post=9793"}],"curies":[{"name":"wp","href":"https:\/\/api.w.org\/{rel}","templated":true}]}}