{"id":9807,"date":"2025-04-03T21:07:55","date_gmt":"2025-04-03T13:07:55","guid":{"rendered":"https:\/\/zojopackaging.com\/?post_type=product&#038;p=9807"},"modified":"2025-04-03T21:19:19","modified_gmt":"2025-04-03T13:19:19","slug":"customized-paper-pre-roll-packaging-drawer-box-manufacturer","status":"publish","type":"product","link":"https:\/\/zojopackaging.com\/de\/product\/customized-paper-pre-roll-packaging-drawer-box-manufacturer\/","title":{"rendered":"Kundenspezifisches Papier Vor-Rolle Verpackung Schublade Box Hersteller"},"content":{"rendered":"<h3 id=\"-1-convenient-pull-out-design-ribbon-slides-open-and-enjoy-\"><strong>1. Bequemes Auszieh-Design: Band gleitet, \u00f6ffnen und genie\u00dfen<\/strong><\/h3>\n<p>annehmen.\u00a0<strong>zweigleisiges, leises Gleitschienensystem<\/strong>mit kundenspezifischer Bandzugvorrichtung, um 0,3 Sekunden schnelles Herausziehen zu erreichen. Die Verbraucher brauchen keine komplizierten Operationen, nur ziehen, um das Produkt vollst\u00e4ndig herausnehmen, und das \u00d6ffnen und Schlie\u00dfen Erfahrung ist glatt und glatt.<\/p>\n<h3 id=\"-2-intelligent-partition-partition-classification-identification-improve-efficiency-\"><strong>2. Intelligente Partitionierung: Identifizierung der Klassifizierung, Verbesserung der Effizienz<\/strong><\/h3>\n<p>Die Box ist ausgestattet mit\u00a0<strong>herausnehmbare magnetische Trennwand<\/strong>die eine freie Aufteilung von 6-12 unabh\u00e4ngigen Positionen unterst\u00fctzt. Die Oberfl\u00e4che der Trennwand kann mit wichtigen Informationen wie Produktname, THC\/CBD-Gehalt usw. sowie mit dem\u00a0<strong>UV-Teilpr\u00e4geverfahren<\/strong>ist der Text deutlich erkennbar. Die Verbraucher k\u00f6nnen das Zielprodukt entsprechend ihren Bed\u00fcrfnissen schnell finden, und die Kaufeffizienz wird durch 40% verbessert.<\/p>\n<h3 id=\"-3-environmentally-friendly-material-performance-symphony-of-coated-paper-gray-board-\"><strong>3. Umweltfreundliches Material: Leistungssymphonie aus beschichtetem Papier + Graupappe<\/strong><\/h3>\n<p>-\u00a0<strong>Substrat der Au\u00dfenverpackung<\/strong>:\u00a0<strong>157g gestrichenes Papier<\/strong>\u00a0ausgew\u00e4hlt, und nach der doppelseitigen Laminierung erreicht der Reibungswiderstand die Stufe 4 (Norm ISO 12647), und die Druckfestigkeit wird um 50% erh\u00f6ht;<\/p>\n<p>-\u00a0<strong>Struktur der Innenverkleidung<\/strong>:\u00a0<strong>300g wei\u00dfer Karton + Graupappe im Verbundverfahren<\/strong>\u00a0wird verwendet, und die Feuchtigkeitsbest\u00e4ndigkeit wird durch 70% verbessert, wobei die Flachheit des Geh\u00e4uses erhalten bleibt;<\/p>\n<p>-\u00a0<strong>Garantie der Versiegelung<\/strong>: Der Schachteldeckel und der Schachtelk\u00f6rper sind mit einer Bandstruktur versehen, um zu gew\u00e4hrleisten, dass die Dichtung w\u00e4hrend des Transports der Norm entspricht.<\/p>\n<h3 id=\"-4-visual-psychology-brand-expression-in-color-collision-\"><strong>4. Visuelle Psychologie: Markenausdruck in Farbkollisionen<\/strong><\/h3>\n<p>Mit\u00a0<strong>leuchtendes Orange + frisches Gr\u00fcn<\/strong>\u00a0als Hauptfarbe, die kontrastierende Kombination von Pantone 16-1364 TCX (leuchtendes Orange) und 16-5938 TCX (nat\u00fcrliches Gr\u00fcn) vermittelt einen j\u00fcngeren und ges\u00fcnderen Markenton. Das gr\u00fcne Innenfutter bildet ein visuelles Echo mit dem LOGO, und das rosafarbene Band ist der letzte Schliff, um den Gesamtton abzumildern und einen visuellen Erinnerungspunkt von \"lebhaft und doch elegant\" zu schaffen.<\/p>\n<h3 id=\"-5-design-empowerment-precise-implementation-from-concept-to-mass-production-\"><strong>5. Design Empowerment: pr\u00e4zise Umsetzung vom Konzept bis zur Massenproduktion<\/strong><\/h3>\n<p>Das von 3 leitenden Verpackungsdesignern geleitete Team bietet drei wichtige ma\u00dfgeschneiderte Dienstleistungen an: -\u00a0<strong>Strukturelle Innovation<\/strong>: Entwicklung von 12 patentierten Schubladenstrukturen (z. B. drehbare Lagen, Passwortschl\u00f6sser), die mit speziell geformten Produkten kompatibel sind;<\/p>\n<p>-\u00a0<strong>Interaktive Optimierung<\/strong>: Integrieren Sie einen NFC-Chip (optional) und scannen Sie den Code, um Informationen zur R\u00fcckverfolgbarkeit des Produkts und zur Marke zu erhalten;<\/p>\n<p>-\u00a0<strong>Schnelle Iteration<\/strong>: Unterst\u00fctzung der 3D-Modellierung in Echtzeit und Best\u00e4tigung des Entwurfsplans innerhalb von 8 Stunden.<\/p>\n<h3 id=\"-6-smart-manufacturing-system-16-year-factory-hardcore-guarantee-\"><strong>6. Intelligentes Fertigungssystem: 16 Jahre Hardcore-Garantie ab Werk<\/strong><\/h3>\n<p>-\u00a0<strong>Ausstattungsmatrix<\/strong>: Ausgestattet mit 18 internationalen Maschinen wie Manroland R700 F\u00fcnffarben-Druckmaschine, Heidelberg 7-Farben UV-Offsetdruckmaschine, mit einer Druckgenauigkeit von 1200dpi; -\u00a0<strong>Normen f\u00fcr die Qualit\u00e4tskontrolle<\/strong>: ISO 9001\/BRCGS-Zertifizierung, jede Produktcharge wird 12 Qualit\u00e4tskontrollen unterzogen (Farbunterschied \u0394E\u22641,5, Druckfestigkeit \u2265300N); -\u00a0<strong>Konfiguration der Kapazit\u00e4t<\/strong>: T\u00e4gliche Produktionskapazit\u00e4t von 200.000 St\u00fcck, Unterst\u00fctzung von Auftr\u00e4gen von 500 St\u00fcck bis zur Millionenproduktion, und dringende Auftr\u00e4ge werden innerhalb von 24 Stunden geliefert.<\/p>\n<h3 id=\"-7-value-commitment-triple-balance-of-quality-efficiency-and-cost-\"><strong>7. Wertverpflichtung: Dreifaches Gleichgewicht von Qualit\u00e4t, Effizienz und Kosten<\/strong><\/h3>\n<p>-\u00a0<strong>Kostenoptimierung<\/strong>: Durch den Einsatz des digitalen Schriftsatzsystems wird der Materialverlust auf weniger als 3% reduziert, was im Vergleich zum herk\u00f6mmlichen Verfahren eine Kostenersparnis von 15% bedeutet;<\/p>\n<p>-\u00a0<strong>Agile Reaktion<\/strong>: Duales Lagerlogistiksystem in Ostchina und S\u00fcdchina, 48 Stunden direkter Zugang im ganzen Land;<\/p>\n<p>-\u00a0<strong>Langfristiger Dienst<\/strong>: Verwaltung des Lebenszyklus von Verpackungen, einschlie\u00dflich Bestandswarnungen, Nachschubplan und Plan f\u00fcr das Recycling alter Verpackungen.<\/p>","protected":false},"excerpt":{"rendered":"<p><strong>ZOJO Print | Customized Paper Pre-roll Packaging Drawer Box Expert - St\u00e4rkung der Marke Wert mit genialem Design<\/strong><\/p>\n<p>Auf dem schnelllebigen Verbrauchermarkt m\u00fcssen Verpackungen f\u00fcr Pre-Rolls nicht nur funktionale Anforderungen erf\u00fcllen, sondern auch den Markenton durch das Design vermitteln, um das Nutzererlebnis zu verbessern. ZOJO Print ist seit 16 Jahren im Verpackungsbereich t\u00e4tig und konzentriert sich auf die Herstellung von Pre-Roll-Schubladenboxen aus Papier, die sowohl praktisch als auch \u00e4sthetisch wertvoll f\u00fcr Marken wie CBD und E-Zigaretten sind.<\/p>","protected":false},"featured_media":9811,"template":"","meta":[],"product_brand":[],"product_cat":[30,420,31,426],"product_tag":[1279,1281,1280],"class_list":{"0":"post-9807","1":"product","2":"type-product","3":"status-publish","4":"has-post-thumbnail","6":"product_cat-by-industry","7":"product_cat-custom-cannabis-boxes","8":"product_cat-paper-box-style","9":"product_cat-paper-drawer-boxes","10":"product_tag-customized-paper-pre-roll-packaging","11":"product_tag-pre-roll-packaging","12":"product_tag-pre-roll-packaging-drawer-box","14":"first","15":"instock","16":"shipping-taxable","17":"product-type-simple"},"_links":{"self":[{"href":"https:\/\/zojopackaging.com\/de\/wp-json\/wp\/v2\/product\/9807","targetHints":{"allow":["GET"]}}],"collection":[{"href":"https:\/\/zojopackaging.com\/de\/wp-json\/wp\/v2\/product"}],"about":[{"href":"https:\/\/zojopackaging.com\/de\/wp-json\/wp\/v2\/types\/product"}],"version-history":[{"count":1,"href":"https:\/\/zojopackaging.com\/de\/wp-json\/wp\/v2\/product\/9807\/revisions"}],"predecessor-version":[{"id":9822,"href":"https:\/\/zojopackaging.com\/de\/wp-json\/wp\/v2\/product\/9807\/revisions\/9822"}],"wp:featuredmedia":[{"embeddable":true,"href":"https:\/\/zojopackaging.com\/de\/wp-json\/wp\/v2\/media\/9811"}],"wp:attachment":[{"href":"https:\/\/zojopackaging.com\/de\/wp-json\/wp\/v2\/media?parent=9807"}],"wp:term":[{"taxonomy":"product_brand","embeddable":true,"href":"https:\/\/zojopackaging.com\/de\/wp-json\/wp\/v2\/product_brand?post=9807"},{"taxonomy":"product_cat","embeddable":true,"href":"https:\/\/zojopackaging.com\/de\/wp-json\/wp\/v2\/product_cat?post=9807"},{"taxonomy":"product_tag","embeddable":true,"href":"https:\/\/zojopackaging.com\/de\/wp-json\/wp\/v2\/product_tag?post=9807"}],"curies":[{"name":"wp","href":"https:\/\/api.w.org\/{rel}","templated":true}]}}