{"id":9815,"date":"2025-04-03T21:17:05","date_gmt":"2025-04-03T13:17:05","guid":{"rendered":"https:\/\/zojopackaging.com\/?post_type=product&#038;p=9815"},"modified":"2025-04-03T21:31:58","modified_gmt":"2025-04-03T13:31:58","slug":"wholesale-custom-luxury-watch-case-box-supplier-with-insert","status":"publish","type":"product","link":"https:\/\/zojopackaging.com\/de\/product\/wholesale-custom-luxury-watch-case-box-supplier-with-insert\/","title":{"rendered":"Gro\u00dfhandel benutzerdefinierte Luxus-Uhr Fall Box Lieferant mit Einsatz"},"content":{"rendered":"<h2 id=\"-1-combination-of-design-aesthetics-and-functionality-blue-white-and-gray-luxury-drawer-box-\"><strong>1. Kombination aus Design\u00e4sthetik und Funktionalit\u00e4t: blaue, wei\u00dfe und graue Luxus-Schubladenbox<\/strong><\/h2>\n<p>Dieses Produkt nimmt die klassische blaue, wei\u00dfe und graue Farbkombination, mit eleganten und stetigen T\u00f6nen an. Mit der Schubladenstruktur ist es bequem f\u00fcr die Produktpr\u00e4sentation und kann das Gef\u00fchl des \u00d6ffnens und Schlie\u00dfens der Zeremonie verbessern. Die Oberfl\u00e4che des Kastenk\u00f6rpers wird mit hochgl\u00e4nzend beschichtetem Papier (157 GSM) laminiert, das sich zart anf\u00fchlt und mit einer Hei\u00dfpr\u00e4gung\/einem silbernen Markenlogo oder einer LOGO-Anpassung versehen ist, um Luxus und Exquisitit\u00e4t zu unterstreichen. Die Schubladenschiene ist mit einem versteckten Magnetsauger ausgestattet, um ein reibungsloses \u00d6ffnen und Schlie\u00dfen zu gew\u00e4hrleisten und das Risiko der Abnutzung herk\u00f6mmlicher Beschl\u00e4ge zu vermeiden.<\/p>\n<h2 id=\"-2-high-hardness-compression-resistant-structure-1200-gsm-gray-board-coated-paper-composite-process-\"><strong>2. Druckfeste Struktur mit hoher H\u00e4rte: 1200 GSM Graupappe + beschichtetes Kunstdruckpapier im Verbundverfahren<\/strong><\/h2>\n<p>Der Schachtelk\u00f6rper verwendet 1200 GSM Graupappe mit hoher Dichte als Basismaterial, und die \u00e4u\u00dfere Schicht ist mit 157 GSM beschichtetem Kunstpapier zusammengesetzt, und eine starke Schachtelstruktur wird durch Hochtemperatur-Pressverfahren gebildet. Das Innere wird durch Wabenkarton oder EVA-Verst\u00e4rkungsrippen gest\u00fctzt, die eine Druckfestigkeit von mehr als 50 kg aufweisen, was der Extrusion und dem Aufprall w\u00e4hrend des Transports effektiv widersteht. Der obere und untere Deckel oder das buchf\u00f6rmige Schachteldesign verbessern die Dichtungsleistung weiter und eignen sich f\u00fcr Langstreckentransporte wie See- und Lufttransport.<\/p>\n<h2 id=\"-3-exclusive-die-cut-lining-precision-protection-and-brand-display-\"><strong>3. Exklusives gestanztes Futter: Pr\u00e4zisionsschutz und Markendarstellung<\/strong><\/h2>\n<p>Das Innenfutter besteht aus hochdichtem Schwamm oder umweltfreundlichem Flanell, das mit Hilfe von CNC-gesteuerten Formen pr\u00e4zise gestanzt wird, um sich perfekt an die Konturen von Uhren und Zubeh\u00f6r (wie Armb\u00e4nder, Werkzeuge usw.) anzupassen. Der Lagenaufbau kann je nach Kundenwunsch gestaltet werden:<\/p>\n<ul>\n<li><strong>Obere Schicht<\/strong>Anzeigefl\u00e4che, mit einem transparenten Acrylb\u00fcgel zur Befestigung der Uhr, 360\u00b0 Sichtbarkeit;<\/li>\n<li><strong>Mittlere Schicht<\/strong>: Zubeh\u00f6rfach in Form einer Schublade, separate Aufbewahrung von Gurten, Garantiekarten usw;<\/li>\n<li><strong>Unterste Schicht<\/strong>: Eine sto\u00dffeste Pufferschicht, Memory-Schaum oder beflocktes EVA wird verwendet, um Ersch\u00fctterungen zu vermeiden.<\/li>\n<\/ul>\n<h2 id=\"-4-one-stop-service-for-foreign-trade-experience-and-efficiency-guarantee-\"><strong>4. One-Stop-Service f\u00fcr den Au\u00dfenhandel: Erfahrung und Effizienzgarantie<\/strong><\/h2>\n<p>Das Team ist seit 16 Jahren im Bereich der Au\u00dfenhandelsverpackungen t\u00e4tig und mit den Marktstandards in Europa, den Vereinigten Staaten, dem Nahen Osten und anderen L\u00e4ndern vertraut (z. B. FSC-Zertifizierung, REACH-Umweltschutzanforderungen) und bietet einen umfassenden Service vom Entwurf \u00fcber die Pr\u00fcfung und Produktion bis zur Logistik:<\/p>\n<ul>\n<li><strong>Unterst\u00fctzung bei der Gestaltung<\/strong>: Kostenlose 3D-Renderings und Materialmuster;<\/li>\n<li><strong>Produktionszyklus<\/strong>: Muster werden innerhalb von 2-3 Tagen geliefert, und gro\u00dfe Mengen werden innerhalb von 7-114 Tagen fertiggestellt (beschleunigte Lieferung ist m\u00f6glich);<\/li>\n<li><strong>Logistische L\u00f6sung<\/strong>: Es k\u00f6nnen DDP\/DAP-Konditionen angeboten werden, die die Zollerkl\u00e4rung und die Lieferung in ein \u00dcberseelager einschlie\u00dfen.<\/li>\n<\/ul>\n<h2 id=\"-5-advantages-of-the-source-factory-automated-production-capacity-and-cost-optimization-\"><strong>5. Vorteile der Ausgangsfabrik: automatisierte Produktionskapazit\u00e4t und Kostenoptimierung<\/strong><\/h2>\n<p>Als Ausgangswerk in der chinesischen Perlflussdelta-Region verf\u00fcgt es \u00fcber eine 3.000 Quadratmeter gro\u00dfe, automatisierte Produktionsbasis, die mit vollautomatischen Stanzmaschinen, UV-Drucklinien und Qualit\u00e4tspr\u00fcfger\u00e4ten ausgestattet ist und eine t\u00e4gliche Produktionskapazit\u00e4t von 50.000 St\u00fcck erreicht. Durch die Beschaffung in gro\u00dfem Ma\u00dfstab (direkte Lieferung von Rohstoffen wie Leder und Graupappe) und ein schlankes Produktionsmanagement ist der Preis 15%-20% niedriger als auf dem Markt bei gleicher Qualit\u00e4t.<\/p>\n<h2 id=\"-6-deep-customization-capability-brand-personalized-solution-\"><strong>6. Tiefe Anpassungsf\u00e4higkeit: Personalisierte Markenl\u00f6sung<\/strong><\/h2>\n<p>Unterst\u00fctzung der volldimensionalen Anpassung:<\/p>\n<ul>\n<li><strong>Gr\u00f6\u00dfe<\/strong>: Flexibles Design von einem Epitop bis zu mehreren Epitopen (4\/6\/8\/10 Stellen);<\/li>\n<li><strong>Kunsthandwerk<\/strong>: Es stehen mehr als 20 Verfahren zur Verf\u00fcgung, darunter Hei\u00dfpr\u00e4gung, Pr\u00e4gung, Siebdruck, Lasergravur usw;<\/li>\n<li><strong>Funktion<\/strong>: Eingebauter Temperatur- und Feuchtigkeitsmess-Chip, NFC-F\u00e4lschungsschutzetikett und andere intelligente Module;<\/li>\n<li><strong>Nachhaltigkeit<\/strong>: Bieten Sie umweltfreundliche Optionen wie abbaubares Papier und PU-Leder auf Pflanzenbasis an.<\/li>\n<\/ul>","protected":false},"excerpt":{"rendered":"<p>Unsere hochwertigen Uhrenverpackungsschachteln haben ein dekonstruktivistisches geometrisches Schnittdesign, das die Er\u00f6ffnungszeremonie zu einem k\u00fcnstlerischen Erlebnis macht. Der Schachtelk\u00f6rper wird sorgf\u00e4ltig ausgew\u00e4hlt und mit hochwertigem Futter versehen, was eine individuelle Anpassung erm\u00f6glicht. Jedes Detail erz\u00e4hlt die exklusive Geschichte der \"Zeitsammler\" und definiert die Ethik der Luxusverpackung mit nachhaltigem und leichtem Luxus neu.<\/p>","protected":false},"featured_media":9819,"template":"","meta":[],"product_brand":[],"product_cat":[30,413,31,426],"product_tag":[1284,1285,1286],"class_list":{"0":"post-9815","1":"product","2":"type-product","3":"status-publish","4":"has-post-thumbnail","6":"product_cat-by-industry","7":"product_cat-consumer-electronics-boxes","8":"product_cat-paper-box-style","9":"product_cat-paper-drawer-boxes","10":"product_tag-custom-watch-box","11":"product_tag-luxury-watch-case-box","12":"product_tag-watch-box-supplier","14":"first","15":"instock","16":"shipping-taxable","17":"product-type-grouped"},"_links":{"self":[{"href":"https:\/\/zojopackaging.com\/de\/wp-json\/wp\/v2\/product\/9815","targetHints":{"allow":["GET"]}}],"collection":[{"href":"https:\/\/zojopackaging.com\/de\/wp-json\/wp\/v2\/product"}],"about":[{"href":"https:\/\/zojopackaging.com\/de\/wp-json\/wp\/v2\/types\/product"}],"version-history":[{"count":1,"href":"https:\/\/zojopackaging.com\/de\/wp-json\/wp\/v2\/product\/9815\/revisions"}],"predecessor-version":[{"id":9831,"href":"https:\/\/zojopackaging.com\/de\/wp-json\/wp\/v2\/product\/9815\/revisions\/9831"}],"wp:featuredmedia":[{"embeddable":true,"href":"https:\/\/zojopackaging.com\/de\/wp-json\/wp\/v2\/media\/9819"}],"wp:attachment":[{"href":"https:\/\/zojopackaging.com\/de\/wp-json\/wp\/v2\/media?parent=9815"}],"wp:term":[{"taxonomy":"product_brand","embeddable":true,"href":"https:\/\/zojopackaging.com\/de\/wp-json\/wp\/v2\/product_brand?post=9815"},{"taxonomy":"product_cat","embeddable":true,"href":"https:\/\/zojopackaging.com\/de\/wp-json\/wp\/v2\/product_cat?post=9815"},{"taxonomy":"product_tag","embeddable":true,"href":"https:\/\/zojopackaging.com\/de\/wp-json\/wp\/v2\/product_tag?post=9815"}],"curies":[{"name":"wp","href":"https:\/\/api.w.org\/{rel}","templated":true}]}}