{"id":9823,"date":"2025-04-03T21:19:32","date_gmt":"2025-04-03T13:19:32","guid":{"rendered":"https:\/\/zojopackaging.com\/?post_type=product&#038;p=9823"},"modified":"2025-04-03T21:30:43","modified_gmt":"2025-04-03T13:30:43","slug":"custom-cannabis-pre-roll-slide-out-box-packaging-supplier","status":"publish","type":"product","link":"https:\/\/zojopackaging.com\/de\/product\/custom-cannabis-pre-roll-slide-out-box-packaging-supplier\/","title":{"rendered":"Benutzerdefinierte Cannabis Pre Roll Slide-out Box Verpackung Lieferant"},"content":{"rendered":"<h3 id=\"-1-material-science-double-protection-of-coated-paper-grey-board-\"><strong>1. Materialkunde: Doppelter Schutz von gestrichenem Papier + Graupappe<\/strong><\/h3>\n<p>-\u00a0<strong>\u00c4u\u00dferes Box-Bodenmaterial<\/strong>:\u00a0<strong>157g gestrichenes Papier<\/strong>\u00a0ausgew\u00e4hlt, und nach der Laminierung (matt\/gl\u00e4nzend optional) erreicht die Reibungsfestigkeit Stufe 4, und die Druckfestigkeit wird um 50% erh\u00f6ht;<\/p>\n<p>-\u00a0<strong>Struktur des Innenfutters<\/strong>:\u00a0<strong>300g wei\u00dfer Karton<\/strong>\u00a0verwendet wird, wird die Feuchtigkeitsdichtigkeit um 70% erh\u00f6ht, wobei die Ebenheit des Kastenk\u00f6rpers erhalten bleibt;<\/p>\n<p>-\u00a0<strong>Umweltzertifizierung<\/strong>: Alle Materialien sind FSC-zertifiziert und erf\u00fcllen die Nachhaltigkeitsanforderungen von Health Canada f\u00fcr Marihuana-Verpackungen.<\/p>\n<h3><\/h3>\n<h3 id=\"-2-pull-out-design-the-perfect-balance-of-convenience-and-safety-\"><strong>2. Ausziehbares Design: das perfekte Gleichgewicht von Komfort und Sicherheit<\/strong><\/h3>\n<p>-\u00a0<strong>Ger\u00e4uschloses System<\/strong>: Auszugszeiten \u22655000 Mal ohne Verklemmung, h\u00f6here Leichtg\u00e4ngigkeit beim \u00d6ffnen und Schlie\u00dfen durch 60%;<\/p>\n<p>-\u00a0<strong>Mechanismus zum Schutz von Kindern<\/strong>:\u00a0<strong>Anti-Mistouch-Schnallen-Design<\/strong>\u00a0(siehe kanadische CPR-Norm) verwendet werden, und zum \u00d6ffnen ist eine Kraft von mehr als 5N erforderlich, was den gesetzlichen Anforderungen des nordamerikanischen Marktes entspricht;<\/p>\n<p>-\u00a0<strong>Antiseismischer Schutz<\/strong>: In die Kiste kann eine Pufferschicht aus Wabenkarton eingelegt werden, die eine Schwingungsd\u00e4mpfung von 90% aufweist, so dass die Transportsch\u00e4den auf weniger als 0,3% reduziert werden k\u00f6nnen.<\/p>\n<h3><\/h3>\n<h3 id=\"-3-visual-language-brand-narrative-of-color-and-pattern-\"><strong>3. Visuelle Sprache: Markenerz\u00e4hlung mit Farben und Mustern<\/strong><\/h3>\n<p>-\u00a0<strong>Farbschema<\/strong>: Die Hauptfarben sind\u00a0<strong>Pantone 15-1050 TCX (Leuchtendes Gelb)<\/strong>\u00a0und\u00a0<strong>17-1456 TCX (Herm\u00e8s Orange)<\/strong>und ein 0,1 mm breiter Farbverlauf wird durch einen hochpr\u00e4zisen Druck mit 1200 dpi erreicht;<\/p>\n<p>-\u00a0<strong>Feine Schnitztechnik<\/strong>: Lokales\u00a0<strong>UV-Pr\u00e4gung + Lasergravur<\/strong>\u00a0macht das Muster taktil deutlich und die F\u00e4lschungssicherheit wird durch 40% verbessert;<\/p>\n<p>-\u00a0<strong>Visuelle Psychologie<\/strong>: Die Kombination aus warmen Farben vermittelt eine hochwertige und lebendige Markentonalit\u00e4t, die dem \u00e4sthetischen Trend der jungen nordamerikanischen Verbraucher entspricht.<\/p>\n<h3><\/h3>\n<h3 id=\"-4-smart-partitioning-flexible-adaptation-of-modular-lining-\"><strong>4. Intelligente Aufteilung: flexible Anpassung der modularen Verkleidung<\/strong><\/h3>\n<p>-\u00a0<strong>Anzahl der Steckpl\u00e4tze<\/strong>Unterst\u00fctzt 3-8 unabh\u00e4ngige Positionen, kann in verschiedenen Gr\u00f6\u00dfen (Durchmesser 5-15mm) angepasst werden und ist f\u00fcr verschiedene Arten von Pre-Roll-Zigaretten geeignet;<\/p>\n<p>-\u00a0<strong>Kennzeichnungssystem<\/strong>: THC\/CBD-Gehalt und Geschmacksangaben (z. B. Minze\/Zitrus) werden auf die Oberfl\u00e4che der Trennwand gedruckt, und die Informationsdichte wird um 30% reduziert;<\/p>\n<p>-\u00a0<strong>Patentierte Konstruktion<\/strong>: Entwickelt\u00a0<strong>magnetischer Drehbelag<\/strong>Das Produkt kann von den Verbrauchern in 360\u00b0 betrachtet werden und wurde f\u00fcr den International Packaging Design Award nominiert.<\/p>\n<h3><\/h3>\n<h3 id=\"-5-printing-technology-the-ultimate-expression-of-brand-personality-\"><strong>5. Drucktechnik: der ultimative Ausdruck der Markenpers\u00f6nlichkeit<\/strong><\/h3>\n<p>-\u00a0<strong>Prozess-Matrix<\/strong>: -\u00a0<strong>Hei\u00dfpr\u00e4gen<\/strong>Ros\u00e9gold\/Champagnergold kundenspezifische Farbkarte, Farbunterschied \u0394E\u22640,8; -\u00a0<strong>Gepr\u00e4gt<\/strong>: 0,3 mm dreidimensionales Relief, f\u00fchlt sich an wie Seide; -\u00a0<strong>UV-Pr\u00e4gung<\/strong>: lokale Highlight-Behandlung, Erh\u00f6hung der Verschlei\u00dffestigkeit um 50%; -\u00a0<strong>Digitaler Druck<\/strong>: Unterst\u00fctzung von Kleinserienanfertigungen (Mindestbestellmenge 500 St\u00fcck), 3D-Modellierungspr\u00fcfung innerhalb von 8 Stunden abgeschlossen.<\/p>\n<h3><\/h3>\n<h3 id=\"-6-environmental-commitment-sustainable-packaging-solution-\"><strong>6. Engagement f\u00fcr die Umwelt: nachhaltige Verpackungsl\u00f6sung<\/strong><\/h3>\n<p>-\u00a0<strong>Werkstoff-Innovation<\/strong>: verwenden\u00a0<strong>abbaubare Graupappe<\/strong>\u00a0(Zersetzungsrate \u226590% innerhalb von 12 Wochen) und\u00a0<strong>Tinte auf Wasserbasis<\/strong>VOC-Emissionen um 95% reduziert;<\/p>\n<p>-\u00a0<strong>Bequemes Auspacken<\/strong>: mit\u00a0<strong>steckbare leimfreie Konstruktion<\/strong>Der 70% l\u00e4sst sich ohne Werkzeug \u00f6ffnen, und die Auspackzeit wird verk\u00fcrzt;<\/p>\n<p>-\u00a0<strong>Kreisf\u00f6rmiges Design<\/strong>Der Karton kann vollst\u00e4ndig recycelt werden, und die Graukartonauskleidung unterst\u00fctzt die Wiederverwendung, was den kanadischen Umweltverpackungsrichtlinien entspricht.<\/p>\n<h3><\/h3>\n<h3 id=\"-7-smart-manufacturing-cornerstone-16-years-of-industry-experience-\"><strong>7. Eckpfeiler der intelligenten Fertigung: 16 Jahre Branchenerfahrung<\/strong><\/h3>\n<p>-\u00a0<strong>Ausstattungsmatrix<\/strong>: Ausgestattet mit 18 internationalen Maschinen wie Manroland R700 F\u00fcnffarben-Druckmaschine, Heidelberg 7-Farben UV-Offsetdruckmaschine, mit einer Druckgeschwindigkeit von 15.000 Bogen\/Stunde; -\u00a0<strong>System der Qualit\u00e4tskontrolle<\/strong>: ISO 9001\/BRCGS-Zertifizierung, jede Produktcharge wird 12 Qualit\u00e4tskontrollen unterzogen (Farbunterschied\/Kompression\/Tropftest); -\u00a0<strong>Kapazit\u00e4tsgarantie<\/strong>: T\u00e4gliche Produktionskapazit\u00e4t von 200.000 St\u00fcck, Unterst\u00fctzung von Auftr\u00e4gen ab 500 St\u00fcck bis hin zur Massenproduktion in Millionenh\u00f6he und 24-Stunden-Lieferung von Eilauftr\u00e4gen.<\/p>","protected":false},"excerpt":{"rendered":"<p><strong>ZOJO Print | Customized marijuana Pre-roll slide-out box packaging expert - protecting brand value with compliance innovation<\/strong><\/p>\n<p>Vor dem Hintergrund der beschleunigten weltweiten Legalisierung von Marihuana ist die Verpackung nicht nur ein Produktbeh\u00e4lter, sondern auch ein Tr\u00e4ger der Markenkonformit\u00e4t und des Verbrauchervertrauens. ZOJO Print hat sich intensiv mit dem Thema Marihuana-Verpackungen besch\u00e4ftigt und sich dabei streng an die internationalen Vorschriften gehalten (z. B. an die kanadischen Marihuana-Regulierungsvorschriften). Dabei wurde modernes Design mit intelligenter Fertigung kombiniert, um Marken mit Pre-Roll-Schiebeboxen zu versorgen, die Sicherheit, Funktionalit\u00e4t und \u00c4sthetik vereinen.<\/p>","protected":false},"featured_media":9827,"template":"","meta":[],"product_brand":[],"product_cat":[30,420,31,426],"product_tag":[1277,1283,1282],"class_list":{"0":"post-9823","1":"product","2":"type-product","3":"status-publish","4":"has-post-thumbnail","6":"product_cat-by-industry","7":"product_cat-custom-cannabis-boxes","8":"product_cat-paper-box-style","9":"product_cat-paper-drawer-boxes","10":"product_tag-box-packaging-supplier","11":"product_tag-cannabis-box","12":"product_tag-cannabis-pre-roll-boxes","14":"first","15":"instock","16":"shipping-taxable","17":"product-type-simple"},"_links":{"self":[{"href":"https:\/\/zojopackaging.com\/de\/wp-json\/wp\/v2\/product\/9823","targetHints":{"allow":["GET"]}}],"collection":[{"href":"https:\/\/zojopackaging.com\/de\/wp-json\/wp\/v2\/product"}],"about":[{"href":"https:\/\/zojopackaging.com\/de\/wp-json\/wp\/v2\/types\/product"}],"version-history":[{"count":1,"href":"https:\/\/zojopackaging.com\/de\/wp-json\/wp\/v2\/product\/9823\/revisions"}],"predecessor-version":[{"id":9830,"href":"https:\/\/zojopackaging.com\/de\/wp-json\/wp\/v2\/product\/9823\/revisions\/9830"}],"wp:featuredmedia":[{"embeddable":true,"href":"https:\/\/zojopackaging.com\/de\/wp-json\/wp\/v2\/media\/9827"}],"wp:attachment":[{"href":"https:\/\/zojopackaging.com\/de\/wp-json\/wp\/v2\/media?parent=9823"}],"wp:term":[{"taxonomy":"product_brand","embeddable":true,"href":"https:\/\/zojopackaging.com\/de\/wp-json\/wp\/v2\/product_brand?post=9823"},{"taxonomy":"product_cat","embeddable":true,"href":"https:\/\/zojopackaging.com\/de\/wp-json\/wp\/v2\/product_cat?post=9823"},{"taxonomy":"product_tag","embeddable":true,"href":"https:\/\/zojopackaging.com\/de\/wp-json\/wp\/v2\/product_tag?post=9823"}],"curies":[{"name":"wp","href":"https:\/\/api.w.org\/{rel}","templated":true}]}}