{"id":9832,"date":"2025-04-03T21:32:07","date_gmt":"2025-04-03T13:32:07","guid":{"rendered":"https:\/\/zojopackaging.com\/?post_type=product&#038;p=9832"},"modified":"2025-04-03T21:55:40","modified_gmt":"2025-04-03T13:55:40","slug":"custom-aroma-scented-perfume-reed-diffuser-packaging-box","status":"publish","type":"product","link":"https:\/\/zojopackaging.com\/de\/product\/custom-aroma-scented-perfume-reed-diffuser-packaging-box\/","title":{"rendered":"Benutzerdefinierte Aroma duftende Parf\u00fcm Reed Diffuser Verpackung Box"},"content":{"rendered":"<h2 id=\"-1-corporate-strength-and-supply-chain-guarantee-\"><strong>1. Unternehmensst\u00e4rke und Garantie der Lieferkette<\/strong><\/h2>\n<p>Unser Unternehmen, das seit 16 Jahren der Ursprung der chinesischen Rattan-Aromatherapie-Industrie ist, verf\u00fcgt \u00fcber eine vollautomatische Produktionslinie und ein komplettes Lieferkettensystem, das von der Beschaffung der Rohstoffe bis zur Lieferung der fertigen Produkte streng kontrolliert wird. Mit dem Vorteil der Gro\u00dfproduktion bieten wir kosteneffiziente L\u00f6sungen an, um sicherzustellen, dass die Produktqualit\u00e4t internationalen Standards (z. B. ISO-Zertifizierung) entspricht, und gleichzeitig die Kosten f\u00fcr den Kunden zu senken.<\/p>\n<h2 id=\"-2-flexible-customization-service-\"><strong>2. Flexibler Anpassungsservice<\/strong><\/h2>\n<ul>\n<li><strong>Gr\u00f6\u00dfe und Struktur<\/strong>: Unterst\u00fctzt die individuelle Anpassung der Verpackungsgr\u00f6\u00dfe, nimmt das \"3-in-1 Himmel und Erde\"-Design an, passt perfekt zu den Parf\u00fcm- und Aromatherapieflaschen, ist leicht zu \u00f6ffnen und zu schlie\u00dfen und hebt die hochwertige Textur hervor.<\/li>\n<li><strong>Farbe und Design<\/strong>: Die Hauptfarbe ist mattschwarz, mit einem hei\u00dfgepr\u00e4gten Markenlogo, das einen dezenten Luxus vermittelt und den Markenton unterstreicht.<\/li>\n<li><strong>Schutz des Innenfutters<\/strong>: Das Innenfutter ist mit einer exklusiven Form aus EVA-Material geschnitten, die genau die Flasche des Rattan Diffusor passt, um Sch\u00fctteln oder Extrusion Verformung w\u00e4hrend des Transports zu vermeiden.<\/li>\n<\/ul>\n<h2 id=\"-3-packaging-structure-and-material-\"><strong>3. Struktur und Material der Verpackung<\/strong><\/h2>\n<ul>\n<li><strong>Hochfestes Material<\/strong>: Es wird umweltfreundlicher Hartkarton ausgew\u00e4hlt, und die Tragf\u00e4higkeit wird durch eine mehrschichtige Verbundtechnologie erh\u00f6ht, die dem Druck des Langstreckentransports standh\u00e4lt und die Produkte im Inneren vor Sch\u00e4den sch\u00fctzt.<\/li>\n<li><strong>Detaillierter Entwurf<\/strong>: Der Rand des Kastenk\u00f6rpers ist abgerundet und hat einen zarten Touch; die innere Struktur ist sinnvoll unterteilt und kann mehrere Zubeh\u00f6rteile wie Aromatherapieflaschen, Rattan und Anleitungen gleichzeitig aufnehmen.<\/li>\n<\/ul>\n<h2 id=\"-4-one-stop-service-for-foreign-trade-\"><strong>4. One-Stop-Service f\u00fcr den Au\u00dfenhandel<\/strong><\/h2>\n<p>Die Teammitglieder, die sich auf den Au\u00dfenhandel konzentrieren, verf\u00fcgen \u00fcber mehr als 10 Jahre Erfahrung im grenz\u00fcberschreitenden Export und bieten umfassende Dienstleistungen an, vom Design \u00fcber die Produktion bis hin zu Logistik, Zollabfertigung, Anpassung von Etiketten usw. Unterst\u00fctzung der mehrsprachigen Kommunikation im Kundenservice, um eine effiziente Reaktion auf die Bed\u00fcrfnisse der Kunden zu gew\u00e4hrleisten.<\/p>","protected":false},"excerpt":{"rendered":"<ul>\n<li>\u200b<strong>Erh\u00f6hte \u00c4sthetik:<\/strong>\u00a0Die mattschwarze Oberfl\u00e4che mit ros\u00e9goldenen Akzenten verleiht dem Regal einen besonderen Reiz.<\/li>\n<li>\u200b<strong>Langlebigkeit:<\/strong>\u00a0Die verst\u00e4rkte Struktur sch\u00fctzt die zerbrechlichen Diffusorflaschen w\u00e4hrend des Transports.<\/li>\n<li>\u200b<strong>Individuelles Branding:<\/strong>\u00a0Flexible Designoptionen f\u00fcr Logos, Farben und Eins\u00e4tze zur Anpassung an das Branding des Kunden.<\/li>\n<li>\u200b<strong>Umweltbewusst:<\/strong>\u00a0Nachhaltige Materialien tragen zu einem umweltfreundlichen Markennarrativ bei.<\/li>\n<\/ul>","protected":false},"featured_media":9833,"template":"","meta":[],"product_brand":[],"product_cat":[30,417,425,31],"product_tag":[498,1291,1290],"class_list":{"0":"post-9832","1":"product","2":"type-product","3":"status-publish","4":"has-post-thumbnail","6":"product_cat-by-industry","7":"product_cat-custom-perfume-boxes-by-industry","8":"product_cat-lid-and-base-gift-box","9":"product_cat-paper-box-style","10":"product_tag-custom-perfume-packaging","11":"product_tag-custom-scented-packaging-box","12":"product_tag-reed-diffuser-packaging","14":"first","15":"instock","16":"shipping-taxable","17":"product-type-grouped"},"_links":{"self":[{"href":"https:\/\/zojopackaging.com\/de\/wp-json\/wp\/v2\/product\/9832","targetHints":{"allow":["GET"]}}],"collection":[{"href":"https:\/\/zojopackaging.com\/de\/wp-json\/wp\/v2\/product"}],"about":[{"href":"https:\/\/zojopackaging.com\/de\/wp-json\/wp\/v2\/types\/product"}],"version-history":[{"count":1,"href":"https:\/\/zojopackaging.com\/de\/wp-json\/wp\/v2\/product\/9832\/revisions"}],"predecessor-version":[{"id":9847,"href":"https:\/\/zojopackaging.com\/de\/wp-json\/wp\/v2\/product\/9832\/revisions\/9847"}],"wp:featuredmedia":[{"embeddable":true,"href":"https:\/\/zojopackaging.com\/de\/wp-json\/wp\/v2\/media\/9833"}],"wp:attachment":[{"href":"https:\/\/zojopackaging.com\/de\/wp-json\/wp\/v2\/media?parent=9832"}],"wp:term":[{"taxonomy":"product_brand","embeddable":true,"href":"https:\/\/zojopackaging.com\/de\/wp-json\/wp\/v2\/product_brand?post=9832"},{"taxonomy":"product_cat","embeddable":true,"href":"https:\/\/zojopackaging.com\/de\/wp-json\/wp\/v2\/product_cat?post=9832"},{"taxonomy":"product_tag","embeddable":true,"href":"https:\/\/zojopackaging.com\/de\/wp-json\/wp\/v2\/product_tag?post=9832"}],"curies":[{"name":"wp","href":"https:\/\/api.w.org\/{rel}","templated":true}]}}