{"id":9839,"date":"2025-04-03T21:33:02","date_gmt":"2025-04-03T13:33:02","guid":{"rendered":"https:\/\/zojopackaging.com\/?post_type=product&#038;p=9839"},"modified":"2025-04-03T21:46:35","modified_gmt":"2025-04-03T13:46:35","slug":"custom-paper-pre-roll-box-slide-drawer-box-for-multipack-cones","status":"publish","type":"product","link":"https:\/\/zojopackaging.com\/de\/product\/custom-paper-pre-roll-box-slide-drawer-box-for-multipack-cones\/","title":{"rendered":"Benutzerdefinierte Papier Pre Roll Box Slide Drawer Box f\u00fcr Multipack Kegel"},"content":{"rendered":"<h3 id=\"-1-material-innovation-performance-symphony-of-coated-paper-gray-board-\"><strong>1. Werkstoff-Innovation: Leistungssinfonie von gestrichenem Papier und Graukarton<\/strong><\/h3>\n<p>-\u00a0<strong>\u00c4u\u00dferes Box-Bodenmaterial<\/strong>:\u00a0<strong>157g gestrichenes Papier<\/strong>\u00a0gew\u00e4hlt wird, beidseitige Laminierung (matt\/gl\u00e4nzend optional), Reibungswiderstand erreicht Stufe 4, und die Druckfestigkeit wird um 50% erh\u00f6ht;<\/p>\n<p>-\u00a0<strong>Struktur des Innenfutters<\/strong>:\u00a0<strong>EPE-Perlwatte + Graukarton-Verbundverfahren<\/strong>\u00a0verwendet werden kann, wird die Feuchtigkeitsbest\u00e4ndigkeit um 70% erh\u00f6ht, wobei die Ebenheit des Schachtelk\u00f6rpers erhalten bleibt (siehe Herstellungsverfahren f\u00fcr Graupappe);<\/p>\n<p>-\u00a0<strong>Umweltzertifizierung<\/strong>: Alle Materialien sind FSC-zertifiziert und entsprechen den Vorschriften f\u00fcr nachhaltige Verpackungen auf dem nordamerikanischen und europ\u00e4ischen Markt.<\/p>\n<h3 id=\"-2-modular-lining-orderly-storage-of-multiple-cones-\"><strong>2. Modulare Auskleidung: geordnete Lagerung mehrerer Zapfen<\/strong><\/h3>\n<p>-\u00a0<strong>Herausnehmbare Trennw\u00e4nde<\/strong>: Unterst\u00fctzung von 3-8 unabh\u00e4ngigen F\u00e4chern, anpassbar in verschiedenen Gr\u00f6\u00dfen (5-15mm im Durchmesser), geeignet f\u00fcr alle Arten von Pre-Roll-Zigaretten;<\/p>\n<p>-\u00a0<strong>Dynamisches Layout<\/strong>: Die Trennwand \u00fcbernimmt die\u00a0<strong>magnetische Rotationstechnik<\/strong>Das Produkt kann von den Verbrauchern in 360\u00b0 betrachtet werden und wurde f\u00fcr den International Packaging Design Award nominiert;<\/p>\n<h3 id=\"-3-visual-feast-luxurious-collision-of-rose-red-and-bright-yellow-\"><strong>3. Ein optischer Leckerbissen: luxuri\u00f6se Kollision von Rosenrot und leuchtendem Gelb<\/strong><\/h3>\n<p>-\u00a0<strong>Farbschema<\/strong>: Die Hauptfarben sind\u00a0<strong>Pantone 18-2120 TCX (Rosenrot)<\/strong>\u00a0und\u00a0<strong>15-1050 TCX (hellgelb)<\/strong>und ein 0,1 mm breiter Farbverlauf wird durch hochpr\u00e4zisen Druck mit 1200 dpi erreicht; -\u00a0<strong>Pr\u00e4zisionsschnitztechnik<\/strong>: lokal\u00a0<strong>UV-Pr\u00e4gung + Lasergravur<\/strong>Dadurch wird das Muster klar und deutlich erkennbar, und die F\u00e4lschungssicherheit wird durch 40% verbessert;<\/p>\n<p>-\u00a0<strong>Visuelle Psychologie<\/strong>: Die warme Farbkombination vermittelt eine hochwertige und lebendige Markentonalit\u00e4t, die dem \u00e4sthetischen Trend der Verbraucher der Generation Z entspricht.<\/p>\n<h3 id=\"-4-smart-pull-out-double-guarantee-of-convenience-and-safety-\"><strong>4. Smart Pull-Out: doppelte Garantie f\u00fcr Komfort und Sicherheit<\/strong><\/h3>\n<p>-\u00a0<strong>Ger\u00e4uscharmes Gleitschienensystem<\/strong>Eingebautes Kugellager aus rostfreiem Stahl, Auszugszeiten \u22655000 Mal ohne zu klemmen, erh\u00f6hte Leichtg\u00e4ngigkeit beim \u00d6ffnen und Schlie\u00dfen durch 60%;<\/p>\n<p>-\u00a0<strong>Mechanismus zum Schutz von Kindern<\/strong>: adoptieren\u00a0<strong>Anti-Mistouch-Schnallen-Design<\/strong>\u00a0(siehe kanadische CPR-Norm), m\u00fcssen Sie zum \u00d6ffnen mehr als 5N Kraft aufwenden;<\/p>\n<h3 id=\"-5-child-proof-lock-perfect-balance-between-compliance-and-ease-of-use-\"><strong>5. Kindersicherung: perfekte Balance zwischen Konformit\u00e4t und Benutzerfreundlichkeit<\/strong><\/h3>\n<p>-\u00a0<strong>Patentierte Konstruktion<\/strong>: k\u00f6nnen die entwickelten\u00a0<strong>Unsichtbares Magnetschloss<\/strong>Erwachsene k\u00f6nnen ihn mit einer Hand \u00f6ffnen, und die Rate der versehentlichen \u00d6ffnung durch Kinder ist auf weniger als 0,1% reduziert;<\/p>\n<p>-\u00a0<strong>Schnelles Entriegeln<\/strong>Eingebaute Federvorrichtung, Entriegelungszeit nur 0,3 Sekunden, entspricht den US CPSC Standards f\u00fcr Kindersicherheitsverpackungen;<\/p>\n<p>-\u00a0<strong>Verborgene \u00c4sthetik<\/strong>Das Schloss und das Kastenmuster sind nahtlos integriert, um die Integrit\u00e4t des Erscheinungsbildes zu erhalten.<\/p>\n<h3 id=\"-6-printing-technology-the-ultimate-expression-of-brand-personality-\"><strong>6. Drucktechnik: der ultimative Ausdruck der Markenpers\u00f6nlichkeit<\/strong><\/h3>\n<p>-\u00a0<strong>Prozess-Matrix<\/strong>: -\u00a0<strong>Hei\u00dfpr\u00e4gen<\/strong>: Rose Gold\/Champagne Gold kundenspezifische Farbkarte, Farbunterschied \u0394E\u22640,8;<\/p>\n<p>-\u00a0<strong>Gepr\u00e4gt<\/strong>: 0,3 mm dreidimensionales Relief, f\u00fchlt sich an wie Seide; -\u00a0<strong>UV-Pr\u00e4gung<\/strong>: Lokale Highlight-Behandlung, Erh\u00f6hung der Verschlei\u00dffestigkeit um 50%;<\/p>\n<p>-\u00a0<strong>Digitaler Druck<\/strong>: Unterst\u00fctzung von Kleinserienanfertigungen (Mindestbestellmenge 500 St\u00fcck), 3D-Modellierungspr\u00fcfung innerhalb von 8 Stunden abgeschlossen.<\/p>\n<h3 id=\"-7-smart-manufacturing-foundation-16-years-of-industry-experience-\"><strong>7. Grundlage f\u00fcr eine intelligente Fertigung: 16 Jahre Erfahrung in der Industrie<\/strong><\/h3>\n<p>-\u00a0<strong>Ausstattungsmatrix<\/strong>: Ausgestattet mit 18 internationalen Maschinen wie der Manroland R700 F\u00fcnffarben-Druckmaschine und der Heidelberg 7-Farben-UV-Offsetdruckmaschine mit einer Druckgeschwindigkeit von 15.000 Bogen\/Stunde;<\/p>\n<p>-\u00a0<strong>System der Qualit\u00e4tskontrolle<\/strong>: ISO 9001\/BRCGS-Zertifizierung, jede Produktcharge wird 12 Qualit\u00e4tskontrollen unterzogen (Farbunterschied\/Kompression\/Tropftest); -<\/p>\n<p><strong>Kapazit\u00e4tsgarantie<\/strong>: T\u00e4gliche Produktionskapazit\u00e4t von 200.000 St\u00fcck, Unterst\u00fctzung von Auftr\u00e4gen von 500 St\u00fcck bis zur Millionenproduktion und 24-Stunden-Lieferung von dringenden Auftr\u00e4gen.<\/p>","protected":false},"excerpt":{"rendered":"<p><strong>ZOJO Print | Experte f\u00fcr kundenindividuelle Papiervorlauf-Schiebeschachteln - Erstellen von High-End-Display-L\u00f6sungen f\u00fcr Multipack-T\u00fcten<\/strong><\/p>\n<p>Auf dem sich schnell entwickelnden Markt f\u00fcr CBD- und Cannabisprodukte ist die Verpackung nicht nur ein Produktbeh\u00e4lter, sondern auch ein zentraler Tr\u00e4ger des Markenimages und der Benutzererfahrung. ZOJO Print ist seit 16 Jahren in der Branche t\u00e4tig und konzentriert sich auf die Bereitstellung von L\u00f6sungen f\u00fcr Schubladenboxen, die Funktionalit\u00e4t, Sicherheit und \u00e4sthetischen Wert f\u00fcr Pre-Roll-Zigarettenmarken vereinen.<\/p>","protected":false},"featured_media":9842,"template":"","meta":[],"product_brand":[],"product_cat":[30,420,31,426],"product_tag":[1289,1287,1288],"class_list":{"0":"post-9839","1":"product","2":"type-product","3":"status-publish","4":"has-post-thumbnail","6":"product_cat-by-industry","7":"product_cat-custom-cannabis-boxes","8":"product_cat-paper-box-style","9":"product_cat-paper-drawer-boxes","10":"product_tag-drawer-box-for-multipack-cones","11":"product_tag-pre-roll-box","12":"product_tag-roll-box-slide-drawer-box","14":"first","15":"instock","16":"shipping-taxable","17":"product-type-simple"},"_links":{"self":[{"href":"https:\/\/zojopackaging.com\/de\/wp-json\/wp\/v2\/product\/9839","targetHints":{"allow":["GET"]}}],"collection":[{"href":"https:\/\/zojopackaging.com\/de\/wp-json\/wp\/v2\/product"}],"about":[{"href":"https:\/\/zojopackaging.com\/de\/wp-json\/wp\/v2\/types\/product"}],"version-history":[{"count":1,"href":"https:\/\/zojopackaging.com\/de\/wp-json\/wp\/v2\/product\/9839\/revisions"}],"predecessor-version":[{"id":9846,"href":"https:\/\/zojopackaging.com\/de\/wp-json\/wp\/v2\/product\/9839\/revisions\/9846"}],"wp:featuredmedia":[{"embeddable":true,"href":"https:\/\/zojopackaging.com\/de\/wp-json\/wp\/v2\/media\/9842"}],"wp:attachment":[{"href":"https:\/\/zojopackaging.com\/de\/wp-json\/wp\/v2\/media?parent=9839"}],"wp:term":[{"taxonomy":"product_brand","embeddable":true,"href":"https:\/\/zojopackaging.com\/de\/wp-json\/wp\/v2\/product_brand?post=9839"},{"taxonomy":"product_cat","embeddable":true,"href":"https:\/\/zojopackaging.com\/de\/wp-json\/wp\/v2\/product_cat?post=9839"},{"taxonomy":"product_tag","embeddable":true,"href":"https:\/\/zojopackaging.com\/de\/wp-json\/wp\/v2\/product_tag?post=9839"}],"curies":[{"name":"wp","href":"https:\/\/api.w.org\/{rel}","templated":true}]}}