{"id":9848,"date":"2025-04-03T21:55:53","date_gmt":"2025-04-03T13:55:53","guid":{"rendered":"https:\/\/zojopackaging.com\/?post_type=product&#038;p=9848"},"modified":"2025-04-03T22:09:27","modified_gmt":"2025-04-03T14:09:27","slug":"custom-shampoo-cosmetic-brush-packaging-boxes-with-window","status":"publish","type":"product","link":"https:\/\/zojopackaging.com\/de\/product\/custom-shampoo-cosmetic-brush-packaging-boxes-with-window\/","title":{"rendered":"Kundenspezifische Shampoo-Kosmetik-B\u00fcrsten-Verpackungsschachteln mit Fenster"},"content":{"rendered":"<h2 id=\"-1-all-round-customization-service-precise-matching-of-brand-tone-\"><strong>1. Rundum-Anpassungsservice, pr\u00e4zise Anpassung des Markentons<\/strong><\/h2>\n<p>Als chinesische Fabrik mit 16 Jahren Erfahrung konzentrieren wir uns auf die Bereitstellung von\u00a0<strong>hochpr\u00e4zise kundenspezifische Verpackungsl\u00f6sungen<\/strong>\u00a0f\u00fcr globale Kunden.<\/p>\n<ul>\n<li><strong>Flexible Gr\u00f6\u00dfenanpassung<\/strong>: Unterst\u00fctzt die vollst\u00e4ndige Anpassung von H\u00f6he, Breite und Dicke (Fehler ist nur 0,1-0,5 mm), genau passend zu den Produktformen wie Make-up-Pinsel und Shampoo.<\/li>\n<li><strong>Upgrade der visuellen Anpassung<\/strong>: Unter Verwendung der internationalen Pantone-Farbnummern, die mit der Hauptfarbe der Marke \u00fcbereinstimmen, kombiniert mit UV-Druck, Hei\u00dfpr\u00e4gung und anderen Verfahren, kann der Fensterbereich als transparentes Acryl oder umweltfreundliches PVC-Material gestaltet werden, um die Textur des Produkts intuitiv darzustellen.<\/li>\n<li><strong>Verschiedene Materialien verf\u00fcgbar<\/strong>: Bereitstellung von Kupferpapier, Gold- und Silberkarton, recycelbarer Wellpappe und anderen Materialien unter Ber\u00fccksichtigung des Umweltschutzes und der Anforderungen an einen hochwertigen Eindruck.<\/li>\n<\/ul>\n<h2 id=\"-2-pull-out-window-design-both-functional-and-aesthetic-\"><strong>2. Schubladen-Papierboxen mit Fensterdesign, sowohl funktional als auch \u00e4sthetisch<\/strong><\/h2>\n<p><strong>Innovativer struktureller Aufbau<\/strong>:<\/p>\n<ul>\n<li><strong>Dreidimensionales Anzeigefenster<\/strong>: Die Position des Fensters wird durch mechanische Berechnung optimiert, um die Abnutzung der Papierschachteln zu vermeiden und gleichzeitig die Anzeige der Produktdetails zu maximieren (z. B. Make-up-Pinsel Haarqualit\u00e4t, Shampooflasche K\u00f6rper LOGO).<\/li>\n<li><strong>Reibungsloses Ziehen<\/strong>: Das Geh\u00e4use des Kartons hat eine steckbare Gleitschienenstruktur, die sich leicht \u00f6ffnen und schlie\u00dfen l\u00e4sst. Die Innenauskleidung aus Bast fixiert die Produktposition, um ein Wackeln zu vermeiden.<\/li>\n<li><strong>Leistung des Kompressionsschutzes<\/strong>: Die H\u00e4rte des Kistenk\u00f6rpers ist 1,5-mal so hoch wie der Industriestandard (Gewicht \u2265 300 g), und die Wellpappschicht kann einem statischen Druck von 30 kg standhalten, um die Transportsicherheit zu gew\u00e4hrleisten.<\/li>\n<\/ul>\n<h2 id=\"-3-environmentally-friendly-lining-and-brand-added-value-enhancement-\"><strong>3. Umweltfreundliche Auskleidung und Erh\u00f6hung des Markenmehrwerts<\/strong><\/h2>\n<p><strong>L\u00f6sung f\u00fcr die Innenverkleidung<\/strong>:<\/p>\n<ul>\n<li><strong>Raffia-Zierschicht<\/strong>: Nat\u00fcrlich gef\u00e4rbter Bast wird ausgew\u00e4hlt, und die D\u00e4mpfungsleistung wird durch die Webdichte angepasst, die sowohl visuelle nat\u00fcrliche Sch\u00f6nheit als auch sto\u00dffeste Funktion hat.<\/li>\n<li><strong>Mehrschichtiger Aufbau<\/strong>: Die obere Lage aus Bast fixiert das Produkt, und die untere Lage ist mit EVA-Schwamm (optionale Dichte 30-60kg\/m\u00b3) verdickt, um empfindliche Teile (wie B\u00fcrstenk\u00f6pfe und Flaschenverschl\u00fcsse) gezielt zu sch\u00fctzen.<\/li>\n<\/ul>\n<p><strong>St\u00e4rkung des Markenwerts<\/strong>:<\/p>\n<ul>\n<li>In Anlehnung an das minimalistische \u00e4sthetische Konzept der spanischen Osom-Shampoo-Verpackung wird durch das hei\u00dfe silberne LOGO, den matten UV-Lack und andere Verfahren ein haptisches Erlebnis geschaffen, das mit Luxusg\u00fctern vergleichbar ist.<\/li>\n<li>Bereitstellung von\u00a0<strong>mehrsprachiger Handbuchschlitz<\/strong>,\u00a0<strong>Brand Story Slot<\/strong>\u00a0und andere wertsteigernde Designs, um das Gef\u00fchl der Auspackzeremonie zu verst\u00e4rken.<\/li>\n<\/ul>\n<h2 id=\"-4-supply-chain-advantages-and-foreign-trade-service-guarantees-\"><strong>4. Vorteile der Lieferkette und Garantien f\u00fcr Au\u00dfenhandelsdienstleistungen<\/strong><\/h2>\n<p><strong>St\u00e4rke der Produktion<\/strong>:<\/p>\n<ul>\n<li><strong>Vollautomatische Produktionslinie<\/strong>: Die 100.000er staubfreie Werkstatt erreicht eine t\u00e4gliche Produktionskapazit\u00e4t von 500.000 St\u00fcck und eine ultraschnelle G\u00e4rung von 48 Stunden.<\/li>\n<li><strong>Kostenkontrolle<\/strong>: Gro\u00df angelegte Beschaffung von Rohstoffen wie Gold und Silber Karton, der Preis ist 20-30% niedriger als der Markt, und unterst\u00fctzt eine Mindestbestellmenge von 500 St\u00fcck.<\/li>\n<\/ul>\n<h2 id=\"-foreign-trade-specialized-services-\"><strong>Spezialisierte Dienstleistungen im Au\u00dfenhandel<\/strong>:<\/h2>\n<ul>\n<li><strong>Unterst\u00fctzung bei der Einhaltung der Vorschriften<\/strong>: Wir sind mit den europ\u00e4ischen und amerikanischen REACH- und FSC-Zertifizierungen vertraut und k\u00f6nnen grenz\u00fcberschreitende Verpackungsl\u00f6sungen anbieten.<\/li>\n<li><strong>Lieferung aus einer Hand<\/strong>: Von der Entwurfsoptimierung \u00fcber die Seefrachtverpackung bis hin zur Erstellung von Zollabfertigungsdokumenten - die Treuhandschaft f\u00fcr den gesamten Prozess reduziert die Verlustrate in der grenz\u00fcberschreitenden Logistik.<\/li>\n<\/ul>","protected":false},"excerpt":{"rendered":"<ul>\n<li>\u200b<strong>Premium-\u00c4sthetik:<\/strong>\u00a0Erh\u00f6ht den Produktwert durch minimalistische Muster und Bandakzente.<\/li>\n<li>\u200b<strong>Individuelles Branding:<\/strong>\u00a0F\u00fcgen Sie Logos, Farben und Designs f\u00fcr eine einzigartige Identit\u00e4t hinzu.<\/li>\n<li>\u200b<strong>Sichere Verpackung:<\/strong>\u00a0Die Falten- und Gewebeauskleidung sch\u00fctzt zerbrechliche Gegenst\u00e4nde w\u00e4hrend des Transports.<\/li>\n<li>\u200b<strong>Umweltvertr\u00e4glich:<\/strong>\u00a0Nachhaltiger Karton erf\u00fcllt die Anforderungen an umweltfreundliche Verpackungen.<\/li>\n<li>\u200b<strong>Bulk Ready:<\/strong>\u00a0Kosteng\u00fcnstige Gro\u00dfhandelsoptionen mit schneller Produktion.<\/li>\n<\/ul>","protected":false},"featured_media":9849,"template":"","meta":[],"product_brand":[],"product_cat":[30,390,31,426],"product_tag":[1293,775,1292],"class_list":{"0":"post-9848","1":"product","2":"type-product","3":"status-publish","4":"has-post-thumbnail","6":"product_cat-by-industry","7":"product_cat-custom-cosmetics-boxes","8":"product_cat-paper-box-style","9":"product_cat-paper-drawer-boxes","10":"product_tag-cosmetic-brush-packaging-boxes","11":"product_tag-custom-cosmetic-packaging","12":"product_tag-custom-shampoo-packaging","14":"first","15":"instock","16":"shipping-taxable","17":"product-type-grouped"},"_links":{"self":[{"href":"https:\/\/zojopackaging.com\/de\/wp-json\/wp\/v2\/product\/9848","targetHints":{"allow":["GET"]}}],"collection":[{"href":"https:\/\/zojopackaging.com\/de\/wp-json\/wp\/v2\/product"}],"about":[{"href":"https:\/\/zojopackaging.com\/de\/wp-json\/wp\/v2\/types\/product"}],"version-history":[{"count":1,"href":"https:\/\/zojopackaging.com\/de\/wp-json\/wp\/v2\/product\/9848\/revisions"}],"predecessor-version":[{"id":9854,"href":"https:\/\/zojopackaging.com\/de\/wp-json\/wp\/v2\/product\/9848\/revisions\/9854"}],"wp:featuredmedia":[{"embeddable":true,"href":"https:\/\/zojopackaging.com\/de\/wp-json\/wp\/v2\/media\/9849"}],"wp:attachment":[{"href":"https:\/\/zojopackaging.com\/de\/wp-json\/wp\/v2\/media?parent=9848"}],"wp:term":[{"taxonomy":"product_brand","embeddable":true,"href":"https:\/\/zojopackaging.com\/de\/wp-json\/wp\/v2\/product_brand?post=9848"},{"taxonomy":"product_cat","embeddable":true,"href":"https:\/\/zojopackaging.com\/de\/wp-json\/wp\/v2\/product_cat?post=9848"},{"taxonomy":"product_tag","embeddable":true,"href":"https:\/\/zojopackaging.com\/de\/wp-json\/wp\/v2\/product_tag?post=9848"}],"curies":[{"name":"wp","href":"https:\/\/api.w.org\/{rel}","templated":true}]}}