{"id":9855,"date":"2025-04-04T00:34:46","date_gmt":"2025-04-03T16:34:46","guid":{"rendered":"https:\/\/zojopackaging.com\/?post_type=product&#038;p=9855"},"modified":"2025-04-04T00:49:48","modified_gmt":"2025-04-03T16:49:48","slug":"custom-pre-roll-multi-packs-joint-packaging-boxes-wholesale","status":"publish","type":"product","link":"https:\/\/zojopackaging.com\/de\/product\/custom-pre-roll-multi-packs-joint-packaging-boxes-wholesale\/","title":{"rendered":"Benutzerdefinierte Pre Roll Multi-Packs Joint Verpackung Boxen Gro\u00dfhandel"},"content":{"rendered":"<h2 id=\"-1-visual-impact-and-aesthetic-design-\"><strong>1. Visuelle Wirkung und \u00e4sthetische Gestaltung<\/strong><\/h2>\n<p>Diese CBD-Pre-Roll-Box verwendet eine kontrastreiche Farbkombination aus Gr\u00fcn und Gelb und kombiniert Farben mit hoher S\u00e4ttigung mit einer matten Oberfl\u00e4chenbehandlungstechnologie, die nicht nur die Lebendigkeit der Farbe bewahrt, sondern auch das Gef\u00fchl der Reflexion durch die matte \u00d6ldrucktechnologie reduziert, um visuelle Erm\u00fcdung zu vermeiden. Die matte Textur vermittelt ein unaufdringliches Gef\u00fchl von Luxus und bildet einen differenzierten visuellen Schwerpunkt im Regal, der schnell die Aufmerksamkeit der Verbraucher auf sich zieht.<\/p>\n<h2 id=\"-2-material-and-process-guarantee-\"><strong>2. Material- und Prozessgarantie<\/strong><\/h2>\n<p>Der Hauptk\u00f6rper des Verpackungskartons besteht aus einer hochfesten Graupappe und beschichtetem Papier. Die Kernschicht aus Graukarton sorgt f\u00fcr Druckfestigkeit, und die Oberfl\u00e4che aus beschichtetem Papier ist mit matter Tinte beschichtet, die sich zart anf\u00fchlt und verschlei\u00dffest und kratzfest ist. Das Auszugsdesign verwendet ein Pr\u00e4zisionsstanzverfahren, um sicherzustellen, dass die Gleitschiene glatt und haltbar ist und das \u00d6ffnen und Schlie\u00dfen reibungslos funktioniert. Die innere Trennwand besteht aus umweltfreundlichem Karton und wird durch eine Pr\u00e4getechnik verst\u00e4rkt. Sie kann nicht nur vorgedrehte Zigaretten trennen, um Kollisionen zu vermeiden, sondern auch die Anordnung flexibel an unterschiedliche Gr\u00f6\u00dfenanforderungen anpassen.<\/p>\n<h2 id=\"-3-functional-structural-design-\"><strong>3. Funktionaler struktureller Entwurf<\/strong><\/h2>\n<ul>\n<li><strong>Ausziehbare praktische Aufbewahrung und Zugang<\/strong>: Das Geh\u00e4use der Box hat eine doppelschichtige, verschachtelte Struktur, und das eingebaute Fach kann durch leichtes Ziehen freigelegt werden, was die einh\u00e4ndige Bedienung unterst\u00fctzt und die Bequemlichkeit der Verbraucher verbessert.<\/li>\n<li><strong>Multi-Stick-Speicherung und Platzoptimierung<\/strong>: Die Schachtel ist durch wabenf\u00f6rmige Trennw\u00e4nde unterteilt und kann 10-20 vorgerollte Zigaretten aufnehmen (die spezifische Kapazit\u00e4t kann individuell angepasst werden), was Platz spart und leicht zu transportieren ist.<\/li>\n<\/ul>\n<h2 id=\"-4-in-depth-customized-service-\"><strong>4. Ausf\u00fchrlicher kundenspezifischer Service<\/strong><\/h2>\n<ul>\n<li><strong>Anpassung von Gr\u00f6\u00dfe und Form<\/strong>: Je nach Gr\u00f6\u00dfe (L\u00e4nge, Durchmesser) der vorgedrehten Zigaretten und dem Markenton des Kunden werden quadratische, rechteckige, speziell geformte und andere Schachtell\u00f6sungen angeboten, die den Produktspezifikationen genau entsprechen.<\/li>\n<li><strong>3D-Design- und Druckl\u00f6sung<\/strong>: Mit Hilfe der digitalen Modellierungstechnologie werden 3D-Renderings erstellt, um die Struktur der Schachtel und die Oberfl\u00e4cheneffekte intuitiv darzustellen; Hei\u00dfpr\u00e4gung, UV-Teilglanzoberfl\u00e4che, Reliefpr\u00e4gung und andere Druckverfahren werden gleichzeitig angeboten, um das Markenlogo zu st\u00e4rken.<\/li>\n<\/ul>\n<h2 id=\"-5-brand-empowerment-and-production-guarantee-\"><strong>5. St\u00e4rkung der Marke und Produktionsgarantie<\/strong><\/h2>\n<ul>\n<li><strong>Verbesserung des Markenimages<\/strong>: Durch die Einbindung von LOGO, Markenfarbe und kulturellen Elementen wird die Verpackung zu einem mobilen Werbetr\u00e4ger, der die Erinnerung der Verbraucher an die Marke verst\u00e4rkt.<\/li>\n<li><strong>Skalierte Produktionskapazit\u00e4t<\/strong>: Mit 16 Jahren Erfahrung in der Druck- und Verpackungsindustrie und 5.320 Quadratmetern intelligenter Werkst\u00e4tten bietet das Unternehmen Dienstleistungen aus einer Hand, von der Entwurfspr\u00fcfung bis zur Massenproduktion, und verf\u00fcgt \u00fcber eine t\u00e4gliche Produktionskapazit\u00e4t von 180.000 St\u00fcck, die eine effiziente Auftragsabwicklung gew\u00e4hrleistet.<\/li>\n<\/ul>\n<h2 id=\"-6-environmental-protection-and-sustainability-\"><strong>6. Umweltschutz und Nachhaltigkeit<\/strong><\/h2>\n<p>Die Verwendung von FSC-zertifiziertem Graupappepapier und matter Tinte auf Wasserbasis entspricht dem Trend zu umweltfreundlichen Verpackungen unter Ber\u00fccksichtigung von Haltbarkeit und Abbaubarkeit. Die innere Trennwand ist herausnehmbar und wiederverwendbar, um die Ressourcenverschwendung zu reduzieren.<\/p>\n<h2 id=\"-applicable-scenarios-\"><strong>Anwendbare Szenarien<\/strong><\/h2>\n<ul>\n<li><strong>Display f\u00fcr Einzelhandels-Terminals<\/strong>: Die matte Textur und die leuchtenden Farben eignen sich f\u00fcr Convenience Stores und Fachgesch\u00e4fte und erh\u00f6hen die Produktpr\u00e4mie in den Regalen.<\/li>\n<li><strong>Geschenkset Kombination<\/strong>: Unterst\u00fctzt das Design von Geschenkboxen, gepaart mit Markenhandb\u00fcchern oder Accessoires, um den Markt f\u00fcr hochwertige Geschenke zu erweitern.<\/li>\n<\/ul>\n<h2 id=\"-cooperation-process-\"><strong>Prozess der Zusammenarbeit<\/strong><\/h2>\n<ol>\n<li>Bedarfskommunikation \u2192 2. 3D-Modellierung und Effektbest\u00e4tigung \u2192 3. Auswahl von Material- und Prozessl\u00f6sungen \u2192 4. Erprobungspr\u00fcfung \u2192 5. Massenproduktion \u2192 6. Qualit\u00e4tspr\u00fcfung und Auslieferung.<\/li>\n<\/ol>","protected":false},"excerpt":{"rendered":"<p>Durch professionelles Design und Produktionsst\u00e4rke sind wir bestrebt, CBD-Marken mit Verpackungsl\u00f6sungen zu versorgen, die \u00e4sthetischen Wert und praktische Funktionen vereinen und den Produkten helfen, sich auf dem hart umk\u00e4mpften Markt abzuheben.<\/p>","protected":false},"featured_media":9858,"template":"","meta":[],"product_brand":[],"product_cat":[30,420,31,426],"product_tag":[1294,1295,1281],"class_list":{"0":"post-9855","1":"product","2":"type-product","3":"status-publish","4":"has-post-thumbnail","6":"product_cat-by-industry","7":"product_cat-custom-cannabis-boxes","8":"product_cat-paper-box-style","9":"product_cat-paper-drawer-boxes","10":"product_tag-custom-pre-roll-packaging","11":"product_tag-multi-packs-joint-packaging","12":"product_tag-pre-roll-packaging","14":"first","15":"instock","16":"shipping-taxable","17":"product-type-grouped"},"_links":{"self":[{"href":"https:\/\/zojopackaging.com\/de\/wp-json\/wp\/v2\/product\/9855","targetHints":{"allow":["GET"]}}],"collection":[{"href":"https:\/\/zojopackaging.com\/de\/wp-json\/wp\/v2\/product"}],"about":[{"href":"https:\/\/zojopackaging.com\/de\/wp-json\/wp\/v2\/types\/product"}],"version-history":[{"count":1,"href":"https:\/\/zojopackaging.com\/de\/wp-json\/wp\/v2\/product\/9855\/revisions"}],"predecessor-version":[{"id":9862,"href":"https:\/\/zojopackaging.com\/de\/wp-json\/wp\/v2\/product\/9855\/revisions\/9862"}],"wp:featuredmedia":[{"embeddable":true,"href":"https:\/\/zojopackaging.com\/de\/wp-json\/wp\/v2\/media\/9858"}],"wp:attachment":[{"href":"https:\/\/zojopackaging.com\/de\/wp-json\/wp\/v2\/media?parent=9855"}],"wp:term":[{"taxonomy":"product_brand","embeddable":true,"href":"https:\/\/zojopackaging.com\/de\/wp-json\/wp\/v2\/product_brand?post=9855"},{"taxonomy":"product_cat","embeddable":true,"href":"https:\/\/zojopackaging.com\/de\/wp-json\/wp\/v2\/product_cat?post=9855"},{"taxonomy":"product_tag","embeddable":true,"href":"https:\/\/zojopackaging.com\/de\/wp-json\/wp\/v2\/product_tag?post=9855"}],"curies":[{"name":"wp","href":"https:\/\/api.w.org\/{rel}","templated":true}]}}