{"id":9863,"date":"2025-04-04T00:50:09","date_gmt":"2025-04-03T16:50:09","guid":{"rendered":"https:\/\/zojopackaging.com\/?post_type=product&#038;p=9863"},"modified":"2025-04-04T00:58:43","modified_gmt":"2025-04-03T16:58:43","slug":"custom-printed-pre-roll-cones-packaging-joint-box-wholesale","status":"publish","type":"product","link":"https:\/\/zojopackaging.com\/de\/product\/custom-printed-pre-roll-cones-packaging-joint-box-wholesale\/","title":{"rendered":"Benutzerdefinierte gedruckt Pre Roll Kegel Verpackung Joint Box Gro\u00dfhandel"},"content":{"rendered":"<h2 id=\"1-sturdy-material-and-high-end-protection-\">1.\u00a0<strong>Robustes Material und High-End-Schutz<\/strong><\/h2>\n<p>Diese vorgerollte Kegelausziehbox verwendet\u00a0<strong>hochfeste Graupappe<\/strong>\u00a0als Kernmaterial der Verpackung und wird mit\u00a0<strong>Beschichtetes Papier Oberseite Papier Laminierung Prozess<\/strong>Dies gew\u00e4hrleistet nicht nur die strukturelle Stabilit\u00e4t, sondern verleiht dem Verpackungskarton auch eine matte oder gl\u00e4nzende High-End-Struktur. Das Graukartonmaterial verf\u00fcgt \u00fcber eine ausgezeichnete Druck- und Sto\u00dffestigkeit, die die innenliegenden vorgerollten Produkte w\u00e4hrend des Transports und der Lagerung wirksam vor Quetschungen und Verformungen sch\u00fctzen kann. Das beschichtete Oberpapier verbessert nicht nur die Optik, sondern erh\u00f6ht durch den Laminierungsprozess auch die Wasserdichtigkeit und die Antifouling-F\u00e4higkeit, wodurch die Lebensdauer der Verpackung verl\u00e4ngert wird.<\/p>\n<h2 id=\"2-minimalist-design-strengthen-brand-recognition-\">2.\u00a0<strong>Minimalistisches Design, St\u00e4rkung der Markenbekanntheit<\/strong><\/h2>\n<p>Gem\u00e4\u00df dem Designkonzept \"weniger ist mehr\" ist dieses Produkt mit einer\u00a0<strong>minimalistische visuelle L\u00f6sung<\/strong>Das Markenlogo ist das Kernelement und wird mit Hilfe von Hei\u00dfpr\u00e4gung, Siebdruck oder Lasergravur pr\u00e4zise positioniert. Das schlichte Design vermeidet eine Informations\u00fcberflutung, so dass sich die Verbraucher beim ersten Mal auf das Markenlogo konzentrieren und ein tiefes visuelles Ged\u00e4chtnis aufbauen k\u00f6nnen. F\u00fcr das Logo kann beispielsweise eine einfarbige, kontrastreiche L\u00f6sung gew\u00e4hlt werden (z. B. mattschwarzer Hintergrund + hellsilbernes Logo), oder es kann mit einer f\u00e4lschungssicheren Lasertextur kombiniert werden, um die Wiedererkennung zu verbessern.<\/p>\n<h2 id=\"3-automated-production-efficient-cost-reduction-\">3.\u00a0<strong>Automatisierte Produktion, effiziente Kostensenkung<\/strong><\/h2>\n<p>Verlassen Sie sich auf\u00a0<strong>Vollautomatische Produktionslinie f\u00fcr Ausziehboxen<\/strong>realisieren wir eine integrierte Produktion vom Stanzen \u00fcber das Gie\u00dfen bis zur Montage. Die automatisierte Ausr\u00fcstung unterst\u00fctzt den 24-Stunden-Dauerbetrieb mit einer t\u00e4glichen Produktionskapazit\u00e4t von\u00a0<strong>5.000-10.000 St\u00fcck<\/strong>Dadurch wird der Lieferzyklus erheblich verk\u00fcrzt (h\u00f6chstens 3-5 Arbeitstage) und die Arbeitskosten werden gesenkt. Der Roboterarm faltet beispielsweise die Graukartonstruktur pr\u00e4zise und kalibriert in Zusammenarbeit mit der Lichtschranke die Auszugsschiene, um sicherzustellen, dass der Fehler beim \u00d6ffnen und Schlie\u00dfen jedes Produkts \u22640,5 mm ist.<\/p>\n<h2 id=\"4-flexible-customization-and-bulk-discount-\">4.\u00a0<strong>Flexible Anpassung und Mengenrabatt<\/strong><\/h2>\n<ul>\n<li><strong>Anpassung der Gr\u00f6\u00dfe<\/strong>: Unterst\u00fctzt die kundenspezifische Anpassung von vorgerollten Produkten mit einem Durchmesser von 10-50 mm und einer L\u00e4nge von 70-200 mm und bietet drei Verpackungsoptionen: Standard, verdickt und speziell geformt.<\/li>\n<\/ul>\n<h2 id=\"5-3d-visual-design-support-\">5.\u00a0<strong>Unterst\u00fctzung des visuellen 3D-Designs<\/strong><\/h2>\n<p>Unser Designteam bietet\u00a0<strong>3D-Modellierung und Rendering-Dienste<\/strong>die innerhalb von 48 Stunden realistische Renderings von Verpackungen erstellen kann, die die Simulation von Materialien (z. B. Graukartonstruktur, Glanz von beschichtetem Papier), die strukturelle Zerlegung (Display-Ausziehmechanismus) und die Darstellung von Szenarien (z. B. Regaldisplay, Handheld-Effekt) umfassen. Die Kunden k\u00f6nnen die Designdetails \u00fcber die interaktive Schnittstelle anpassen und den \u00c4nderungseffekt in Echtzeit in der Vorschau anzeigen, um sicherzustellen, dass die L\u00f6sung in hohem Ma\u00dfe mit dem Markenton \u00fcbereinstimmt.<\/p>\n<h2 id=\"6-multi-process-printing-empowers-brand-communication-\">6.\u00a0<strong>Mehrstufiger Druck st\u00e4rkt die Markenkommunikation<\/strong><\/h2>\n<p>Die folgenden Drucktechnologien werden zur St\u00e4rkung der Markenidentit\u00e4t eingesetzt:<\/p>\n<ul>\n<li><strong>Siebdruck<\/strong>: geeignet f\u00fcr gro\u00dffl\u00e4chige Farbbl\u00f6cke und LOGO mit hoher S\u00e4ttigung, mit starker Verschlei\u00dffestigkeit;<\/li>\n<li><strong>Hei\u00dfpr\u00e4gen\/Hei\u00dfpr\u00e4gen<\/strong>: Verbesserung der Metalltextur, geeignet f\u00fcr hochwertige Serien;<\/li>\n<li><strong>UV-Lokalverglasung<\/strong>: Hervorhebung wichtiger Informationen und Verbesserung der taktilen Schichtung. Alle Prozesse sind nach ISO 9001 qualit\u00e4tszertifiziert, und der Farbunterschied wird \u22645% kontrolliert, um die Chargenkonsistenz zu gew\u00e4hrleisten.<\/li>\n<\/ul>\n<h2 id=\"7-end-to-end-service-worry-free-throughout-\">7.\u00a0<strong>Durchg\u00e4ngiger Service, sorgenfrei durchgehend<\/strong><\/h2>\n<p>Wir bieten\u00a0<strong>One-Stop-L\u00f6sungen<\/strong>die den gesamten Prozess von der Bedarfsanalyse \u00fcber die Entwurfspr\u00fcfung bis hin zur Lieferung der Massenproduktion abdeckt:<\/p>\n<ul>\n<li><strong>Vorl\u00e4ufige Konsultation<\/strong>: Ein professionelles Team bewertet die Produkteigenschaften und die Marktpositionierung und empfiehlt die beste Verpackungsstrategie;<\/li>\n<li><strong>Kontrolle der Produktion<\/strong>: Nutzung des MES-Systems zur \u00dcberwachung des Produktionsfortschritts in Echtzeit, Unterst\u00fctzung der Online-Auftragskontrolle und der R\u00fcckverfolgbarkeit der Qualit\u00e4t;<\/li>\n<\/ul>","protected":false},"excerpt":{"rendered":"<ul>\n<li><strong>Sicherung der Qualit\u00e4t<\/strong>: SGS-Druckpr\u00fcfung bestanden (Tragf\u00e4higkeit \u226515kg);<\/li>\n<li><strong>Schnelle Antwort<\/strong>24-Stunden-Kundendienst, beschleunigte Bearbeitung dringender Auftr\u00e4ge;<\/li>\n<li><strong>Einhaltung der Umweltvorschriften<\/strong>: Die Materialien entsprechen der FSC-Zertifizierung und unterst\u00fctzen den biologisch abbaubaren Beschichtungsprozess.<\/li>\n<\/ul>","protected":false},"featured_media":9868,"template":"","meta":[],"product_brand":[],"product_cat":[30,420,31,426],"product_tag":[1296,1298,1297],"class_list":{"0":"post-9863","1":"product","2":"type-product","3":"status-publish","4":"has-post-thumbnail","6":"product_cat-by-industry","7":"product_cat-custom-cannabis-boxes","8":"product_cat-paper-box-style","9":"product_cat-paper-drawer-boxes","10":"product_tag-custom-printed-pre-roll-packaging","11":"product_tag-joint-box-wholesale","12":"product_tag-pre-roll-cones-packaging","14":"first","15":"instock","16":"shipping-taxable","17":"product-type-grouped"},"_links":{"self":[{"href":"https:\/\/zojopackaging.com\/de\/wp-json\/wp\/v2\/product\/9863","targetHints":{"allow":["GET"]}}],"collection":[{"href":"https:\/\/zojopackaging.com\/de\/wp-json\/wp\/v2\/product"}],"about":[{"href":"https:\/\/zojopackaging.com\/de\/wp-json\/wp\/v2\/types\/product"}],"version-history":[{"count":1,"href":"https:\/\/zojopackaging.com\/de\/wp-json\/wp\/v2\/product\/9863\/revisions"}],"predecessor-version":[{"id":9870,"href":"https:\/\/zojopackaging.com\/de\/wp-json\/wp\/v2\/product\/9863\/revisions\/9870"}],"wp:featuredmedia":[{"embeddable":true,"href":"https:\/\/zojopackaging.com\/de\/wp-json\/wp\/v2\/media\/9868"}],"wp:attachment":[{"href":"https:\/\/zojopackaging.com\/de\/wp-json\/wp\/v2\/media?parent=9863"}],"wp:term":[{"taxonomy":"product_brand","embeddable":true,"href":"https:\/\/zojopackaging.com\/de\/wp-json\/wp\/v2\/product_brand?post=9863"},{"taxonomy":"product_cat","embeddable":true,"href":"https:\/\/zojopackaging.com\/de\/wp-json\/wp\/v2\/product_cat?post=9863"},{"taxonomy":"product_tag","embeddable":true,"href":"https:\/\/zojopackaging.com\/de\/wp-json\/wp\/v2\/product_tag?post=9863"}],"curies":[{"name":"wp","href":"https:\/\/api.w.org\/{rel}","templated":true}]}}