{"id":9871,"date":"2025-04-04T00:59:03","date_gmt":"2025-04-03T16:59:03","guid":{"rendered":"https:\/\/zojopackaging.com\/?post_type=product&#038;p=9871"},"modified":"2025-04-04T09:38:39","modified_gmt":"2025-04-04T01:38:39","slug":"custom-cannabis-pre-roll-joint-paper-packaging-box-wholesale","status":"publish","type":"product","link":"https:\/\/zojopackaging.com\/de\/product\/custom-cannabis-pre-roll-joint-paper-packaging-box-wholesale\/","title":{"rendered":"Benutzerdefinierte Cannabis Pre Roll Joint Papier Verpackung Box Gro\u00dfhandel"},"content":{"rendered":"<h2 id=\"-1-strong-material-comprehensive-protection-\"><strong>1. Starkes Material, umfassender Schutz<\/strong><\/h2>\n<p>Unsere vorgerollte Zigaretten-Ausziehpackung verwendet\u00a0<strong>157g hochgewichtiges gestrichenes Papier<\/strong>\u00a0kombiniert mit\u00a0<strong>hochfeste Graukartonverkleidung<\/strong>und erzeugt durch ein Verbundverfahren eine dreidimensionale Struktur, um sicherzustellen, dass das Produkt w\u00e4hrend des Transports, der Lagerung und der Verwendung druckfest, sturzsicher und feuchtigkeitsgesch\u00fctzt ist. Das Graukartonmaterial bietet zus\u00e4tzlichen Halt, puffert \u00e4u\u00dfere St\u00f6\u00dfe wirksam ab, verringert die Bruchgefahr und h\u00e4lt die Box leicht, wobei Umweltschutz und Haltbarkeit ber\u00fccksichtigt werden.<\/p>\n<h2 id=\"-2-diversified-structural-and-functional-design-\"><strong>2. Vielf\u00e4ltige strukturelle und funktionale Gestaltung<\/strong><\/h2>\n<ul>\n<li><strong>Flexible Auswahl an Gr\u00f6\u00dfen und Stilen<\/strong>: Bietet eine Vielzahl von Schachteltypen wie quadratisch, rechteckig und Sonderformen, unterst\u00fctzt\u00a0<strong>1-10 Packungen<\/strong>\u00a0und andere Kapazit\u00e4tsspezifikationen und passt sich den unterschiedlichen Anforderungen an vorgerollte Zigarettenprodukte an.<\/li>\n<li><strong>Feste Steckkonstruktion<\/strong>: Eingebauter verstellbarer EVA-Schaumstoff-Stecker oder umweltfreundliche Karton-Trennschicht, um sicherzustellen, dass die vorgerollte Zigarette stabil ist und sich w\u00e4hrend des Transports nicht verschiebt, um Reibungssch\u00e4den zu vermeiden.<\/li>\n<li><strong>Tragbarer Auszug zum \u00d6ffnen und Schlie\u00dfen<\/strong>: Optimieren Sie die D\u00e4mpfung der Push-Pull-Struktur, verbessern Sie die Benutzererfahrung und ber\u00fccksichtigen Sie die Dichtigkeit und Benutzerfreundlichkeit.<\/li>\n<\/ul>\n<h2 id=\"-3-high-precision-printing-and-color-performance-\"><strong>3. Hochpr\u00e4ziser Druck und Farbleistung<\/strong><\/h2>\n<p>annehmen.\u00a0<strong>Kombiniertes Verfahren Offsetdruck + Digitaldruck<\/strong>Unterst\u00fctzung\u00a0<strong>CMYK-Vollfarbdruck<\/strong>\u00a0und\u00a0<strong>Pantone-Farbabgleich (PMS)<\/strong>, Farbwiedergabe \u2265 98%, Erf\u00fcllung komplexer Designanforderungen wie Markenlogos und Verlaufsmuster.<\/p>\n<ul>\n<li><strong>Verst\u00e4rkung des Metalleffekts<\/strong>: fakultativ\u00a0<strong>Hei\u00dfpr\u00e4gung\/Hei\u00dfsilber, Metallfolienpr\u00e4gung<\/strong>\u00a0Verfahren, die einen matten, gl\u00e4nzenden oder partiellen Lasereffekt aufweisen, verst\u00e4rken die visuelle Wirkung der Verpackung.<\/li>\n<li><strong>Hohle Fensterkonstruktion<\/strong>Durch ein pr\u00e4zises Stanzverfahren wird ein transparentes PET- oder Acrylfenster auf dem Schachtelk\u00f6rper ge\u00f6ffnet, um die vorgerollten Zigarettenprodukte intuitiv zu pr\u00e4sentieren und die Kauflust zu stimulieren.<\/li>\n<\/ul>\n<h2 id=\"-4-surface-treatment-and-functional-coating-\"><strong>4. Oberfl\u00e4chenbehandlung und Funktionsbeschichtung<\/strong><\/h2>\n<ul>\n<li><strong>Schutzschicht<\/strong>: bieten Optionen wie matte Folie, gl\u00e4nzende Folie, Touch-Folie usw., verbessern die Kratzfestigkeit und verl\u00e4ngern die Lebensdauer des Displays.<\/li>\n<li><strong>Umweltfreundliche Beschichtungstechnologie<\/strong>: UV-Beschichtung auf Wasserbasis, ungiftig und geruchlos, FDA-Zertifizierung f\u00fcr den Kontakt mit Lebensmitteln zur Gew\u00e4hrleistung der Produktsicherheit.<\/li>\n<\/ul>\n<h2 id=\"-5-one-stop-customization-service-\"><strong>5. Anpassungsservice aus einer Hand<\/strong><\/h2>\n<ul>\n<li><strong>Design und technische Unterst\u00fctzung<\/strong>: Kostenlose 3D-Modellierung, strukturelle Optimierung und Anpassung der Marke VI, Unterst\u00fctzung der digitalen AR-Mustervorschau und Reduzierung der Proofkosten.<\/li>\n<li><strong>Intelligente Lagerhaltung und Logistik<\/strong>: Auf der Grundlage eines automatisierten Lagersystems wird die integrierte Verwaltung von Auftragssortierung, Verpackung und Transport realisiert und unterst\u00fctzt\u00a0<strong>7-15 Tage schnelle Lieferung<\/strong>\u00a0auf den wichtigsten globalen M\u00e4rkten.<\/li>\n<li><strong>Transparenz in der Lieferkette<\/strong>: Verfolgung der R\u00fcckverfolgbarkeit von Rohstoffen und des Produktionsfortschritts durch das Internet der Dinge (IoT), um kontrollierbare Qualit\u00e4t und rechtzeitige Lieferung zu gew\u00e4hrleisten.<\/li>\n<\/ul>\n<h2 id=\"-6-brand-empowerment-and-market-competitiveness-\"><strong>6. St\u00e4rkung der Marke und Wettbewerbsf\u00e4higkeit auf dem Markt<\/strong><\/h2>\n<ul>\n<li><strong>Integration von Marketinginstrumenten<\/strong>: In die Verpackungsbox k\u00f6nnen NFC-Chips oder QR-Codes integriert werden, die auf die offizielle Website der Marke und Werbeaktivit\u00e4ten verweisen, um die Interaktion mit dem Verbraucher zu verbessern.<\/li>\n<li><strong>Umweltzertifizierung<\/strong>: Bieten Sie FSC-zertifiziertes Papier an, das dem Trend zur nachhaltigen Entwicklung auf dem europ\u00e4ischen und amerikanischen Markt entspricht und das Markenimage unterst\u00fctzt.<\/li>\n<\/ul>\n<h2 id=\"-7-quality-commitment-and-after-sales-guarantee-\"><strong>7. Qualit\u00e4tsverpflichtung und After-Sales-Garantie<\/strong><\/h2>\n<ul>\n<li><strong>Vollst\u00e4ndige Inspektion und Qualit\u00e4tskontrolle<\/strong>: Von der Lagerung des Rohmaterials bis zum Versand des fertigen Produkts setzen wir das Qualit\u00e4tsmanagementsystem ISO 9001 ein, und die Fehlerquote liegt bei \u22640,3%.<\/li>\n<li><strong>Sorgenfreier After-Sales<\/strong>: Wir bieten Schadensersatz, einen Notdienst f\u00fcr Ersatzbestellungen und einen 24-Stunden-Kundendienst, um die Sorgen unserer Kunden zu l\u00f6sen.<\/li>\n<\/ul>","protected":false},"excerpt":{"rendered":"<p>Durch die tiefe Integration von\u00a0<strong>Materialinnovation<\/strong>,\u00a0<strong>Prozessveredelung<\/strong>\u00a0und\u00a0<strong>digitaler Dienst<\/strong>Unsere Verpackungsschachteln f\u00fcr vorgerollte Zigaretten erf\u00fcllen nicht nur funktionale Anforderungen, sondern werden auch zu einem erweiterten Tr\u00e4ger des Markenwerts. Vom Entwurf bis zur Auslieferung sind wir bestrebt\u00a0<strong>Pr\u00e4zision auf Industrieniveau<\/strong>\u00a0und\u00a0<strong>k\u00fcnstlerischer Ausdruck<\/strong>\u00a0damit sich Ihre Produkte auf dem Markt von der Konkurrenz abheben.<\/p>","protected":false},"featured_media":9876,"template":"","meta":[],"product_brand":[],"product_cat":[30,420,31,426],"product_tag":[1213,1299,1281],"class_list":{"0":"post-9871","1":"product","2":"type-product","3":"status-publish","4":"has-post-thumbnail","6":"product_cat-by-industry","7":"product_cat-custom-cannabis-boxes","8":"product_cat-paper-box-style","9":"product_cat-paper-drawer-boxes","10":"product_tag-custom-pre-roll-boxes","11":"product_tag-pre-roll-joint-boxes","12":"product_tag-pre-roll-packaging","14":"first","15":"instock","16":"shipping-taxable","17":"product-type-grouped"},"_links":{"self":[{"href":"https:\/\/zojopackaging.com\/de\/wp-json\/wp\/v2\/product\/9871","targetHints":{"allow":["GET"]}}],"collection":[{"href":"https:\/\/zojopackaging.com\/de\/wp-json\/wp\/v2\/product"}],"about":[{"href":"https:\/\/zojopackaging.com\/de\/wp-json\/wp\/v2\/types\/product"}],"version-history":[{"count":1,"href":"https:\/\/zojopackaging.com\/de\/wp-json\/wp\/v2\/product\/9871\/revisions"}],"predecessor-version":[{"id":9879,"href":"https:\/\/zojopackaging.com\/de\/wp-json\/wp\/v2\/product\/9871\/revisions\/9879"}],"wp:featuredmedia":[{"embeddable":true,"href":"https:\/\/zojopackaging.com\/de\/wp-json\/wp\/v2\/media\/9876"}],"wp:attachment":[{"href":"https:\/\/zojopackaging.com\/de\/wp-json\/wp\/v2\/media?parent=9871"}],"wp:term":[{"taxonomy":"product_brand","embeddable":true,"href":"https:\/\/zojopackaging.com\/de\/wp-json\/wp\/v2\/product_brand?post=9871"},{"taxonomy":"product_cat","embeddable":true,"href":"https:\/\/zojopackaging.com\/de\/wp-json\/wp\/v2\/product_cat?post=9871"},{"taxonomy":"product_tag","embeddable":true,"href":"https:\/\/zojopackaging.com\/de\/wp-json\/wp\/v2\/product_tag?post=9871"}],"curies":[{"name":"wp","href":"https:\/\/api.w.org\/{rel}","templated":true}]}}