{"id":9880,"date":"2025-04-04T09:38:51","date_gmt":"2025-04-04T01:38:51","guid":{"rendered":"https:\/\/zojopackaging.com\/?post_type=product&#038;p=9880"},"modified":"2025-04-04T09:47:29","modified_gmt":"2025-04-04T01:47:29","slug":"wholesale-multi-pack-pre-roll-paper-packaging-drawer-boxes","status":"publish","type":"product","link":"https:\/\/zojopackaging.com\/de\/product\/wholesale-multi-pack-pre-roll-paper-packaging-drawer-boxes\/","title":{"rendered":"Gro\u00dfhandel Multi-Pack Pre-Roll Papier Verpackung Schublade Boxen"},"content":{"rendered":"<h2 id=\"pre-rolled-paper-drawer-box-with-multiple-pieces\">Gro\u00dfhandel Multi-Pack Pre-Roll Papier Verpackung Schublade Boxen<\/h2>\n<h2 id=\"1-excellent-materials-and-customized-craftsmanship\">1. Ausgezeichnete Materialien und ma\u00dfgeschneiderte Handwerkskunst<\/h2>\n<p>Mit einer Verbundstruktur aus 350g gestrichenem Papier und 1400g Graukarton erreicht die deutsche Roland-Druckausr\u00fcstung eine pr\u00e4zise Fehlerkontrolle von 0,1-0,5mm. Unterst\u00fctzung:<\/p>\n<ul>\n<li><strong>Hochpr\u00e4ziser Druck<\/strong>: Die Pantone-Farbnummer wird genau wiederhergestellt, und der lokale UV-\/Hei\u00dfpr\u00e4geprozess kann die Verpackungstextur verbessern.<\/li>\n<li><strong>Zusammengesetztes Verfahren<\/strong>: Matte Folie\/helle Folie kann gew\u00e4hlt werden, und die Genauigkeit der Stanzmesserlinie betr\u00e4gt \u00b10,05 mm<\/li>\n<li><strong>Umweltzertifizierung<\/strong>: FSC-zertifiziertes, gestrichenes Papier und recycelte Graupappe werden kombiniert, was der RoHS-Richtlinie der EU entspricht<\/li>\n<\/ul>\n<h2 id=\"2-functional-lining-system\">2. Funktionelles Auskleidungssystem<\/h2>\n<p>Die Schubladeneinlage ist segmentiert und feuchtigkeitsdicht:<\/p>\n<ul>\n<li>Obere Anti-Haft-Schicht: 0,02mm lebensmittelechtes Schwefels\u00e4urepapier, Wasserdampfdurchl\u00e4ssigkeit \u22643g\/(m\u00b2-24h)<\/li>\n<li>Mittlere Pufferschicht: 3mm EPE-Perlbaumwollstanzung, geeignet f\u00fcr vorgerollte Zigaretten mit einem Durchmesser von 7-12mm<\/li>\n<li>Unteres Positionierungssystem: Lasergravur-Positionierungsraster, das eine Genauigkeit der Produktanordnung von \u00b10,3 mm erreicht<\/li>\n<\/ul>\n<h2 id=\"4-natural-aesthetic-design\">4. Nat\u00fcrliches \u00e4sthetisches Design<\/h2>\n<p>Entwicklung von \"Erdt\u00f6nen\" durch das deutsche Pantone-Farbsystem:<\/p>\n<ul>\n<li><strong>Textur-Technologie<\/strong>8 taktile Oberfl\u00e4chenbehandlungen wie bionische Hanfmaserung\/Jahresringmaserung\/Steinmaserung<\/li>\n<li><strong>Erfahrung bei der Er\u00f6ffnung und Schlie\u00dfung<\/strong>: Magnetisches Verschlusssystem mit einem D\u00e4mpfungskoeffizienten von 0,3-0,5N-m<\/li>\n<li><strong>Markeneinf\u00fchrung<\/strong>: Unterst\u00fctzt unsichtbare QR-Code-Lasergravur (Mindestgr\u00f6\u00dfe 0,8\u00d70,8 mm)<\/li>\n<\/ul>\n<h2 id=\"5-full-link-production-management\">5. Vollst\u00e4ndig vernetztes Produktionsmanagement<\/h2>\n<p>Verlassen Sie sich auf die 5320\u33a1 Smart Factory, um dies zu erreichen:<\/p>\n<ul>\n<li><strong>Automatisierte Produktionslinie<\/strong>: SMT-Patch-Genauigkeit \u00b135\u03bcm, AGV-Logistiksystem mit einem t\u00e4glichen Durchsatz von 100.000 St\u00fcck<\/li>\n<li><strong>Qualit\u00e4tsmanagement<\/strong>: Ausgestattet mit R\u00f6ntgen-Fremdk\u00f6rperdetektor und elektronischem Waagen-Gelenkpr\u00fcfsystem (Genauigkeit \u00b10,1g)<\/li>\n<li><strong>Kostenoptimierung<\/strong>: Senkung der Lagerkosten um 15% durch VMI-Bestandsmanagement und JIT-Lieferp\u00fcnktlichkeit von 99,2%<\/li>\n<\/ul>\n<h2 id=\"6-strategic-packaging-solutions\">6. Strategische Verpackungsl\u00f6sungen<\/h2>\n<p>Unser Expertenteam kann Ihnen helfen:<\/p>\n<ul>\n<li><strong>Markendiagnose<\/strong>: Optimierung der visuellen Dynamik von Verpackungen auf der Grundlage von Eye-Tracker-Tests f\u00fcr Verbraucher<\/li>\n<li><strong>Integration der Lieferkette<\/strong>: Die Kosten f\u00fcr die grenz\u00fcberschreitende Standleitung sind 22% niedriger als bei herk\u00f6mmlichen Modellen<\/li>\n<li><strong>System zur Bek\u00e4mpfung von F\u00e4lschungen<\/strong>: Dreifach verschl\u00fcsselte RFID-Chip-Implantationsl\u00f6sung (Leseabstand 0-50cm einstellbar)<\/li>\n<\/ul>\n<h2 id=\"vii-service-commitment\">7. Dienstverpflichtung<\/h2>\n<ul>\n<li><strong>Schnelle Antwort<\/strong>: 48-Stunden-Musterlieferung (unterst\u00fctzt virtuelles AR-Proofing)<\/li>\n<li><strong>Garantie der Produktionskapazit\u00e4t<\/strong>: 1.000.000 PCS\/Tag standardisierte Produktionskapazit\u00e4t, 72-Stunden-Eilkanal f\u00fcr dringende Bestellungen<\/li>\n<li><strong>Umweltzertifizierung<\/strong>: Zertifiziertes Umweltmanagementsystem nach ISO14001, unterst\u00fctzt die R\u00fcckverfolgbarkeit des CO2-Fu\u00dfabdrucks<\/li>\n<\/ul>","protected":false},"excerpt":{"rendered":"<p>1. Die Rohstoffe der Schubladen-Papierbox sind beschichtetes Kunstdruckpapier und Graupappe. Sie k\u00f6nnen sich auf unsere hervorragenden Materialspezifikationen verlassen. Druck, Laminierung, Stanzung und andere Prozesse k\u00f6nnen je nach Kundenwunsch unterst\u00fctzt werden.<br \/>\n2. Das Futter der Ausziehschachtel, diese einfachen, aber unverzichtbaren Gegenst\u00e4nde enthalten unendlich viel Charme und Komfort. Stellen Sie sich eine Reihe von vorgerollten Zigaretten ordentlich angeordnet, ihr glattes Aussehen und saubere Linien locken die Verbraucher, sie zu benutzen.<br \/>\n3. Unsere Kunden k\u00f6nnen aus einer Vielzahl verschiedener Auszugskartongr\u00f6\u00dfen w\u00e4hlen, um effizient das Basismaterial zu finden, das ihren Anforderungen an die Produktverpackung am besten entspricht.<\/p>","protected":false},"featured_media":9882,"template":"","meta":[],"product_brand":[],"product_cat":[30,420,31,426],"product_tag":[1213,1300,1299,1281],"class_list":{"0":"post-9880","1":"product","2":"type-product","3":"status-publish","4":"has-post-thumbnail","6":"product_cat-by-industry","7":"product_cat-custom-cannabis-boxes","8":"product_cat-paper-box-style","9":"product_cat-paper-drawer-boxes","10":"product_tag-custom-pre-roll-boxes","11":"product_tag-paper-pre-roll-packaging","12":"product_tag-pre-roll-joint-boxes","13":"product_tag-pre-roll-packaging","15":"first","16":"instock","17":"shipping-taxable","18":"product-type-grouped"},"_links":{"self":[{"href":"https:\/\/zojopackaging.com\/de\/wp-json\/wp\/v2\/product\/9880","targetHints":{"allow":["GET"]}}],"collection":[{"href":"https:\/\/zojopackaging.com\/de\/wp-json\/wp\/v2\/product"}],"about":[{"href":"https:\/\/zojopackaging.com\/de\/wp-json\/wp\/v2\/types\/product"}],"version-history":[{"count":1,"href":"https:\/\/zojopackaging.com\/de\/wp-json\/wp\/v2\/product\/9880\/revisions"}],"predecessor-version":[{"id":9887,"href":"https:\/\/zojopackaging.com\/de\/wp-json\/wp\/v2\/product\/9880\/revisions\/9887"}],"wp:featuredmedia":[{"embeddable":true,"href":"https:\/\/zojopackaging.com\/de\/wp-json\/wp\/v2\/media\/9882"}],"wp:attachment":[{"href":"https:\/\/zojopackaging.com\/de\/wp-json\/wp\/v2\/media?parent=9880"}],"wp:term":[{"taxonomy":"product_brand","embeddable":true,"href":"https:\/\/zojopackaging.com\/de\/wp-json\/wp\/v2\/product_brand?post=9880"},{"taxonomy":"product_cat","embeddable":true,"href":"https:\/\/zojopackaging.com\/de\/wp-json\/wp\/v2\/product_cat?post=9880"},{"taxonomy":"product_tag","embeddable":true,"href":"https:\/\/zojopackaging.com\/de\/wp-json\/wp\/v2\/product_tag?post=9880"}],"curies":[{"name":"wp","href":"https:\/\/api.w.org\/{rel}","templated":true}]}}