{"id":9888,"date":"2025-04-04T09:47:39","date_gmt":"2025-04-04T01:47:39","guid":{"rendered":"https:\/\/zojopackaging.com\/?post_type=product&#038;p=9888"},"modified":"2025-04-04T09:58:19","modified_gmt":"2025-04-04T01:58:19","slug":"custom-printed-5-pack-blank-cbd-pre-rolled-joints-box-usa","status":"publish","type":"product","link":"https:\/\/zojopackaging.com\/de\/product\/custom-printed-5-pack-blank-cbd-pre-rolled-joints-box-usa\/","title":{"rendered":"Benutzerdefinierte gedruckt 5 Pack leer CBD Pre gerollt Joints Box USA"},"content":{"rendered":"<h2 id=\"1-high-quality-materials-and-structural-design-\">1.\u00a0<strong>Hochwertige Materialien und Bauweise<\/strong><\/h2>\n<ul>\n<li><strong>Materialkombination<\/strong>: Hochwertiges beschichtetes Kunstdruckpapier und feste Kartonmaterialien werden verwendet, um sicherzustellen, dass der Kartonk\u00f6rper robust und langlebig ist. Die innere Struktur ist pr\u00e4zise entworfen, um die vorgerollten Produkte effektiv zu fixieren und ein Wackeln w\u00e4hrend des Transports oder der Verwendung zu vermeiden.<\/li>\n<li><strong>Schutz der Umwelt<\/strong>: Optional ist eine biobasierte, abbaubare Beschichtung erh\u00e4ltlich, um dem Trend der Umweltschutzvorschriften in verschiedenen US-Bundesstaaten zu entsprechen und das nachhaltige Image der Marke zu verbessern.<\/li>\n<\/ul>\n<h2 id=\"2-four-color-printing-and-matte-film-process-\">2.\u00a0<strong>Vierfarbendruck und Mattfilmverfahren<\/strong><\/h2>\n<ul>\n<li><strong>Drucktechnik<\/strong>: Der Vierfarbendruck stellt Markenfarben pr\u00e4zise wieder her, unterst\u00fctzt die Anpassung von Pantone-Schmuckfarben und ist f\u00fcr komplexe Muster und Farbverl\u00e4ufe geeignet.<\/li>\n<li><strong>Oberfl\u00e4chenbehandlung<\/strong>: Die matte Laminierungstechnologie verst\u00e4rkt nicht nur den visuellen Eindruck von Luxus, sondern hat auch eine Anti-Fingerprint- und Anti-Kratz-Funktion, die die Lebensdauer der Verpackung verl\u00e4ngert.<\/li>\n<\/ul>\n<h2 id=\"3-all-round-customization-service-\">3.\u00a0<strong>Umfassender Anpassungsservice<\/strong><\/h2>\n<ul>\n<li><strong>Gr\u00f6\u00dfe und Form<\/strong>: Unterst\u00fctzt nicht-standardisierte Gr\u00f6\u00dfenanpassungen (wie z.B. schlanke, quadratische oder speziell geformte Designs), um sich an verschiedene CBD-Rollgut-Spezifikationen anzupassen.<\/li>\n<li><strong>Kunstdesign<\/strong>: Bietet Unterst\u00fctzung bei der Gestaltung des gesamten Prozesses, vom Markenlogo \u00fcber Illustrationen bis hin zu f\u00e4lschungssicheren Elementen, und kann Hei\u00dfpr\u00e4gung, lokale UV-Verglasung und andere Verfahren zur Verbesserung der visuellen Wirkung einsetzen.<\/li>\n<\/ul>\n<h2 id=\"4-regulatory-compliance-and-safety-upgrade-\">4.\u00a0<strong>Einhaltung gesetzlicher Vorschriften und Sicherheitsupgrade<\/strong><\/h2>\n<ul>\n<li><strong>Kindersicherung<\/strong>: Optional eingebaute kindersichere \u00d6ffnungsvorrichtung, die den Anforderungen des U.S. Child Poison Prevention Packaging Act (PPPA) entspricht und von der FDA zertifiziert ist.<\/li>\n<li><strong>Technologie zur Bek\u00e4mpfung von F\u00e4lschungen<\/strong>: Unterst\u00fctzt L\u00f6sungen zum Schutz vor F\u00e4lschungen wie holografische Hei\u00dfpr\u00e4gung und temperaturvariable Tinte, um Marken vor F\u00e4lschungen zu sch\u00fctzen.<\/li>\n<\/ul>\n<h2 id=\"5-flexible-capacity-and-brand-empowerment-\">5.\u00a0<strong>Flexible Kapazit\u00e4t und St\u00e4rkung der Marke<\/strong><\/h2>\n<ul>\n<li><strong>Mindestbestellmenge<\/strong>: Unterst\u00fctzt die Individualisierung von Kleinserien (Mindestbestellmenge 5 Packungen), geeignet f\u00fcr neue Marken, die den Markt testen wollen.<\/li>\n<li><strong>System der Markenklassifizierung<\/strong>: Bietet differenzierte Verpackungsdesignl\u00f6sungen auf der Grundlage der Produktpositionierung (z. B. hochwertig, erschwinglich oder limitierte Auflage), um das Pr\u00e4zisionsmarketing zu unterst\u00fctzen.<\/li>\n<\/ul>\n<h2 id=\"-application-scenarios-and-market-value-\"><strong>Anwendungsszenarien und Marktwert<\/strong><\/h2>\n<ul>\n<li><strong>Einzelhandels-Display<\/strong>: Matte Folientextur und individuelle Muster erh\u00f6hen die Attraktivit\u00e4t der Regale und eignen sich f\u00fcr Offline-Tabakl\u00e4den, CBD-Fachgesch\u00e4fte und Gesch\u00e4fte, die Gesundheitsprodukte anbieten.<\/li>\n<li><strong>Abonnementdienst<\/strong>: Passen Sie sich dem monatlichen Abo-Modell an und verbessern Sie das Unboxing-Erlebnis und die Markentreue der Nutzer durch personalisierte Verpackungen.<\/li>\n<li><strong>Begrenzte Zusammenarbeit<\/strong>: Exklusives Design f\u00fcr Produkte mit Co-Branding oder f\u00fcr limitierte Feiertage, um Verknappung und Aktualit\u00e4t zu schaffen.<\/li>\n<\/ul>\n<h2 id=\"-cooperation-process-and-guarantee-\"><strong>Kooperationsprozess und Garantie<\/strong><\/h2>\n<ol>\n<li><strong>Kommunikation nachfragen<\/strong>: Bereitstellung von Design-Entw\u00fcrfen oder Original-Designs durch unser Team und Ausgabe von 3D-Renderings innerhalb von 3 Arbeitstagen.<\/li>\n<li><strong>Best\u00e4tigung der Korrekturen<\/strong>: Senden Sie physische Proben innerhalb von 7 Tagen, unterst\u00fctzen Sie die Anpassung der Prozessdetails.<\/li>\n<li><strong>Massenproduktion<\/strong>: 10-15 Tage Lieferzeit, vollst\u00e4ndige Qualit\u00e4tskontrolle, um die Qualit\u00e4t der Endprodukte zu gew\u00e4hrleisten \u226599.8%.<\/li>\n<li><strong>Unterst\u00fctzung nach dem Verkauf<\/strong>: Bereitstellung von Lagerverwahrung und Notfallbestellungen, um auf pl\u00f6tzliche Marktnachfrage zu reagieren.<\/li>\n<\/ol>","protected":false},"excerpt":{"rendered":"<p>Unsere leeren CBD-Schubladenboxen wurden speziell f\u00fcr den US-amerikanischen Markt entwickelt. Sie vereinen hochwertige Materialien und innovative Handwerkskunst, um sichere, sch\u00f6ne und h\u00f6chst individuelle Verpackungsl\u00f6sungen zu bieten. Sie eignen sich f\u00fcr Markeninhaber und Gesch\u00e4ftsinhaber, um ein einzigartiges Image in einem hart umk\u00e4mpften Markt zu etablieren und gleichzeitig die regulatorischen Anforderungen und Bed\u00fcrfnisse der Verbraucher zu erf\u00fcllen.<\/p>","protected":false},"featured_media":9889,"template":"","meta":[],"product_brand":[],"product_cat":[30,420,31,426],"product_tag":[1213,1300,1299,1281],"class_list":{"0":"post-9888","1":"product","2":"type-product","3":"status-publish","4":"has-post-thumbnail","6":"product_cat-by-industry","7":"product_cat-custom-cannabis-boxes","8":"product_cat-paper-box-style","9":"product_cat-paper-drawer-boxes","10":"product_tag-custom-pre-roll-boxes","11":"product_tag-paper-pre-roll-packaging","12":"product_tag-pre-roll-joint-boxes","13":"product_tag-pre-roll-packaging","15":"first","16":"instock","17":"shipping-taxable","18":"product-type-grouped"},"_links":{"self":[{"href":"https:\/\/zojopackaging.com\/de\/wp-json\/wp\/v2\/product\/9888","targetHints":{"allow":["GET"]}}],"collection":[{"href":"https:\/\/zojopackaging.com\/de\/wp-json\/wp\/v2\/product"}],"about":[{"href":"https:\/\/zojopackaging.com\/de\/wp-json\/wp\/v2\/types\/product"}],"version-history":[{"count":1,"href":"https:\/\/zojopackaging.com\/de\/wp-json\/wp\/v2\/product\/9888\/revisions"}],"predecessor-version":[{"id":9895,"href":"https:\/\/zojopackaging.com\/de\/wp-json\/wp\/v2\/product\/9888\/revisions\/9895"}],"wp:featuredmedia":[{"embeddable":true,"href":"https:\/\/zojopackaging.com\/de\/wp-json\/wp\/v2\/media\/9889"}],"wp:attachment":[{"href":"https:\/\/zojopackaging.com\/de\/wp-json\/wp\/v2\/media?parent=9888"}],"wp:term":[{"taxonomy":"product_brand","embeddable":true,"href":"https:\/\/zojopackaging.com\/de\/wp-json\/wp\/v2\/product_brand?post=9888"},{"taxonomy":"product_cat","embeddable":true,"href":"https:\/\/zojopackaging.com\/de\/wp-json\/wp\/v2\/product_cat?post=9888"},{"taxonomy":"product_tag","embeddable":true,"href":"https:\/\/zojopackaging.com\/de\/wp-json\/wp\/v2\/product_tag?post=9888"}],"curies":[{"name":"wp","href":"https:\/\/api.w.org\/{rel}","templated":true}]}}