{"id":9896,"date":"2025-04-04T09:58:33","date_gmt":"2025-04-04T01:58:33","guid":{"rendered":"https:\/\/zojopackaging.com\/?post_type=product&#038;p=9896"},"modified":"2025-04-04T10:09:23","modified_gmt":"2025-04-04T02:09:23","slug":"premium-cannabis-cbd-joints-packaging-pre-rolls-paper-box","status":"publish","type":"product","link":"https:\/\/zojopackaging.com\/de\/product\/premium-cannabis-cbd-joints-packaging-pre-rolls-paper-box\/","title":{"rendered":"Premium Cannabis CBD Joints Verpackung Pre-Rolls Papier Box"},"content":{"rendered":"<h2 id=\"-1-materials-and-structure-both-texture-and-environmental-protection-\"><strong>1. Materialien und Struktur: sowohl Textur als auch Umweltschutz<\/strong><\/h2>\n<p>Diese vorgerollte Papierbox verwendet\u00a0<strong>Gestrichenes Kunstdruckpapier + Hartkarton-Verbundmaterial<\/strong>Das gestrichene Papier beh\u00e4lt nicht nur die hochgl\u00e4nzenden Druckeigenschaften des gestrichenen Papiers bei, sondern verbessert auch die Druckfestigkeit und Haltbarkeit des Schachtelk\u00f6rpers durch das Graukartonmaterial, das sich perfekt an das ausziehbare \u00d6ffnungs- und Verschlussdesign anpasst. Die Oberfl\u00e4che des gestrichenen Papiers ist glatt, was eine zarte\u00a0<strong>Vier-Farben-Druckeffekt<\/strong>Der Graukartonkern bietet eine stabile St\u00fctzstruktur, um das Risiko einer Verformung w\u00e4hrend des Transports oder der Lagerung zu vermeiden. Dar\u00fcber hinaus entspricht die Materialkombination dem Trend zum Umweltschutz, unterst\u00fctzt ein sp\u00e4teres recyclingf\u00e4higes Design und entspricht den Anforderungen der nachhaltigen Entwicklung in der Industrie.<\/p>\n<h2 id=\"-2-innovative-design-brand-differentiation-experience-\"><strong>2. Innovatives Design: Erlebnis der Markendifferenzierung<\/strong><\/h2>\n<ul>\n<li><strong>Ausziehbare, geschichtete Struktur<\/strong>: Die vorgerollten Zigaretten sind in unabh\u00e4ngigen Kartenschlitzen angeordnet, was nicht nur die Integrit\u00e4t des Produkts sch\u00fctzt, sondern auch das Gef\u00fchl des Rituals beim \u00d6ffnen der Schachtel durch die \"visuelle Progression\" beim \u00d6ffnen verst\u00e4rkt und das hochwertige Image der Marke unterstreicht.<\/li>\n<li><strong>Visuelle Wirkung durch helle Farben<\/strong>: Die Hauptfarben sind\u00a0<strong>leuchtend rosa und rot<\/strong>Der Karton ist mit einer hochs\u00e4ttigenden Drucktechnologie ausgestattet, die im Regal schnell die Aufmerksamkeit der Verbraucher auf sich zieht. Die Oberfl\u00e4che der Schachtel stellt das Markenlogo durch die Vierfarbendrucktechnologie genau dar, und die innere Schachtel wird erg\u00e4nzt durch\u00a0<strong>individuelle Banddekoration<\/strong>. Die Details spiegeln das Streben der Marke nach Qualit\u00e4t und \u00c4sthetik wider.<\/li>\n<\/ul>\n<h2 id=\"-3-safety-and-compliance-child-protection-and-regulatory-adaptation-\"><strong>3. Sicherheit und Einhaltung der Vorschriften: Kinderschutz und Anpassung der Rechtsvorschriften<\/strong><\/h2>\n<ul>\n<li><strong>Kindersichere Verpackungsoptionen<\/strong>: Bereitstellung von\u00a0<strong>Press-Lock-Boxen\u00f6ffnung<\/strong>\u00a0oder eine magnetische Verschl\u00fcsselungsstruktur, die zum \u00d6ffnen bestimmte Bedienschritte erfordert, wodurch ein versehentliches Ber\u00fchren durch Kinder wirksam verhindert wird, und die den internationalen Sicherheitsnormen wie der US CPSC entspricht.<\/li>\n<\/ul>\n<h2 id=\"-4-unlimited-customization-highlight-the-uniqueness-of-the-brand-\"><strong>4. Unbegrenzte Individualisierung: Hervorhebung der Einzigartigkeit der Marke<\/strong><\/h2>\n<ul>\n<li><strong>Vollst\u00e4ndige Prozessanpassung<\/strong>: Von der Gr\u00f6\u00dfe der Schachtel \u00fcber die Drucktechnik (Hei\u00dfpr\u00e4gung\/UV-Pr\u00e4gung) bis hin zum Logodesign k\u00f6nnen Sie alles individuell anpassen. Zum Beispiel k\u00f6nnen Sie kombinieren\u00a0<strong>Marihuana Blatt Elemente<\/strong>\u00a0oder IP-Markenbild, um eine einzigartige visuelle Sprache zu schaffen.<\/li>\n<li><strong>Funktionserweiterungsmodul<\/strong>Optionale eingebaute Feuchtigkeitskontrollkarte, Markenbrosch\u00fcrenschlitz oder kombiniert mit NFC-Chip, um eine f\u00e4lschungssichere R\u00fcckverfolgungsfunktion zu erreichen, Benutzererfahrung und Markentechnologie zu verbessern.<\/li>\n<\/ul>\n<h2 id=\"-application-scenarios-and-market-value-\"><strong>Anwendungsszenarien und Marktwert<\/strong><\/h2>\n<ul>\n<li><strong>Markt f\u00fcr hochwertige Geschenkverpackungen<\/strong>: Anwendbar auf CBD-Freizeit-Zigaretten, medizinische Marihuana-Produkte, etc., um die Produkt-Premium-Raum durch luxuri\u00f6se Verpackung zu erh\u00f6hen.<\/li>\n<li><strong>Gemeinsame Markenkooperation<\/strong>Grenz\u00fcberschreitendes Design mit den Bereichen Mode und Kunst, um junge Verbrauchergruppen anzusprechen, wie z. B. Geschenkboxen in limitierter Auflage f\u00fcr Weihnachten.<\/li>\n<\/ul>","protected":false},"excerpt":{"rendered":"<p>Diese vorgerollte Papierbox ist auf Materialinnovation, Design\u00e4sthetik und funktionale Zweckm\u00e4\u00dfigkeit ausgerichtet und hilft Marken, sich auf dem hart umk\u00e4mpften Cannabismarkt abzuheben. Ob es um Kindersicherheit, Umweltschutzkonzepte oder ma\u00dfgeschneiderte Dienstleistungen geht, sie kann eine L\u00f6sung aus einer Hand bieten und zu einem wichtigen Tr\u00e4ger f\u00fcr die Steigerung des Markenwerts und der Kundentreue werden.<\/p>","protected":false},"featured_media":9897,"template":"","meta":[],"product_brand":[],"product_cat":[30,420,31,426],"product_tag":[1213,1300,1299,1281],"class_list":{"0":"post-9896","1":"product","2":"type-product","3":"status-publish","4":"has-post-thumbnail","6":"product_cat-by-industry","7":"product_cat-custom-cannabis-boxes","8":"product_cat-paper-box-style","9":"product_cat-paper-drawer-boxes","10":"product_tag-custom-pre-roll-boxes","11":"product_tag-paper-pre-roll-packaging","12":"product_tag-pre-roll-joint-boxes","13":"product_tag-pre-roll-packaging","15":"first","16":"instock","17":"shipping-taxable","18":"product-type-grouped"},"_links":{"self":[{"href":"https:\/\/zojopackaging.com\/de\/wp-json\/wp\/v2\/product\/9896","targetHints":{"allow":["GET"]}}],"collection":[{"href":"https:\/\/zojopackaging.com\/de\/wp-json\/wp\/v2\/product"}],"about":[{"href":"https:\/\/zojopackaging.com\/de\/wp-json\/wp\/v2\/types\/product"}],"version-history":[{"count":2,"href":"https:\/\/zojopackaging.com\/de\/wp-json\/wp\/v2\/product\/9896\/revisions"}],"predecessor-version":[{"id":9904,"href":"https:\/\/zojopackaging.com\/de\/wp-json\/wp\/v2\/product\/9896\/revisions\/9904"}],"wp:featuredmedia":[{"embeddable":true,"href":"https:\/\/zojopackaging.com\/de\/wp-json\/wp\/v2\/media\/9897"}],"wp:attachment":[{"href":"https:\/\/zojopackaging.com\/de\/wp-json\/wp\/v2\/media?parent=9896"}],"wp:term":[{"taxonomy":"product_brand","embeddable":true,"href":"https:\/\/zojopackaging.com\/de\/wp-json\/wp\/v2\/product_brand?post=9896"},{"taxonomy":"product_cat","embeddable":true,"href":"https:\/\/zojopackaging.com\/de\/wp-json\/wp\/v2\/product_cat?post=9896"},{"taxonomy":"product_tag","embeddable":true,"href":"https:\/\/zojopackaging.com\/de\/wp-json\/wp\/v2\/product_tag?post=9896"}],"curies":[{"name":"wp","href":"https:\/\/api.w.org\/{rel}","templated":true}]}}