{"id":9905,"date":"2025-04-04T10:09:37","date_gmt":"2025-04-04T02:09:37","guid":{"rendered":"https:\/\/zojopackaging.com\/?post_type=product&#038;p=9905"},"modified":"2025-04-04T10:20:16","modified_gmt":"2025-04-04T02:20:16","slug":"custom-drawer-hemp-pre-roll-pre-rolls-joints-packaging","status":"publish","type":"product","link":"https:\/\/zojopackaging.com\/de\/product\/custom-drawer-hemp-pre-roll-pre-rolls-joints-packaging\/","title":{"rendered":"Custom Drawer Hanf Pre-Rolls Pre-Rolls Joints Verpackung"},"content":{"rendered":"<h2 id=\"1-material-and-craftsmanship-\">1.\u00a0<strong>Material und Handwerkskunst<\/strong><\/h2>\n<ul>\n<li><strong>Vorsatzpapier und Graukartonstruktur<\/strong>: Als Deckpapier wird hochgewichtiges beschichtetes Papier verwendet, das auf einem hochfesten Graupappensubstrat angebracht ist, um sicherzustellen, dass der Karton gerade und verschlei\u00dffest ist. Die Spiegelstruktur des beschichteten Papiers kann das Markenlogo, das Muster und die Farbe genau darstellen, und die Graupappe (Dicke 1,5-3,0 mm) bietet eine Druckunterst\u00fctzung, um externen Krafteinwirkungen w\u00e4hrend des Transports wirksam zu widerstehen.<\/li>\n<li><strong>Optimierung der Auskleidung<\/strong>: Der Innenraum ist mit lebensmittelechtem wei\u00dfem Karton ausgekleidet, und das vorgerollte Produkt wird durch den gestanzten Schlitz fixiert, um Sch\u00fctteln oder Extrusionsverformung zu vermeiden. Die Oberfl\u00e4che der Auskleidung ist mit einer matten Folienschicht \u00fcberzogen, die sowohl feuchtigkeitsdicht als auch angenehm zu ber\u00fchren ist.<\/li>\n<\/ul>\n<h2 id=\"2-functional-design-\">2.\u00a0<strong>Funktionelle Gestaltung<\/strong><\/h2>\n<ul>\n<li><strong>\u00d6ffnen und Schlie\u00dfen des Auszugs<\/strong>: Die Gleitschienenstruktur ist mit einer vorgepressten Rille versehen, und die Leichtg\u00e4ngigkeit beim \u00d6ffnen und Schlie\u00dfen erreicht den Fehlerstandard von \u00b10,3 mm, und der Widerstandskoeffizient ist \u22640,5 N, so dass die Verbraucher das Produkt leicht mit einer Hand nehmen k\u00f6nnen.<\/li>\n<li><strong>Gitternetz-Layout<\/strong>: Die Auskleidung unterst\u00fctzt die Anpassung des Rasters an mehrere Spezifikationen (z. B. einzelne unabh\u00e4ngige Schlitze und mehrreihige Schlitze), was f\u00fcr vorgerollte Zigaretten oder Zerst\u00e4uber verschiedener Gr\u00f6\u00dfen geeignet ist, um den Sinn f\u00fcr Ordnung in der Produktpr\u00e4sentation zu verbessern.<\/li>\n<\/ul>\n<h2 id=\"4-size-and-printing-customization-\">4.\u00a0<strong>Gr\u00f6\u00dfe und Druckanpassung<\/strong><\/h2>\n<ul>\n<li>Unterst\u00fctzt die Anpassung von Parametern in voller Gr\u00f6\u00dfe (Fehler in L\u00e4nge\/Breite\/H\u00f6he \u2264\u00b10,5 mm) und bietet UV-Hei\u00dfpr\u00e4gung, Pr\u00e4gung, lokale Lackierung und andere Verfahren zur Verbesserung der visuellen Markenerkennung.<\/li>\n<li>Der Druck erfolgt in einer unabh\u00e4ngigen, geschlossenen Werkstatt, die mit einem verschl\u00fcsselten Daten\u00fcbertragungssystem ausgestattet ist, um die absolute Vertraulichkeit der Designentw\u00fcrfe und Produktinformationen der Kunden zu gew\u00e4hrleisten.<\/li>\n<\/ul>\n<h2 id=\"5-one-stop-solution-\">5.\u00a0<strong>L\u00f6sung aus einer Hand<\/strong><\/h2>\n<ul>\n<li>Das Unternehmen kann auf 16 Jahre Erfahrung in der Verpackungsproduktion zur\u00fcckblicken und bietet umfassende Dienstleistungen von der strukturellen Forschung und Entwicklung \u00fcber das Grafikdesign bis hin zur Massenproduktion. Das Designteam kann die Marketingtrends der Cannabisbranche (z. B. minimalistischer Stil und \u00f6kologische Themen) kombinieren, um differenzierte Verpackungsl\u00f6sungen zu entwickeln.<\/li>\n<li>Unterst\u00fctzung von Kleinserienversuchen (100 St\u00fcck) und Gro\u00dfserienlieferungen (100.000 St\u00fcck pro Tag), wobei der Lieferzyklus auf 7-15 Arbeitstage verk\u00fcrzt wird.<\/li>\n<\/ul>\n<h2 id=\"-application-scenarios-and-advantages-\"><strong>Anwendungsszenarien und Vorteile<\/strong><\/h2>\n<ul>\n<li><strong>Einzelhandels-Terminal<\/strong>: Das exquisite Aussehen und das Ritual des \u00d6ffnens und Schlie\u00dfens der Ausziehschachtel k\u00f6nnen die Attraktivit\u00e4t des Regals erh\u00f6hen, und mit dem transparenten Fensterdesign oder dem Aush\u00f6hlungsprozess k\u00f6nnen die Produktdetails intuitiv angezeigt werden.<\/li>\n<li><strong>Geschenkemarkt<\/strong>: Optional sind zus\u00e4tzliche Dekorationen wie B\u00e4nder und Umschl\u00e4ge erh\u00e4ltlich, die zur hochwertigen Positionierung von Weihnachtsgeschenkboxen oder Produkten in limitierter Auflage passen.<\/li>\n<li><strong>Umweltfreundlich und vertr\u00e4glich<\/strong>: Das Material entspricht der FSC-Zertifizierung, unterst\u00fctzt abbaubaren Graukarton und wasserbasierte Druckfarbentechnologie und entspricht dem weltweiten Trend zu nachhaltigen Verpackungen.<\/li>\n<\/ul>\n<h2 id=\"-technical-parameters-\"><strong>Technische Parameter<\/strong><\/h2>\n<table>\n<thead>\n<tr>\n<th>Projekt<\/th>\n<th>Angaben zu den Parametern<\/th>\n<\/tr>\n<\/thead>\n<tbody>\n<tr>\n<td>Material Papier<\/td>\n<td>300g gestrichenes Papier (kann zu taktilem Papier aufger\u00fcstet werden)<\/td>\n<\/tr>\n<tr>\n<td>Dicke des Substrats<\/td>\n<td>1,8mm Graupappe (Tragf\u00e4higkeit \u226515kg)<\/td>\n<\/tr>\n<tr>\n<td>Material der Auskleidung<\/td>\n<td>350g wei\u00dfer Karton (mit matter Folie \u00fcberzogen)<\/td>\n<\/tr>\n<tr>\n<td>Ausziehbare Lebensdauer<\/td>\n<td>\u22655000-maliges \u00d6ffnen und Schlie\u00dfen ohne Verklemmung<\/td>\n<\/tr>\n<tr>\n<td>Feuchtigkeitsdichte Leistung<\/td>\n<td>Keine Verformung f\u00fcr 48 Stunden in einer Umgebung mit 85% Feuchtigkeit<\/td>\n<\/tr>\n<\/tbody>\n<\/table>","protected":false},"excerpt":{"rendered":"<p>Diese Schubladenbox f\u00fcr Cannabis-Pre-Roll-Verpackungen ist speziell f\u00fcr Cannabis-Derivate wie CBD, Pre-Roll-Zigaretten und Zerst\u00e4uber konzipiert. Sie kombiniert hochwertige Materialien und funktionale Strukturen, um die Produktpr\u00e4sentation, den Schutz und die Benutzererfahrung zu verbessern. Das Produkt hat ein ausziehbares Geschenkbox-Design, das Sch\u00f6nheit und Zweckm\u00e4\u00dfigkeit verbindet. Es eignet sich f\u00fcr den Einzelhandel, f\u00fcr Geschenke und f\u00fcr die individuelle Gestaltung von Marken und erf\u00fcllt die Anforderungen der Branche an die Vertraulichkeit der Verpackung, die Tragbarkeit und die Personalisierung der Marke.<\/p>","protected":false},"featured_media":9906,"template":"","meta":[],"product_brand":[],"product_cat":[30,420,31,426],"product_tag":[1213,1299,1281],"class_list":{"0":"post-9905","1":"product","2":"type-product","3":"status-publish","4":"has-post-thumbnail","6":"product_cat-by-industry","7":"product_cat-custom-cannabis-boxes","8":"product_cat-paper-box-style","9":"product_cat-paper-drawer-boxes","10":"product_tag-custom-pre-roll-boxes","11":"product_tag-pre-roll-joint-boxes","12":"product_tag-pre-roll-packaging","14":"first","15":"instock","16":"shipping-taxable","17":"product-type-grouped"},"_links":{"self":[{"href":"https:\/\/zojopackaging.com\/de\/wp-json\/wp\/v2\/product\/9905","targetHints":{"allow":["GET"]}}],"collection":[{"href":"https:\/\/zojopackaging.com\/de\/wp-json\/wp\/v2\/product"}],"about":[{"href":"https:\/\/zojopackaging.com\/de\/wp-json\/wp\/v2\/types\/product"}],"version-history":[{"count":2,"href":"https:\/\/zojopackaging.com\/de\/wp-json\/wp\/v2\/product\/9905\/revisions"}],"predecessor-version":[{"id":9913,"href":"https:\/\/zojopackaging.com\/de\/wp-json\/wp\/v2\/product\/9905\/revisions\/9913"}],"wp:featuredmedia":[{"embeddable":true,"href":"https:\/\/zojopackaging.com\/de\/wp-json\/wp\/v2\/media\/9906"}],"wp:attachment":[{"href":"https:\/\/zojopackaging.com\/de\/wp-json\/wp\/v2\/media?parent=9905"}],"wp:term":[{"taxonomy":"product_brand","embeddable":true,"href":"https:\/\/zojopackaging.com\/de\/wp-json\/wp\/v2\/product_brand?post=9905"},{"taxonomy":"product_cat","embeddable":true,"href":"https:\/\/zojopackaging.com\/de\/wp-json\/wp\/v2\/product_cat?post=9905"},{"taxonomy":"product_tag","embeddable":true,"href":"https:\/\/zojopackaging.com\/de\/wp-json\/wp\/v2\/product_tag?post=9905"}],"curies":[{"name":"wp","href":"https:\/\/api.w.org\/{rel}","templated":true}]}}