{"id":9914,"date":"2025-04-04T10:20:27","date_gmt":"2025-04-04T02:20:27","guid":{"rendered":"https:\/\/zojopackaging.com\/?post_type=product&#038;p=9914"},"modified":"2025-04-04T10:43:54","modified_gmt":"2025-04-04T02:43:54","slug":"cbd-pre-roll-joints-blunt-hemp-boxes-for-multipack-packaging","status":"publish","type":"product","link":"https:\/\/zojopackaging.com\/de\/product\/cbd-pre-roll-joints-blunt-hemp-boxes-for-multipack-packaging\/","title":{"rendered":"CBD Pre Roll Joints Stumpfe Hanfboxen f\u00fcr MultiPack-Verpackungen"},"content":{"rendered":"<h2 id=\"-i-core-design-concept-and-material-selection-\"><strong>1. Kerndesignkonzept und Materialauswahl<\/strong><\/h2>\n<ol>\n<li><strong>Umweltfreundliches Material - Qualit\u00e4tssicherung<\/strong>\u00a0Dieses Produkt verf\u00fcgt \u00fcber eine Pr\u00e4zisionsstruktur, die\u00a0<strong>beschichtetes Papier<\/strong>\u00a0und\u00a0<strong>Graukarton<\/strong>. Die Oberfl\u00e4che des gestrichenen Papiers ist glatt und empfindlich, so dass ein hochpr\u00e4zises Druckergebnis erzielt werden kann. In Kombination mit der hohen H\u00e4rte des Graukartons wird sichergestellt, dass die Verpackungsbox sowohl sch\u00f6n als auch haltbar ist. Der Korpus der Schubladenschachtel wird durch moderne Stanztechnik und Lasergravurtechnik pr\u00e4zise geformt. Die Kanten sind glatt und gratfrei, und das \u00d6ffnen und Schlie\u00dfen erfolgt reibungslos, was den minimalistischen \u00e4sthetischen Anforderungen des \"Ausziehstils\" perfekt entspricht.<\/li>\n<li><strong>Design der Schubladen\u00f6ffnung - optisch ansprechend<\/strong>\u00a0Der Kofferaufbau hat eine\u00a0<strong>schubladenartige \u00d6ffnung<\/strong>\u00a0Design. Die Benutzer k\u00f6nnen das vorgerollte Produkt mit einem leichten Druck herausnehmen. Die Bedienung ist bequem und voller Rituale. Die Textur der Schachteloberfl\u00e4che wird durch eine matte\/gl\u00e4nzende Laminierungstechnologie verbessert. In Kombination mit Hei\u00dfpr\u00e4gung, UV-Lokalglasur und anderen Verfahren kann das Markenlogo oder das Motiv hervorgehoben werden, was die Aufmerksamkeit des Verbrauchers sofort auf sich zieht. Die Oberfl\u00e4che der Schachtel kann beispielsweise mit gepr\u00e4gten CBD-Blattmustern oder Farbverl\u00e4ufen bedruckt werden, um die Wiedererkennung des Produkts zu erh\u00f6hen.<\/li>\n<\/ol>\n<h2 id=\"-ii-functional-optimization-and-user-experience-\"><strong>2. Funktionale Optimierung und Benutzerfreundlichkeit<\/strong><\/h2>\n<ol>\n<li><strong>Innere Struktur - Pr\u00e4zise Verpackung<\/strong>\u00a0Die Box ist ausgestattet mit\u00a0<strong>gestanzte Trennw\u00e4nde<\/strong>Die Trennw\u00e4nde sind in Waben- oder Schichtbauweise ausgef\u00fchrt und werden von Hand geklebt, um sicherzustellen, dass jede vorgerollte CBD-Zigarette unabh\u00e4ngig gelagert wird, um Kollisionen und Extrusion w\u00e4hrend des Transports zu vermeiden. Die H\u00f6he und der Abstand der Trennw\u00e4nde k\u00f6nnen je nach Kundenwunsch angepasst werden, wobei ein-, zweireihige oder mehrschichtige Layouts m\u00f6glich sind, um sich an Produkte mit unterschiedlichen Spezifikationen anzupassen.<\/li>\n<li><strong>Flexible Gr\u00f6\u00dfenanpassung-Personalisierter Service<\/strong>\u00a0Die Fabrik bietet Anpassungsdienste in voller Gr\u00f6\u00dfe von\u00a0<strong>10cm\u00d75cm\u00d72cm<\/strong>\u00a0(tragbares Paket) zu\u00a0<strong>30cm\u00d715cm\u00d78cm<\/strong>\u00a0(Geschenkverpackungen), die sowohl f\u00fcr die Produktion von Kleinserien als auch f\u00fcr Gro\u00dfauftr\u00e4ge geeignet sind. So kann zum Beispiel eine limitierte Auflage einer verdickten Schachtel f\u00fcr Urlaubsaktivit\u00e4ten entworfen werden, die mit einer eingebauten magnetischen \u00d6ffnungs- und Schlie\u00dfvorrichtung versehen ist, um den hochwertigen Eindruck zu verst\u00e4rken.<\/li>\n<\/ol>\n<h2 id=\"-iii-brand-customization-and-visual-expression-\"><strong>3. Anpassung der Marke und visueller Ausdruck<\/strong><\/h2>\n<ol>\n<li><strong>Vielf\u00e4ltige Gestaltungsm\u00f6glichkeiten<\/strong><\/li>\n<li><strong>Farbe und Muster<\/strong>: Sie bieten eine genaue Farbabstimmung mit Pantone-Farbkarten, unterst\u00fctzen den Druck von Spezialfarben wie Metallicfarben und fluoreszierenden Farben und k\u00f6nnen mit Lasereffekten oder Farbverl\u00e4ufen kombiniert werden, um sich dem Markenton \"nat\u00fcrliche Frische\" oder \"Sinn f\u00fcr Technologie\" anzupassen.<\/li>\n<li><strong>Exklusives Logo<\/strong>: Die Schachtel kann mit einem Markenlogo, einer Beschreibung der Inhaltsstoffe, einem Logo f\u00fcr die Einhaltung von Vorschriften (z. B. f\u00fcr den THC-Gehalt) und einem QR-Code bedruckt werden, um eine doppelte Bereitstellung von Marketing und Informationen zu erreichen.<\/li>\n<li><strong>Innovation bei Oberfl\u00e4chenverfahren<\/strong>\u00a0Sie nimmt an\u00a0<strong>umweltfreundlicher Druck mit Tinte auf Wasserbasis<\/strong>die den Sicherheitsstandards f\u00fcr Lebensmittel entspricht, und verbessert die Haptik durch Pr\u00e4gung, partielle Hei\u00dfversilberung und andere Verfahren. Die Innenseite des Deckels kann beispielsweise mit einem Benutzerhandbuch oder einer Markengeschichte bedruckt werden, um das interaktive Erlebnis f\u00fcr den Benutzer zu verbessern.<\/li>\n<\/ol>\n<h2 id=\"-iv-environmental-commitment-and-production-advantages-\"><strong>4. Engagement f\u00fcr die Umwelt und Produktionsvorteile<\/strong><\/h2>\n<ol>\n<li><strong>Praxis der nachhaltigen Entwicklung<\/strong>\u00a0Bei den Rohstoffen handelt es sich um FSC-zertifizierte Graupappe und abbaubares beschichtetes Papier, und im Produktionsprozess werden Klebstoffe auf Wasserbasis und Solaranlagen eingesetzt, um den \u00f6kologischen Fu\u00dfabdruck zu verringern. Verpackungsabf\u00e4lle k\u00f6nnen zu Zellstoffprodukten recycelt werden, wodurch ein Ressourcenkreislauf von 100% erreicht wird.<\/li>\n<li><strong>Technologie und Erfahrung garantieren<\/strong>\u00a0Verlassen Sie sich auf\u00a0<strong>16 Jahre Berufserfahrung<\/strong>Das Werk integriert automatisierte Produktionslinien und manuelle Nachbearbeitungsprozesse, um sicherzustellen, dass die Qualit\u00e4t jedes einzelnen Glieds kontrollierbar ist. So hat beispielsweise die Schubladenschiene nach 3.000 Auszugstests keinen Verlust zu verzeichnen, und der Kastenk\u00f6rper kann eine Last von 5 kg tragen, was den Industriestandard weit \u00fcbertrifft.<\/li>\n<\/ol>\n<h2 id=\"-v-application-scenarios-and-market-value-\"><strong>5. Anwendungsszenarien und Marktwert<\/strong><\/h2>\n<ul>\n<li><strong>Display f\u00fcr den Einzelhandel<\/strong>: Das ausziehbare Design ist praktisch f\u00fcr die Pr\u00e4sentation von Produkten, mit transparenten Fenstern oder hohlen Mustern, die intuitiv die Farbe und Form von CBD-gerollten Zigaretten pr\u00e4sentieren k\u00f6nnen.<\/li>\n<li><strong>Anpassung der Aktivit\u00e4t<\/strong>: Geeignet f\u00fcr Musikfestivals, Gesundheitssalons und andere Szenen, k\u00f6nnen Sie gemeinsame Themenmodelle entwerfen (z. B. Sternenhimmel Textur Box + leuchtende Tinte), um Markenerinnerungspunkte zu st\u00e4rken.<\/li>\n<li><strong>Geschenkset<\/strong>: Mit Feuchtigkeitstabletten oder Mini-Mahlwerken kann es zu einer hochwertigen Geschenkbox aufgewertet werden, um den St\u00fcckpreis und die Kundenbindung zu erh\u00f6hen.<\/li>\n<\/ul>","protected":false},"excerpt":{"rendered":"<p>Sie k\u00f6nnen eine Vielzahl von Farben, Mustern und exquisiten Materialien f\u00fcr Ihre Pre-Rolling-Verpackungsbox w\u00e4hlen, um die richtige Verpackungsbox f\u00fcr Ihre Pre-Rolling-Marke oder Ihr Cannabis-Event-Thema zu entwerfen. Hinterlassen Sie einen tieferen Eindruck bei den Verbrauchern, indem Sie Ihr exklusives Logo, einen personalisierten Text oder einzigartige Grafiken aufdrucken.<\/p>","protected":false},"featured_media":9915,"template":"","meta":[],"product_brand":[],"product_cat":[30,420,31,426],"product_tag":[1213,1299,1281],"class_list":{"0":"post-9914","1":"product","2":"type-product","3":"status-publish","4":"has-post-thumbnail","6":"product_cat-by-industry","7":"product_cat-custom-cannabis-boxes","8":"product_cat-paper-box-style","9":"product_cat-paper-drawer-boxes","10":"product_tag-custom-pre-roll-boxes","11":"product_tag-pre-roll-joint-boxes","12":"product_tag-pre-roll-packaging","14":"first","15":"instock","16":"shipping-taxable","17":"product-type-grouped"},"_links":{"self":[{"href":"https:\/\/zojopackaging.com\/de\/wp-json\/wp\/v2\/product\/9914","targetHints":{"allow":["GET"]}}],"collection":[{"href":"https:\/\/zojopackaging.com\/de\/wp-json\/wp\/v2\/product"}],"about":[{"href":"https:\/\/zojopackaging.com\/de\/wp-json\/wp\/v2\/types\/product"}],"version-history":[{"count":1,"href":"https:\/\/zojopackaging.com\/de\/wp-json\/wp\/v2\/product\/9914\/revisions"}],"predecessor-version":[{"id":9921,"href":"https:\/\/zojopackaging.com\/de\/wp-json\/wp\/v2\/product\/9914\/revisions\/9921"}],"wp:featuredmedia":[{"embeddable":true,"href":"https:\/\/zojopackaging.com\/de\/wp-json\/wp\/v2\/media\/9915"}],"wp:attachment":[{"href":"https:\/\/zojopackaging.com\/de\/wp-json\/wp\/v2\/media?parent=9914"}],"wp:term":[{"taxonomy":"product_brand","embeddable":true,"href":"https:\/\/zojopackaging.com\/de\/wp-json\/wp\/v2\/product_brand?post=9914"},{"taxonomy":"product_cat","embeddable":true,"href":"https:\/\/zojopackaging.com\/de\/wp-json\/wp\/v2\/product_cat?post=9914"},{"taxonomy":"product_tag","embeddable":true,"href":"https:\/\/zojopackaging.com\/de\/wp-json\/wp\/v2\/product_tag?post=9914"}],"curies":[{"name":"wp","href":"https:\/\/api.w.org\/{rel}","templated":true}]}}