{"id":9922,"date":"2025-04-04T10:44:14","date_gmt":"2025-04-04T02:44:14","guid":{"rendered":"https:\/\/zojopackaging.com\/?post_type=product&#038;p=9922"},"modified":"2025-04-04T10:53:16","modified_gmt":"2025-04-04T02:53:16","slug":"custom-paper-pre-roll-boxes-packaging-manufacture-supplier","status":"publish","type":"product","link":"https:\/\/zojopackaging.com\/de\/product\/custom-paper-pre-roll-boxes-packaging-manufacture-supplier\/","title":{"rendered":"Benutzerdefinierte Papier Pre Roll Boxen Verpackung Hersteller Lieferant"},"content":{"rendered":"<h2 id=\"-1-environmentally-friendly-materials-and-structural-design-safe-durable-green-and-sustainable-\"><strong>1. Umweltfreundliche Materialien und strukturelles Design: sicher, langlebig, gr\u00fcn und nachhaltig<\/strong><\/h2>\n<ul>\n<li><strong>Auswahl des Materials<\/strong>: Der Kofferaufbau ist aus hochfestem\u00a0<strong>Graupappe<\/strong>\u00a0und\u00a0<strong>beschichtetes Papier<\/strong>\u00a0Verbundmaterial, das umweltfreundlich und nachhaltig ist<\/li>\n<\/ul>\n<h2 id=\"-2-customized-lining-and-capacity-precise-adaptation-upgraded-protection-\"><strong>2. Ma\u00dfgeschneiderte Auskleidung und Kapazit\u00e4t: pr\u00e4zise Anpassung, verbesserter Schutz<\/strong><\/h2>\n<ul>\n<li><strong>Flexible Gr\u00f6\u00dfe<\/strong>: Das Futter besteht aus\u00a0<strong>350g wei\u00dfer Karton mit hohem Gewicht<\/strong>die je nach Kundenwunsch von der Einzel- bis zur 5er-Packung angepasst werden k\u00f6nnen (\u00fcbliche Gr\u00f6\u00dfen: L\u00e4nge 50-150mm, Breite 20-50mm, H\u00f6he 10-30mm), perfekt geeignet f\u00fcr vorgerollte Zigarettenprodukte mit unterschiedlichen Durchmessern.<\/li>\n<li><strong>Gestaltung des Puffers<\/strong>: Die Kante des Futters ist gestanzt und gerillt, um eine Pufferrille zu bilden, die verhindert, dass das Produkt wackelt, und gleichzeitig ist eine Bel\u00fcftungs\u00f6ffnung an der Oberseite vorgesehen, damit das Produkt frisch bleibt.<\/li>\n<\/ul>\n<h2 id=\"-3-child-proof-lock-buckle-design-safety-and-convenience-are-taken-into-account-\"><strong>3. Kindersicheres Schloss-Schnallen-Design: Sicherheit und Komfort werden ber\u00fccksichtigt<\/strong><\/h2>\n<ul>\n<li><strong>Doppelter Schutz<\/strong>: Wahlweise\u00a0<strong>Struktur der Druckknopf-Kindersicherung<\/strong>Das \u00d6ffnen erfolgt durch gleichzeitiges Dr\u00fccken der reservierten Schnallen auf beiden Seiten des Kastenk\u00f6rpers, und die Erfolgsquote beim \u00d6ffnen durch Kinder ist geringer als 5%.<\/li>\n<li><strong>Erwachsenenfreundlich<\/strong>: Das Schloss ist mit einer elastischen Schnalle ausgestattet, die sich leicht mit einer Hand \u00f6ffnen und schlie\u00dfen l\u00e4sst, ohne die Benutzerfreundlichkeit zu beeintr\u00e4chtigen.<\/li>\n<\/ul>\n<h2 id=\"-4-printing-technology-high-definition-visual-effects-enhance-brand-premium-\"><strong>4. Drucktechnologie: hochaufl\u00f6sende visuelle Effekte, Verbesserung der Markenpr\u00e4mie<\/strong><\/h2>\n<ul>\n<li><strong>Druckverfahren<\/strong>: Adoptieren Sie\u00a0<strong>Heidelberg 6-Farben-UV-Offsetdruckmaschine<\/strong>Die Mindestdruckgenauigkeit betr\u00e4gt 300 dpi, um sicherzustellen, dass die Kanten des LOGO und des Musters scharf und gratfrei sind.<\/li>\n<li><strong>Anti-F\u00e4lschungs-Funktion<\/strong>: Optionaler holografischer Laserdruck oder Mikrotext zur Verbesserung des F\u00e4lschungsschutzes von Verpackungen, geeignet f\u00fcr hochwertige Markenanforderungen.<\/li>\n<\/ul>\n<h2 id=\"-5-cost-optimization-plan-flexible-order-the-king-of-cost-effectiveness-\"><strong>5. Kostenoptimierungsplan: flexible Bestellung, der K\u00f6nig der Kosteneffizienz<\/strong><\/h2>\n<ul>\n<li><strong>Kostenvoranschlag f\u00fcr Leitern<\/strong>: Unterst\u00fctzung MOQ abgestufte Rabatte, kleine und mittlere Unternehmen und gro\u00dfe Marken k\u00f6nnen die besten Kosten Plan zu bekommen.<\/li>\n<li><strong>Produktionszyklus<\/strong>: Lieferung 7-15 Tage nach Musterbest\u00e4tigung, t\u00e4gliche Produktionskapazit\u00e4t von 100.000 St\u00fcck, Unterst\u00fctzung von Eilauftr\u00e4gen.<\/li>\n<\/ul>\n<h2 id=\"-6-value-added-services-full-link-support-from-packaging-to-marketing-\"><strong>6. Mehrwertdienste: umfassende Unterst\u00fctzung von der Verpackung bis zur Vermarktung<\/strong><\/h2>\n<ul>\n<li><strong>Design Dienstleistungen<\/strong>: Kostenlose AI\/CDR\/PSD-Entwurfsoptimierung, automatische Kalibrierung der Beschnittposition und des Messerlayouts, Reduzierung der Kommunikationskosten f\u00fcr den Kunden.<\/li>\n<li><strong>Gro\u00dfhandelsrabatt<\/strong>: Genie\u00dfen Sie\u00a0<strong>15% Rabatt<\/strong>\u00a0f\u00fcr die erste Bestellung und steigen zu VIP-Kunden mit einem j\u00e4hrlichen Einkaufsvolumen von mehr als 500.000 St\u00fcck auf und erhalten exklusive Kreditbedingungen und Vorzugsrechte.<\/li>\n<\/ul>\n<h2 id=\"-7-quality-assurance-and-certification-source-factory-full-control-\"><strong>7. Qualit\u00e4tssicherung und -zertifizierung: Ursprungsfabrik, vollst\u00e4ndige Kontrolle<\/strong><\/h2>\n<ul>\n<li><strong>Vorteile der Lieferkette<\/strong>: Integration von Papierfabrik und Druckerei in Eigenregie, kein Zwischenh\u00e4ndleraufschlag von den Rohstoffen bis zum Endprodukt und Kostensenkung um 30%.<\/li>\n<li><strong>System der Qualit\u00e4tskontrolle<\/strong>: ISO 9001 und GMI-Zertifizierung bestanden, die Stichprobenrate jeder Charge von Produkten ist nicht weniger als 10%, um sicherzustellen, dass der Gr\u00f6\u00dfenfehler \u22640,1mm und der Farbunterschied \u0394E\u22641,5 ist.<\/li>\n<\/ul>","protected":false},"excerpt":{"rendered":"<p>1. Diese vorgerollte Zigarettenschachtel ist aus umweltfreundlichem, wiederverwertbarem und dauerhaftem beschichtetem Papier und Graupappe Materialien, die sehr geeignet f\u00fcr die Verpackung von Marihuana vorgerollte Zigarette Produkte ist. Zur gleichen Zeit, die Wahl der Materialien sorgt auch f\u00fcr die Sicherheit Ihrer Produkte.<br \/>\n2. Die Gr\u00f6\u00dfe des Futters in der Ausziehbox kann entsprechend Ihrem Produkt angepasst werden. Sie kann problemlos 1 bis 5 vorgerollte Zigaretten aufnehmen. Kein Problem. Das Innenfutter besteht aus hochwertigem wei\u00dfem Karton, der das Produkt problemlos sch\u00fctzen kann. Die Verbraucher k\u00f6nnen sich sofort in die Schachtel verlieben und die Kaufnachfrage erh\u00f6hen.<\/p>","protected":false},"featured_media":9923,"template":"","meta":[],"product_brand":[],"product_cat":[30,420,31,426],"product_tag":[1213,1299,1281],"class_list":{"0":"post-9922","1":"product","2":"type-product","3":"status-publish","4":"has-post-thumbnail","6":"product_cat-by-industry","7":"product_cat-custom-cannabis-boxes","8":"product_cat-paper-box-style","9":"product_cat-paper-drawer-boxes","10":"product_tag-custom-pre-roll-boxes","11":"product_tag-pre-roll-joint-boxes","12":"product_tag-pre-roll-packaging","14":"first","15":"instock","16":"shipping-taxable","17":"product-type-grouped"},"_links":{"self":[{"href":"https:\/\/zojopackaging.com\/de\/wp-json\/wp\/v2\/product\/9922","targetHints":{"allow":["GET"]}}],"collection":[{"href":"https:\/\/zojopackaging.com\/de\/wp-json\/wp\/v2\/product"}],"about":[{"href":"https:\/\/zojopackaging.com\/de\/wp-json\/wp\/v2\/types\/product"}],"version-history":[{"count":1,"href":"https:\/\/zojopackaging.com\/de\/wp-json\/wp\/v2\/product\/9922\/revisions"}],"predecessor-version":[{"id":9929,"href":"https:\/\/zojopackaging.com\/de\/wp-json\/wp\/v2\/product\/9922\/revisions\/9929"}],"wp:featuredmedia":[{"embeddable":true,"href":"https:\/\/zojopackaging.com\/de\/wp-json\/wp\/v2\/media\/9923"}],"wp:attachment":[{"href":"https:\/\/zojopackaging.com\/de\/wp-json\/wp\/v2\/media?parent=9922"}],"wp:term":[{"taxonomy":"product_brand","embeddable":true,"href":"https:\/\/zojopackaging.com\/de\/wp-json\/wp\/v2\/product_brand?post=9922"},{"taxonomy":"product_cat","embeddable":true,"href":"https:\/\/zojopackaging.com\/de\/wp-json\/wp\/v2\/product_cat?post=9922"},{"taxonomy":"product_tag","embeddable":true,"href":"https:\/\/zojopackaging.com\/de\/wp-json\/wp\/v2\/product_tag?post=9922"}],"curies":[{"name":"wp","href":"https:\/\/api.w.org\/{rel}","templated":true}]}}