{"id":9930,"date":"2025-04-04T10:53:25","date_gmt":"2025-04-04T02:53:25","guid":{"rendered":"https:\/\/zojopackaging.com\/?post_type=product&#038;p=9930"},"modified":"2025-04-04T11:06:49","modified_gmt":"2025-04-04T03:06:49","slug":"luxury-empty-silk-eye-sleep-mask-packaging-box-wholesale","status":"publish","type":"product","link":"https:\/\/zojopackaging.com\/de\/product\/luxury-empty-silk-eye-sleep-mask-packaging-box-wholesale\/","title":{"rendered":"Luxus leere Seide Auge Schlaf Maske Verpackung Box Gro\u00dfhandel"},"content":{"rendered":"<h2 id=\"-1-high-quality-cardboard-material-brand-design-empowerment-\"><strong>1. Hochwertiges Kartonmaterial, Markendesign Erm\u00e4chtigung<\/strong><\/h2>\n<p>Diese Schubladen-Papierbox besteht aus umweltfreundlichem Karton mit hoher Dichte. Das Material ist langlebig und empfindlich, die perfekt die Verpackung Bed\u00fcrfnisse der verschiedenen Arten von Kleidung, Accessoires und High-End-Hautpflegeprodukte erf\u00fcllen kann. Der Schachtelk\u00f6rper unterst\u00fctzt den Vollfarbdruck und die Anpassung des Markenlogos. Die matte\/gl\u00e4nzende Laminierung verbessert die visuelle Schichtung und wird mit Hei\u00dfpr\u00e4gung, UV und anderen Prozessdetails kombiniert, um sicherzustellen, dass Ihr Markenlogo in der Marktpr\u00e4sentation hervorsticht.<\/p>\n<h2 id=\"-2-folding-pull-out-structure-transportation-cost-optimization-\"><strong>2. Faltbare Auszugsstruktur, Optimierung der Transportkosten<\/strong><\/h2>\n<p>Das patentierte versteckte Schiebedesign wird \u00fcbernommen. Die flache Dicke nach dem Falten betr\u00e4gt nur 5 mm, was Lager- und Transportraum spart und die Logistikkosten um mehr als 30% reduziert. Die einzigartige schubladenartige \u00d6ffnungsmethode gibt dem Unboxing ein rituelles Gef\u00fchl. Der Schachtelk\u00f6rper \u00f6ffnet und schlie\u00dft sich reibungslos, ohne zu klemmen. Mit der magnetischen Schnalle oder dem Bandverschlusssystem wird der praktischen und \u00e4sthetischen Bedeutung Rechnung getragen.<\/p>\n<h2 id=\"-3-lamination-process-upgrade-touch-and-visual-double-improvement-\"><strong>3. Verbesserung des Laminierungsprozesses, Verbesserung der Haptik und der Optik<\/strong><\/h2>\n<p>F\u00fcr die Oberfl\u00e4chenlaminierung wird eine aus Deutschland importierte umweltfreundliche Beschichtung auf Wasserbasis verwendet, die nach dem Hochtemperatur-Pressverfahren kratzfest ist und Fingerabdr\u00fccke verhindert. Bieten Sie eine Vielzahl von Optionen wie gl\u00e4nzende Folie, matte Folie und Touch-Folie. Die Seidenimitat-Touch-Folie entspricht in hohem Ma\u00dfe dem Temperament der Hohlseidenmaske. Die Fingerspitzen gleiten dar\u00fcber, als ob sie echte Seide ber\u00fchren w\u00fcrden, was den Erinnerungspunkt des Verbrauchers beim Auspacken st\u00e4rkt.<\/p>\n<h2 id=\"-4-customized-die-cut-lining-all-round-product-protection-\"><strong>4. Ma\u00dfgeschneidertes gestanztes Futter, Rundum-Produktschutz<\/strong><\/h2>\n<p>Die Auskleidung besteht aus EVA-Schaum oder Beflockungsmaterial, das durch einen hochpr\u00e4zisen Stanzprozess geformt wird und sich perfekt an die Kurve der Maskenflasche anpasst. Die Antiseismik-Pufferleistung entspricht der Norm ASTM D4169. Unterst\u00fctzt das Design der geschichteten Struktur, kann Maskenb\u00fcrsten, Anweisungen und anderes Zubeh\u00f6r gleichzeitig aufnehmen, und die Toleranz des Futterkartenschlitzes wird innerhalb von \u00b10,3 mm kontrolliert, um eine Nullverschiebung w\u00e4hrend des Transports zu gew\u00e4hrleisten.<\/p>\n<h2 id=\"-5-in-depth-customization-service-flexible-adaptation-of-size-and-printing-\"><strong>5. Umfassender Anpassungsservice, flexible Anpassung von Gr\u00f6\u00dfe und Druck<\/strong><\/h2>\n<ul>\n<li><strong>Gr\u00f6\u00dfenanpassung<\/strong>: Unterst\u00fctzt die Entwicklung von Schachteln in voller Gr\u00f6\u00dfe von 10mm\u00d710mm bis 500mm\u00d7500mm, und speziell geformte Schachteln (wie sechseckige und gebogene Fenster) k\u00f6nnen innerhalb von 48 Stunden bemustert werden.<\/li>\n<li><strong>Druckverfahren<\/strong>: Pantone-Sonderfarbendruckfehler \u22645%, Unterst\u00fctzung von mehr als 20 Spezialeffekten wie lokaler Lack, 3D-Relief, Laserhohlraum, usw.<\/li>\n<li><strong>Nachhaltige Optionen<\/strong>: FSC-zertifiziertes Recycling-Papier, bedruckt mit Sojatinte, gem\u00e4\u00df den EU-Umweltstandards REACH.<\/li>\n<\/ul>\n<h2 id=\"-6-3d-visual-design-zero-error-in-scheme-pre-examination-\"><strong>6. 3D-Mockup-Effekt-Design, Null-Fehler in Schema Vorpr\u00fcfung<\/strong><\/h2>\n<p>\u00dcber die selbst entwickelte Online-Designplattform k\u00f6nnen die Kunden die Kastenstruktur, die Materialparameter und das Musterlayout in Echtzeit anpassen. Das System erzeugt automatisch ein 360\u00b0 drehbares 3D-Modell und gibt Daten zur Druckfestigkeitssimulation aus. Unterst\u00fctzung der virtuellen AR-Anzeigefunktion, direkte Vorschau des Anzeigeeffekts der Verpackung im Regal und auf der E-Commerce-Seite, und Verk\u00fcrzung des Designbest\u00e4tigungszyklus auf 72 Stunden.<\/p>","protected":false},"excerpt":{"rendered":"<ul>\n<li><strong>Kapazit\u00e4tsgarantie<\/strong>: 12 vollautomatische Produktionslinien mit einer t\u00e4glichen Produktionskapazit\u00e4t von 500.000 Kartons, die eine 72-Stunden-Sofortlieferung von Eilauftr\u00e4gen erm\u00f6glichen.<\/li>\n<li><strong>System der Qualit\u00e4tskontrolle<\/strong>: ISO9001-Qualit\u00e4tszertifizierung, ausgestattet mit R\u00f6ntgen-Fremdk\u00f6rperdetektor und Farbmessger\u00e4t, die Qualifikationsrate der fertigen Produkte betr\u00e4gt 99,8%.<\/li>\n<li><strong>Kostenvorteil<\/strong>: Durch die Beschaffung in gro\u00dfem Umfang liegen die Kosten f\u00fcr den Karton 15% unter dem Marktpreis,<\/li>\n<\/ul>","protected":false},"featured_media":9931,"template":"","meta":[],"product_brand":[],"product_cat":[30,390,31,426],"product_tag":[1302,1303,1301],"class_list":{"0":"post-9930","1":"product","2":"type-product","3":"status-publish","4":"has-post-thumbnail","6":"product_cat-by-industry","7":"product_cat-custom-cosmetics-boxes","8":"product_cat-paper-box-style","9":"product_cat-paper-drawer-boxes","10":"product_tag-silk-eye-mask-packaging","11":"product_tag-sleep-mask-box-wholesale","12":"product_tag-sleep-mask-packaging","14":"first","15":"instock","16":"shipping-taxable","17":"product-type-grouped"},"_links":{"self":[{"href":"https:\/\/zojopackaging.com\/de\/wp-json\/wp\/v2\/product\/9930","targetHints":{"allow":["GET"]}}],"collection":[{"href":"https:\/\/zojopackaging.com\/de\/wp-json\/wp\/v2\/product"}],"about":[{"href":"https:\/\/zojopackaging.com\/de\/wp-json\/wp\/v2\/types\/product"}],"version-history":[{"count":1,"href":"https:\/\/zojopackaging.com\/de\/wp-json\/wp\/v2\/product\/9930\/revisions"}],"predecessor-version":[{"id":9937,"href":"https:\/\/zojopackaging.com\/de\/wp-json\/wp\/v2\/product\/9930\/revisions\/9937"}],"wp:featuredmedia":[{"embeddable":true,"href":"https:\/\/zojopackaging.com\/de\/wp-json\/wp\/v2\/media\/9931"}],"wp:attachment":[{"href":"https:\/\/zojopackaging.com\/de\/wp-json\/wp\/v2\/media?parent=9930"}],"wp:term":[{"taxonomy":"product_brand","embeddable":true,"href":"https:\/\/zojopackaging.com\/de\/wp-json\/wp\/v2\/product_brand?post=9930"},{"taxonomy":"product_cat","embeddable":true,"href":"https:\/\/zojopackaging.com\/de\/wp-json\/wp\/v2\/product_cat?post=9930"},{"taxonomy":"product_tag","embeddable":true,"href":"https:\/\/zojopackaging.com\/de\/wp-json\/wp\/v2\/product_tag?post=9930"}],"curies":[{"name":"wp","href":"https:\/\/api.w.org\/{rel}","templated":true}]}}