{"id":9938,"date":"2025-04-04T11:06:57","date_gmt":"2025-04-04T03:06:57","guid":{"rendered":"https:\/\/zojopackaging.com\/?post_type=product&#038;p=9938"},"modified":"2025-04-04T12:01:42","modified_gmt":"2025-04-04T04:01:42","slug":"high-quality-custom-printing-soap-packaging-boxes-wholesale","status":"publish","type":"product","link":"https:\/\/zojopackaging.com\/de\/product\/high-quality-custom-printing-soap-packaging-boxes-wholesale\/","title":{"rendered":"Qualitativ hochwertige, individuell bedruckte Seifenverpackungsboxen im Gro\u00dfhandel"},"content":{"rendered":"<h2 id=\"1-high-end-cardboard-material-reshaping-product-value-\">1.\u00a0<strong>Hochwertiges Kartonmaterial, das den Produktwert umgestaltet<\/strong><\/h2>\n<ul>\n<li>Die Verwendung von wei\u00dfem Karton\/Silberkarton mit einem Gewicht von 375 g\/m\u00b2 oder mehr als Basismaterial sorgt f\u00fcr eine ausgezeichnete Steifigkeit und Verschlei\u00dffestigkeit und sch\u00fctzt die Integrit\u00e4t der Seifenprodukte w\u00e4hrend des Transports und der Lagerung effektiv. Die innere Schicht wird durch eine spezielle Papierstrukturtechnologie (wie Beflockung und Pr\u00e4gung) erg\u00e4nzt, die sich zart anf\u00fchlt und eine reichhaltige visuelle Ebene aufweist, was die hochwertige Textur und den Wiederkaufswert des Produkts erheblich steigert.<\/li>\n<\/ul>\n<h2 id=\"2-innovative-double-plug-opening-and-closing-structure-optimizing-user-experience-\">2.\u00a0<strong>Innovative \u00d6ffnungs- und Schlie\u00dfstruktur mit doppeltem Stecker, die die Benutzerfreundlichkeit optimiert<\/strong><\/h2>\n<ul>\n<li>Das Geh\u00e4use ist mit einem \"Doppelstecker\" ausgestattet, der den oberen und unteren Deckel mit dem Schubladenkasten verbindet. Der \u00d6ffnungs- und Schlie\u00dfwinkel betr\u00e4gt 90\u00b0-180\u00b0, und die Seife l\u00e4sst sich mit einer Hand schnell ein- und auspacken. Gleichzeitig ist im Inneren ein rutschfester Kartenschlitz vorgesehen, um sich an Produkte unterschiedlicher Gr\u00f6\u00dfe anzupassen. Am Boden befindet sich ein Entw\u00e4sserungsloch, um zu verhindern, dass Wasseransammlungen die Lebensdauer der Seife beeintr\u00e4chtigen, wobei sowohl die Praktikabilit\u00e4t als auch die \u00c4sthetik ber\u00fccksichtigt werden.<\/li>\n<\/ul>\n<h2 id=\"3-environmental-certification-and-accurate-color-presentation-\">3.\u00a0<strong>Umweltzertifizierung und genaue Farbdarstellung<\/strong><\/h2>\n<ul>\n<li>100% des Verpackungspapiers hat die FSC-Zertifizierung f\u00fcr nachhaltige Forstwirtschaft erhalten, und die Tinte verwendet eine umweltfreundliche Formel auf Sojabasis, die der EU-REACH-Norm entspricht. Der Druck erfolgt im Vierfarben-Offsetdruckverfahren mit \u00dcberdrucken von Sonderfarben und einer Farbraumabdeckung von 98% nach Pantone-Standard (Fehler \u2264 0,1 mm), was eine genaue Abstimmung der Pantone-Farbnummern erm\u00f6glicht. Die Oberfl\u00e4che ist mit einer umweltfreundlichen gl\u00e4nzenden oder matten Folie auf Wasserbasis beschichtet, um die Wasserfestigkeit und die Haptik zu verbessern.<\/li>\n<\/ul>\n<h2 id=\"4-differentiated-design-empowers-brand-recognition-\">4.\u00a0<strong>Differenziertes Design st\u00e4rkt den Wiedererkennungswert der Marke<\/strong><\/h2>\n<ul>\n<li>Bieten Sie 12 Verfahrenskombinationen wie Hei\u00dfpr\u00e4gung\/Hei\u00dfsilber, UV-Teilpr\u00e4gung und hohle Fenster an und unterst\u00fctzen Sie kundenspezifische Illustrationen, gepr\u00e4gte Texturen oder minimalistische geometrische Muster auf der gesamten Schachteloberfl\u00e4che. Zum Beispiel:<\/li>\n<li><strong>Nat\u00fcrlicher Stil<\/strong>: Die Kombination aus Pflanzenfaserpr\u00e4gung und Mineralfarben passt zur Positionierung der Bio-Seife;<\/li>\n<li><strong>Leichter Luxus-Stil<\/strong>: Mit Hei\u00dfpr\u00e4gung Logo + Perlglanzpapier Oberfl\u00e4che zu verbessern High-End-Tonalit\u00e4t;<\/li>\n<li><strong>Kultureller und kreativer Stil<\/strong>: Mit handgemalten Illustrationen und einem abnehmbaren Lesezeichen, das die Interaktivit\u00e4t erh\u00f6ht.<\/li>\n<\/ul>\n<h2 id=\"5-full-link-customization-service-and-professional-support-\">5.\u00a0<strong>Vollst\u00e4ndiger Link-Anpassungsservice und professionelle Unterst\u00fctzung<\/strong><\/h2>\n<ul>\n<li><strong>Freie Gestaltung<\/strong>: Intelligente KI-Generierungstools (wie die Canva-Kollaborationsplattform) bieten mehr als 10.000 Vorlagenbibliotheken, unterst\u00fctzen Online-Echtzeit\u00e4nderungen und liefern 3D-Renderings innerhalb von 48 Stunden;<\/li>\n<li><strong>Flexible Produktion<\/strong>: Mindestbestellmenge 50 St\u00fcck, Unterst\u00fctzung von 20 Schachtelarten, wie z. B. Sonderformschachteln, Magnetschachteln, Kombinationsschachteln, usw., und vollst\u00e4ndige Pr\u00fcfung innerhalb von 7 Tagen;<\/li>\n<li><strong>Strategische Beratung<\/strong>: Das Team der Senior Designer erstellt beispielsweise Markttrendanalysen:<\/li>\n<li>Empfehlen Sie die Kombinationsverpackung \"Schubladenbox + Schleife\" f\u00fcr den Geschenkemarkt;<\/li>\n<li>Optimieren Sie die Struktur des Druckwiderstands des Kofferaufbaus f\u00fcr E-Commerce-Kan\u00e4le, um logistische Verluste zu reduzieren.<\/li>\n<\/ul>\n<h2 id=\"6-source-factory-quality-assurance-\">6.\u00a0<strong>Qualit\u00e4tssicherung im Quellwerk<\/strong><\/h2>\n<ul>\n<li>16 Jahre ausgereiftes Lieferkettensystem, Zertifizierung nach ISO 9001 f\u00fcr Qualit\u00e4tsmanagement, der gesamte Prozess umfasst:<\/li>\n<li><strong>Screening von Rohstoffen<\/strong>: Der Feuchtigkeitsgehalt des Kartons wird auf 8%-10% kontrolliert, um Verformungen zu vermeiden;<\/li>\n<li><strong>Kontrolle der Produktion<\/strong>: Verwenden Sie deutsche Heidelberg Druckmaschine + vollautomatische Stanzlinie, \u00dcberdrucken Fehler \u22640,2mm;<\/li>\n<li><strong>Prozess der Qualit\u00e4tskontrolle<\/strong>: Colorimeter-Erkennung (\u0394E\u22641,5), Falltest (1,2 m ohne Besch\u00e4digung).<\/li>\n<\/ul>\n<h2 id=\"-application-scenarios-and-successful-cases-\"><strong>Anwendungsszenarien und erfolgreiche F\u00e4lle<\/strong><\/h2>\n<ul>\n<li><strong>Anpassung des Hotels<\/strong>: Gestaltung einer schwarz-goldenen magnetischen Geschenkbox f\u00fcr ein F\u00fcnf-Sterne-Hotel, in die ein Seifen- und Pflegeset eingebettet ist; die Wiederkaufsrate stieg um 30%;<\/li>\n<li><strong>Handgemachte Seife Marke<\/strong>: FSC-Kraftpapier und gr\u00fcnes Logo im Einklang mit dem Konzept des Umweltschutzes. 2024 wurde es mit dem Red Dot Design Award ausgezeichnet;<\/li>\n<\/ul>","protected":false},"excerpt":{"rendered":"<p>Unsere Seifenverpackungsschachteln basieren auf **FSC-zertifizierten umweltfreundlichen Materialien + Vierfarbendruck mit 98% Pantone-Farbraum und hochpr\u00e4zisem Druck + feuchtigkeitsbest\u00e4ndiger Struktur mit doppeltem Einsatz zum \u00d6ffnen und Schlie\u00dfen**, kombiniert mit dem ma\u00dfgeschneiderten Design und der Lieferkettengarantie der Ausgangsfabrik mit 16 Jahren Erfahrung, die nicht nur die Markenpr\u00e4mie mit differenzierter \u00c4sthetik erh\u00f6hen, sondern auch die Lebensdauer der Seife durch funktionale Innovation verl\u00e4ngern und gleichzeitig die mehrdimensionalen Bed\u00fcrfnisse der Verbraucher nach Umweltschutz, Tragbarkeit und Kunst erf\u00fcllen kann.<\/p>","protected":false},"featured_media":9940,"template":"","meta":[],"product_brand":[],"product_cat":[30,390,430,31],"product_tag":[1306,1305,1304],"class_list":{"0":"post-9938","1":"product","2":"type-product","3":"status-publish","4":"has-post-thumbnail","6":"product_cat-by-industry","7":"product_cat-custom-cosmetics-boxes","8":"product_cat-folding-cartons","9":"product_cat-paper-box-style","10":"product_tag-custom-soap-boxes","11":"product_tag-soap-boxes-wholesale","12":"product_tag-soap-packaging","14":"first","15":"instock","16":"shipping-taxable","17":"product-type-grouped"},"_links":{"self":[{"href":"https:\/\/zojopackaging.com\/de\/wp-json\/wp\/v2\/product\/9938","targetHints":{"allow":["GET"]}}],"collection":[{"href":"https:\/\/zojopackaging.com\/de\/wp-json\/wp\/v2\/product"}],"about":[{"href":"https:\/\/zojopackaging.com\/de\/wp-json\/wp\/v2\/types\/product"}],"version-history":[{"count":1,"href":"https:\/\/zojopackaging.com\/de\/wp-json\/wp\/v2\/product\/9938\/revisions"}],"predecessor-version":[{"id":9945,"href":"https:\/\/zojopackaging.com\/de\/wp-json\/wp\/v2\/product\/9938\/revisions\/9945"}],"wp:featuredmedia":[{"embeddable":true,"href":"https:\/\/zojopackaging.com\/de\/wp-json\/wp\/v2\/media\/9940"}],"wp:attachment":[{"href":"https:\/\/zojopackaging.com\/de\/wp-json\/wp\/v2\/media?parent=9938"}],"wp:term":[{"taxonomy":"product_brand","embeddable":true,"href":"https:\/\/zojopackaging.com\/de\/wp-json\/wp\/v2\/product_brand?post=9938"},{"taxonomy":"product_cat","embeddable":true,"href":"https:\/\/zojopackaging.com\/de\/wp-json\/wp\/v2\/product_cat?post=9938"},{"taxonomy":"product_tag","embeddable":true,"href":"https:\/\/zojopackaging.com\/de\/wp-json\/wp\/v2\/product_tag?post=9938"}],"curies":[{"name":"wp","href":"https:\/\/api.w.org\/{rel}","templated":true}]}}