{"id":9946,"date":"2025-04-04T13:20:30","date_gmt":"2025-04-04T05:20:30","guid":{"rendered":"https:\/\/zojopackaging.com\/?post_type=product&#038;p=9946"},"modified":"2025-04-04T13:31:10","modified_gmt":"2025-04-04T05:31:10","slug":"custom-candy-paper-boxes-for-treat-chocolate-boxes-supplier","status":"publish","type":"product","link":"https:\/\/zojopackaging.com\/de\/product\/custom-candy-paper-boxes-for-treat-chocolate-boxes-supplier\/","title":{"rendered":"Benutzerdefinierte S\u00fc\u00dfigkeiten Papier Boxen f\u00fcr behandeln &amp; Schokolade Boxen Lieferant"},"content":{"rendered":"<h3 id=\"-1-structural-innovation-the-fun-revolution-of-wallet-style-handbags-\"><strong>1. Strukturelle Innovation: die lustige Revolution der Handtaschen im Brieftaschenformat<\/strong><\/h3>\n<p>\u00dcbernahme von\u00a0<strong>Ausziehbare Struktur im Umschlagstil<\/strong>, inspiriert vom traditionellen Design der Brieftasche,\u00a0<strong>Dreifach-Verkn\u00fcpfungstechnik<\/strong>\u00a0um ein schnelles \u00d6ffnen in 0,3 Sekunden zu erreichen. Die Verbraucher ben\u00f6tigen keine komplizierten Vorg\u00e4nge und k\u00f6nnen den Ausziehvorgang mit einer Hand durchf\u00fchren, und das \u00d6ffnen und Schlie\u00dfen erfolgt reibungslos.\u00a0<strong>Pufferschicht aus Wabenkarton<\/strong>\u00a0ist im Inneren der Box mit einer Vibrationsabsorptionsrate von 90% eingestellt, und die Transportschadenrate ist auf weniger als 0,5% reduziert.<\/p>\n<h3 id=\"-2-color-aesthetics-the-luxurious-expression-of-herm-s-orange-\"><strong>2. Farb\u00e4sthetik: Der luxuri\u00f6se Ausdruck von Herm\u00e8s Orange<\/strong><\/h3>\n<p>-\u00a0<strong>Farbschema<\/strong>: Die Hauptfarbe nimmt die\u00a0<strong>Pantone 15-1247 TCX (Herm\u00e8s Orange)<\/strong>, die mit\u00a0<strong>18-1755 TCX (Perlwei\u00df)<\/strong>\u00a0um einen visuellen Kontrast zu bilden, und ein 0,1 mm breiter Farbverlauf wird durch einen hochpr\u00e4zisen Druck mit 1200 dpi erreicht; -\u00a0<strong>Visuelle Psychologie<\/strong>: Orange vermittelt Vitalit\u00e4t und S\u00fc\u00dfe, und das wei\u00dfe Innenfutter verst\u00e4rkt das reine Image des Produkts, was dem \u00e4sthetischen Bed\u00fcrfnis der Verbraucher der Generation Z nach \"Aussehen ist Gerechtigkeit\" entspricht (siehe die Farbtrendforschung f\u00fcr S\u00fc\u00dfwarenverpackungen).<\/p>\n<h3 id=\"-3-smart-customization-full-link-service-from-concept-to-mass-production-\"><strong>3. Intelligente Anpassung: Full-Link-Service vom Konzept bis zur Massenproduktion<\/strong><\/h3>\n<p>-\u00a0<strong>Flexibilit\u00e4t der Gr\u00f6\u00dfe<\/strong>: unterst\u00fctzt mindestens 5cm\u00d75cm (Mini-Soft-S\u00fc\u00dfigkeiten-Box) bis maximal 30cm\u00d720cm (Multi-Layer-Geschenk-Box), Dicke kann 0,8-5cm angepasst werden;<\/p>\n<p>-\u00a0<strong>Strukturelle Innovation<\/strong>: Entwicklung von 12 patentierten Schachteltypen (z. B. drehbare Schichten, magnetische Passwortschl\u00f6sser), die mit der Platzierung von S\u00fc\u00dfigkeiten in Sonderformen kompatibel sind;<\/p>\n<p>-\u00a0<strong>Schnelle Antwort<\/strong>: Abschluss der 3D-Modellierung und des Proofings innerhalb von 8 Stunden und Verk\u00fcrzung des Massenproduktionszyklus auf 7-9 Tage.<\/p>\n<h3 id=\"-4-material-matrix-multiple-handles-and-environmental-commitment-\"><strong>4. Materialmatrix: Mehrfachgriffe und Umweltengagement<\/strong><\/h3>\n<p>-\u00a0<strong>System der Griffe<\/strong>: -\u00a0<strong>Griff mit B\u00e4ndern<\/strong>: Es wird ein 2 mm breites, lebensmittelechtes PET-Band mit einer Tragf\u00e4higkeit von 200 g verwendet;<\/p>\n<p>-\u00a0<strong>Ledergriff<\/strong>: Gepr\u00e4gtes Rindsleder mit 50% f\u00fcr erh\u00f6hte Verschlei\u00dffestigkeit;<\/p>\n<p>-\u00a0<strong>Abbaubares Baumwollseil<\/strong>: Es wird PLA-Material verwendet, das sich innerhalb von 12 Wochen um \u226590% zersetzt;<\/p>\n<h3 id=\"-5-logistics-optimization-cost-reduction-and-efficiency-improvement-by-flat-shipment-\"><strong>5. Logistikoptimierung: Kostensenkung und Effizienzsteigerung durch flache Sendungen<\/strong><\/h3>\n<p>-\u00a0<strong>Raumnutzung<\/strong>: Das flache Design erh\u00f6ht die Ladeeffizienz um 70% und reduziert die Versandkosten um 25%;<\/p>\n<p>-\u00a0<strong>Umweltzertifizierung<\/strong>: Alle Materialien sind FSC-zertifiziert und erf\u00fcllen die REACH-Normen der EU.\u00a0<strong>Intelligente Verpackung<\/strong>: Die faltbare Auskleidung wird verwendet, um das Volumen der leeren Schachtel um 60% zu reduzieren, was dazu beitr\u00e4gt, das Ziel der Kohlenstoffneutralit\u00e4t zu erreichen (siehe nachhaltige Verpackungsl\u00f6sungen).<\/p>\n<h3 id=\"-6-industry-benchmark-16-years-of-smart-manufacturing-experience-\"><strong>6. Industrie-Benchmark: 16 Jahre Erfahrung mit intelligenter Fertigung<\/strong><\/h3>\n<p>-\u00a0<strong>Ausstattungsmatrix<\/strong>: Ausgestattet mit 18 internationalen Maschinen wie der Manroland R700 F\u00fcnffarben-Druckmaschine und der Heidelberg 7-Farben-UV-Offsetdruckmaschine, mit einer Druckgeschwindigkeit von 15.000 Bogen\/Stunde;<\/p>\n<p>-\u00a0<strong>System der Qualit\u00e4tskontrolle<\/strong>: Zertifizierung nach ISO 9001\/BRCGS, jede Produktcharge wird 12 Qualit\u00e4tskontrollen unterzogen (Farbunterschied \u0394E\u22641,5, Druckfestigkeit \u2265300N);<\/p>\n<p>-\u00a0<strong>Dienstnetz<\/strong>: Kumulierter Service von mehr als 2500 Marken, Wiederkaufsrate von 82%, Abdeckung von mehr als 30 internationalen M\u00e4rkten wie Nordamerika und Europa (siehe White Paper Daten der Verpackungsindustrie).<\/p>\n<h3 id=\"-7-value-commitment-triple-balance-of-quality-efficiency-and-cost-\"><strong>7. Wertverpflichtung: Dreifaches Gleichgewicht von Qualit\u00e4t, Effizienz und Kosten<\/strong><\/h3>\n<p>-\u00a0<strong>Kostenoptimierung<\/strong>: Das digitale Satzsystem reduziert den Materialverlust auf 2,5% und spart damit 18% Kosten im Vergleich zu herk\u00f6mmlichen Verfahren;<\/p>\n<p>-\u00a0<strong>Agile Lieferung<\/strong>: Einrichtung eines Logistiksystems mit zwei Lagern in Ost- und S\u00fcdchina, das eine direkte Lieferung innerhalb von 48 Stunden im ganzen Land erm\u00f6glicht;<\/p>\n<p>-\u00a0<strong>Langfristiger Dienst<\/strong>: Verwaltung des Lebenszyklus von Verpackungen, einschlie\u00dflich Bestandswarnungen, Nachschubplan und Plan f\u00fcr das Recycling alter Verpackungen.<\/p>","protected":false},"excerpt":{"rendered":"<p><strong>ZOJO Print | Experte f\u00fcr individuelle Bonbonpapierschachteln - definieren Sie ein neues s\u00fc\u00dfes Erlebnis mit innovativem Design<\/strong><\/p>\n<p>Auf dem heutigen boomenden Snackmarkt ist die Verpackung von S\u00fc\u00dfigkeiten nicht nur ein Produktbeh\u00e4lter, sondern auch eine Verbindung zwischen Marken und Verbrauchern. ZOJO Print ist seit 16 Jahren im Verpackungsbereich t\u00e4tig und konzentriert sich darauf, ma\u00dfgeschneiderte L\u00f6sungen f\u00fcr S\u00fc\u00dfwaren- und Schokoladenmarken anzubieten, die Funktionalit\u00e4t, \u00c4sthetik und kommerzielle Wettbewerbsf\u00e4higkeit miteinander verbinden.<\/p>","protected":false},"featured_media":9947,"template":"","meta":[],"product_brand":[],"product_cat":[30,422,432,31],"product_tag":[1308,1309,1307],"class_list":{"0":"post-9946","1":"product","2":"type-product","3":"status-publish","4":"has-post-thumbnail","6":"product_cat-by-industry","7":"product_cat-custom-gourmet-boxes-by-industry","8":"product_cat-pape-gift-bags","9":"product_cat-paper-box-style","10":"product_tag-boxes-for-treat-chocolate","11":"product_tag-boxes-supplier","12":"product_tag-custom-candy-paper-boxes","14":"first","15":"instock","16":"shipping-taxable","17":"product-type-grouped"},"_links":{"self":[{"href":"https:\/\/zojopackaging.com\/de\/wp-json\/wp\/v2\/product\/9946","targetHints":{"allow":["GET"]}}],"collection":[{"href":"https:\/\/zojopackaging.com\/de\/wp-json\/wp\/v2\/product"}],"about":[{"href":"https:\/\/zojopackaging.com\/de\/wp-json\/wp\/v2\/types\/product"}],"version-history":[{"count":1,"href":"https:\/\/zojopackaging.com\/de\/wp-json\/wp\/v2\/product\/9946\/revisions"}],"predecessor-version":[{"id":9960,"href":"https:\/\/zojopackaging.com\/de\/wp-json\/wp\/v2\/product\/9946\/revisions\/9960"}],"wp:featuredmedia":[{"embeddable":true,"href":"https:\/\/zojopackaging.com\/de\/wp-json\/wp\/v2\/media\/9947"}],"wp:attachment":[{"href":"https:\/\/zojopackaging.com\/de\/wp-json\/wp\/v2\/media?parent=9946"}],"wp:term":[{"taxonomy":"product_brand","embeddable":true,"href":"https:\/\/zojopackaging.com\/de\/wp-json\/wp\/v2\/product_brand?post=9946"},{"taxonomy":"product_cat","embeddable":true,"href":"https:\/\/zojopackaging.com\/de\/wp-json\/wp\/v2\/product_cat?post=9946"},{"taxonomy":"product_tag","embeddable":true,"href":"https:\/\/zojopackaging.com\/de\/wp-json\/wp\/v2\/product_tag?post=9946"}],"curies":[{"name":"wp","href":"https:\/\/api.w.org\/{rel}","templated":true}]}}