{"id":9953,"date":"2025-04-04T13:29:07","date_gmt":"2025-04-04T05:29:07","guid":{"rendered":"https:\/\/zojopackaging.com\/?post_type=product&#038;p=9953"},"modified":"2025-04-04T13:45:58","modified_gmt":"2025-04-04T05:45:58","slug":"custom-personalized-printed-soap-boxes-wholesale-packaging","status":"publish","type":"product","link":"https:\/\/zojopackaging.com\/de\/product\/custom-personalized-printed-soap-boxes-wholesale-packaging\/","title":{"rendered":"Personalisierte bedruckte Seifenschachteln Gro\u00dfhandel Verpackung"},"content":{"rendered":"<p>Als Quellfabrik mit 16 Jahren Erfahrung in der Branche sind wir bestrebt, unseren Kunden personalisierte Seifengeschenkboxen anzubieten, die \u00e4sthetischen Wert mit praktischen Funktionen verbinden. Im Folgenden finden Sie eine Beschreibung der wichtigsten Vorteile des Produkts und der kundenspezifischen Dienstleistungen<\/p>\n<h2 id=\"-1-simple-design-and-efficient-assembly-\"><strong>1. Einfache Konstruktion und effiziente Montage<\/strong><\/h2>\n<p>Unsere Seifengeschenkbox ist modular aufgebaut und kann in nur drei Schritten zusammengebaut werden. Das Innere der Schachtel ist f\u00fcr Standard-Seifengr\u00f6\u00dfen optimiert, und es ist ein verstellbarer Fachraum reserviert, in dem nicht nur ein einzelnes St\u00fcck Seife fest untergebracht werden kann, sondern auch eine Kombination aus Seife und Papierhandt\u00fcchern aufbewahrt werden kann (unterst\u00fctzt kundenspezifische Trennwandgr\u00f6\u00dfe). F\u00fcr den Schachtelk\u00f6rper wird 250-375 g\/m\u00b2 wei\u00dfer Karton oder lebensmittelechtes Spezialpapier verwendet, wobei die Anforderungen des Umweltschutzes und der Tragf\u00e4higkeit ber\u00fccksichtigt werden. Durch den Faltprozess wird eine Komprimierung des Transportvolumens um 60% erreicht und die Logistikkosten gesenkt.<\/p>\n<h2 id=\"-2-full-scene-customized-printing-service-\"><strong>2. Individueller Druckservice f\u00fcr die gesamte Szene<\/strong><\/h2>\n<ol>\n<li><strong>Vier-Farben-Druckverfahren<\/strong>\u00a0Mit der CMYK-Vierfarben-\u00dcberdrucktechnologie k\u00f6nnen Farbverl\u00e4ufe, hochpr\u00e4zise Muster und visuelle Markenelemente mit einer Farbskala von 98% genau wiederhergestellt werden, was den Anforderungen von minimalistischen oder komplexen Illustrationsstilen entspricht. In Kombination mit Hei\u00dfpr\u00e4gung\/Silber, lokaler UV-Glasur und anderen Verfahren kann der Geschenkbox eine luxuri\u00f6se Textur verliehen werden.<\/li>\n<li><strong>Personalisierte Anpassung von Inhalten<\/strong><\/li>\n<li><strong>Entwurf des Layouts<\/strong>: Unterst\u00fctzt das freie Layout von Elementen wie Logos, QR-Codes, Segnungen, handgemalten Illustrationen und ist kompatibel mit Dateien im AI\/PS\/CDR-Format.<\/li>\n<li><strong>Kreative Erweiterung<\/strong>: Bietet eine \"Mix and Match\"-Designvorlagenbibliothek. Kunden k\u00f6nnen verschiedene Texturen des Schachteldeckels, seitliche Hei\u00dfpr\u00e4gungen und Futtermuster kombinieren, um exklusive Geschenkschachteln f\u00fcr Feiertage zu gestalten (z. B. fluoreszierende Farben f\u00fcr Geburtstagsfeiern, Hei\u00dfpr\u00e4gedaten f\u00fcr Jahrestage).<\/li>\n<\/ol>\n<h2 id=\"-three-multi-scenario-applications-and-gift-plans-\"><strong>3. Multi-Szenario-Anwendungen und Geschenkpl\u00e4ne<\/strong><\/h2>\n<ol>\n<li><strong>Festival\u00fcbergreifende Anpassung<\/strong>\u00a0Das Design der Geschenkschachtel ist kompatibel mit herzf\u00f6rmigen Hohlfenstern zum Valentinstag, Tannenzweigpr\u00e4gung zu Weihnachten, Hei\u00dfpr\u00e4gung zum Fr\u00fchlingsfest und anderen Themenelementen und ist mit B\u00e4ndern, G\u00fcrtelsiegeln, Magnetschnallen und anderem Zubeh\u00f6r ausgestattet, um den Anforderungen von Geburtstagen, Hochzeiten, Firmengeschenken und anderen Szenarien gerecht zu werden.<\/li>\n<li><strong>Kombinierte Geschenkstrategie<\/strong><\/li>\n<li><strong>Einzelbox-Boutique<\/strong>: Es wird empfohlen, handgemachte \u00e4therische \u00d6lseife + Naturschwamm zu kombinieren, und eine individuelle Segenskarte ist in der Box enthalten.<\/li>\n<li><strong>Box-Set-L\u00f6sung<\/strong>: Eine 3\/6\/12-teilige, abgestufte Verpackung unterst\u00fctzt die schichtweise Platzierung von Seifen mit verschiedenen D\u00fcften (z. B. die Kombination Lavendel + Zitrone + Sandelholz), und das Innenfutter besteht aus biologisch abbaubarem Beflockungsmaterial, um das Gef\u00fchl der Zeremonie beim \u00d6ffnen der Schachtel zu verst\u00e4rken.<\/li>\n<\/ol>\n<h2 id=\"-fourth-quality-assurance-and-supply-chain-advantages-\"><strong>4. Qualit\u00e4tssicherung und Vorteile der Lieferkette<\/strong><\/h2>\n<ol>\n<li><strong>Normen f\u00fcr die Produktion<\/strong><\/li>\n<li>Das Unternehmen ist nach dem Qualit\u00e4tssystem ISO9001 zertifiziert und verf\u00fcgt \u00fcber eine t\u00e4gliche Produktionskapazit\u00e4t von 200.000 St\u00fcck. Es unterst\u00fctzt die 48-Stunden-Kontrolle und die 15-t\u00e4gige Lieferung von Masseng\u00fctern.<\/li>\n<li>Strenge Kontrolle der Farbunterschiede, ausgestattet mit Qualit\u00e4tskontrolldiensten von Dritten, um die Druckgenauigkeit und die Stabilit\u00e4t der Kartonstruktur zu gew\u00e4hrleisten.<\/li>\n<li><strong>Kostenoptimierung<\/strong><\/li>\n<li>Gr\u00fcne Lieferkette: Durch den Einsatz der Vordrucktechnologie wird der Papierverlust reduziert, und die R\u00fcckgewinnungsquote \u00fcbersteigt 90%, was den Anforderungen eines umweltfreundlichen Markenimages entspricht.<\/li>\n<\/ol>\n<h2 id=\"-five-customization-process-and-after-sales-service-\"><strong>5. Anpassungsprozess und After-Sales-Service<\/strong><\/h2>\n<ol>\n<li><strong>Prozess der Zusammenarbeit<\/strong>\u00a0Bedarfskommunikation \u2192 3D-Rendering-Best\u00e4tigung \u2192 Proofing \u2192 Massenproduktion \u2192 Logistikverfolgung.<\/li>\n<li><strong>Serviceverpflichtung<\/strong><\/li>\n<li>Entsch\u00e4digung f\u00fcr Sch\u00e4den: Eine rasche Wiederauff\u00fcllung wird eingeleitet, wenn die Transportschadenquote 2% \u00fcbersteigt.<\/li>\n<li>Antwort nach dem Verkauf: Ein professionelles Kundendienstteam bietet 24 Stunden am Tag Bestellungsanfragen und Optimierungsvorschl\u00e4ge f\u00fcr Designdateien.<\/li>\n<\/ol>","protected":false},"excerpt":{"rendered":"<p>Von der minimalistischen Aufbewahrung f\u00fcr den t\u00e4glichen Gebrauch bis hin zu Geschenkboxen f\u00fcr die Feiertage nutzen wir die Kosteneffizienz und die kreativen Umsetzungsm\u00f6glichkeiten der Ursprungsfabrik, um Marken bei der Entwicklung von Seifenverpackungsl\u00f6sungen mit hohem Wert und starkem Erinnerungswert zu unterst\u00fctzen. Wir akzeptieren jetzt die Anpassung an den globalen Gro\u00dfhandel und freuen uns darauf, Ihnen mit genialer Handwerkskunst einen einzigartigen Geschichtstr\u00e4ger f\u00fcr jede Seife zu liefern.<\/p>","protected":false},"featured_media":9955,"template":"","meta":[],"product_brand":[],"product_cat":[30,390,430,31],"product_tag":[1311,1312,1310],"class_list":{"0":"post-9953","1":"product","2":"type-product","3":"status-publish","4":"has-post-thumbnail","6":"product_cat-by-industry","7":"product_cat-custom-cosmetics-boxes","8":"product_cat-folding-cartons","9":"product_cat-paper-box-style","10":"product_tag-custom-printed-soap-boxes","11":"product_tag-custom-soap-boxes-wholesale","12":"product_tag-soap-boxes","14":"first","15":"instock","16":"shipping-taxable","17":"product-type-grouped"},"_links":{"self":[{"href":"https:\/\/zojopackaging.com\/de\/wp-json\/wp\/v2\/product\/9953","targetHints":{"allow":["GET"]}}],"collection":[{"href":"https:\/\/zojopackaging.com\/de\/wp-json\/wp\/v2\/product"}],"about":[{"href":"https:\/\/zojopackaging.com\/de\/wp-json\/wp\/v2\/types\/product"}],"version-history":[{"count":1,"href":"https:\/\/zojopackaging.com\/de\/wp-json\/wp\/v2\/product\/9953\/revisions"}],"predecessor-version":[{"id":9961,"href":"https:\/\/zojopackaging.com\/de\/wp-json\/wp\/v2\/product\/9953\/revisions\/9961"}],"wp:featuredmedia":[{"embeddable":true,"href":"https:\/\/zojopackaging.com\/de\/wp-json\/wp\/v2\/media\/9955"}],"wp:attachment":[{"href":"https:\/\/zojopackaging.com\/de\/wp-json\/wp\/v2\/media?parent=9953"}],"wp:term":[{"taxonomy":"product_brand","embeddable":true,"href":"https:\/\/zojopackaging.com\/de\/wp-json\/wp\/v2\/product_brand?post=9953"},{"taxonomy":"product_cat","embeddable":true,"href":"https:\/\/zojopackaging.com\/de\/wp-json\/wp\/v2\/product_cat?post=9953"},{"taxonomy":"product_tag","embeddable":true,"href":"https:\/\/zojopackaging.com\/de\/wp-json\/wp\/v2\/product_tag?post=9953"}],"curies":[{"name":"wp","href":"https:\/\/api.w.org\/{rel}","templated":true}]}}