{"id":9962,"date":"2025-04-04T13:46:13","date_gmt":"2025-04-04T05:46:13","guid":{"rendered":"https:\/\/zojopackaging.com\/?post_type=product&#038;p=9962"},"modified":"2025-04-04T14:00:59","modified_gmt":"2025-04-04T06:00:59","slug":"custom-branded-printed-soap-packaging-wholesale-supplier","status":"publish","type":"product","link":"https:\/\/zojopackaging.com\/de\/product\/custom-branded-printed-soap-packaging-wholesale-supplier\/","title":{"rendered":"Benutzerdefinierte Branded gedruckt Seife Verpackung Gro\u00dfhandel Lieferant"},"content":{"rendered":"<h2 id=\"-1-material-and-craftsmanship-high-end-cardboard-and-four-color-printing-technology-\"><strong>1. Material und Verarbeitung: Hochwertiger Karton und Vierfarbendrucktechnik<\/strong><\/h2>\n<p>Unsere Seifenkartenschachteln werden aus hochwertigem wei\u00dfem Karton oder doppeltem Kupferpapier (Gewicht anpassbar) hergestellt, und das Markenlogo, das Muster und die Farbe werden sorgf\u00e4ltig wiederhergestellt durch\u00a0<strong>Vier-Farben-Drucktechnik<\/strong>\u00a0um reichhaltige Schichten und nat\u00fcrliche \u00dcberg\u00e4nge zu gew\u00e4hrleisten. Kombiniert mit\u00a0<strong>Laminiertechnik<\/strong>\u00a0(optionaler Glanzkleber\/Mattkleber) erh\u00f6ht nicht nur die Verschlei\u00dffestigkeit und Wasserdichtigkeit des Schachtelk\u00f6rpers, sondern verbessert auch den allgemeinen Glanz und die Textur. Die Schachtellinien werden durch Pr\u00e4zisionsstanzung und Einkerbungstechnologie verarbeitet, mit zarten und glatten Kanten und High-End-Touch.<\/p>\n<h2 id=\"-2-innovative-design-double-insert-opening-structure-and-flat-shipping-advantages-\"><strong>2. Innovatives Design: Doppelt eingef\u00fcgte \u00d6ffnungsstruktur und flache Versandvorteile<\/strong><\/h2>\n<p>Das Produkt verwendet\u00a0<strong>Konstruktion mit doppelter Einschub\u00f6ffnung<\/strong>Der Deckel der Schachtel und der Schachtelk\u00f6rper sind durch pr\u00e4zise Schlitze miteinander verbunden, das \u00d6ffnen und Schlie\u00dfen erfolgt reibungslos und der Verschluss ist dicht, was die Seife vor Verschmutzung sch\u00fctzen kann und der Verpackung ein einzigartiges Gef\u00fchl von Ritual verleiht. Gleichzeitig kann die Verpackungsschachtel vollst\u00e4ndig in eine flache Form gebracht werden, wodurch der ben\u00f6tigte Lagerraum erheblich reduziert wird, und sie kann w\u00e4hrend des Transports gestapelt und verpackt werden, was die Logistikkosten um bis zu 30% reduziert.<\/p>\n<h2 id=\"-3-customized-service-flexible-adaptation-and-brand-display-\"><strong>3. Ma\u00dfgeschneiderter Service: flexible Anpassung und Markendarstellung<\/strong><\/h2>\n<p>Wir unterst\u00fctzen\u00a0<strong>Anpassung in voller Gr\u00f6\u00dfe<\/strong>Ob es sich um handgemachte Seife, Seife mit \u00e4therischen \u00d6len oder speziell geformte Seifenk\u00f6rper handelt, die Gr\u00f6\u00dfe des Innendurchmessers kann genau angepasst werden. Das Farbschema kann auf der Grundlage der Pantone-Farbkarte oder des vom Kunden angegebenen CMYK-Werts gedruckt werden, wobei Fenster\u00f6ffnungen, Hei\u00dfpr\u00e4gung, lokale UV-Folie und andere Verfahren die visuelle Attraktivit\u00e4t erh\u00f6hen. Die Oberfl\u00e4che des Kartons kann mit Markeninformationen, Inhaltsstoffbeschreibungen oder Logos f\u00fcr Umweltzertifikate bedruckt werden, damit die Produkte in den Einzelhandelsregalen besser zur Geltung kommen.<\/p>\n<h2 id=\"-4-professional-support-one-stop-service-from-the-source-factory-\"><strong>4. Professionelle Unterst\u00fctzung: One-Stop-Service von der Quelle Fabrik<\/strong><\/h2>\n<p>Als\u00a0<strong>16 Jahre alte Fabrik f\u00fcr Verpackungsmaterial in Guangdong<\/strong>Wir verf\u00fcgen \u00fcber die Produktionskapazit\u00e4ten der gesamten Industriekette (Design \u2192 Druck \u2192 Stanzen \u2192 Laminieren \u2192 Formen), k\u00f6nnen eine Mindestbestellmenge von 500 St\u00fcck \u00fcbernehmen und schnell in 7-15 Tagen liefern. Das Designteam bietet kostenlose Probedrucke und 3D-Rendering-Vorschauen an und empfiehlt auf der Grundlage von Markttrends L\u00f6sungen zur Optimierung von Schachtelarten (z. B. Schubladenboxen, B\u00fccherboxen usw.).<\/p>\n<h2 id=\"-5-application-scenarios-and-added-value-\"><strong>5. Anwendungsszenarien und zus\u00e4tzlicher Nutzen<\/strong><\/h2>\n<ul>\n<li><strong>Einzelhandelsszenarien<\/strong>: Das Fensterdesign kann die Textur des Seifenk\u00f6rpers direkt zeigen, und das Laser- oder Hei\u00dfpr\u00e4geverfahren kann die Wiedererkennung im Regal verbessern.<\/li>\n<li><strong>Geschenkemarkt<\/strong>: Unterst\u00fctzt kundenspezifische Geschenkboxen (einschlie\u00dflich Innenfutter, B\u00e4nder usw.), geeignet f\u00fcr Weihnachtsaktionen oder hochwertige Souvenirs.<\/li>\n<li><strong>Grenz\u00fcberschreitendes Angebot<\/strong>: FSC-Zertifizierung bestanden, erf\u00fcllt die Exportstandards von Plattformen wie Amazon und unabh\u00e4ngigen Sendern und unterst\u00fctzt DDP\/DDU-Logistikl\u00f6sungen.<\/li>\n<\/ul>\n<h2 id=\"-cooperation-process-\"><strong>Prozess der Zusammenarbeit<\/strong><\/h2>\n<ol>\n<li><strong>Kommunikation nachfragen<\/strong>: Bereitstellung von Produktgr\u00f6\u00dfe, Entwurf oder Muster, Bestimmung von Material und Verfahren;<\/li>\n<li><strong>Best\u00e4tigung der Korrekturen<\/strong>: Senden Sie die physische Probe-Box innerhalb von 3-5 Arbeitstagen;<\/li>\n<li><strong>Massenproduktion<\/strong>: Starten Sie die Produktion, nachdem Sie eine Anzahlung von 30% geleistet haben, und geben Sie eine visuelle R\u00fcckmeldung \u00fcber den Fortschritt des gesamten Prozesses;<\/li>\n<li><strong>Logistik Lieferung<\/strong>: Kostenloser Versand landesweit, Unterst\u00fctzung bei der Ausfuhrzollanmeldung und Standleitungstransport.<\/li>\n<\/ol>","protected":false},"excerpt":{"rendered":"<ol>\n<li>Technologie zur F\u00e4lschungssicherheit: Durch variable QR-Codes und digitale Codes wird eine genaue F\u00e4lschungssicherheit von \"einzigartig in jeder Box\" erreicht, um den Umlauf von echten Produkten zu gew\u00e4hrleisten<\/li>\n<li>\u00a0Umweltschutz und hohe Effizienz: Wiederverwertbare Materialien und automatisiertes Anpassungsdesign erf\u00fcllen die modernen Produktionsanforderungen<\/li>\n<li>Innovation f\u00fcr den Benutzer: Wie z.B. eine geneigte Entw\u00e4sserungsstruktur, leichtes Design usw., um den Komfort der Verbraucher zu verbessern<br \/>\nMehrwert f\u00fcr die Marke: St\u00e4rkung des High-End-Images von Produkten durch ein Design, das \u00c4sthetik und Funktionalit\u00e4t verbindet<\/li>\n<\/ol>","protected":false},"featured_media":9967,"template":"","meta":[],"product_brand":[],"product_cat":[30,390,430,31],"product_tag":[1311,1312,1310,1313],"class_list":{"0":"post-9962","1":"product","2":"type-product","3":"status-publish","4":"has-post-thumbnail","6":"product_cat-by-industry","7":"product_cat-custom-cosmetics-boxes","8":"product_cat-folding-cartons","9":"product_cat-paper-box-style","10":"product_tag-custom-printed-soap-boxes","11":"product_tag-custom-soap-boxes-wholesale","12":"product_tag-soap-boxes","13":"product_tag-soap-boxes-for-homemade-soap","15":"first","16":"instock","17":"shipping-taxable","18":"product-type-grouped"},"_links":{"self":[{"href":"https:\/\/zojopackaging.com\/de\/wp-json\/wp\/v2\/product\/9962","targetHints":{"allow":["GET"]}}],"collection":[{"href":"https:\/\/zojopackaging.com\/de\/wp-json\/wp\/v2\/product"}],"about":[{"href":"https:\/\/zojopackaging.com\/de\/wp-json\/wp\/v2\/types\/product"}],"version-history":[{"count":1,"href":"https:\/\/zojopackaging.com\/de\/wp-json\/wp\/v2\/product\/9962\/revisions"}],"predecessor-version":[{"id":9969,"href":"https:\/\/zojopackaging.com\/de\/wp-json\/wp\/v2\/product\/9962\/revisions\/9969"}],"wp:featuredmedia":[{"embeddable":true,"href":"https:\/\/zojopackaging.com\/de\/wp-json\/wp\/v2\/media\/9967"}],"wp:attachment":[{"href":"https:\/\/zojopackaging.com\/de\/wp-json\/wp\/v2\/media?parent=9962"}],"wp:term":[{"taxonomy":"product_brand","embeddable":true,"href":"https:\/\/zojopackaging.com\/de\/wp-json\/wp\/v2\/product_brand?post=9962"},{"taxonomy":"product_cat","embeddable":true,"href":"https:\/\/zojopackaging.com\/de\/wp-json\/wp\/v2\/product_cat?post=9962"},{"taxonomy":"product_tag","embeddable":true,"href":"https:\/\/zojopackaging.com\/de\/wp-json\/wp\/v2\/product_tag?post=9962"}],"curies":[{"name":"wp","href":"https:\/\/api.w.org\/{rel}","templated":true}]}}