{"id":9970,"date":"2025-04-04T14:01:08","date_gmt":"2025-04-04T06:01:08","guid":{"rendered":"https:\/\/zojopackaging.com\/?post_type=product&#038;p=9970"},"modified":"2025-04-04T14:14:18","modified_gmt":"2025-04-04T06:14:18","slug":"high-quality-custom-printed-handmade-soap-boxes-wholesale","status":"publish","type":"product","link":"https:\/\/zojopackaging.com\/de\/product\/high-quality-custom-printed-handmade-soap-boxes-wholesale\/","title":{"rendered":"Hochwertige, individuell bedruckte, handgefertigte Seifenschachteln f\u00fcr den Gro\u00dfhandel"},"content":{"rendered":"<h2 id=\"-high-quality-custom-printed-handmade-soap-box-wholesale-\">Hochwertige, individuell bedruckte, handgefertigte Seifenschachteln f\u00fcr den Gro\u00dfhandel<\/h2>\n<h2 id=\"-1-flexible-customization-upgraded-touch-\"><strong>1. Flexible Anpassung, aktualisierter Touch<\/strong><\/h2>\n<p>Unterst\u00fctzt die individuelle Gr\u00f6\u00dfenanpassung, eignet sich f\u00fcr handgefertigte Seifen mit unterschiedlichen Spezifikationen (z. B. rund, quadratisch, speziell geformt) und bietet eine Vielzahl von Kartonmaterialoptionen (z. B. matt, perlmuttartig, Kunstdruckpapier). Die Oberfl\u00e4che der Schachtel wird mit umweltfreundlicher Laminierungstechnologie hergestellt, mit optionalen Hochglanz-\/Matteffekten, die der Verpackung einen zarten Touch und eine hochwertige Textur verleihen.<\/p>\n<h2 id=\"-2-brand-vision-simple-focus-\"><strong>2. Markenvision, einfacher Fokus<\/strong><\/h2>\n<p>Mit minimalistischem Designkonzept als Kern, ein- oder zweifarbigem Druckschema wird das Logo des Kunden im visuellen Zentrum der Boxoberfl\u00e4che platziert, mit einem leeren Hintergrund, um die Markenerkennung zu verbessern. Unterst\u00fctzt Siebdruck, Hei\u00dfpr\u00e4gung\/Silbertechnologie, um sicherzustellen, dass das Logo klar und auff\u00e4llig ist und ein professionelles Image vermittelt.<\/p>\n<h2 id=\"-3-fast-packaging-saving-time-and-effort-\"><strong>3. Schnelle Verpackung, spart Zeit und M\u00fche<\/strong><\/h2>\n<p>Das Innendesign der Kartonschachtel ist an die Gr\u00f6\u00dfe der handgemachten Seife angepasst. Es sind nur zwei Schritte erforderlich - Seifenk\u00f6rper einlegen, falten und befestigen - und schon ist die Verpackung fertig. Es dauert weniger als 1 Minute f\u00fcr ein einziges St\u00fcck, was die Effizienz der Montagelinie erheblich verbessert.<\/p>\n<h2 id=\"-4-diverse-processes-quality-assurance-\"><strong>4. Vielf\u00e4ltige Prozesse, Qualit\u00e4tssicherung<\/strong><\/h2>\n<p>Bieten Sie mehr als 10 Prozessoptionen mit Mehrwert an:<\/p>\n<ul>\n<li><strong>Teilweise UV<\/strong>: heben den dreidimensionalen Glanz des Logos oder Musters hervor;<\/li>\n<li><strong>Gepr\u00e4gt\/gepresst<\/strong>: sorgen f\u00fcr einen Relief-Touch und verbessern das Verpackungsniveau;<\/li>\n<li><strong>Soft-Touch-Folie<\/strong>: simuliert die zarte Haptik von Leder und eignet sich f\u00fcr Produkte der gehobenen Klasse;<\/li>\n<li><strong>Folien-Hei\u00dfpr\u00e4gung<\/strong>: Verst\u00e4rkung der metallischen Textur, geeignet f\u00fcr limitierte Urlaubsauflagen;<\/li>\n<li><strong>Stanzen von Sonderformen<\/strong>: realisieren Sie kreative Strukturen wie hohle Fenster und gebogene Kanten.<\/li>\n<\/ul>\n<h2 id=\"-5-source-factory-full-chain-advantage-\"><strong>5. Quelle Fabrik, full-chain Vorteil<\/strong><\/h2>\n<p>Wir sind seit 16 Jahren in der Verpackungsindustrie t\u00e4tig und haben ein integriertes Lieferkettensystem aufgebaut, das von der Rohstoffbeschaffung bis zur Produktion, Qualit\u00e4tskontrolle und Logistik reicht. Reduzieren Sie die Kosten der Pappe durch gro\u00df angelegte Beschaffung und kombinieren Sie sie mit automatisierten Produktionslinien, um sicherzustellen, dass der Dickenfehler jeder Charge von Produkten \u22640,1 mm ist, der Druck Farbunterschied \u0394E\u22641,5, und die Qualit\u00e4t entspricht Exportstandards.<\/p>\n<h2 id=\"-cooperation-process-\"><strong>Prozess der Zusammenarbeit<\/strong><\/h2>\n<ol>\n<li><strong>Kommunikation der Anforderungen<\/strong>: Legen Sie einen Entwurf f\u00fcr Gr\u00f6\u00dfe\/Verfahren\/Design vor, oder unser Designer macht Ihnen einen kostenlosen Vorschlag;<\/li>\n<li><strong>Best\u00e4tigung der Korrekturen<\/strong>: Die Musterbox wird innerhalb von 3 Arbeitstagen versandt;<\/li>\n<li><strong>Massenproduktion<\/strong>: Die Produktion beginnt, sobald die Anzahlung geleistet wurde, und der Fortschritt wird w\u00e4hrend des gesamten Prozesses visuell verfolgt;<\/li>\n<li><strong>Garantie nach dem Verkauf<\/strong>: Unterst\u00fctzung bei der Wiederbeschaffung besch\u00e4digter Waren und Bereitstellung von Langzeitlagerungsdiensten.<\/li>\n<\/ol>\n<h2 id=\"-technical-parameters-\"><strong>Technische Parameter<\/strong><\/h2>\n<table>\n<thead>\n<tr>\n<th>Projekt<\/th>\n<th>Spezifikation<\/th>\n<\/tr>\n<\/thead>\n<tbody>\n<tr>\n<td>Dicke des Materials<\/td>\n<td>350g Karton (\u00b15g)<\/td>\n<\/tr>\n<tr>\n<td>Mindestbestellmenge<\/td>\n<td>500 St\u00fcck<\/td>\n<\/tr>\n<tr>\n<td>Lieferzyklus<\/td>\n<td>7-14 Tage<\/td>\n<\/tr>\n<tr>\n<td>Standard der Qualit\u00e4tskontrolle<\/td>\n<td>GB\/T 6544-2008<\/td>\n<\/tr>\n<\/tbody>\n<\/table>\n<h2 id=\"use-scenario-\">Szenario verwenden<\/h2>\n<ul>\n<li>Handgemachte Seife der Marke regular\/holiday gift box<\/li>\n<li>Individuelles Pflegeset f\u00fcr Hotels<\/li>\n<li>Souvenirs f\u00fcr Hochzeiten\/Firmenveranstaltungen<\/li>\n<\/ul>","protected":false},"excerpt":{"rendered":"<p>1. Diese Seifenkartonschachtel verwendet einen einfachen Druckstil, der sich auf das Logo des Kunden in einer prominenten zentralen Position konzentriert, so dass das gesamte Schachteldesign das Markenimage des Kunden widerspiegeln kann.<br \/>\n2. Die Box besteht aus 350g wei\u00dfem Kartonmaterial, das die gesamte Box sehr haltbar macht und die Eigenschaften eines flachen Versandes hat, so dass sie gut transportiert werden kann.<br \/>\n3. 16 Jahre Praxis in der chinesischen Ausgangsfabrik haben uns die Bedeutung der Lieferkette bewusst gemacht. Daher haben wir ein komplettes Lieferkettensystem aufgebaut, um Preisvorteile zu gew\u00e4hrleisten und gleichzeitig die Produktqualit\u00e4t zu garantieren.<\/p>","protected":false},"featured_media":9973,"template":"","meta":[],"product_brand":[],"product_cat":[30,390,430,31],"product_tag":[1311,1312,1310,1313],"class_list":{"0":"post-9970","1":"product","2":"type-product","3":"status-publish","4":"has-post-thumbnail","6":"product_cat-by-industry","7":"product_cat-custom-cosmetics-boxes","8":"product_cat-folding-cartons","9":"product_cat-paper-box-style","10":"product_tag-custom-printed-soap-boxes","11":"product_tag-custom-soap-boxes-wholesale","12":"product_tag-soap-boxes","13":"product_tag-soap-boxes-for-homemade-soap","15":"first","16":"instock","17":"shipping-taxable","18":"product-type-grouped"},"_links":{"self":[{"href":"https:\/\/zojopackaging.com\/de\/wp-json\/wp\/v2\/product\/9970","targetHints":{"allow":["GET"]}}],"collection":[{"href":"https:\/\/zojopackaging.com\/de\/wp-json\/wp\/v2\/product"}],"about":[{"href":"https:\/\/zojopackaging.com\/de\/wp-json\/wp\/v2\/types\/product"}],"version-history":[{"count":1,"href":"https:\/\/zojopackaging.com\/de\/wp-json\/wp\/v2\/product\/9970\/revisions"}],"predecessor-version":[{"id":9977,"href":"https:\/\/zojopackaging.com\/de\/wp-json\/wp\/v2\/product\/9970\/revisions\/9977"}],"wp:featuredmedia":[{"embeddable":true,"href":"https:\/\/zojopackaging.com\/de\/wp-json\/wp\/v2\/media\/9973"}],"wp:attachment":[{"href":"https:\/\/zojopackaging.com\/de\/wp-json\/wp\/v2\/media?parent=9970"}],"wp:term":[{"taxonomy":"product_brand","embeddable":true,"href":"https:\/\/zojopackaging.com\/de\/wp-json\/wp\/v2\/product_brand?post=9970"},{"taxonomy":"product_cat","embeddable":true,"href":"https:\/\/zojopackaging.com\/de\/wp-json\/wp\/v2\/product_cat?post=9970"},{"taxonomy":"product_tag","embeddable":true,"href":"https:\/\/zojopackaging.com\/de\/wp-json\/wp\/v2\/product_tag?post=9970"}],"curies":[{"name":"wp","href":"https:\/\/api.w.org\/{rel}","templated":true}]}}