{"id":9978,"date":"2025-04-04T14:14:41","date_gmt":"2025-04-04T06:14:41","guid":{"rendered":"https:\/\/zojopackaging.com\/?post_type=product&#038;p=9978"},"modified":"2025-04-04T14:30:06","modified_gmt":"2025-04-04T06:30:06","slug":"facial-personal-care-beauty-tool-packaging-box-wholesale","status":"publish","type":"product","link":"https:\/\/zojopackaging.com\/de\/product\/facial-personal-care-beauty-tool-packaging-box-wholesale\/","title":{"rendered":"Facial Personal Care Beauty Tool Verpackung Box Gro\u00dfhandel"},"content":{"rendered":"<h2 id=\"-high-end-customized-facial-massage-tool-environmentally-friendly-packaging-box-solution-\"><strong>Hochwertiges, individuelles Gesichtsmassageger\u00e4t mit umweltfreundlicher Verpackungsl\u00f6sung<\/strong><\/h2>\n<h2 id=\"-i-core-material-environmentally-friendly-cardboard-and-high-end-textured-paper-\"><strong>1. Kernmaterial: umweltfreundlicher Karton und hochwertiges strukturiertes Papier<\/strong><\/h2>\n<p>Wir bieten zwei Materialoptionen an, um unterschiedliche Anforderungen an die Positionierung zu erf\u00fcllen:<\/p>\n<ol>\n<li><strong>Umweltfreundlicher Karton<\/strong>: Es wird FSC-zertifizierter, umweltfreundlicher Karton mit einer St\u00e4rke von 200-400 g\/m\u00b2 ausgew\u00e4hlt, der sich durch eine hervorragende Recyclingf\u00e4higkeit und Abbaubarkeit auszeichnet. Durch die Optimierung des Papierfaseranteils betr\u00e4gt die Druckfestigkeit \u226550N, um die Transportsicherheit zu gew\u00e4hrleisten.<\/li>\n<li><strong>Hochwertiges strukturiertes Papier<\/strong>: F\u00fcr Luxusprodukte wird importierter Perlglanzkarton, taktiles Kunstpapier (z. B. mit Stoffstruktur, feinem Karomuster) oder Spezialpapier mit Metallic-Struktur empfohlen.<\/li>\n<\/ol>\n<h2 id=\"-ii-brand-visual-presentation-combination-of-printing-and-surface-technology-\"><strong>2. Visuelle Pr\u00e4sentation der Marke: Kombination von Druck- und Oberfl\u00e4chentechnik<\/strong><\/h2>\n<ol>\n<li><strong>Vier-Farben-Druckverfahren<\/strong>: Mit der CMYK-Vierfarben-\u00dcberdrucktechnologie erreicht die Aufl\u00f6sung 300dpi, stellt das Markenlogo und die Musterdetails genau wieder her, und die Farbdifferenzkontrolle \u0394E\u22641,5.<\/li>\n<li><strong>Optionen f\u00fcr wertsch\u00f6pfende Prozesse<\/strong>:<\/li>\n<li><strong>Hei\u00dfpr\u00e4gung\/Hei\u00dfsilber<\/strong>: Verwenden Sie deutsche Kurz elektrochemische Aluminiumfolie, mit einer Kratzfestigkeit von 3H H\u00e4rte und Unterst\u00fctzung f\u00fcr dreidimensionale gepr\u00e4gte Hei\u00dfpr\u00e4gung Wirkung;<\/li>\n<li><strong>Lokale UV<\/strong>: Durch das umgekehrte UV-Verfahren wird der Kontrast zwischen mattierten und verspiegelten Oberfl\u00e4chen erreicht und die lokale Helligkeit um 70% erh\u00f6ht;<\/li>\n<li><strong>Holografischer Laser<\/strong>: Optionales dynamisches Lichtwechselmuster zur Verbesserung des F\u00e4lschungsschutzes und der optischen Wirkung.<\/li>\n<\/ol>\n<h2 id=\"-three-full-process-design-service-from-logo-to-finished-product-delivery-\"><strong>3. Full-Process-Design-Service: vom LOGO bis zur Lieferung des fertigen Produkts<\/strong><\/h2>\n<ol>\n<li><strong>Modus f\u00fcr die Zusammenarbeit<\/strong>: Die Kunden m\u00fcssen nur LOGO-Vektordateien (AI\/EPS-Format) zur Verf\u00fcgung stellen, und unser Design-Team wird sie vervollst\u00e4ndigen:<\/li>\n<li>Rendering von 3D-Modellen (mit PDF\/JPG-Vorschau);<\/li>\n<li>Konstruktionszeichnungen (einschlie\u00dflich Formlinien und Tragf\u00e4higkeitsparameter);<\/li>\n<li>Plan zur Abstimmung des Materialprozesses.<\/li>\n<li><strong>Ma\u00dfgeschneiderter Innenschalen-Service<\/strong>:<\/li>\n<li>Entwerfen Sie EVA-Schaumstoff-\/Blister-Innenschalen entsprechend der Produktgr\u00f6\u00dfe (z. B. Gesichtsroller, Schabbretter und andere speziell geformte Werkzeuge), mit einer Toleranz von \u00b10,5 mm und einer Schlitzgenauigkeit von \u00b10,2 mm;<\/li>\n<li>Legen Sie einen seismischen Testbericht vor (simulierte Transportvibrationen mit einer Frequenz von 5-200 Hz und einer Amplitude von \u00b13 mm), um sicherzustellen, dass das Produkt nicht besch\u00e4digt wird.<\/li>\n<\/ol>\n<h2 id=\"-fourth-supply-chain-and-production-guarantee-\"><strong>4. Lieferkette und Produktionsgarantie<\/strong><\/h2>\n<ol>\n<li><strong>R\u00fcckverfolgbarkeit von Rohstoffen<\/strong>:<\/li>\n<li>Papier: Zusammenarbeit mit Lieferanten wie Stora Enso aus Finnland und Prince Paper aus Japan, mit einem Wei\u00dfgrad \u226592% und einer Gl\u00e4tte \u226550s;<\/li>\n<li>Klebstoff: Verwenden Sie deutschen Henkel-Klebstoff auf Wasserbasis, VOC-Emission &lt;0,1mg\/m\u00b3;<\/li>\n<li>Zubeh\u00f6r: Metallverschl\u00fcsse bestehen den 48-Stunden-Salzspr\u00fchtest (ASTM B117-Norm).<\/li>\n<li><strong>Produktionskapazit\u00e4t<\/strong>:<\/li>\n<li>5320\u33a1 vollautomatische Werkstatt: ausgestattet mit Heidelberg Speedmaster CD102 Sechsfarbendruckmaschine, vollautomatische Stanzmaschine (Genauigkeit \u00b10,1mm);<\/li>\n<li>Halbautomatische Werkstatt: unterst\u00fctzt die flexible Produktion von Kleinserien (MOQ 500 St\u00fcck), geeignet f\u00fcr kundenspezifische Verpackungen in limitierter Auflage\/Festivals.<\/li>\n<\/ol>\n<h2 id=\"-v-environmental-certification-and-delivery-standards-\"><strong>5. Umweltzertifizierung und Lieferstandards<\/strong><\/h2>\n<ol>\n<li>Das Umweltmanagementsystem wurde nach ISO 14001 zertifiziert, und der Bericht \u00fcber den CO2-Fu\u00dfabdruck kann bis zu jeder Rohstoffcharge zur\u00fcckverfolgt werden;<\/li>\n<li>Lieferfrist: 7-10 Tage f\u00fcr regul\u00e4re Auftr\u00e4ge (einschlie\u00dflich Korrekturbest\u00e4tigung), bei Eilauftr\u00e4gen kann die Frist auf 5 Tage verk\u00fcrzt werden;<\/li>\n<li>Verpackungsstandard: Verwendung von recycelbarer PP-Folie + Wellpappkarton, Bruchrate &lt;0,3%.<\/li>\n<\/ol>","protected":false},"excerpt":{"rendered":"<p>1. Wir k\u00f6nnen die Verpackungsgeschenkbox f\u00fcr Kunden w\u00e4hrend des gesamten Prozesses entwerfen. Kunden m\u00fcssen nur den Logoinhalt zur Verf\u00fcgung stellen, und wir entwerfen den Rest des Papiermaterials, Gr\u00f6\u00dfe und Stil entsprechend Ihren Anforderungen.<br \/>\n2. Nach den Produkten, die Sie zur Verf\u00fcgung stellen, entwerfen wir die innere Schale des Geschenkkartons nach den Produkten, die Sie zur Verf\u00fcgung stellen, und berechnen die erforderliche Gr\u00f6\u00dfe Ihres Geschenkkartons Futter, um die Anforderungen des Produkts zu erf\u00fcllen.<br \/>\n3. Wir haben eine 5320 Quadratmeter gro\u00dfe Produktionshalle mit voll mechanisierter Ausr\u00fcstung. Zur gleichen Zeit haben wir auch eine halbautomatische Produktion Werkstatt Struktur, die durch manuelle und mechanisierte Ausr\u00fcstung zur gleichen Zeit koordiniert wird.<\/p>","protected":false},"featured_media":9980,"template":"","meta":[],"product_brand":[],"product_cat":[30,390,430,31],"product_tag":[1316,1314,1315],"class_list":{"0":"post-9978","1":"product","2":"type-product","3":"status-publish","4":"has-post-thumbnail","6":"product_cat-by-industry","7":"product_cat-custom-cosmetics-boxes","8":"product_cat-folding-cartons","9":"product_cat-paper-box-style","10":"product_tag-beauty-tool-packaging-box-wholesale","11":"product_tag-care-beauty-tool-packaging","12":"product_tag-facial-personal-care-packaging","14":"first","15":"instock","16":"shipping-taxable","17":"product-type-grouped"},"_links":{"self":[{"href":"https:\/\/zojopackaging.com\/de\/wp-json\/wp\/v2\/product\/9978","targetHints":{"allow":["GET"]}}],"collection":[{"href":"https:\/\/zojopackaging.com\/de\/wp-json\/wp\/v2\/product"}],"about":[{"href":"https:\/\/zojopackaging.com\/de\/wp-json\/wp\/v2\/types\/product"}],"version-history":[{"count":1,"href":"https:\/\/zojopackaging.com\/de\/wp-json\/wp\/v2\/product\/9978\/revisions"}],"predecessor-version":[{"id":9986,"href":"https:\/\/zojopackaging.com\/de\/wp-json\/wp\/v2\/product\/9978\/revisions\/9986"}],"wp:featuredmedia":[{"embeddable":true,"href":"https:\/\/zojopackaging.com\/de\/wp-json\/wp\/v2\/media\/9980"}],"wp:attachment":[{"href":"https:\/\/zojopackaging.com\/de\/wp-json\/wp\/v2\/media?parent=9978"}],"wp:term":[{"taxonomy":"product_brand","embeddable":true,"href":"https:\/\/zojopackaging.com\/de\/wp-json\/wp\/v2\/product_brand?post=9978"},{"taxonomy":"product_cat","embeddable":true,"href":"https:\/\/zojopackaging.com\/de\/wp-json\/wp\/v2\/product_cat?post=9978"},{"taxonomy":"product_tag","embeddable":true,"href":"https:\/\/zojopackaging.com\/de\/wp-json\/wp\/v2\/product_tag?post=9978"}],"curies":[{"name":"wp","href":"https:\/\/api.w.org\/{rel}","templated":true}]}}