{"id":9985,"date":"2025-04-04T14:28:29","date_gmt":"2025-04-04T06:28:29","guid":{"rendered":"https:\/\/zojopackaging.com\/?post_type=product&#038;p=9985"},"modified":"2025-04-04T14:37:51","modified_gmt":"2025-04-04T06:37:51","slug":"custom-foldable-slide-box-cosmetic-skincare-packaging-drawer-boxes","status":"publish","type":"product","link":"https:\/\/zojopackaging.com\/de\/product\/custom-foldable-slide-box-cosmetic-skincare-packaging-drawer-boxes\/","title":{"rendered":"Benutzerdefinierte faltbare Slide Box Kosmetik Hautpflege Verpackung Schublade Boxen"},"content":{"rendered":"<h3 id=\"-1-structural-innovation-the-balance-of-folding-drawer-card-boxes-\"><strong>1. Strukturelle Innovation: Das Gleichgewicht der Faltschachtelkartenboxen<\/strong><\/h3>\n<p>\u00dcbernahme von\u00a0<strong>Dreifach-Gest\u00e4nge-Falttechnik<\/strong>Durch die genaue Berechnung der Faltwinkel und der tragenden Strukturen betr\u00e4gt die Dicke des Kofferk\u00f6rpers nach dem Entfalten nur 1\/3 des ungefalteten Zustands, und die Auslastung des Transportraums wird um 70% erh\u00f6ht.<\/p>\n<h3 id=\"-2-material-aesthetics-a-visual-revolution-of-350g-single-powder-card-\"><strong>2. Material\u00e4sthetik: eine visuelle Revolution der 350g-Einzelpulverkarte<\/strong><\/h3>\n<p>-\u00a0<strong>Auswahl des Grundmaterials<\/strong>: Ausgew\u00e4hlte 350g schwere Einzelpulverkarte, Oberfl\u00e4chenrauhigkeit Ra\u22641,2\u03bcm, mit\u00a0<strong>doppelseitige matte Laminierung<\/strong>\u00a0Verfahren, um eine Druckgenauigkeit von 0,1 mm zu erreichen;<\/p>\n<p>-\u00a0<strong>Farbe Leistung<\/strong>: Durch den \u00dcberdruck von Pantone 15-1247 TCX (Champagnergold) und 18-1755 TCX (Perlwei\u00df) mit Farbverl\u00e4ufen wird eine visuelle Hierarchie der Luxusklasse geschaffen;<\/p>\n<p>-\u00a0<strong>Taktile Erfahrung<\/strong>: Lokales\u00a0<strong>UV-Pr\u00e4gung + Lasergravur<\/strong>\u00a0Prozess wird die Klarheit des LOGO um 40% erh\u00f6ht, und die F\u00e4lschungssicherheit erreicht internationale Zertifizierungsstandards.<\/p>\n<h3 id=\"-3-environmental-commitment-fsc-certified-full-link-sustainability-\"><strong>3. Engagement f\u00fcr die Umwelt: FSC-zertifizierte Voll-Link-Nachhaltigkeit<\/strong><\/h3>\n<p>-\u00a0<strong>R\u00fcckverfolgbarkeit von Materialien<\/strong>: Es wird FSC-zertifiziertes Papier aus 100% Zellstoff verwendet, und jede Charge kann auf nachhaltig bewirtschaftete W\u00e4lder zur\u00fcckgef\u00fchrt werden;<\/p>\n<p>-\u00a0<strong>Produktionsprozess<\/strong>: Druck mit Tinte auf Wasserbasis (VOC-Emissionen \u226450g\/L), in \u00dcbereinstimmung mit den REACH-Vorschriften der EU;<\/p>\n<p>-\u00a0<strong>Kreisf\u00f6rmiges Design<\/strong>: Der Kartonk\u00f6rper kann vollst\u00e4ndig recycelt werden, die Graukartonauskleidung unterst\u00fctzt die Wiederverwendung, und der Kohlenstoff-Fu\u00dfabdruck wird um 35% reduziert (siehe Bericht zur \u00d6kobilanz).<\/p>\n<h3 id=\"-4-process-matrix-multi-dimensional-expression-of-brand-personality-\"><strong>4. Prozess-Matrix: Mehrdimensionaler Ausdruck der Markenpers\u00f6nlichkeit<\/strong><\/h3>\n<p>-\u00a0<strong>Oberfl\u00e4chenbehandlung<\/strong>: -\u00a0<strong>Hei\u00dfpr\u00e4gen<\/strong>: Rose Gold\/Champagne Gold kundenspezifische Farbkarte, Farbunterschied \u0394E\u22640,8;<\/p>\n<p>-\u00a0<strong>Gepr\u00e4gt<\/strong>: 0,3 mm dreidimensionales Relief, f\u00fchlt sich an wie Seide; -\u00a0<strong>UV-Pr\u00e4gung<\/strong>: Lokale Highlight-Behandlung, erh\u00f6hte Verschlei\u00dffestigkeit durch 50%;<\/p>\n<p>-\u00a0<strong>Digitaler Druck<\/strong>: Unterst\u00fctzung von Kleinserienanfertigungen (Mindestbestellmenge 500 St\u00fcck) und vollst\u00e4ndige 3D-Modellierung innerhalb von 8 Stunden.<\/p>\n<h3 id=\"-5-smart-manufacturing-foundation-16-years-of-industry-experience-\"><strong>5. Intelligente Produktionsgrundlage: 16 Jahre Erfahrung in der Industrie<\/strong><\/h3>\n<p>-\u00a0<strong>Ausstattungsmatrix<\/strong>: Ausgestattet mit 18 internationalen Maschinen wie der Manroland R700 F\u00fcnffarben-Druckmaschine, der Heidelberg 7-Farben-UV-Offsetdruckmaschine, usw., mit einer Druckgeschwindigkeit von 15.000 B\u00f6gen\/Stunde;<\/p>\n<p>-\u00a0<strong>System der Qualit\u00e4tskontrolle<\/strong>: Zertifizierung nach ISO 9001\/BRCGS, jede Produktcharge wird 12 Qualit\u00e4tskontrollen unterzogen (Farbunterschied\/Kompression\/Tropftest);<\/p>\n<p>-\u00a0<strong>Produktionskapazit\u00e4t<\/strong>: T\u00e4gliche Produktionskapazit\u00e4t von 200.000 St\u00fcck, Unterst\u00fctzung von Auftr\u00e4gen von 500 St\u00fcck bis zur Millionenproduktion, und dringende Auftr\u00e4ge werden innerhalb von 24 Stunden geliefert.<\/p>\n<h3 id=\"-6-design-empowerment-precise-implementation-from-concept-to-mass-production-\"><strong>6. Design Empowerment: pr\u00e4zise Umsetzung vom Konzept bis zur Massenproduktion<\/strong><\/h3>\n<p>Ein spezielles Team von 5 Verpackungsdesignern mit mehr als 10 Jahren Erfahrung bietet drei ma\u00dfgeschneiderte Dienstleistungen an:<\/p>\n<p>-\u00a0<strong>Strukturelle Innovation<\/strong>: Entwicklung von 12 patentierten Schachteltypen (wie z. B. drehbare Schichten, magnetische Passwortschl\u00f6sser), die mit der Platzierung von Kosmetika in Sonderformen kompatibel sind;<\/p>\n<p>-\u00a0<strong>Interaktive Optimierung<\/strong>: Integrieren Sie einen NFC-Chip (optional) und scannen Sie den Code, um Informationen zur R\u00fcckverfolgbarkeit des Produkts und zur Marke zu erhalten;<\/p>\n<p>-\u00a0<strong>Schnelle Iteration<\/strong>: Unterst\u00fctzung einer Echtzeit-Vorschau der 3D-Modellierung und Best\u00e4tigung des kompletten Entwurfsplans innerhalb von 8 Stunden.<\/p>\n<h3 id=\"-7-value-commitment-triple-balance-of-quality-efficiency-and-cost-\"><strong>7. Wertverpflichtung: Dreifaches Gleichgewicht von Qualit\u00e4t, Effizienz und Kosten<\/strong><\/h3>\n<p>-\u00a0<strong>Kostenoptimierung<\/strong>: Durch den Einsatz des digitalen Schriftsatzsystems wird der Materialverlust auf weniger als 3% reduziert, was im Vergleich zum herk\u00f6mmlichen Verfahren eine Kostenersparnis von 18% bedeutet;<\/p>\n<p>-\u00a0<strong>Agile Reaktion<\/strong>: Aufbau eines dualen Lagerlogistiksystems in Ostchina und S\u00fcdchina mit direktem Zugang innerhalb von 48 Stunden im ganzen Land;<\/p>\n<p>-\u00a0<strong>Langfristiger Dienst<\/strong>: Verwaltung des Lebenszyklus von Verpackungen, einschlie\u00dflich Bestandswarnungen, Nachschubplan und Plan f\u00fcr das Recycling alter Verpackungen.<\/p>","protected":false},"excerpt":{"rendered":"<p><strong>ZOJO Print | Customized Folding Sliding Box Cosmetics Skincare Packaging Drawer Box Expert - Innovatives Design, interpretiert neue H\u00f6hen der Sch\u00f6nheit<\/strong><\/p>\n<p>Im Bereich der Kosmetik- und Hautpflegeverpackungen muss das Design nicht nur einen \u00e4sthetischen Wert haben, sondern auch die Funktionalit\u00e4t, den Umweltschutz und die Kosteneffizienz mit einbeziehen. ZOJO Print ist seit 16 Jahren in der Branche t\u00e4tig und konzentriert sich darauf, hochwertige Kosmetikmarken mit innovativen und kommerziell wettbewerbsf\u00e4higen Faltschachtell\u00f6sungen zu versorgen.<\/p>","protected":false},"featured_media":9999,"template":"","meta":[],"product_brand":[],"product_cat":[30,390,31,426],"product_tag":[1319,1317,1318],"class_list":{"0":"post-9985","1":"product","2":"type-product","3":"status-publish","4":"has-post-thumbnail","6":"product_cat-by-industry","7":"product_cat-custom-cosmetics-boxes","8":"product_cat-paper-box-style","9":"product_cat-paper-drawer-boxes","10":"product_tag-cosmetic-skincare-packaging","11":"product_tag-custom-foldable-slide-box","12":"product_tag-skincare-packaging-drawer-boxes","14":"first","15":"instock","16":"shipping-taxable","17":"product-type-grouped"},"_links":{"self":[{"href":"https:\/\/zojopackaging.com\/de\/wp-json\/wp\/v2\/product\/9985","targetHints":{"allow":["GET"]}}],"collection":[{"href":"https:\/\/zojopackaging.com\/de\/wp-json\/wp\/v2\/product"}],"about":[{"href":"https:\/\/zojopackaging.com\/de\/wp-json\/wp\/v2\/types\/product"}],"version-history":[{"count":1,"href":"https:\/\/zojopackaging.com\/de\/wp-json\/wp\/v2\/product\/9985\/revisions"}],"predecessor-version":[{"id":10000,"href":"https:\/\/zojopackaging.com\/de\/wp-json\/wp\/v2\/product\/9985\/revisions\/10000"}],"wp:featuredmedia":[{"embeddable":true,"href":"https:\/\/zojopackaging.com\/de\/wp-json\/wp\/v2\/media\/9999"}],"wp:attachment":[{"href":"https:\/\/zojopackaging.com\/de\/wp-json\/wp\/v2\/media?parent=9985"}],"wp:term":[{"taxonomy":"product_brand","embeddable":true,"href":"https:\/\/zojopackaging.com\/de\/wp-json\/wp\/v2\/product_brand?post=9985"},{"taxonomy":"product_cat","embeddable":true,"href":"https:\/\/zojopackaging.com\/de\/wp-json\/wp\/v2\/product_cat?post=9985"},{"taxonomy":"product_tag","embeddable":true,"href":"https:\/\/zojopackaging.com\/de\/wp-json\/wp\/v2\/product_tag?post=9985"}],"curies":[{"name":"wp","href":"https:\/\/api.w.org\/{rel}","templated":true}]}}