{"id":9987,"date":"2025-04-04T14:31:08","date_gmt":"2025-04-04T06:31:08","guid":{"rendered":"https:\/\/zojopackaging.com\/?post_type=product&#038;p=9987"},"modified":"2025-04-04T14:44:17","modified_gmt":"2025-04-04T06:44:17","slug":"custom-jewelry-slide-drawer-style-rigid-gift-box-with-ribbon","status":"publish","type":"product","link":"https:\/\/zojopackaging.com\/de\/product\/custom-jewelry-slide-drawer-style-rigid-gift-box-with-ribbon\/","title":{"rendered":"Benutzerdefinierte Schmuck Slide Schublade Stil starren Geschenk-Box mit Schleife"},"content":{"rendered":"<h2 id=\"-customized-jewelry-drawer-style-hard-gift-box-product-description-\"><strong>Individuell gestaltete Schmuck-Schublade-Stil harte Geschenk-Box Produkt-Beschreibung<\/strong><\/h2>\n<h2 id=\"-1-material-and-structural-design-\"><strong>1. Material und strukturelle Gestaltung<\/strong><\/h2>\n<p>Diese Schmuckschatulle ist hergestellt aus\u00a0<strong>gestrichenes Papier + Graukarton<\/strong>\u00a0Die \u00e4u\u00dfere Schicht ist mit 157 g\/m\u00b2 starkem, beschichtetem Papier \u00fcberzogen und die innere Schicht besteht aus einem 2 mm starken, hochfesten Graupapierkern, der nicht nur daf\u00fcr sorgt, dass der Boxenk\u00f6rper hart und druckfest ist, sondern auch die Gesamtstruktur durch den weichen Griff des beschichteten Papiers verbessert. Der Schubladenschieber ist genau berechnet, l\u00e4sst sich leicht herausziehen und fest verschlie\u00dfen, verhindert effektiv das Eindringen von Staub und bietet doppelten Schutz f\u00fcr Schmuck.<\/p>\n<h2 id=\"-2-appearance-design-and-craftsmanship-\"><strong>2. Erscheinungsbild, Design und Handwerkskunst<\/strong><\/h2>\n<ul>\n<li><strong>\u00c4sthetik der Dopamin-Farbabstimmung<\/strong>: Der Kofferaufbau basiert auf\u00a0<strong>knallgelb<\/strong>und verwendet die Technologie der matten Laminierung. Der weiche Glanz strahlt Vitalit\u00e4t aus, was dem aktuellen Trend zur Dopamin-\u00c4sthetik entspricht, hat eine starke visuelle Wirkung und hinterl\u00e4sst nicht leicht Fingerabdr\u00fccke.<\/li>\n<li><strong>Detailliertes handwerkliches Upgrade<\/strong>: Unterst\u00fctzung\u00a0<strong>Hei\u00dfpr\u00e4gung Logo, gepr\u00e4gte Textur, teilweise UV<\/strong>\u00a0und andere kundenspezifische Arbeiten, wie z. B. das Hei\u00dfpr\u00e4gen des Markenlogos oder eines Musters auf der Oberfl\u00e4che der Schachtel, mit dreidimensionalem Pr\u00e4geeffekt, der den hochwertigen Charakter der Marke unterstreicht.<\/li>\n<\/ul>\n<h2 id=\"-3-humanized-functional-design-\"><strong>3. Humanisiertes funktionales Design<\/strong><\/h2>\n<ul>\n<li><strong>Ausziehbares Band und Futter<\/strong>: Das vordere Ende des Schubkastens ist mit\u00a0<strong>Griff mit Satinb\u00e4ndern<\/strong>das leicht und arbeitssparend zu ziehen ist und sich zart anf\u00fchlt; das Futter ist aus\u00a0<strong>EVA-Beflockungsmaterial<\/strong>Die Oberfl\u00e4che ist mit kurzem Flanell \u00fcberzogen, das weich und kratzfest ist und die Position des Schmucks fixieren kann, um Sch\u00fcttelbesch\u00e4digungen beim Transport zu vermeiden.<\/li>\n<li><strong>Mehrschichtige Speicherstruktur<\/strong>: Anpassbare interne Kartenf\u00e4cher oder F\u00e4cher, geeignet f\u00fcr verschiedene Arten von Schmuck wie Halsketten, Ringe, Ohrringe, etc. und klassifiziert Lagerung ist mehr exquisit.<\/li>\n<\/ul>\n<h2 id=\"-4-customized-service-\"><strong>4. Ma\u00dfgeschneiderter Service<\/strong><\/h2>\n<ul>\n<li><strong>Flexible Gr\u00f6\u00dfenanpassung<\/strong>: Unterst\u00fctzung der Anpassung in voller Gr\u00f6\u00dfe von\u00a0<strong>63x65x40mm (Ringbox) bis 217x45x40mm (Armbandbox)<\/strong>und passt genau zu verschiedenen Schmuckgr\u00f6\u00dfen.<\/li>\n<li><strong>Personalisierte Kombination von Handwerken<\/strong>: Zus\u00e4tzlich zu den Grundfertigkeiten,\u00a0<strong>Pr\u00e4gung, Laser, Siebdruckmuster<\/strong>usw. k\u00f6nnen \u00fcberlagert werden, um den Anforderungen der Markendifferenzierung gerecht zu werden.<\/li>\n<\/ul>\n<h2 id=\"-5-support-for-the-entire-design-and-production-process-\"><strong>5. Unterst\u00fctzung f\u00fcr den gesamten Design- und Produktionsprozess<\/strong><\/h2>\n<ul>\n<li><strong>3D-Modellierung und Proofing<\/strong>: Das professionelle Designteam bietet\u00a0<strong>Vorschaudienste f\u00fcr digitale 3D-Modelle<\/strong>die intuitiv die Auswirkungen von Hei\u00dfpr\u00e4gung, UV-Strahlung und anderen handwerklichen Verfahren darstellt und so eine fehlerfreie \u00dcbereinstimmung zwischen dem Entwurf und dem fertigen Produkt gew\u00e4hrleistet.<\/li>\n<li><strong>Produktionsgarantie aus einer Hand<\/strong>: Die Fabrik \u00fcbernimmt die\u00a0<strong>CNC-Stanzen, automatisches Einkleben<\/strong>\u00a0und andere Verfahren, kombiniert mit einem Qualit\u00e4tskontrollsystem, das auf eine \u00fcber 16-j\u00e4hrige Erfahrung zur\u00fcckblicken kann, und kontrolliert den gesamten Prozess von der Materialauswahl bis zum Versand, um sicherzustellen, dass jedes Glied den Umweltschutz- und Haltbarkeitsnormen entspricht.<\/li>\n<\/ul>\n<h2 id=\"-6-applicable-scenarios-and-style-adaptation-\"><strong>6. Anwendbare Szenarien und Stilanpassung<\/strong><\/h2>\n<ul>\n<li><strong>Stilvielfalt<\/strong>: Ob es sich um\u00a0<strong>einfach im Stil<\/strong>\u00a0oder\u00a0<strong>Luxus-Business-Stil<\/strong>Dies kann durch die Anpassung des Farbschemas (z. B. rosa, schwarz, metallische Farben) und der dekorativen Elemente (z. B. Schleifen, hohle Fenster) erreicht werden.<\/li>\n<li><strong>Vollst\u00e4ndige Abdeckung der Szenarien<\/strong>: Geeignet f\u00fcr den Schmuckeinzelhandel, Weihnachtsgeschenke, Ausstellungsdisplays und andere Szenarien, um das Markenimage zu verbessern und das Gef\u00fchl der Verbraucher beim \u00d6ffnen der Schachteln zu st\u00e4rken.<\/li>\n<\/ul>\n<h2 id=\"-advantages-of-cooperation-\"><strong>Vorteile der Zusammenarbeit<\/strong>:<\/h2>\n<ul>\n<li><strong>16 Jahre Branchenerfahrung<\/strong>: Die Fabrik setzt ihre Innovation fort, indem sie umweltfreundliche Materialien (wie z. B. abbaubare Graupappe) mit einer intelligenten Produktion kombiniert, die sowohl die Sch\u00f6nheit als auch die Zweckm\u00e4\u00dfigkeit ber\u00fccksichtigt.<\/li>\n<\/ul>\n<p>Wenn Sie mehr \u00fcber kundenspezifische L\u00f6sungen erfahren oder 3D-Designmuster erhalten m\u00f6chten, wenden Sie sich bitte an unser Designteam!<\/p>","protected":false},"excerpt":{"rendered":"<p>Unsere Schmuckverpackungsschachteln aus Papier sind so zart wie Seide und werden mit einer Goldpr\u00e4gung versehen, die eine luxuri\u00f6se Textur aufweist. Die Schachtel ist beflockt und hat eine individuelle Rillenstruktur, die sich perfekt an die Konturen des Schmucks anpasst. So ist die Sicherheit beim Transport gew\u00e4hrleistet, w\u00e4hrend das \u00d6ffnen der Schachtel ein Gef\u00fchl von Ritual vermittelt.<\/p>","protected":false},"featured_media":9989,"template":"","meta":[],"product_brand":[],"product_cat":[30,415,31,426],"product_tag":[1093,813,1320],"class_list":{"0":"post-9987","1":"product","2":"type-product","3":"status-publish","4":"has-post-thumbnail","6":"product_cat-by-industry","7":"product_cat-custom-jewelry-boxes-by-industry","8":"product_cat-paper-box-style","9":"product_cat-paper-drawer-boxes","10":"product_tag-custom-jewelry-gift-box","11":"product_tag-jewelry-drawer-box","12":"product_tag-jewelry-rigid-box-with-ribbon","14":"first","15":"instock","16":"shipping-taxable","17":"product-type-grouped"},"_links":{"self":[{"href":"https:\/\/zojopackaging.com\/de\/wp-json\/wp\/v2\/product\/9987","targetHints":{"allow":["GET"]}}],"collection":[{"href":"https:\/\/zojopackaging.com\/de\/wp-json\/wp\/v2\/product"}],"about":[{"href":"https:\/\/zojopackaging.com\/de\/wp-json\/wp\/v2\/types\/product"}],"version-history":[{"count":1,"href":"https:\/\/zojopackaging.com\/de\/wp-json\/wp\/v2\/product\/9987\/revisions"}],"predecessor-version":[{"id":10008,"href":"https:\/\/zojopackaging.com\/de\/wp-json\/wp\/v2\/product\/9987\/revisions\/10008"}],"wp:featuredmedia":[{"embeddable":true,"href":"https:\/\/zojopackaging.com\/de\/wp-json\/wp\/v2\/media\/9989"}],"wp:attachment":[{"href":"https:\/\/zojopackaging.com\/de\/wp-json\/wp\/v2\/media?parent=9987"}],"wp:term":[{"taxonomy":"product_brand","embeddable":true,"href":"https:\/\/zojopackaging.com\/de\/wp-json\/wp\/v2\/product_brand?post=9987"},{"taxonomy":"product_cat","embeddable":true,"href":"https:\/\/zojopackaging.com\/de\/wp-json\/wp\/v2\/product_cat?post=9987"},{"taxonomy":"product_tag","embeddable":true,"href":"https:\/\/zojopackaging.com\/de\/wp-json\/wp\/v2\/product_tag?post=9987"}],"curies":[{"name":"wp","href":"https:\/\/api.w.org\/{rel}","templated":true}]}}