{"id":6490,"date":"2024-07-04T13:49:51","date_gmt":"2024-07-04T05:49:51","guid":{"rendered":"https:\/\/zojopackaging.com\/?page_id=6490"},"modified":"2024-07-04T13:49:53","modified_gmt":"2024-07-04T05:49:53","slug":"terms-conditions","status":"publish","type":"page","link":"https:\/\/zojopackaging.com\/es\/terms-conditions\/","title":{"rendered":"Condiciones generales"},"content":{"rendered":"<p>\u00a1Bienvenido a Zojoprint!<\/p>\n\n\n\n<p>Estos t\u00e9rminos y condiciones describen las normas y reglamentos para el uso del sitio web de Zojoprint Print LLC, ubicado en <a href=\"https:\/\/zojopackaging.com\/es\/\">https:\/\/zojopackaging.com\/<\/a>.<\/p>\n\n\n\n<p>Al acceder a este sitio web, asumimos que acepta estos t\u00e9rminos y condiciones. No contin\u00fae utilizando Zojoprint si no est\u00e1 de acuerdo en aceptar todos los t\u00e9rminos y condiciones establecidos en esta p\u00e1gina.<\/p>\n\n\n\n<h4 class=\"wp-block-heading\">Galletas:<\/h4>\n\n\n\n<p>El sitio web utiliza cookies para ayudar a personalizar su experiencia en l\u00ednea. Al acceder a Zojoprint usted acepta el uso de las cookies necesarias.<\/p>\n\n\n\n<p>Una cookie es un archivo de texto que un servidor de p\u00e1ginas web coloca en su disco duro. Las cookies no pueden utilizarse para ejecutar programas o introducir virus en su ordenador. Las cookies se le asignan de forma exclusiva y s\u00f3lo pueden ser le\u00eddas por un servidor web en el dominio que emiti\u00f3 la cookie para usted.<\/p>\n\n\n\n<p>Podemos utilizar cookies para recoger, almacenar y rastrear informaci\u00f3n con fines estad\u00edsticos o de marketing para el funcionamiento de nuestro sitio web. Puede aceptar o rechazar las cookies opcionales. Hay algunas cookies obligatorias que son necesarias para el funcionamiento de nuestro sitio web. Estas cookies no requieren su consentimiento ya que siempre funcionan. Tenga en cuenta que al aceptar las Cookies obligatorias, tambi\u00e9n acepta las Cookies de terceros, que podr\u00edan utilizarse a trav\u00e9s de servicios prestados por terceros si utiliza dichos servicios en nuestro sitio web, por ejemplo, una ventana de visualizaci\u00f3n de v\u00eddeo proporcionada por terceros e integrada en nuestro sitio web.<\/p>\n\n\n\n<h4 class=\"wp-block-heading\">Licencia:<\/h4>\n\n\n\n<p>A menos que se indique lo contrario, Zojoprint Print LLC y\/o sus licenciantes poseen los derechos de propiedad intelectual de todo el material de Zojoprint. Todos los derechos de propiedad intelectual est\u00e1n reservados. Puede acceder a este material desde Zojoprint para su uso personal sujeto a las restricciones establecidas en estos t\u00e9rminos y condiciones.<\/p>\n\n\n\n<p>No debes hacerlo:<\/p>\n\n\n\n<ul class=\"wp-block-list\">\n<li>Copiar o volver a publicar material de Zojoprint<\/li>\n\n\n\n<li>Vender, alquilar o sublicenciar material de Zojoprint<\/li>\n\n\n\n<li>Reproducir, duplicar o copiar material de Zojoprint<\/li>\n\n\n\n<li>Redistribuir contenidos de Zojoprint<\/li>\n<\/ul>\n\n\n\n<p>El presente Acuerdo entrar\u00e1 en vigor en la fecha del mismo.<\/p>\n\n\n\n<p>Algunas partes de este sitio web ofrecen a los usuarios la oportunidad de publicar e intercambiar opiniones e informaci\u00f3n en determinadas \u00e1reas del sitio web. ZojoprintPrint LLC no filtra, edita, publica o revisa los Comentarios antes de su presencia en el sitio web. Los comentarios no reflejan los puntos de vista y opiniones de Zojoprint Print LLC, sus agentes y \/ o afiliados. Los comentarios reflejan los puntos de vista y opiniones de la persona que publica sus puntos de vista y opiniones. En la medida permitida por las leyes aplicables, Zojoprint Print LLC no ser\u00e1 responsable de los comentarios o cualquier responsabilidad, da\u00f1os o gastos causados y \/ o sufridos como resultado de cualquier uso y \/ o publicaci\u00f3n de y \/ o aparici\u00f3n de los comentarios en este sitio web.<\/p>\n\n\n\n<p>Zojoprint Print LLC se reserva el derecho de supervisar todos los comentarios y eliminar cualquier comentario que pueda ser considerado inapropiado, ofensivo, o que cause incumplimiento de estos T\u00e9rminos y Condiciones.<\/p>\n\n\n\n<p>Usted garantiza y declara que:<\/p>\n\n\n\n<ul class=\"wp-block-list\">\n<li>Usted tiene derecho a publicar los Comentarios en nuestro sitio web y dispone de todas las licencias y consentimientos necesarios para hacerlo;<\/li>\n\n\n\n<li>Los Comentarios no invaden ning\u00fan derecho de propiedad intelectual, incluidos, entre otros, derechos de autor, patentes o marcas registradas de terceros;<\/li>\n\n\n\n<li>Los Comentarios no contienen ning\u00fan material difamatorio, calumnioso, ofensivo, indecente o il\u00edcito por cualquier otro motivo, que suponga una invasi\u00f3n de la intimidad.<\/li>\n\n\n\n<li>Los Comentarios no se utilizar\u00e1n para solicitar o promocionar negocios o costumbres ni para presentar actividades comerciales o il\u00edcitas.<\/li>\n<\/ul>\n\n\n\n<p>Usted otorga a Zojoprint Print LLC una licencia no exclusiva para utilizar, reproducir, editar y autorizar a otros a utilizar, reproducir y editar cualquiera de sus comentarios en cualquier forma, formato o medio.<\/p>\n\n\n\n<h4 class=\"wp-block-heading\">Hiperv\u00ednculos a nuestro Contenido:<\/h4>\n\n\n\n<p>Las siguientes organizaciones pueden enlazar con nuestro sitio web sin autorizaci\u00f3n previa por escrito:<\/p>\n\n\n\n<ul class=\"wp-block-list\">\n<li>Agencias gubernamentales;<\/li>\n\n\n\n<li>Motores de b\u00fasqueda;<\/li>\n\n\n\n<li>Organizaciones de noticias;<\/li>\n\n\n\n<li>Los distribuidores de directorios en l\u00ednea pueden enlazar con nuestro sitio Web de la misma forma que hiperenlazan con los sitios Web de otras empresas incluidas en la lista; y<\/li>\n\n\n\n<li>Empresas acreditadas en todo el sistema, excepto organizaciones sin \u00e1nimo de lucro, centros comerciales ben\u00e9ficos y grupos de recaudaci\u00f3n de fondos ben\u00e9ficos que no pueden establecer hiperv\u00ednculos con nuestro sitio web.<\/li>\n<\/ul>\n\n\n\n<p>Estas organizaciones pueden enlazar con nuestra p\u00e1gina de inicio, con publicaciones o con otra informaci\u00f3n del sitio web siempre que el enlace (a) no sea en modo alguno enga\u00f1oso; (b) no implique falsamente el patrocinio, respaldo o aprobaci\u00f3n de la parte enlazante y sus productos y\/o servicios; y (c) se ajuste al contexto del sitio de la parte enlazante.<\/p>\n\n\n\n<p>Podemos considerar y aprobar otras solicitudes de enlaces de los siguientes tipos de organizaciones:<\/p>\n\n\n\n<ul class=\"wp-block-list\">\n<li>fuentes de informaci\u00f3n com\u00fanmente conocidas de consumidores y\/o empresas;<\/li>\n\n\n\n<li>sitios de la comunidad punto.com;<\/li>\n\n\n\n<li>asociaciones u otros grupos que representen a organizaciones ben\u00e9ficas;<\/li>\n\n\n\n<li>distribuidores de directorios en l\u00ednea;<\/li>\n\n\n\n<li>portales de internet;<\/li>\n\n\n\n<li>empresas de contabilidad, abogac\u00eda y consultor\u00eda; y<\/li>\n\n\n\n<li>instituciones educativas y asociaciones comerciales.<\/li>\n<\/ul>\n\n\n\n<p>Aprobaremos las solicitudes de enlace de estas organizaciones si decidimos que (a) el enlace no nos har\u00eda quedar desfavorablemente a nosotros mismos o a nuestras empresas acreditadas; (b) la organizaci\u00f3n no tiene antecedentes negativos con nosotros; (c) el beneficio para nosotros de la visibilidad del hiperv\u00ednculo compensa la ausencia de Zojoprint Print LLC; y (d) el enlace est\u00e1 en el contexto de informaci\u00f3n general de recursos.<\/p>\n\n\n\n<p>Estas organizaciones pueden enlazar con nuestra p\u00e1gina de inicio siempre que el enlace (a) no sea en modo alguno enga\u00f1oso; (b) no implique falsamente el patrocinio, respaldo o aprobaci\u00f3n de la parte enlazante y sus productos o servicios; y (c) se ajuste al contexto del sitio de la parte enlazante.<\/p>\n\n\n\n<p>Si usted es una de las organizaciones enumeradas en el apartado 2 anterior y est\u00e1 interesado en establecer un enlace con nuestro sitio web, debe informarnos enviando un correo electr\u00f3nico a Zojoprint Print LLC. Por favor, incluya su nombre, el nombre de su organizaci\u00f3n, informaci\u00f3n de contacto, as\u00ed como la direcci\u00f3n URL de su sitio, una lista de las direcciones URL desde las que tiene la intenci\u00f3n de enlazar a nuestro sitio web, y una lista de las direcciones URL en nuestro sitio al que le gustar\u00eda enlazar. Espere 2-3 semanas a recibir una respuesta.<\/p>\n\n\n\n<p>Las organizaciones autorizadas pueden establecer hiperenlaces con nuestro sitio web de la siguiente manera:<\/p>\n\n\n\n<ul class=\"wp-block-list\">\n<li>Mediante el uso de nuestro nombre corporativo; o<\/li>\n\n\n\n<li>Mediante el uso del localizador uniforme de recursos al que se enlaza; o<\/li>\n\n\n\n<li>Utilizar cualquier otra descripci\u00f3n de nuestro sitio web enlazado que tenga sentido dentro del contexto y el formato del contenido del sitio de la parte que realiza el enlace.<\/li>\n<\/ul>\n\n\n\n<p>No se permitir\u00e1 el uso del logotipo de Zojoprint Print LLC u otras ilustraciones para establecer enlaces sin un acuerdo de licencia de marca registrada.<\/p>\n\n\n\n<h4 class=\"wp-block-heading\">Responsabilidad por contenidos:<\/h4>\n\n\n\n<p>No seremos responsables de ning\u00fan contenido que aparezca en su sitio web. Usted se compromete a protegernos y defendernos de todas las reclamaciones que se planteen en su Sitio Web. No deben aparecer enlaces en ning\u00fan sitio web que puedan interpretarse como difamatorios, obscenos o delictivos, o que infrinjan, violen de otro modo o propugnen la infracci\u00f3n u otra violaci\u00f3n de los derechos de terceros.<\/p>\n\n\n\n<h4 class=\"wp-block-heading\">Reserva de derechos:<\/h4>\n\n\n\n<p>Nos reservamos el derecho a solicitarle que elimine todos los enlaces o cualquier enlace concreto a nuestro Sitio Web. Usted se compromete a eliminar inmediatamente todos los enlaces a nuestro Sitio Web cuando as\u00ed se le solicite. Tambi\u00e9n nos reservamos el derecho a modificar estas condiciones y su pol\u00edtica de enlaces en cualquier momento. Al enlazar de forma continuada a nuestro sitio web, usted se compromete a respetar y cumplir estos t\u00e9rminos y condiciones de enlace.<\/p>\n\n\n\n<h4 class=\"wp-block-heading\">Eliminaci\u00f3n de enlaces de nuestro sitio web:<\/h4>\n\n\n\n<p>Si encuentra alg\u00fan enlace en nuestro Sitio Web que le resulte ofensivo por cualquier motivo, puede ponerse en contacto con nosotros e informarnos en cualquier momento. Tendremos en cuenta las solicitudes de eliminaci\u00f3n de enlaces, pero no estamos obligados a hacerlo ni a responderle directamente.<\/p>\n\n\n\n<p>No garantizamos que la informaci\u00f3n contenida en este sitio web sea correcta. No garantizamos su integridad o exactitud, ni nos comprometemos a garantizar que el sitio web siga estando disponible o que el material que contiene se mantenga actualizado.<\/p>\n\n\n\n<h4 class=\"wp-block-heading\">Descargo de responsabilidad:<\/h4>\n\n\n\n<p>En la medida m\u00e1xima permitida por la ley aplicable, excluimos todas las representaciones, garant\u00edas y condiciones relacionadas con nuestro sitio web y el uso de este sitio web. Nada de lo contenido en esta cl\u00e1usula de exenci\u00f3n de responsabilidad:<\/p>\n\n\n\n<ul class=\"wp-block-list\">\n<li>limitar o excluir nuestra responsabilidad o la suya en caso de fallecimiento o da\u00f1os personales;<\/li>\n\n\n\n<li>limitar o excluir nuestra responsabilidad o la suya por fraude o tergiversaci\u00f3n fraudulenta;<\/li>\n\n\n\n<li>limitar cualquiera de nuestras responsabilidades o las suyas de cualquier forma que no est\u00e9 permitida por la legislaci\u00f3n aplicable; o<\/li>\n\n\n\n<li>excluir cualquiera de nuestras responsabilidades o de las suyas que no puedan excluirse en virtud de la legislaci\u00f3n aplicable.<\/li>\n<\/ul>\n\n\n\n<p>Las limitaciones y prohibiciones de responsabilidad establecidas en esta secci\u00f3n y en otras partes de esta cl\u00e1usula de exenci\u00f3n de responsabilidad: (a) est\u00e1n sujetas al p\u00e1rrafo anterior; y (b) rigen todas las responsabilidades derivadas de la cl\u00e1usula de exenci\u00f3n de responsabilidad, incluidas las responsabilidades contractuales, extracontractuales y por incumplimiento de obligaciones legales.<\/p>\n\n\n\n<p>En la medida en que el sitio web y la informaci\u00f3n y los servicios que en \u00e9l se ofrecen son gratuitos, no seremos responsables de ninguna p\u00e9rdida o da\u00f1o de cualquier naturaleza.<\/p>\n\n\n\n<h3 class=\"wp-block-heading\">P\u00f3ngase en contacto con nosotros<\/h3>\n\n\n\n<p>Para cualquier pregunta o duda relacionada con nuestras Condiciones Generales, puede ponerse en contacto con nosotros a trav\u00e9s de los siguientes datos:<\/p>\n\n\n\n<p>Wu Lian Su:<\/p>\n\n\n\n<p><a href=\"mailto:info@zojoprint.com\">info@zojoprint.com<\/a><\/p>","protected":false},"excerpt":{"rendered":"<p>Welcome to Zojoprint! These terms and conditions outline the rules and regulations for the use of Zojoprint Print LLC\u2019s Website, located at https:\/\/zojopackaging.com\/. By accessing this website, we assume you accept these terms and conditions. Do not continue to use Zojoprint if you do not agree to take all of the terms and conditions stated [&hellip;]<\/p>\n","protected":false},"author":1,"featured_media":0,"parent":0,"menu_order":0,"comment_status":"closed","ping_status":"closed","template":"","meta":{"footnotes":""},"class_list":["post-6490","page","type-page","status-publish","hentry"],"_links":{"self":[{"href":"https:\/\/zojopackaging.com\/es\/wp-json\/wp\/v2\/pages\/6490","targetHints":{"allow":["GET"]}}],"collection":[{"href":"https:\/\/zojopackaging.com\/es\/wp-json\/wp\/v2\/pages"}],"about":[{"href":"https:\/\/zojopackaging.com\/es\/wp-json\/wp\/v2\/types\/page"}],"author":[{"embeddable":true,"href":"https:\/\/zojopackaging.com\/es\/wp-json\/wp\/v2\/users\/1"}],"replies":[{"embeddable":true,"href":"https:\/\/zojopackaging.com\/es\/wp-json\/wp\/v2\/comments?post=6490"}],"version-history":[{"count":1,"href":"https:\/\/zojopackaging.com\/es\/wp-json\/wp\/v2\/pages\/6490\/revisions"}],"predecessor-version":[{"id":6491,"href":"https:\/\/zojopackaging.com\/es\/wp-json\/wp\/v2\/pages\/6490\/revisions\/6491"}],"wp:attachment":[{"href":"https:\/\/zojopackaging.com\/es\/wp-json\/wp\/v2\/media?parent=6490"}],"curies":[{"name":"wp","href":"https:\/\/api.w.org\/{rel}","templated":true}]}}