{"id":897,"date":"2023-11-24T00:01:11","date_gmt":"2023-11-23T16:01:11","guid":{"rendered":"https:\/\/zojopackaging.com\/?page_id=897"},"modified":"2024-05-15T23:37:30","modified_gmt":"2024-05-15T15:37:30","slug":"packaging-box-manufacturing-process","status":"publish","type":"page","link":"https:\/\/zojopackaging.com\/es\/packaging-box-manufacturing-process\/","title":{"rendered":"Proceso de fabricaci\u00f3n de cajas de embalaje"},"content":{"rendered":"<div data-elementor-type=\"wp-page\" data-elementor-id=\"897\" class=\"elementor elementor-897\" data-elementor-post-type=\"page\">\n\t\t\t\t<div class=\"elementor-element elementor-element-0ffa265 e-flex e-con-boxed e-con e-parent\" data-id=\"0ffa265\" data-element_type=\"container\" data-e-type=\"container\" data-settings=\"{&quot;background_background&quot;:&quot;classic&quot;}\">\n\t\t\t\t\t<div class=\"e-con-inner\">\n\t\t\t\t<div class=\"elementor-element elementor-element-62abf0e elementor-widget elementor-widget-woocommerce-breadcrumb\" data-id=\"62abf0e\" data-element_type=\"widget\" data-e-type=\"widget\" data-widget_type=\"woocommerce-breadcrumb.default\">\n\t\t\t\t<div class=\"elementor-widget-container\">\n\t\t\t\t\t<nav class=\"woocommerce-breadcrumb\" aria-label=\"Breadcrumb\" data-no-translation=\"\" data-trp-gettext=\"\">Inicio<\/nav>\t\t\t\t<\/div>\n\t\t\t\t<\/div>\n\t\t\t\t\t<\/div>\n\t\t\t\t<\/div>\n\t\t<div class=\"elementor-element elementor-element-7ee81d9 e-con-full e-flex e-con e-parent\" data-id=\"7ee81d9\" data-element_type=\"container\" data-e-type=\"container\" data-settings=\"{&quot;background_background&quot;:&quot;classic&quot;}\">\n\t\t\t\t<div class=\"elementor-element elementor-element-a8be8f9 hd-title elementor-widget elementor-widget-heading\" data-id=\"a8be8f9\" data-element_type=\"widget\" data-e-type=\"widget\" data-widget_type=\"heading.default\">\n\t\t\t\t<div class=\"elementor-widget-container\">\n\t\t\t\t\t<h1 class=\"elementor-heading-title elementor-size-default\">Proceso de fabricaci\u00f3n de cajas de embalaje<\/h1>\t\t\t\t<\/div>\n\t\t\t\t<\/div>\n\t\t\t\t<div class=\"elementor-element elementor-element-59072c8 elementor-widget-divider--view-line elementor-widget elementor-widget-divider\" data-id=\"59072c8\" data-element_type=\"widget\" data-e-type=\"widget\" data-widget_type=\"divider.default\">\n\t\t\t\t<div class=\"elementor-widget-container\">\n\t\t\t\t\t\t\t<div class=\"elementor-divider\">\n\t\t\t<span class=\"elementor-divider-separator\">\n\t\t\t\t\t\t<\/span>\n\t\t<\/div>\n\t\t\t\t\t\t<\/div>\n\t\t\t\t<\/div>\n\t\t\t\t<div class=\"elementor-element elementor-element-506007a elementor-widget__width-initial elementor-widget elementor-widget-video\" data-id=\"506007a\" data-element_type=\"widget\" data-e-type=\"widget\" data-settings=\"{&quot;youtube_url&quot;:&quot;https:\\\/\\\/www.youtube.com\\\/watch?v=6JlO25DoCUc&quot;,&quot;autoplay&quot;:&quot;yes&quot;,&quot;video_type&quot;:&quot;youtube&quot;,&quot;controls&quot;:&quot;yes&quot;}\" data-widget_type=\"video.default\">\n\t\t\t\t<div class=\"elementor-widget-container\">\n\t\t\t\t\t\t\t<div class=\"elementor-wrapper elementor-open-inline\">\n\t\t\t<div class=\"elementor-video\"><\/div>\t\t<\/div>\n\t\t\t\t\t\t<\/div>\n\t\t\t\t<\/div>\n\t\t\t\t<\/div>\n\t\t<div class=\"elementor-element elementor-element-566103f e-flex e-con-boxed e-con e-parent\" data-id=\"566103f\" data-element_type=\"container\" data-e-type=\"container\">\n\t\t\t\t\t<div class=\"e-con-inner\">\n\t\t\t\t<div class=\"elementor-element elementor-element-b666dc2 elementor-widget__width-auto elementor-widget elementor-widget-image\" data-id=\"b666dc2\" data-element_type=\"widget\" data-e-type=\"widget\" data-widget_type=\"image.default\">\n\t\t\t\t<div class=\"elementor-widget-container\">\n\t\t\t\t\t\t\t\t\t\t\t\t\t\t\t<img fetchpriority=\"high\" decoding=\"async\" width=\"1737\" height=\"2560\" src=\"https:\/\/zojopackaging.com\/wp-content\/uploads\/2024\/03\/\u751f\u4ea7\u6d41\u7a0b-scaled.jpg\" class=\"attachment-full size-full wp-image-4963\" alt=\"Proceso de producci\u00f3n\" srcset=\"https:\/\/zojopackaging.com\/wp-content\/uploads\/2024\/03\/\u751f\u4ea7\u6d41\u7a0b-scaled.jpg 1737w, https:\/\/zojopackaging.com\/wp-content\/uploads\/2024\/03\/\u751f\u4ea7\u6d41\u7a0b-204x300.jpg 204w, https:\/\/zojopackaging.com\/wp-content\/uploads\/2024\/03\/\u751f\u4ea7\u6d41\u7a0b-699x1030.jpg 699w, https:\/\/zojopackaging.com\/wp-content\/uploads\/2024\/03\/\u751f\u4ea7\u6d41\u7a0b-768x1132.jpg 768w, https:\/\/zojopackaging.com\/wp-content\/uploads\/2024\/03\/\u751f\u4ea7\u6d41\u7a0b-1042x1536.jpg 1042w, https:\/\/zojopackaging.com\/wp-content\/uploads\/2024\/03\/\u751f\u4ea7\u6d41\u7a0b-1389x2048.jpg 1389w, https:\/\/zojopackaging.com\/wp-content\/uploads\/2024\/03\/\u751f\u4ea7\u6d41\u7a0b-600x884.jpg 600w\" sizes=\"(max-width: 1737px) 100vw, 1737px\" title=\"\">\t\t\t\t\t\t\t\t\t\t\t\t\t\t\t<\/div>\n\t\t\t\t<\/div>\n\t\t\t\t\t<\/div>\n\t\t\t\t<\/div>\n\t\t<div class=\"elementor-element elementor-element-80f2626 e-flex e-con-boxed e-con e-parent\" data-id=\"80f2626\" data-element_type=\"container\" data-e-type=\"container\">\n\t\t\t\t\t<div class=\"e-con-inner\">\n\t\t\t\t<div class=\"elementor-element elementor-element-f7818c0 elementor-widget__width-inherit elementor-widget-mobile__width-inherit elementor-widget elementor-widget-text-editor\" data-id=\"f7818c0\" data-element_type=\"widget\" data-e-type=\"widget\" data-widget_type=\"text-editor.default\">\n\t\t\t\t<div class=\"elementor-widget-container\">\n\t\t\t\t\t\t\t\t\t<ul><li><strong>Dise\u00f1o<\/strong>: El proceso comienza con el dise\u00f1o de la caja de embalaje. Esto implica crear un plano que especifique las dimensiones, la estructura, el material y cualquier elemento de dise\u00f1o gr\u00e1fico de la caja.<\/li>\n<li><strong>Selecci\u00f3n de materiales<\/strong>: Una vez finalizado el dise\u00f1o, se seleccionan los materiales adecuados para la producci\u00f3n de la caja. Entre los materiales habituales para las cajas de embalaje se encuentran el cart\u00f3n, el cart\u00f3n ondulado, el cart\u00f3n y el pl\u00e1stico.<\/li>\n<li><strong>Corte<\/strong>: A continuaci\u00f3n, el material seleccionado se corta en la forma y el tama\u00f1o requeridos mediante m\u00e1quinas de corte. El corte de precisi\u00f3n es esencial para garantizar que las piezas encajen con exactitud durante el montaje.<\/li>\n<li><strong>Impresi\u00f3n<\/strong>: Si la caja de embalaje requiere alguna marca, etiquetado o elemento gr\u00e1fico, se someter\u00e1 a un proceso de impresi\u00f3n. Esto puede implicar t\u00e9cnicas como la impresi\u00f3n offset, la impresi\u00f3n digital o la serigraf\u00eda.<\/li>\n<li><strong>Plegado y encolado<\/strong>: Las piezas cortadas de la caja de embalaje se doblan siguiendo las l\u00edneas de pliegue para formar la estructura de la caja. Se aplica adhesivo en las zonas adecuadas y, a continuaci\u00f3n, se pega la caja para que mantenga su forma.<\/li>\n<li><strong>Troquelado<\/strong>: En algunos casos, la caja de embalaje puede requerir una personalizaci\u00f3n adicional, como ventanas, asas o formas \u00fanicas. Esto se consigue mediante un proceso de troquelado que corta el material en formas espec\u00edficas.<\/li>\n<li><strong>Control de calidad<\/strong>: A lo largo del proceso de producci\u00f3n, se realizan comprobaciones de control de calidad para garantizar que las cajas cumplen los requisitos especificados. Esto puede incluir la precisi\u00f3n dimensional, la calidad de impresi\u00f3n, la integridad estructural y el aspecto general.<\/li>\n<li><strong>Embalaje y env\u00edo<\/strong>: Una vez que las cajas de embalaje han superado los controles de calidad, se empaquetan en contenedores m\u00e1s grandes para su env\u00edo a los clientes o centros de distribuci\u00f3n.<\/li>\n<\/ul>\t\t\t\t\t\t\t\t<\/div>\n\t\t\t\t<\/div>\n\t\t\t\t\t<\/div>\n\t\t\t\t<\/div>\n\t\t\t\t<\/div>","protected":false},"excerpt":{"rendered":"<p>Packaging Box Manufacturing Process Design: The process begins with the design of the packaging box. This involves creating a blueprint that specifies the dimensions, structure, material, and any graphic design elements of the box. Material selection: Once the design is finalized, the appropriate materials are selected for the production of the box. Common materials used [&hellip;]<\/p>\n","protected":false},"author":1,"featured_media":0,"parent":0,"menu_order":0,"comment_status":"closed","ping_status":"closed","template":"","meta":{"footnotes":""},"class_list":["post-897","page","type-page","status-publish","hentry"],"_links":{"self":[{"href":"https:\/\/zojopackaging.com\/es\/wp-json\/wp\/v2\/pages\/897","targetHints":{"allow":["GET"]}}],"collection":[{"href":"https:\/\/zojopackaging.com\/es\/wp-json\/wp\/v2\/pages"}],"about":[{"href":"https:\/\/zojopackaging.com\/es\/wp-json\/wp\/v2\/types\/page"}],"author":[{"embeddable":true,"href":"https:\/\/zojopackaging.com\/es\/wp-json\/wp\/v2\/users\/1"}],"replies":[{"embeddable":true,"href":"https:\/\/zojopackaging.com\/es\/wp-json\/wp\/v2\/comments?post=897"}],"version-history":[{"count":77,"href":"https:\/\/zojopackaging.com\/es\/wp-json\/wp\/v2\/pages\/897\/revisions"}],"predecessor-version":[{"id":5044,"href":"https:\/\/zojopackaging.com\/es\/wp-json\/wp\/v2\/pages\/897\/revisions\/5044"}],"wp:attachment":[{"href":"https:\/\/zojopackaging.com\/es\/wp-json\/wp\/v2\/media?parent=897"}],"curies":[{"name":"wp","href":"https:\/\/api.w.org\/{rel}","templated":true}]}}