{"id":10001,"date":"2025-04-04T14:38:24","date_gmt":"2025-04-04T06:38:24","guid":{"rendered":"https:\/\/zojopackaging.com\/?post_type=product&#038;p=10001"},"modified":"2025-04-04T15:05:50","modified_gmt":"2025-04-04T07:05:50","slug":"custom-skin-care-drawer-box-cosmetic-carton-folding-packaging","status":"publish","type":"product","link":"https:\/\/zojopackaging.com\/es\/product\/custom-skin-care-drawer-box-cosmetic-carton-folding-packaging\/","title":{"rendered":"Cuidado de la piel personalizado caj\u00f3n caja de cart\u00f3n cosm\u00e9tico plegable de embalaje"},"content":{"rendered":"<h3 id=\"-1-folding-drawer-gift-box-\"><strong>1. Caj\u00f3n plegable de regalo<\/strong><\/h3>\n<p>La caja de regalo con caj\u00f3n plegable adopta un dise\u00f1o estructural innovador, que logra eficazmente el objetivo de control de costes, manteniendo al mismo tiempo la textura de alta gama de la caja de regalo.<\/p>\n<h3 id=\"-2-single-powder-card-material-\"><strong>2. Material de la tarjeta de un solo polvo<\/strong><\/h3>\n<p>Nuestro material para tarjetas de un solo polvo se posiciona como de alta calidad, con un tacto superficial delicado y suave, fuerte adaptabilidad de impresi\u00f3n, y puede presentar efectos de color claros y brillantes.<\/p>\n<h3 id=\"-3-environmentally-friendly-and-recyclable-materials-\"><strong>3. Materiales respetuosos con el medio ambiente y reciclables<\/strong><\/h3>\n<p>El producto utiliza materiales respetuosos con el medio ambiente y reciclables, ha superado la certificaci\u00f3n del sistema de certificaci\u00f3n forestal FSC y cumple plenamente las normas medioambientales internacionales.<\/p>\n<h3 id=\"-4-surface-processing-solutions-\"><strong>4. Soluciones de tratamiento de superficies<\/strong><\/h3>\n<p>Las soluciones de procesamiento de superficies son ricas y diversas, y pueden lograr una personalizaci\u00f3n personalizada, como estampaci\u00f3n en caliente, lacado UV parcial, gofrado, tallado en hueco, etc.<\/p>\n<h3 id=\"-5-zojo-print-industry-reputation-\"><strong>5. Reputaci\u00f3n de la industria de impresi\u00f3n ZOJO<\/strong><\/h3>\n<p>Como proveedor profesional de servicios de personalizaci\u00f3n de envases de papel, ZOJO Print goza de una excelente reputaci\u00f3n en la industria, tanto en el mercado nacional como en el extranjero.<\/p>\n<h3 id=\"-6-senior-design-team-\"><strong>6. Equipo superior de dise\u00f1o<\/strong><\/h3>\n<p>Contamos con un equipo de dise\u00f1o de alto nivel que puede participar activamente en el proceso de creaci\u00f3n de la marca para garantizar la correcta aplicaci\u00f3n del concepto de dise\u00f1o.<\/p>\n<h3 id=\"-7-professional-packaging-technology-consultant-team-\"><strong>7. Equipo profesional de consultores en tecnolog\u00eda de envasado<\/strong><\/h3>\n<p>El equipo profesional de consultores en tecnolog\u00eda de envasado adaptar\u00e1 la soluci\u00f3n de envasado \u00f3ptima en funci\u00f3n de las caracter\u00edsticas del producto.<\/p>","protected":false},"excerpt":{"rendered":"<p><strong>ZOJO Imprimir | Experto en cajones plegables personalizados para el cuidado de la piel - interpretando la nueva altura de la belleza con un dise\u00f1o innovador<\/strong><\/p>\n<p>En el campo de los envases para el cuidado de la piel, el dise\u00f1o no s\u00f3lo debe tener un valor est\u00e9tico, sino tambi\u00e9n tener en cuenta la funcionalidad, la protecci\u00f3n del medio ambiente y la rentabilidad. ZOJO Print lleva 16 a\u00f1os profundamente implicada en el sector, centr\u00e1ndose en ofrecer a las marcas de belleza de gama alta soluciones de cajas plegables para cajones que sean innovadoras y competitivas desde el punto de vista comercial.<\/p>","protected":false},"featured_media":10007,"template":"","meta":[],"product_brand":[],"product_cat":[30,390,31,426],"product_tag":[1322,817,1321],"class_list":{"0":"post-10001","1":"product","2":"type-product","3":"status-publish","4":"has-post-thumbnail","6":"product_cat-by-industry","7":"product_cat-custom-cosmetics-boxes","8":"product_cat-paper-box-style","9":"product_cat-paper-drawer-boxes","10":"product_tag-carton-folding-packaging","11":"product_tag-custom-box","12":"product_tag-skin-care-drawer-box","14":"first","15":"instock","16":"shipping-taxable","17":"product-type-grouped"},"_links":{"self":[{"href":"https:\/\/zojopackaging.com\/es\/wp-json\/wp\/v2\/product\/10001","targetHints":{"allow":["GET"]}}],"collection":[{"href":"https:\/\/zojopackaging.com\/es\/wp-json\/wp\/v2\/product"}],"about":[{"href":"https:\/\/zojopackaging.com\/es\/wp-json\/wp\/v2\/types\/product"}],"version-history":[{"count":1,"href":"https:\/\/zojopackaging.com\/es\/wp-json\/wp\/v2\/product\/10001\/revisions"}],"predecessor-version":[{"id":10016,"href":"https:\/\/zojopackaging.com\/es\/wp-json\/wp\/v2\/product\/10001\/revisions\/10016"}],"wp:featuredmedia":[{"embeddable":true,"href":"https:\/\/zojopackaging.com\/es\/wp-json\/wp\/v2\/media\/10007"}],"wp:attachment":[{"href":"https:\/\/zojopackaging.com\/es\/wp-json\/wp\/v2\/media?parent=10001"}],"wp:term":[{"taxonomy":"product_brand","embeddable":true,"href":"https:\/\/zojopackaging.com\/es\/wp-json\/wp\/v2\/product_brand?post=10001"},{"taxonomy":"product_cat","embeddable":true,"href":"https:\/\/zojopackaging.com\/es\/wp-json\/wp\/v2\/product_cat?post=10001"},{"taxonomy":"product_tag","embeddable":true,"href":"https:\/\/zojopackaging.com\/es\/wp-json\/wp\/v2\/product_tag?post=10001"}],"curies":[{"name":"wp","href":"https:\/\/api.w.org\/{rel}","templated":true}]}}